{"id":940,"date":"2024-04-23T08:18:33","date_gmt":"2024-04-23T08:18:33","guid":{"rendered":"https:\/\/certifiqat.com\/about-us\/"},"modified":"2024-07-29T22:09:05","modified_gmt":"2024-07-29T22:09:05","slug":"about-us","status":"publish","type":"page","link":"https:\/\/certifiqat.com\/tr\/about-us\/","title":{"rendered":"Hakk\u0131m\u0131zda"},"content":{"rendered":"<section class=\"relative bg-white\" id=\"block_3b3d2ef4fa1e4e30146f5cdbef84659e\">\n\t<div class=\"container\">\n\t\t<div class=\"flex flex-wrap\">\n\t\t\t\t\t\t\t<div class=\"w-full pr-0 rem:py-[75px] lg:w-1\/2 lg:pr-[130px] lg:rem:py-[150px]\">\n\t\t\t\t\t<div class=\"base-typography\">\n\t\t\t\t\t\t<h2>Hikaye<\/h2>\n<p>Certifiqat&#8217;\u0131n arkas\u0131ndaki ekip, hem ISO sertifikalar\u0131 d\u00fcnyas\u0131nda hem de \u00e7evrimi\u00e7i teknoloji alan\u0131nda onlarca y\u0131ll\u0131k deneyime sahiptir. Eski CEO&#8217;lar, Pazarlama M\u00fcd\u00fcrleri, ISO denet\u00e7ileri, Y\u00f6netim Dan\u0131\u015fmanlar\u0131 ve Teknoloji \u0130nsanlar\u0131ndan olu\u015fan bir ekibiz, ancak her \u015feyden \u00f6nce sertifikal\u0131 olman\u0131n de\u011ferini art\u0131rma yolculu\u011funda birle\u015ftik.<\/p>\n<h2>Misyonumuz<\/h2>\n<p>Misyonumuz, sertifikalar\u0131n de\u011ferini art\u0131rmak ve sertifikal\u0131 \u015firketlerin ba\u015far\u0131lar\u0131n\u0131 pazarlama becerilerini geli\u015ftirerek onlar\u0131 g\u00fc\u00e7lendirmektir. Bu yakla\u015f\u0131m, sertifikal\u0131 \u015firketleri sertifikas\u0131z rakiplerinden ay\u0131rmakla kalm\u0131yor, ayn\u0131 zamanda marka de\u011ferlerini de y\u00fckseltiyor.<\/p>\n<h2>Gelecek i\u00e7in Vizyonumuz<\/h2>\n<p>Certifiqat&#8217;ta vizyonumuz, k\u00fcresel \u00f6l\u00e7ekteki her iddial\u0131 \u015firketin sertifikalar\u0131n\u0131 ve g\u00fcven olu\u015fturan belgelerini y\u00f6netmek ve pazarlamak i\u00e7in Certifiqat&#8217;\u0131 kullanmas\u0131d\u0131r. Sertifikal\u0131 \u015firketler i\u00e7in d\u00fcnyan\u0131n en b\u00fcy\u00fck veritaban\u0131n\u0131 olu\u015fturuyoruz.<\/p>\n\n\t\t\t\t\t<\/div>\n\t\t\t\t<\/div>\n\t\t\t\t\t\t\t\t\t\t<div class=\"h-full w-full lg:w-1\/2\"><\/div>\n\t\t\t\t\t<\/div>\n\t<\/div>\n\t<div class=\"relative left-0 top-0 h-full w-full pt-[50%] lg:absolute lg:left-[50%] lg:w-1\/2 lg:pt-0\">\n\t\t<img decoding=\"async\" class=\"img-cover-abs\" src=\"https:\/\/certifiqat.com\/wp-content\/uploads\/kelsey-knight-SFRw5GChoLA-unsplash-800x0-c-default.jpg\" alt=\"\" \/>\n\t<\/div>\n<\/section>\n\n\n\n<section class=\"wp-block-group section-wrapper has-background\" style=\"background-color:#75d2fa\"><div class=\"wp-block-group__inner-container is-layout-constrained wp-block-group-is-layout-constrained\">\n<div class=\"wp-block-columns container is-layout-flex wp-container-core-columns-is-layout-9d6595d7 wp-block-columns-is-layout-flex\">\n<div class=\"wp-block-column is-layout-flow wp-block-column-is-layout-flow\">\n<h2 class=\"wp-block-heading has-text-color has-link-color wp-elements-c5f3580bb7fb3d000b2cc2df1e2b885a\" style=\"color:#2d6bd8\">Deneyimli Ekip<\/h2>\n\n\n\n<p class=\"has-text-color has-link-color wp-elements-ae727347be563ab353cc3c957d25f69d\" style=\"color:#122a5e\">Certifiqat ekibi toplu olarak \u00e7e\u015fitli i\u015f rollerinde \u00e7ok say\u0131da deneyime sahiptir ve bu kritik g\u00fcven belgelerini m\u00fc\u015fterilere, \u00e7al\u0131\u015fanlara ve payda\u015flara etkili bir \u015fekilde y\u00f6netmenin ve g\u00f6stermenin zorlu\u011funu g\u00f6rd\u00fck<\/p>\n<\/div>\n\n\n\n<div class=\"wp-block-column is-layout-flow wp-block-column-is-layout-flow\">\n<h2 class=\"wp-block-heading has-text-color has-link-color wp-elements-d057546a2f2d510c97dad4734583c4a9\" style=\"color:#2d6bd8\">Certifiqat AI<\/h2>\n\n\n\n<p class=\"has-text-color has-link-color wp-elements-2fe6e58b822217d2690b46d2df6cfc68\" style=\"color:#122a5e\">OpenAI&#8217;nin dil modelini teknoloji y\u0131\u011f\u0131n\u0131m\u0131zla birle\u015ftirerek i\u00e7eri\u011finizi 15&#8217;ten fazla dile etkili bir \u015fekilde \u00e7eviriyor ve kitleniz i\u00e7in benzersiz bir eri\u015filebilirlik yarat\u0131yoruz.<\/p>\n<\/div>\n\n\n\n<div class=\"wp-block-column is-layout-flow wp-block-column-is-layout-flow\">\n<h2 class=\"wp-block-heading has-text-color has-link-color wp-elements-4e96e95b9731ebe567b204d34b235f0f\" style=\"color:#2d6bd8\">\u00d6nce Kullan\u0131c\u0131 Deneyimi<\/h2>\n\n\n\n<p class=\"has-text-color has-link-color wp-elements-d55150c3345250987750850092f0ad44\" style=\"color:#122a5e\">Certifiqat.com&#8217;da markan\u0131z\u0131n ve \u015eirket Profilinizin genel deneyimine her zaman katk\u0131da bulunmak i\u00e7in \u00f6nce kullan\u0131c\u0131 deneyimi \/ tasar\u0131m yakla\u015f\u0131m\u0131na sahibiz<\/p>\n<\/div>\n\n\n\n<div class=\"wp-block-column is-layout-flow wp-block-column-is-layout-flow\">\n<h2 class=\"wp-block-heading has-text-color has-link-color wp-elements-f7fc4a03457d93fbdf86458445c49f1b\" style=\"color:#2a70c5\">Destek<\/h2>\n\n\n\n<p>Herhangi bir yard\u0131ma ihtiyac\u0131n\u0131z olursa size yard\u0131mc\u0131 olmak i\u00e7in buraday\u0131z. Destek ekibimiz s\u0131f\u0131ra s\u0131f\u0131r olmay\u0131 hedefliyor.<\/p>\n<\/div>\n<\/div>\n<\/div><\/section>\n\n\n\n<div class=\"wp-block-group section-wrapper\"><div class=\"wp-block-group__inner-container is-layout-constrained wp-block-group-is-layout-constrained\">\n<div class=\"wp-block-columns container is-layout-flex wp-container-core-columns-is-layout-9d6595d7 wp-block-columns-is-layout-flex\">\n<div class=\"wp-block-column is-layout-flow wp-block-column-is-layout-flow\" style=\"flex-basis:25%\"><\/div>\n\n\n\n<div class=\"wp-block-column is-layout-flow wp-block-column-is-layout-flow\" style=\"flex-basis:75%\">\n<h2 class=\"wp-block-heading has-text-align-center has-text-color has-link-color has-x-large-font-size wp-elements-fd78b0427e56070978224f1b958ef6f1\" style=\"color:#2d6bd8\">Bize kat\u0131l\u0131n!<\/h2>\n\n\n\n<p class=\"has-text-align-center max-w has-text-color has-link-color wp-elements-bc62efdd8dc4e36854997f5f754a9f7c\" style=\"color:#122a5e\">Her zaman teknoloji, sat\u0131\u015f, pazarlama ve destek alanlar\u0131nda yetenekler ar\u0131yoruz. Sertifikalar, kalite ve y\u00f6netim konular\u0131nda bilgi birikiminiz varsa, sizi daha da \u00e7ok merak ediyor ve bir toplant\u0131 i\u00e7in sab\u0131rs\u0131zlan\u0131yoruz!<\/p>\n\n\n\n<p class=\"has-text-align-center has-text-color has-link-color wp-elements-063ce6a9f762063c43dd980f1d185148\" style=\"color:#122a5e\"><strong>Bize bir e-posta g\u00f6nderin ve neden Certifqat&#8217;a kat\u0131lmak istedi\u011finizi s\u00f6yleyin: <a class=\"copy-email-js text-right  relative\" href=\"mailto:join@certifiqat.com\">join@certifiqat.com <span class=\" hidden absolute right-0 bottom-[100%] p-1 rounded-full bg-white font-normal text-c-grey-500\">Kopyaland\u0131<\/span><\/a><\/strong><\/p>\n<\/div>\n\n\n\n<div class=\"wp-block-column is-layout-flow wp-block-column-is-layout-flow\" style=\"flex-basis:25%\"><\/div>\n<\/div>\n<\/div><\/div>\n","protected":false},"excerpt":{"rendered":"<p>Deneyimli Ekip Certifiqat ekibi toplu olarak \u00e7e\u015fitli i\u015f rollerinde \u00e7ok say\u0131da deneyime sahiptir ve bu kritik g\u00fcven belgelerini m\u00fc\u015fterilere, \u00e7al\u0131\u015fanlara ve payda\u015flara etkili bir \u015fekilde y\u00f6netmenin ve g\u00f6stermenin zorlu\u011funu g\u00f6rd\u00fck Certifiqat AI OpenAI&#8217;nin dil modelini teknoloji y\u0131\u011f\u0131n\u0131m\u0131zla birle\u015ftirerek i\u00e7eri\u011finizi 15&#8217;ten fazla dile etkili bir \u015fekilde \u00e7eviriyor ve kitleniz i\u00e7in benzersiz bir eri\u015filebilirlik yarat\u0131yoruz. \u00d6nce Kullan\u0131c\u0131<\/p>\n","protected":false},"author":3,"featured_media":0,"parent":0,"menu_order":0,"comment_status":"closed","ping_status":"closed","template":"page-about-us.php","meta":{"_acf_changed":false,"inline_featured_image":false,"footnotes":""},"class_list":["post-940","page","type-page","status-publish","hentry"],"acf":[],"yoast_head":"<!-- This site is optimized with the Yoast SEO plugin v27.3 - https:\/\/yoast.com\/product\/yoast-seo-wordpress\/ -->\n<title>About Us - Certifiqat.com<\/title>\n<meta name=\"robots\" content=\"index, follow, max-snippet:-1, max-image-preview:large, max-video-preview:-1\" \/>\n<link rel=\"canonical\" href=\"https:\/\/certifiqat.com\/tr\/about-us\/\" \/>\n<meta property=\"og:locale\" content=\"tr_TR\" \/>\n<meta property=\"og:type\" content=\"article\" \/>\n<meta property=\"og:title\" content=\"About Us - Certifiqat.com\" \/>\n<meta property=\"og:description\" content=\"Deneyimli Ekip Certifiqat ekibi toplu olarak \u00e7e\u015fitli i\u015f rollerinde \u00e7ok say\u0131da deneyime sahiptir ve bu kritik g\u00fcven belgelerini m\u00fc\u015fterilere, \u00e7al\u0131\u015fanlara ve payda\u015flara etkili bir \u015fekilde y\u00f6netmenin ve g\u00f6stermenin zorlu\u011funu g\u00f6rd\u00fck Certifiqat AI OpenAI&#8217;nin dil modelini teknoloji y\u0131\u011f\u0131n\u0131m\u0131zla birle\u015ftirerek i\u00e7eri\u011finizi 15&#8217;ten fazla dile etkili bir \u015fekilde \u00e7eviriyor ve kitleniz i\u00e7in benzersiz bir eri\u015filebilirlik yarat\u0131yoruz. \u00d6nce Kullan\u0131c\u0131\" \/>\n<meta property=\"og:url\" content=\"https:\/\/certifiqat.com\/tr\/about-us\/\" \/>\n<meta property=\"og:site_name\" content=\"Certifiqat.com\" \/>\n<meta property=\"article:modified_time\" content=\"2024-07-29T22:09:05+00:00\" \/>\n<meta name=\"twitter:card\" content=\"summary_large_image\" \/>\n<meta name=\"twitter:label1\" content=\"Tahmini okuma s\u00fcresi\" \/>\n\t<meta name=\"twitter:data1\" content=\"1 dakika\" \/>\n<script type=\"application\/ld+json\" class=\"yoast-schema-graph\">{\"@context\":\"https:\\\/\\\/schema.org\",\"@graph\":[{\"@type\":\"WebPage\",\"@id\":\"https:\\\/\\\/certifiqat.com\\\/tr\\\/about-us\\\/\",\"url\":\"https:\\\/\\\/certifiqat.com\\\/tr\\\/about-us\\\/\",\"name\":\"About Us - Certifiqat.com\",\"isPartOf\":{\"@id\":\"https:\\\/\\\/certifiqat.com\\\/tr\\\/#website\"},\"datePublished\":\"2024-04-23T08:18:33+00:00\",\"dateModified\":\"2024-07-29T22:09:05+00:00\",\"breadcrumb\":{\"@id\":\"https:\\\/\\\/certifiqat.com\\\/tr\\\/about-us\\\/#breadcrumb\"},\"inLanguage\":\"tr\",\"potentialAction\":[{\"@type\":\"ReadAction\",\"target\":[\"https:\\\/\\\/certifiqat.com\\\/tr\\\/about-us\\\/\"]}]},{\"@type\":\"BreadcrumbList\",\"@id\":\"https:\\\/\\\/certifiqat.com\\\/tr\\\/about-us\\\/#breadcrumb\",\"itemListElement\":[{\"@type\":\"ListItem\",\"position\":1,\"name\":\"Home\",\"item\":\"https:\\\/\\\/certifiqat.com\\\/tr\\\/\"},{\"@type\":\"ListItem\",\"position\":2,\"name\":\"Hakk\u0131m\u0131zda\"}]},{\"@type\":\"WebSite\",\"@id\":\"https:\\\/\\\/certifiqat.com\\\/tr\\\/#website\",\"url\":\"https:\\\/\\\/certifiqat.com\\\/tr\\\/\",\"name\":\"certifiqat\",\"description\":\"\",\"potentialAction\":[{\"@type\":\"SearchAction\",\"target\":{\"@type\":\"EntryPoint\",\"urlTemplate\":\"https:\\\/\\\/certifiqat.com\\\/tr\\\/?s={search_term_string}\"},\"query-input\":{\"@type\":\"PropertyValueSpecification\",\"valueRequired\":true,\"valueName\":\"search_term_string\"}}],\"inLanguage\":\"tr\"}]}<\/script>\n<!-- \/ Yoast SEO plugin. -->","yoast_head_json":{"title":"About Us - Certifiqat.com","robots":{"index":"index","follow":"follow","max-snippet":"max-snippet:-1","max-image-preview":"max-image-preview:large","max-video-preview":"max-video-preview:-1"},"canonical":"https:\/\/certifiqat.com\/tr\/about-us\/","og_locale":"tr_TR","og_type":"article","og_title":"About Us - Certifiqat.com","og_description":"Deneyimli Ekip Certifiqat ekibi toplu olarak \u00e7e\u015fitli i\u015f rollerinde \u00e7ok say\u0131da deneyime sahiptir ve bu kritik g\u00fcven belgelerini m\u00fc\u015fterilere, \u00e7al\u0131\u015fanlara ve payda\u015flara etkili bir \u015fekilde y\u00f6netmenin ve g\u00f6stermenin zorlu\u011funu g\u00f6rd\u00fck Certifiqat AI OpenAI&#8217;nin dil modelini teknoloji y\u0131\u011f\u0131n\u0131m\u0131zla birle\u015ftirerek i\u00e7eri\u011finizi 15&#8217;ten fazla dile etkili bir \u015fekilde \u00e7eviriyor ve kitleniz i\u00e7in benzersiz bir eri\u015filebilirlik yarat\u0131yoruz. \u00d6nce Kullan\u0131c\u0131","og_url":"https:\/\/certifiqat.com\/tr\/about-us\/","og_site_name":"Certifiqat.com","article_modified_time":"2024-07-29T22:09:05+00:00","twitter_card":"summary_large_image","twitter_misc":{"Tahmini okuma s\u00fcresi":"1 dakika"},"schema":{"@context":"https:\/\/schema.org","@graph":[{"@type":"WebPage","@id":"https:\/\/certifiqat.com\/tr\/about-us\/","url":"https:\/\/certifiqat.com\/tr\/about-us\/","name":"About Us - Certifiqat.com","isPartOf":{"@id":"https:\/\/certifiqat.com\/tr\/#website"},"datePublished":"2024-04-23T08:18:33+00:00","dateModified":"2024-07-29T22:09:05+00:00","breadcrumb":{"@id":"https:\/\/certifiqat.com\/tr\/about-us\/#breadcrumb"},"inLanguage":"tr","potentialAction":[{"@type":"ReadAction","target":["https:\/\/certifiqat.com\/tr\/about-us\/"]}]},{"@type":"BreadcrumbList","@id":"https:\/\/certifiqat.com\/tr\/about-us\/#breadcrumb","itemListElement":[{"@type":"ListItem","position":1,"name":"Home","item":"https:\/\/certifiqat.com\/tr\/"},{"@type":"ListItem","position":2,"name":"Hakk\u0131m\u0131zda"}]},{"@type":"WebSite","@id":"https:\/\/certifiqat.com\/tr\/#website","url":"https:\/\/certifiqat.com\/tr\/","name":"certifiqat","description":"","potentialAction":[{"@type":"SearchAction","target":{"@type":"EntryPoint","urlTemplate":"https:\/\/certifiqat.com\/tr\/?s={search_term_string}"},"query-input":{"@type":"PropertyValueSpecification","valueRequired":true,"valueName":"search_term_string"}}],"inLanguage":"tr"}]}},"_links":{"self":[{"href":"https:\/\/certifiqat.com\/tr\/wp-json\/wp\/v2\/pages\/940","targetHints":{"allow":["GET"]}}],"collection":[{"href":"https:\/\/certifiqat.com\/tr\/wp-json\/wp\/v2\/pages"}],"about":[{"href":"https:\/\/certifiqat.com\/tr\/wp-json\/wp\/v2\/types\/page"}],"author":[{"embeddable":true,"href":"https:\/\/certifiqat.com\/tr\/wp-json\/wp\/v2\/users\/3"}],"replies":[{"embeddable":true,"href":"https:\/\/certifiqat.com\/tr\/wp-json\/wp\/v2\/comments?post=940"}],"version-history":[{"count":0,"href":"https:\/\/certifiqat.com\/tr\/wp-json\/wp\/v2\/pages\/940\/revisions"}],"wp:attachment":[{"href":"https:\/\/certifiqat.com\/tr\/wp-json\/wp\/v2\/media?parent=940"}],"curies":[{"name":"wp","href":"https:\/\/api.w.org\/{rel}","templated":true}]}}