{"id":5932,"date":"2024-08-06T11:48:15","date_gmt":"2024-08-06T11:48:15","guid":{"rendered":"https:\/\/certifiqat.com\/invoice-billing-copy\/"},"modified":"2024-08-23T11:25:15","modified_gmt":"2024-08-23T11:25:15","slug":"become-consultancy-partner","status":"publish","type":"page","link":"https:\/\/certifiqat.com\/tr\/become-consultancy-partner\/","title":{"rendered":"Dan\u0131\u015fmanl\u0131k Orta\u011f\u0131 Olun"},"content":{"rendered":"\n<h1 class=\"wp-block-heading\">Dan\u0131\u015fmanl\u0131k Orta\u011f\u0131 Olun<\/h1>\n\n\n\n<h3 class=\"wp-block-heading\">Certifiqat ile Ortak Olun: M\u00fc\u015fterilerinizin Sertifikasyon Yolculu\u011funu Y\u00fckseltin<\/h3>\n\n\n\n<p>Certifiqat olarak, sertifikal\u0131 \u015firketler i\u00e7in d\u00fcnyan\u0131n en b\u00fcy\u00fck veri taban\u0131n\u0131 olu\u015fturmaya ve ayr\u0131ca i\u015fletmelerin sertifikalar\u0131n\u0131 y\u00f6netme ve sergileme \u015feklini de\u011fi\u015ftirmeye kararl\u0131y\u0131z. Dan\u0131\u015fmanlar\u0131 ve dan\u0131\u015fmanl\u0131k firmalar\u0131n\u0131 bizimle ortak olmaya ve m\u00fc\u015fterilerine sertifikasyon yolculuklar\u0131nda b\u00fcy\u00fck de\u011fer sunmaya davet ediyoruz.<\/p>\n\n\n\n<p><strong>Neden Certifiqat ile Ortak Olmal\u0131s\u0131n\u0131z?<\/strong><\/p>\n\n\n\n<ul class=\"wp-block-list\">\n<li><strong>M\u00fc\u015fteri Teklifinizi Geli\u015ftirin:<\/strong> Certifiqat&#8217;\u0131n platformunu dan\u0131\u015fmanl\u0131k hizmetlerinize entegre ederek, m\u00fc\u015fterilerinize sertifikalar\u0131n\u0131 sergilemek i\u00e7in son teknoloji bir \u00e7\u00f6z\u00fcm sunars\u0131n\u0131z.<\/li>\n\n\n\n<li><strong>M\u00fc\u015fterilerinize genel bir bak\u0131\u015f sa\u011flay\u0131n:<\/strong> Platformumuz, sertifika belgelerini yerinde d\u00fczenleme, g\u00fcncelleme ve sunma s\u00fcrecini basitle\u015ftirir.<\/li>\n\n\n\n<li><strong>\u0130\u015fbirli\u011fine Dayal\u0131 B\u00fcy\u00fcme:<\/strong> Bir Certifiqat orta\u011f\u0131 olarak, \u00f6zel kaynaklara, e\u011fitime ve deste\u011fe eri\u015fim elde edersiniz. \u0130\u015fbirli\u011fimizin kar\u015f\u0131l\u0131kl\u0131 olarak faydal\u0131 olmas\u0131n\u0131 sa\u011flayarak, bizimle birlikte ba\u015far\u0131l\u0131 olman\u0131za ve b\u00fcy\u00fcmenize yard\u0131mc\u0131 olmaya kendimizi adad\u0131k.<\/li>\n<\/ul>\n\n\n\n<p><strong>Nas\u0131l \u00c7al\u0131\u015f\u0131r<\/strong><\/p>\n\n\n\n<p>Certifiqat ile ortakl\u0131k kurmak basittir. Platformumuzu m\u00fc\u015fterilerinize sunman\u0131z i\u00e7in gereken ara\u00e7lar\u0131 ve deste\u011fi size sa\u011fl\u0131yoruz. Birlikte, m\u00fc\u015fterilerinize sertifikalar\u0131n\u0131 y\u00f6netme ve sergileme konusunda sorunsuz bir deneyim sunabilir ve onlar\u0131 rekabet\u00e7i bir pazarda di\u011ferlerinden ay\u0131rabiliriz.<\/p>\n\n\n\n<p><strong>\u0130leti\u015fime Ge\u00e7in<\/strong><\/p>\n\n\n\n<p>M\u00fc\u015fterilerinize \u00f6nemli bir de\u011fer katmaya haz\u0131r m\u0131s\u0131n\u0131z? Ortakl\u0131k f\u0131rsatlar\u0131n\u0131 ke\u015ffetmek ve Certifiqat&#8217;\u0131n i\u015f tekliflerinizi nas\u0131l tamamlayabilece\u011fini ve y\u00fckseltebilece\u011fini \u00f6\u011frenmek i\u00e7in <a href=\"https:\/\/certifiqat.com\/tr\/contact\/\">bug\u00fcn bize ula\u015f\u0131n<\/a>.<\/p>\n","protected":false},"excerpt":{"rendered":"<p>Dan\u0131\u015fmanl\u0131k Orta\u011f\u0131 Olun Certifiqat ile Ortak Olun: M\u00fc\u015fterilerinizin Sertifikasyon Yolculu\u011funu Y\u00fckseltin Certifiqat olarak, sertifikal\u0131 \u015firketler i\u00e7in d\u00fcnyan\u0131n en b\u00fcy\u00fck veri taban\u0131n\u0131 olu\u015fturmaya ve ayr\u0131ca i\u015fletmelerin sertifikalar\u0131n\u0131 y\u00f6netme ve sergileme \u015feklini de\u011fi\u015ftirmeye kararl\u0131y\u0131z. Dan\u0131\u015fmanlar\u0131 ve dan\u0131\u015fmanl\u0131k firmalar\u0131n\u0131 bizimle ortak olmaya ve m\u00fc\u015fterilerine sertifikasyon yolculuklar\u0131nda b\u00fcy\u00fck de\u011fer sunmaya davet ediyoruz. Neden Certifiqat ile Ortak Olmal\u0131s\u0131n\u0131z? Nas\u0131l \u00c7al\u0131\u015f\u0131r<\/p>\n","protected":false},"author":3,"featured_media":1410,"parent":0,"menu_order":0,"comment_status":"closed","ping_status":"closed","template":"","meta":{"_acf_changed":false,"inline_featured_image":false,"footnotes":""},"class_list":["post-5932","page","type-page","status-publish","has-post-thumbnail","hentry"],"acf":[],"yoast_head":"<!-- This site is optimized with the Yoast SEO plugin v27.4 - https:\/\/yoast.com\/product\/yoast-seo-wordpress\/ -->\n<title>Dan\u0131\u015fmanl\u0131k Orta\u011f\u0131 Olun - Certifiqat.com<\/title>\n<meta name=\"robots\" content=\"index, follow, max-snippet:-1, max-image-preview:large, max-video-preview:-1\" \/>\n<link rel=\"canonical\" href=\"https:\/\/certifiqat.com\/tr\/become-consultancy-partner\/\" \/>\n<meta property=\"og:locale\" content=\"tr_TR\" \/>\n<meta property=\"og:type\" content=\"article\" \/>\n<meta property=\"og:title\" content=\"Dan\u0131\u015fmanl\u0131k Orta\u011f\u0131 Olun - Certifiqat.com\" \/>\n<meta property=\"og:description\" content=\"Dan\u0131\u015fmanl\u0131k Orta\u011f\u0131 Olun Certifiqat ile Ortak Olun: M\u00fc\u015fterilerinizin Sertifikasyon Yolculu\u011funu Y\u00fckseltin Certifiqat olarak, sertifikal\u0131 \u015firketler i\u00e7in d\u00fcnyan\u0131n en b\u00fcy\u00fck veri taban\u0131n\u0131 olu\u015fturmaya ve ayr\u0131ca i\u015fletmelerin sertifikalar\u0131n\u0131 y\u00f6netme ve sergileme \u015feklini de\u011fi\u015ftirmeye kararl\u0131y\u0131z. Dan\u0131\u015fmanlar\u0131 ve dan\u0131\u015fmanl\u0131k firmalar\u0131n\u0131 bizimle ortak olmaya ve m\u00fc\u015fterilerine sertifikasyon yolculuklar\u0131nda b\u00fcy\u00fck de\u011fer sunmaya davet ediyoruz. Neden Certifiqat ile Ortak Olmal\u0131s\u0131n\u0131z? Nas\u0131l \u00c7al\u0131\u015f\u0131r\" \/>\n<meta property=\"og:url\" content=\"https:\/\/certifiqat.com\/tr\/become-consultancy-partner\/\" \/>\n<meta property=\"og:site_name\" content=\"Certifiqat.com\" \/>\n<meta property=\"article:modified_time\" content=\"2024-08-23T11:25:15+00:00\" \/>\n<meta property=\"og:image\" content=\"https:\/\/certifiqat.com\/wp-content\/uploads\/yoav-aziz-tKCd-IWc4gI-unsplash.jpg\" \/>\n\t<meta property=\"og:image:width\" content=\"820\" \/>\n\t<meta property=\"og:image:height\" content=\"461\" \/>\n\t<meta property=\"og:image:type\" content=\"image\/jpeg\" \/>\n<meta name=\"twitter:card\" content=\"summary_large_image\" \/>\n<meta name=\"twitter:label1\" content=\"Tahmini okuma s\u00fcresi\" \/>\n\t<meta name=\"twitter:data1\" content=\"1 dakika\" \/>\n<script type=\"application\/ld+json\" class=\"yoast-schema-graph\">{\"@context\":\"https:\\\/\\\/schema.org\",\"@graph\":[{\"@type\":\"WebPage\",\"@id\":\"https:\\\/\\\/certifiqat.com\\\/tr\\\/become-consultancy-partner\\\/\",\"url\":\"https:\\\/\\\/certifiqat.com\\\/tr\\\/become-consultancy-partner\\\/\",\"name\":\"Dan\u0131\u015fmanl\u0131k Orta\u011f\u0131 Olun - Certifiqat.com\",\"isPartOf\":{\"@id\":\"https:\\\/\\\/certifiqat.com\\\/tr\\\/#website\"},\"primaryImageOfPage\":{\"@id\":\"https:\\\/\\\/certifiqat.com\\\/tr\\\/become-consultancy-partner\\\/#primaryimage\"},\"image\":{\"@id\":\"https:\\\/\\\/certifiqat.com\\\/tr\\\/become-consultancy-partner\\\/#primaryimage\"},\"thumbnailUrl\":\"https:\\\/\\\/certifiqat.com\\\/wp-content\\\/uploads\\\/yoav-aziz-tKCd-IWc4gI-unsplash.jpg\",\"datePublished\":\"2024-08-06T11:48:15+00:00\",\"dateModified\":\"2024-08-23T11:25:15+00:00\",\"breadcrumb\":{\"@id\":\"https:\\\/\\\/certifiqat.com\\\/tr\\\/become-consultancy-partner\\\/#breadcrumb\"},\"inLanguage\":\"tr\",\"potentialAction\":[{\"@type\":\"ReadAction\",\"target\":[\"https:\\\/\\\/certifiqat.com\\\/tr\\\/become-consultancy-partner\\\/\"]}]},{\"@type\":\"ImageObject\",\"inLanguage\":\"tr\",\"@id\":\"https:\\\/\\\/certifiqat.com\\\/tr\\\/become-consultancy-partner\\\/#primaryimage\",\"url\":\"https:\\\/\\\/certifiqat.com\\\/wp-content\\\/uploads\\\/yoav-aziz-tKCd-IWc4gI-unsplash.jpg\",\"contentUrl\":\"https:\\\/\\\/certifiqat.com\\\/wp-content\\\/uploads\\\/yoav-aziz-tKCd-IWc4gI-unsplash.jpg\",\"width\":820,\"height\":461},{\"@type\":\"BreadcrumbList\",\"@id\":\"https:\\\/\\\/certifiqat.com\\\/tr\\\/become-consultancy-partner\\\/#breadcrumb\",\"itemListElement\":[{\"@type\":\"ListItem\",\"position\":1,\"name\":\"Home\",\"item\":\"https:\\\/\\\/certifiqat.com\\\/tr\\\/\"},{\"@type\":\"ListItem\",\"position\":2,\"name\":\"Dan\u0131\u015fmanl\u0131k Orta\u011f\u0131 Olun\"}]},{\"@type\":\"WebSite\",\"@id\":\"https:\\\/\\\/certifiqat.com\\\/tr\\\/#website\",\"url\":\"https:\\\/\\\/certifiqat.com\\\/tr\\\/\",\"name\":\"certifiqat\",\"description\":\"\",\"potentialAction\":[{\"@type\":\"SearchAction\",\"target\":{\"@type\":\"EntryPoint\",\"urlTemplate\":\"https:\\\/\\\/certifiqat.com\\\/tr\\\/?s={search_term_string}\"},\"query-input\":{\"@type\":\"PropertyValueSpecification\",\"valueRequired\":true,\"valueName\":\"search_term_string\"}}],\"inLanguage\":\"tr\"}]}<\/script>\n<!-- \/ Yoast SEO plugin. -->","yoast_head_json":{"title":"Dan\u0131\u015fmanl\u0131k Orta\u011f\u0131 Olun - Certifiqat.com","robots":{"index":"index","follow":"follow","max-snippet":"max-snippet:-1","max-image-preview":"max-image-preview:large","max-video-preview":"max-video-preview:-1"},"canonical":"https:\/\/certifiqat.com\/tr\/become-consultancy-partner\/","og_locale":"tr_TR","og_type":"article","og_title":"Dan\u0131\u015fmanl\u0131k Orta\u011f\u0131 Olun - Certifiqat.com","og_description":"Dan\u0131\u015fmanl\u0131k Orta\u011f\u0131 Olun Certifiqat ile Ortak Olun: M\u00fc\u015fterilerinizin Sertifikasyon Yolculu\u011funu Y\u00fckseltin Certifiqat olarak, sertifikal\u0131 \u015firketler i\u00e7in d\u00fcnyan\u0131n en b\u00fcy\u00fck veri taban\u0131n\u0131 olu\u015fturmaya ve ayr\u0131ca i\u015fletmelerin sertifikalar\u0131n\u0131 y\u00f6netme ve sergileme \u015feklini de\u011fi\u015ftirmeye kararl\u0131y\u0131z. Dan\u0131\u015fmanlar\u0131 ve dan\u0131\u015fmanl\u0131k firmalar\u0131n\u0131 bizimle ortak olmaya ve m\u00fc\u015fterilerine sertifikasyon yolculuklar\u0131nda b\u00fcy\u00fck de\u011fer sunmaya davet ediyoruz. Neden Certifiqat ile Ortak Olmal\u0131s\u0131n\u0131z? Nas\u0131l \u00c7al\u0131\u015f\u0131r","og_url":"https:\/\/certifiqat.com\/tr\/become-consultancy-partner\/","og_site_name":"Certifiqat.com","article_modified_time":"2024-08-23T11:25:15+00:00","og_image":[{"width":820,"height":461,"url":"https:\/\/certifiqat.com\/wp-content\/uploads\/yoav-aziz-tKCd-IWc4gI-unsplash.jpg","type":"image\/jpeg"}],"twitter_card":"summary_large_image","twitter_misc":{"Tahmini okuma s\u00fcresi":"1 dakika"},"schema":{"@context":"https:\/\/schema.org","@graph":[{"@type":"WebPage","@id":"https:\/\/certifiqat.com\/tr\/become-consultancy-partner\/","url":"https:\/\/certifiqat.com\/tr\/become-consultancy-partner\/","name":"Dan\u0131\u015fmanl\u0131k Orta\u011f\u0131 Olun - Certifiqat.com","isPartOf":{"@id":"https:\/\/certifiqat.com\/tr\/#website"},"primaryImageOfPage":{"@id":"https:\/\/certifiqat.com\/tr\/become-consultancy-partner\/#primaryimage"},"image":{"@id":"https:\/\/certifiqat.com\/tr\/become-consultancy-partner\/#primaryimage"},"thumbnailUrl":"https:\/\/certifiqat.com\/wp-content\/uploads\/yoav-aziz-tKCd-IWc4gI-unsplash.jpg","datePublished":"2024-08-06T11:48:15+00:00","dateModified":"2024-08-23T11:25:15+00:00","breadcrumb":{"@id":"https:\/\/certifiqat.com\/tr\/become-consultancy-partner\/#breadcrumb"},"inLanguage":"tr","potentialAction":[{"@type":"ReadAction","target":["https:\/\/certifiqat.com\/tr\/become-consultancy-partner\/"]}]},{"@type":"ImageObject","inLanguage":"tr","@id":"https:\/\/certifiqat.com\/tr\/become-consultancy-partner\/#primaryimage","url":"https:\/\/certifiqat.com\/wp-content\/uploads\/yoav-aziz-tKCd-IWc4gI-unsplash.jpg","contentUrl":"https:\/\/certifiqat.com\/wp-content\/uploads\/yoav-aziz-tKCd-IWc4gI-unsplash.jpg","width":820,"height":461},{"@type":"BreadcrumbList","@id":"https:\/\/certifiqat.com\/tr\/become-consultancy-partner\/#breadcrumb","itemListElement":[{"@type":"ListItem","position":1,"name":"Home","item":"https:\/\/certifiqat.com\/tr\/"},{"@type":"ListItem","position":2,"name":"Dan\u0131\u015fmanl\u0131k Orta\u011f\u0131 Olun"}]},{"@type":"WebSite","@id":"https:\/\/certifiqat.com\/tr\/#website","url":"https:\/\/certifiqat.com\/tr\/","name":"certifiqat","description":"","potentialAction":[{"@type":"SearchAction","target":{"@type":"EntryPoint","urlTemplate":"https:\/\/certifiqat.com\/tr\/?s={search_term_string}"},"query-input":{"@type":"PropertyValueSpecification","valueRequired":true,"valueName":"search_term_string"}}],"inLanguage":"tr"}]}},"_links":{"self":[{"href":"https:\/\/certifiqat.com\/tr\/wp-json\/wp\/v2\/pages\/5932","targetHints":{"allow":["GET"]}}],"collection":[{"href":"https:\/\/certifiqat.com\/tr\/wp-json\/wp\/v2\/pages"}],"about":[{"href":"https:\/\/certifiqat.com\/tr\/wp-json\/wp\/v2\/types\/page"}],"author":[{"embeddable":true,"href":"https:\/\/certifiqat.com\/tr\/wp-json\/wp\/v2\/users\/3"}],"replies":[{"embeddable":true,"href":"https:\/\/certifiqat.com\/tr\/wp-json\/wp\/v2\/comments?post=5932"}],"version-history":[{"count":0,"href":"https:\/\/certifiqat.com\/tr\/wp-json\/wp\/v2\/pages\/5932\/revisions"}],"wp:featuredmedia":[{"embeddable":true,"href":"https:\/\/certifiqat.com\/tr\/wp-json\/wp\/v2\/media\/1410"}],"wp:attachment":[{"href":"https:\/\/certifiqat.com\/tr\/wp-json\/wp\/v2\/media?parent=5932"}],"curies":[{"name":"wp","href":"https:\/\/api.w.org\/{rel}","templated":true}]}}