{"id":9688,"date":"2024-06-28T08:46:13","date_gmt":"2024-06-28T08:46:13","guid":{"rendered":"https:\/\/certifiqat.com\/invoice-billing\/"},"modified":"2024-08-27T08:49:33","modified_gmt":"2024-08-27T08:49:33","slug":"invoice-billing","status":"publish","type":"page","link":"https:\/\/certifiqat.com\/sv\/invoice-billing\/","title":{"rendered":"Faktura\/fakturering"},"content":{"rendered":"\n<h1 class=\"wp-block-heading\">Faktura\/Fakturering<\/h1>\n\n\n\n<p>Business Profiles faktureras \u00e5rsvis i f\u00f6rskott. Alla fakturor kommer att skickas fr\u00e5n billing@certifiqat.com.<\/p>\n\n\n\n<p>F\u00f6r fr\u00e5gor ang\u00e5ende en mottagen faktura, skicka ett e-postmeddelande till <a href=\"mailto:support@certifiqat.com\">support@certifiqat.com<\/a> och var noga med att ange ditt fakturanummer i \u00e4mnesraden f\u00f6r snabb respons.<\/p>\n","protected":false},"excerpt":{"rendered":"<p>Faktura\/Fakturering Business Profiles faktureras \u00e5rsvis i f\u00f6rskott. Alla fakturor kommer att skickas fr\u00e5n billing@certifiqat.com. F\u00f6r fr\u00e5gor ang\u00e5ende en mottagen faktura, skicka ett e-postmeddelande till support@certifiqat.com och var noga med att ange ditt fakturanummer i \u00e4mnesraden f\u00f6r snabb respons.<\/p>\n","protected":false},"author":3,"featured_media":343,"parent":0,"menu_order":0,"comment_status":"closed","ping_status":"closed","template":"","meta":{"_acf_changed":false,"inline_featured_image":false,"footnotes":""},"class_list":["post-9688","page","type-page","status-publish","has-post-thumbnail","hentry"],"acf":[],"yoast_head":"<!-- This site is optimized with the Yoast SEO plugin v27.3 - https:\/\/yoast.com\/product\/yoast-seo-wordpress\/ -->\n<title>Faktura\/fakturering - Certifiqat.com<\/title>\n<meta name=\"robots\" content=\"index, follow, max-snippet:-1, max-image-preview:large, max-video-preview:-1\" \/>\n<link rel=\"canonical\" href=\"https:\/\/certifiqat.com\/sv\/invoice-billing\/\" \/>\n<meta property=\"og:locale\" content=\"sv_SE\" \/>\n<meta property=\"og:type\" content=\"article\" \/>\n<meta property=\"og:title\" content=\"Faktura\/fakturering - Certifiqat.com\" \/>\n<meta property=\"og:description\" content=\"Faktura\/Fakturering Business Profiles faktureras \u00e5rsvis i f\u00f6rskott. Alla fakturor kommer att skickas fr\u00e5n billing@certifiqat.com. F\u00f6r fr\u00e5gor ang\u00e5ende en mottagen faktura, skicka ett e-postmeddelande till support@certifiqat.com och var noga med att ange ditt fakturanummer i \u00e4mnesraden f\u00f6r snabb respons.\" \/>\n<meta property=\"og:url\" content=\"https:\/\/certifiqat.com\/sv\/invoice-billing\/\" \/>\n<meta property=\"og:site_name\" content=\"Certifiqat.com\" \/>\n<meta property=\"article:modified_time\" content=\"2024-08-27T08:49:33+00:00\" \/>\n<meta property=\"og:image\" content=\"https:\/\/certifiqat.com\/wp-content\/uploads\/yoav-aziz-tKCd-IWc4gI-unsplash.jpg\" \/>\n\t<meta property=\"og:image:width\" content=\"820\" \/>\n\t<meta property=\"og:image:height\" content=\"461\" \/>\n\t<meta property=\"og:image:type\" content=\"image\/jpeg\" \/>\n<meta name=\"twitter:card\" content=\"summary_large_image\" \/>\n<meta name=\"twitter:label1\" content=\"Ber\u00e4knad l\u00e4stid\" \/>\n\t<meta name=\"twitter:data1\" content=\"1 minut\" \/>\n<script type=\"application\/ld+json\" class=\"yoast-schema-graph\">{\"@context\":\"https:\\\/\\\/schema.org\",\"@graph\":[{\"@type\":\"WebPage\",\"@id\":\"https:\\\/\\\/certifiqat.com\\\/sv\\\/invoice-billing\\\/\",\"url\":\"https:\\\/\\\/certifiqat.com\\\/sv\\\/invoice-billing\\\/\",\"name\":\"Faktura\\\/fakturering - Certifiqat.com\",\"isPartOf\":{\"@id\":\"https:\\\/\\\/certifiqat.com\\\/sv\\\/#website\"},\"primaryImageOfPage\":{\"@id\":\"https:\\\/\\\/certifiqat.com\\\/sv\\\/invoice-billing\\\/#primaryimage\"},\"image\":{\"@id\":\"https:\\\/\\\/certifiqat.com\\\/sv\\\/invoice-billing\\\/#primaryimage\"},\"thumbnailUrl\":\"https:\\\/\\\/certifiqat.com\\\/wp-content\\\/uploads\\\/yoav-aziz-tKCd-IWc4gI-unsplash.jpg\",\"datePublished\":\"2024-06-28T08:46:13+00:00\",\"dateModified\":\"2024-08-27T08:49:33+00:00\",\"breadcrumb\":{\"@id\":\"https:\\\/\\\/certifiqat.com\\\/sv\\\/invoice-billing\\\/#breadcrumb\"},\"inLanguage\":\"sv-SE\",\"potentialAction\":[{\"@type\":\"ReadAction\",\"target\":[\"https:\\\/\\\/certifiqat.com\\\/sv\\\/invoice-billing\\\/\"]}]},{\"@type\":\"ImageObject\",\"inLanguage\":\"sv-SE\",\"@id\":\"https:\\\/\\\/certifiqat.com\\\/sv\\\/invoice-billing\\\/#primaryimage\",\"url\":\"https:\\\/\\\/certifiqat.com\\\/wp-content\\\/uploads\\\/yoav-aziz-tKCd-IWc4gI-unsplash.jpg\",\"contentUrl\":\"https:\\\/\\\/certifiqat.com\\\/wp-content\\\/uploads\\\/yoav-aziz-tKCd-IWc4gI-unsplash.jpg\",\"width\":820,\"height\":461},{\"@type\":\"BreadcrumbList\",\"@id\":\"https:\\\/\\\/certifiqat.com\\\/sv\\\/invoice-billing\\\/#breadcrumb\",\"itemListElement\":[{\"@type\":\"ListItem\",\"position\":1,\"name\":\"Home\",\"item\":\"https:\\\/\\\/certifiqat.com\\\/sv\\\/\"},{\"@type\":\"ListItem\",\"position\":2,\"name\":\"Faktura\\\/fakturering\"}]},{\"@type\":\"WebSite\",\"@id\":\"https:\\\/\\\/certifiqat.com\\\/sv\\\/#website\",\"url\":\"https:\\\/\\\/certifiqat.com\\\/sv\\\/\",\"name\":\"certifiqat\",\"description\":\"\",\"potentialAction\":[{\"@type\":\"SearchAction\",\"target\":{\"@type\":\"EntryPoint\",\"urlTemplate\":\"https:\\\/\\\/certifiqat.com\\\/sv\\\/?s={search_term_string}\"},\"query-input\":{\"@type\":\"PropertyValueSpecification\",\"valueRequired\":true,\"valueName\":\"search_term_string\"}}],\"inLanguage\":\"sv-SE\"}]}<\/script>\n<!-- \/ Yoast SEO plugin. -->","yoast_head_json":{"title":"Faktura\/fakturering - Certifiqat.com","robots":{"index":"index","follow":"follow","max-snippet":"max-snippet:-1","max-image-preview":"max-image-preview:large","max-video-preview":"max-video-preview:-1"},"canonical":"https:\/\/certifiqat.com\/sv\/invoice-billing\/","og_locale":"sv_SE","og_type":"article","og_title":"Faktura\/fakturering - Certifiqat.com","og_description":"Faktura\/Fakturering Business Profiles faktureras \u00e5rsvis i f\u00f6rskott. Alla fakturor kommer att skickas fr\u00e5n billing@certifiqat.com. F\u00f6r fr\u00e5gor ang\u00e5ende en mottagen faktura, skicka ett e-postmeddelande till support@certifiqat.com och var noga med att ange ditt fakturanummer i \u00e4mnesraden f\u00f6r snabb respons.","og_url":"https:\/\/certifiqat.com\/sv\/invoice-billing\/","og_site_name":"Certifiqat.com","article_modified_time":"2024-08-27T08:49:33+00:00","og_image":[{"width":820,"height":461,"url":"https:\/\/certifiqat.com\/wp-content\/uploads\/yoav-aziz-tKCd-IWc4gI-unsplash.jpg","type":"image\/jpeg"}],"twitter_card":"summary_large_image","twitter_misc":{"Ber\u00e4knad l\u00e4stid":"1 minut"},"schema":{"@context":"https:\/\/schema.org","@graph":[{"@type":"WebPage","@id":"https:\/\/certifiqat.com\/sv\/invoice-billing\/","url":"https:\/\/certifiqat.com\/sv\/invoice-billing\/","name":"Faktura\/fakturering - Certifiqat.com","isPartOf":{"@id":"https:\/\/certifiqat.com\/sv\/#website"},"primaryImageOfPage":{"@id":"https:\/\/certifiqat.com\/sv\/invoice-billing\/#primaryimage"},"image":{"@id":"https:\/\/certifiqat.com\/sv\/invoice-billing\/#primaryimage"},"thumbnailUrl":"https:\/\/certifiqat.com\/wp-content\/uploads\/yoav-aziz-tKCd-IWc4gI-unsplash.jpg","datePublished":"2024-06-28T08:46:13+00:00","dateModified":"2024-08-27T08:49:33+00:00","breadcrumb":{"@id":"https:\/\/certifiqat.com\/sv\/invoice-billing\/#breadcrumb"},"inLanguage":"sv-SE","potentialAction":[{"@type":"ReadAction","target":["https:\/\/certifiqat.com\/sv\/invoice-billing\/"]}]},{"@type":"ImageObject","inLanguage":"sv-SE","@id":"https:\/\/certifiqat.com\/sv\/invoice-billing\/#primaryimage","url":"https:\/\/certifiqat.com\/wp-content\/uploads\/yoav-aziz-tKCd-IWc4gI-unsplash.jpg","contentUrl":"https:\/\/certifiqat.com\/wp-content\/uploads\/yoav-aziz-tKCd-IWc4gI-unsplash.jpg","width":820,"height":461},{"@type":"BreadcrumbList","@id":"https:\/\/certifiqat.com\/sv\/invoice-billing\/#breadcrumb","itemListElement":[{"@type":"ListItem","position":1,"name":"Home","item":"https:\/\/certifiqat.com\/sv\/"},{"@type":"ListItem","position":2,"name":"Faktura\/fakturering"}]},{"@type":"WebSite","@id":"https:\/\/certifiqat.com\/sv\/#website","url":"https:\/\/certifiqat.com\/sv\/","name":"certifiqat","description":"","potentialAction":[{"@type":"SearchAction","target":{"@type":"EntryPoint","urlTemplate":"https:\/\/certifiqat.com\/sv\/?s={search_term_string}"},"query-input":{"@type":"PropertyValueSpecification","valueRequired":true,"valueName":"search_term_string"}}],"inLanguage":"sv-SE"}]}},"_links":{"self":[{"href":"https:\/\/certifiqat.com\/sv\/wp-json\/wp\/v2\/pages\/9688","targetHints":{"allow":["GET"]}}],"collection":[{"href":"https:\/\/certifiqat.com\/sv\/wp-json\/wp\/v2\/pages"}],"about":[{"href":"https:\/\/certifiqat.com\/sv\/wp-json\/wp\/v2\/types\/page"}],"author":[{"embeddable":true,"href":"https:\/\/certifiqat.com\/sv\/wp-json\/wp\/v2\/users\/3"}],"replies":[{"embeddable":true,"href":"https:\/\/certifiqat.com\/sv\/wp-json\/wp\/v2\/comments?post=9688"}],"version-history":[{"count":0,"href":"https:\/\/certifiqat.com\/sv\/wp-json\/wp\/v2\/pages\/9688\/revisions"}],"wp:featuredmedia":[{"embeddable":true,"href":"https:\/\/certifiqat.com\/sv\/wp-json\/wp\/v2\/media\/343"}],"wp:attachment":[{"href":"https:\/\/certifiqat.com\/sv\/wp-json\/wp\/v2\/media?parent=9688"}],"curies":[{"name":"wp","href":"https:\/\/api.w.org\/{rel}","templated":true}]}}