{"id":5931,"date":"2024-08-06T11:48:15","date_gmt":"2024-08-06T11:48:15","guid":{"rendered":"https:\/\/certifiqat.com\/invoice-billing-copy\/"},"modified":"2024-08-23T11:18:56","modified_gmt":"2024-08-23T11:18:56","slug":"become-consultancy-partner","status":"publish","type":"page","link":"https:\/\/certifiqat.com\/sv\/become-consultancy-partner\/","title":{"rendered":"Bli konsultpartner"},"content":{"rendered":"\n<h1 class=\"wp-block-heading\">Bli konsultpartner<\/h1>\n\n\n\n<h3 class=\"wp-block-heading\">Bli partner med Certifiqat: Lyft dina kunders certifieringsresa<\/h3>\n\n\n\n<p>P\u00e5 Certifiqat har vi \u00e5tagit oss att bygga v\u00e4rldens st\u00f6rsta databas f\u00f6r certifierade f\u00f6retag och \u00e4ven att f\u00f6r\u00e4ndra hur f\u00f6retag hanterar och visar upp sina certifieringar. Vi bjuder in konsulter och konsultf\u00f6retag att samarbeta med oss och erbjuda sina kunder stort v\u00e4rde i deras certifieringsresa.<\/p>\n\n\n\n<p><strong>Varf\u00f6r samarbeta med Certifiqat?<\/strong><\/p>\n\n\n\n<ul class=\"wp-block-list\">\n<li><strong>F\u00f6rb\u00e4ttra ditt kunderbjudande:<\/strong> Genom att integrera Certifiqats plattform i dina konsulttj\u00e4nster ger du dina kunder en banbrytande l\u00f6sning f\u00f6r att visa upp sina certifieringar.<\/li>\n\n\n\n<li><strong>Ge dina kunder en \u00f6verblick:<\/strong> V\u00e5r plattform f\u00f6renklar processen med att organisera, uppdatera och presentera certifieringsdokument p\u00e5 plats.<\/li>\n\n\n\n<li><strong>Tillv\u00e4xt i samarbete:<\/strong> Som Certifiqat-partner f\u00e5r du tillg\u00e5ng till exklusiva resurser, utbildning och support. Vi \u00e4r dedikerade till att hj\u00e4lpa dig att lyckas och v\u00e4xa tillsammans med oss och s\u00e4kerst\u00e4lla att v\u00e5rt samarbete \u00e4r \u00f6msesidigt f\u00f6rdelaktigt.<\/li>\n<\/ul>\n\n\n\n<p><strong>Hur det fungerar<\/strong><\/p>\n\n\n\n<p>Att vara partner med Certifiqat \u00e4r enkelt. Vi f\u00f6rser dig med de verktyg och den support som beh\u00f6vs f\u00f6r att presentera v\u00e5r plattform f\u00f6r dina kunder. Tillsammans kan vi erbjuda dina kunder en s\u00f6ml\u00f6s upplevelse av att hantera och visa upp sina certifieringar, vilket g\u00f6r att de skiljer sig fr\u00e5n m\u00e4ngden p\u00e5 en konkurrensutsatt marknad.<\/p>\n\n\n\n<p><strong>H\u00f6r av dig till oss<\/strong><\/p>\n\n\n\n<p>\u00c4r du redo att tillf\u00f6ra betydande v\u00e4rde till dina kunder? <a href=\"https:\/\/certifiqat.com\/contact\/\">Kontakta oss idag<\/a> f\u00f6r att utforska partnerskapsm\u00f6jligheter och l\u00e4ra dig hur Certifiqat kan komplettera och h\u00f6ja dina aff\u00e4rserbjudanden.<\/p>\n","protected":false},"excerpt":{"rendered":"<p>Bli konsultpartner Bli partner med Certifiqat: Lyft dina kunders certifieringsresa P\u00e5 Certifiqat har vi \u00e5tagit oss att bygga v\u00e4rldens st\u00f6rsta databas f\u00f6r certifierade f\u00f6retag och \u00e4ven att f\u00f6r\u00e4ndra hur f\u00f6retag hanterar och visar upp sina certifieringar. Vi bjuder in konsulter och konsultf\u00f6retag att samarbeta med oss och erbjuda sina kunder stort v\u00e4rde i deras certifieringsresa.<\/p>\n","protected":false},"author":3,"featured_media":343,"parent":0,"menu_order":0,"comment_status":"closed","ping_status":"closed","template":"","meta":{"_acf_changed":false,"inline_featured_image":false,"footnotes":""},"class_list":["post-5931","page","type-page","status-publish","has-post-thumbnail","hentry"],"acf":[],"yoast_head":"<!-- This site is optimized with the Yoast SEO plugin v27.5 - https:\/\/yoast.com\/product\/yoast-seo-wordpress\/ -->\n<title>Bli konsultpartner - Certifiqat.com<\/title>\n<meta name=\"robots\" content=\"index, follow, max-snippet:-1, max-image-preview:large, max-video-preview:-1\" \/>\n<link rel=\"canonical\" href=\"https:\/\/certifiqat.com\/sv\/become-consultancy-partner\/\" \/>\n<meta property=\"og:locale\" content=\"sv_SE\" \/>\n<meta property=\"og:type\" content=\"article\" \/>\n<meta property=\"og:title\" content=\"Bli konsultpartner - Certifiqat.com\" \/>\n<meta property=\"og:description\" content=\"Bli konsultpartner Bli partner med Certifiqat: Lyft dina kunders certifieringsresa P\u00e5 Certifiqat har vi \u00e5tagit oss att bygga v\u00e4rldens st\u00f6rsta databas f\u00f6r certifierade f\u00f6retag och \u00e4ven att f\u00f6r\u00e4ndra hur f\u00f6retag hanterar och visar upp sina certifieringar. Vi bjuder in konsulter och konsultf\u00f6retag att samarbeta med oss och erbjuda sina kunder stort v\u00e4rde i deras certifieringsresa.\" \/>\n<meta property=\"og:url\" content=\"https:\/\/certifiqat.com\/sv\/become-consultancy-partner\/\" \/>\n<meta property=\"og:site_name\" content=\"Certifiqat.com\" \/>\n<meta property=\"article:modified_time\" content=\"2024-08-23T11:18:56+00:00\" \/>\n<meta property=\"og:image\" content=\"https:\/\/certifiqat.com\/wp-content\/uploads\/yoav-aziz-tKCd-IWc4gI-unsplash.jpg\" \/>\n\t<meta property=\"og:image:width\" content=\"820\" \/>\n\t<meta property=\"og:image:height\" content=\"461\" \/>\n\t<meta property=\"og:image:type\" content=\"image\/jpeg\" \/>\n<meta name=\"twitter:card\" content=\"summary_large_image\" \/>\n<meta name=\"twitter:label1\" content=\"Ber\u00e4knad l\u00e4stid\" \/>\n\t<meta name=\"twitter:data1\" content=\"2 minuter\" \/>\n<script type=\"application\/ld+json\" class=\"yoast-schema-graph\">{\"@context\":\"https:\\\/\\\/schema.org\",\"@graph\":[{\"@type\":\"WebPage\",\"@id\":\"https:\\\/\\\/certifiqat.com\\\/sv\\\/become-consultancy-partner\\\/\",\"url\":\"https:\\\/\\\/certifiqat.com\\\/sv\\\/become-consultancy-partner\\\/\",\"name\":\"Bli konsultpartner - Certifiqat.com\",\"isPartOf\":{\"@id\":\"https:\\\/\\\/certifiqat.com\\\/sv\\\/#website\"},\"primaryImageOfPage\":{\"@id\":\"https:\\\/\\\/certifiqat.com\\\/sv\\\/become-consultancy-partner\\\/#primaryimage\"},\"image\":{\"@id\":\"https:\\\/\\\/certifiqat.com\\\/sv\\\/become-consultancy-partner\\\/#primaryimage\"},\"thumbnailUrl\":\"https:\\\/\\\/certifiqat.com\\\/wp-content\\\/uploads\\\/yoav-aziz-tKCd-IWc4gI-unsplash.jpg\",\"datePublished\":\"2024-08-06T11:48:15+00:00\",\"dateModified\":\"2024-08-23T11:18:56+00:00\",\"breadcrumb\":{\"@id\":\"https:\\\/\\\/certifiqat.com\\\/sv\\\/become-consultancy-partner\\\/#breadcrumb\"},\"inLanguage\":\"sv-SE\",\"potentialAction\":[{\"@type\":\"ReadAction\",\"target\":[\"https:\\\/\\\/certifiqat.com\\\/sv\\\/become-consultancy-partner\\\/\"]}]},{\"@type\":\"ImageObject\",\"inLanguage\":\"sv-SE\",\"@id\":\"https:\\\/\\\/certifiqat.com\\\/sv\\\/become-consultancy-partner\\\/#primaryimage\",\"url\":\"https:\\\/\\\/certifiqat.com\\\/wp-content\\\/uploads\\\/yoav-aziz-tKCd-IWc4gI-unsplash.jpg\",\"contentUrl\":\"https:\\\/\\\/certifiqat.com\\\/wp-content\\\/uploads\\\/yoav-aziz-tKCd-IWc4gI-unsplash.jpg\",\"width\":820,\"height\":461},{\"@type\":\"BreadcrumbList\",\"@id\":\"https:\\\/\\\/certifiqat.com\\\/sv\\\/become-consultancy-partner\\\/#breadcrumb\",\"itemListElement\":[{\"@type\":\"ListItem\",\"position\":1,\"name\":\"Home\",\"item\":\"https:\\\/\\\/certifiqat.com\\\/sv\\\/\"},{\"@type\":\"ListItem\",\"position\":2,\"name\":\"Bli konsultpartner\"}]},{\"@type\":\"WebSite\",\"@id\":\"https:\\\/\\\/certifiqat.com\\\/sv\\\/#website\",\"url\":\"https:\\\/\\\/certifiqat.com\\\/sv\\\/\",\"name\":\"certifiqat\",\"description\":\"\",\"potentialAction\":[{\"@type\":\"SearchAction\",\"target\":{\"@type\":\"EntryPoint\",\"urlTemplate\":\"https:\\\/\\\/certifiqat.com\\\/sv\\\/?s={search_term_string}\"},\"query-input\":{\"@type\":\"PropertyValueSpecification\",\"valueRequired\":true,\"valueName\":\"search_term_string\"}}],\"inLanguage\":\"sv-SE\"}]}<\/script>\n<!-- \/ Yoast SEO plugin. -->","yoast_head_json":{"title":"Bli konsultpartner - Certifiqat.com","robots":{"index":"index","follow":"follow","max-snippet":"max-snippet:-1","max-image-preview":"max-image-preview:large","max-video-preview":"max-video-preview:-1"},"canonical":"https:\/\/certifiqat.com\/sv\/become-consultancy-partner\/","og_locale":"sv_SE","og_type":"article","og_title":"Bli konsultpartner - Certifiqat.com","og_description":"Bli konsultpartner Bli partner med Certifiqat: Lyft dina kunders certifieringsresa P\u00e5 Certifiqat har vi \u00e5tagit oss att bygga v\u00e4rldens st\u00f6rsta databas f\u00f6r certifierade f\u00f6retag och \u00e4ven att f\u00f6r\u00e4ndra hur f\u00f6retag hanterar och visar upp sina certifieringar. Vi bjuder in konsulter och konsultf\u00f6retag att samarbeta med oss och erbjuda sina kunder stort v\u00e4rde i deras certifieringsresa.","og_url":"https:\/\/certifiqat.com\/sv\/become-consultancy-partner\/","og_site_name":"Certifiqat.com","article_modified_time":"2024-08-23T11:18:56+00:00","og_image":[{"width":820,"height":461,"url":"https:\/\/certifiqat.com\/wp-content\/uploads\/yoav-aziz-tKCd-IWc4gI-unsplash.jpg","type":"image\/jpeg"}],"twitter_card":"summary_large_image","twitter_misc":{"Ber\u00e4knad l\u00e4stid":"2 minuter"},"schema":{"@context":"https:\/\/schema.org","@graph":[{"@type":"WebPage","@id":"https:\/\/certifiqat.com\/sv\/become-consultancy-partner\/","url":"https:\/\/certifiqat.com\/sv\/become-consultancy-partner\/","name":"Bli konsultpartner - Certifiqat.com","isPartOf":{"@id":"https:\/\/certifiqat.com\/sv\/#website"},"primaryImageOfPage":{"@id":"https:\/\/certifiqat.com\/sv\/become-consultancy-partner\/#primaryimage"},"image":{"@id":"https:\/\/certifiqat.com\/sv\/become-consultancy-partner\/#primaryimage"},"thumbnailUrl":"https:\/\/certifiqat.com\/wp-content\/uploads\/yoav-aziz-tKCd-IWc4gI-unsplash.jpg","datePublished":"2024-08-06T11:48:15+00:00","dateModified":"2024-08-23T11:18:56+00:00","breadcrumb":{"@id":"https:\/\/certifiqat.com\/sv\/become-consultancy-partner\/#breadcrumb"},"inLanguage":"sv-SE","potentialAction":[{"@type":"ReadAction","target":["https:\/\/certifiqat.com\/sv\/become-consultancy-partner\/"]}]},{"@type":"ImageObject","inLanguage":"sv-SE","@id":"https:\/\/certifiqat.com\/sv\/become-consultancy-partner\/#primaryimage","url":"https:\/\/certifiqat.com\/wp-content\/uploads\/yoav-aziz-tKCd-IWc4gI-unsplash.jpg","contentUrl":"https:\/\/certifiqat.com\/wp-content\/uploads\/yoav-aziz-tKCd-IWc4gI-unsplash.jpg","width":820,"height":461},{"@type":"BreadcrumbList","@id":"https:\/\/certifiqat.com\/sv\/become-consultancy-partner\/#breadcrumb","itemListElement":[{"@type":"ListItem","position":1,"name":"Home","item":"https:\/\/certifiqat.com\/sv\/"},{"@type":"ListItem","position":2,"name":"Bli konsultpartner"}]},{"@type":"WebSite","@id":"https:\/\/certifiqat.com\/sv\/#website","url":"https:\/\/certifiqat.com\/sv\/","name":"certifiqat","description":"","potentialAction":[{"@type":"SearchAction","target":{"@type":"EntryPoint","urlTemplate":"https:\/\/certifiqat.com\/sv\/?s={search_term_string}"},"query-input":{"@type":"PropertyValueSpecification","valueRequired":true,"valueName":"search_term_string"}}],"inLanguage":"sv-SE"}]}},"_links":{"self":[{"href":"https:\/\/certifiqat.com\/sv\/wp-json\/wp\/v2\/pages\/5931","targetHints":{"allow":["GET"]}}],"collection":[{"href":"https:\/\/certifiqat.com\/sv\/wp-json\/wp\/v2\/pages"}],"about":[{"href":"https:\/\/certifiqat.com\/sv\/wp-json\/wp\/v2\/types\/page"}],"author":[{"embeddable":true,"href":"https:\/\/certifiqat.com\/sv\/wp-json\/wp\/v2\/users\/3"}],"replies":[{"embeddable":true,"href":"https:\/\/certifiqat.com\/sv\/wp-json\/wp\/v2\/comments?post=5931"}],"version-history":[{"count":0,"href":"https:\/\/certifiqat.com\/sv\/wp-json\/wp\/v2\/pages\/5931\/revisions"}],"wp:featuredmedia":[{"embeddable":true,"href":"https:\/\/certifiqat.com\/sv\/wp-json\/wp\/v2\/media\/343"}],"wp:attachment":[{"href":"https:\/\/certifiqat.com\/sv\/wp-json\/wp\/v2\/media?parent=5931"}],"curies":[{"name":"wp","href":"https:\/\/api.w.org\/{rel}","templated":true}]}}