{"id":393,"date":"2024-04-23T08:18:33","date_gmt":"2024-04-23T08:18:33","guid":{"rendered":"https:\/\/certifiqat.com\/about-us\/"},"modified":"2024-07-29T22:09:04","modified_gmt":"2024-07-29T22:09:04","slug":"about-us","status":"publish","type":"page","link":"https:\/\/certifiqat.com\/sv\/about-us\/","title":{"rendered":"Om oss"},"content":{"rendered":"<section class=\"relative bg-white\" id=\"block_e7f6db095c5d2bd5833259a3e60be91b\">\n\t<div class=\"container\">\n\t\t<div class=\"flex flex-wrap\">\n\t\t\t\t\t\t\t<div class=\"w-full pr-0 rem:py-[75px] lg:w-1\/2 lg:pr-[130px] lg:rem:py-[150px]\">\n\t\t\t\t\t<div class=\"base-typography\">\n\t\t\t\t\t\t<h2>Ber\u00e4ttelsen<\/h2>\n<p>Teamet bakom Certifiqat har \u00e5rtionden av erfarenhet av b\u00e5de ISO-certifikat och online-teknik. Vi \u00e4r ett team av f\u00f6re detta VD:ar, marknadschefer, ISO-revisorer, managementkonsulter och teknikfolk, men framf\u00f6r allt \u00e4r vi enade p\u00e5 resan f\u00f6r att h\u00f6ja v\u00e4rdet av att vara certifierad.<\/p>\n<h2>V\u00e5rt uppdrag<\/h2>\n<p>V\u00e5rt uppdrag \u00e4r att \u00f6ka v\u00e4rdet p\u00e5 certifieringar och st\u00e4rka certifierade f\u00f6retag genom att f\u00f6rb\u00e4ttra deras f\u00f6rm\u00e5ga att marknadsf\u00f6ra sina prestationer. Detta tillv\u00e4gag\u00e5ngss\u00e4tt s\u00e4rskiljer inte bara certifierade f\u00f6retag fr\u00e5n icke-certifierade konkurrenter utan f\u00f6rst\u00e4rker ocks\u00e5 deras varum\u00e4rkesv\u00e4rde.<\/p>\n<h2>V\u00e5r vision f\u00f6r framtiden<\/h2>\n<p>P\u00e5 Certifiqat \u00e4r v\u00e5r vision att varje ambiti\u00f6st f\u00f6retag p\u00e5 global niv\u00e5 anv\u00e4nder Certifiqat f\u00f6r att hantera och marknadsf\u00f6ra sina certifikat och f\u00f6rtroendeskapande dokument. Vi bygger v\u00e4rldens st\u00f6rsta databas f\u00f6r certifierade f\u00f6retag.<\/p>\n\n\t\t\t\t\t<\/div>\n\t\t\t\t<\/div>\n\t\t\t\t\t\t\t\t\t\t<div class=\"h-full w-full lg:w-1\/2\"><\/div>\n\t\t\t\t\t<\/div>\n\t<\/div>\n\t<div class=\"relative left-0 top-0 h-full w-full pt-[50%] lg:absolute lg:left-[50%] lg:w-1\/2 lg:pt-0\">\n\t\t<img decoding=\"async\" class=\"img-cover-abs\" src=\"https:\/\/certifiqat.com\/wp-content\/uploads\/kelsey-knight-SFRw5GChoLA-unsplash-800x0-c-default.jpg\" alt=\"\" \/>\n\t<\/div>\n<\/section>\n\n\n\n<section class=\"wp-block-group section-wrapper has-background\" style=\"background-color:#75d2fa\"><div class=\"wp-block-group__inner-container is-layout-constrained wp-block-group-is-layout-constrained\">\n<div class=\"wp-block-columns container is-layout-flex wp-container-core-columns-is-layout-9d6595d7 wp-block-columns-is-layout-flex\">\n<div class=\"wp-block-column is-layout-flow wp-block-column-is-layout-flow\">\n<h2 class=\"wp-block-heading has-text-color has-link-color wp-elements-d38a876e67c40946989a1962c2e52d63\" style=\"color:#2d6bd8\">Erfaret team<\/h2>\n\n\n\n<p class=\"has-text-color has-link-color wp-elements-6fee0159422c94cc716139a694c12bf3\" style=\"color:#122a5e\">Certifiqat-teamet har tillsammans ett stort antal \u00e5rs erfarenhet av olika aff\u00e4rsroller och vi har sett utmaningen med att effektivt hantera och visa upp dessa kritiska f\u00f6rtroendedokument f\u00f6r kunder, anst\u00e4llda och intressenter<\/p>\n<\/div>\n\n\n\n<div class=\"wp-block-column is-layout-flow wp-block-column-is-layout-flow\">\n<h2 class=\"wp-block-heading has-text-color has-link-color wp-elements-d057546a2f2d510c97dad4734583c4a9\" style=\"color:#2d6bd8\">Certifiqat AI<\/h2>\n\n\n\n<p class=\"has-text-color has-link-color wp-elements-f33fcf40f4eeff47116ff7acc517de93\" style=\"color:#122a5e\">Genom att kombinera spr\u00e5kmodellen fr\u00e5n OpenAI med v\u00e5r tech-stack \u00f6vers\u00e4tter vi effektivt ditt inneh\u00e5ll till \u00f6ver 15 spr\u00e5k och skapar en o\u00f6vertr\u00e4ffad tillg\u00e4nglighet f\u00f6r din publik.<\/p>\n<\/div>\n\n\n\n<div class=\"wp-block-column is-layout-flow wp-block-column-is-layout-flow\">\n<h2 class=\"wp-block-heading has-text-color has-link-color wp-elements-e0fe827596efefbda51aa4dd19f05ea8\" style=\"color:#2d6bd8\">Anv\u00e4ndarupplevelsen f\u00f6rst<\/h2>\n\n\n\n<p class=\"has-text-color has-link-color wp-elements-c6ae4a4716c76edc3b090717087da906\" style=\"color:#122a5e\">Vi s\u00e4tter anv\u00e4ndarupplevelsen och designen i f\u00f6rsta rummet f\u00f6r att alltid f\u00f6rb\u00e4ttra helhetsupplevelsen av ditt varum\u00e4rke och din f\u00f6retagsprofil p\u00e5 Certifiqat.com<\/p>\n<\/div>\n\n\n\n<div class=\"wp-block-column is-layout-flow wp-block-column-is-layout-flow\">\n<h2 class=\"wp-block-heading has-text-color has-link-color wp-elements-b7c4f6d437dd44a80bcb09bc0cc38b59\" style=\"color:#2a70c5\">St\u00f6d och support<\/h2>\n\n\n\n<p>Om du beh\u00f6ver n\u00e5gon hj\u00e4lp alls \u00e4r vi h\u00e4r f\u00f6r att hj\u00e4lpa dig. V\u00e5rt supportteam str\u00e4var efter att vara noll till ingen.<\/p>\n<\/div>\n<\/div>\n<\/div><\/section>\n\n\n\n<div class=\"wp-block-group section-wrapper\"><div class=\"wp-block-group__inner-container is-layout-constrained wp-block-group-is-layout-constrained\">\n<div class=\"wp-block-columns container is-layout-flex wp-container-core-columns-is-layout-9d6595d7 wp-block-columns-is-layout-flex\">\n<div class=\"wp-block-column is-layout-flow wp-block-column-is-layout-flow\" style=\"flex-basis:25%\"><\/div>\n\n\n\n<div class=\"wp-block-column is-layout-flow wp-block-column-is-layout-flow\" style=\"flex-basis:75%\">\n<h2 class=\"wp-block-heading has-text-align-center has-text-color has-link-color has-x-large-font-size wp-elements-740499d9a82b5886c05f29edfac67450\" style=\"color:#2d6bd8\">G\u00e5 med i oss!<\/h2>\n\n\n\n<p class=\"has-text-align-center max-w has-text-color has-link-color wp-elements-14b12f21377ce5335eef78467bab2ec9\" style=\"color:#122a5e\">Vi letar alltid efter talanger inom teknik, f\u00f6rs\u00e4ljning, marknadsf\u00f6ring och support. Om du har n\u00e5gon kunskap att tillf\u00f6ra inom certifikat, kvalitet och management \u00e4r vi \u00e4nnu mer nyfikna p\u00e5 dig och ser fram emot ett m\u00f6te!<\/p>\n\n\n\n<p class=\"has-text-align-center has-text-color has-link-color wp-elements-d3fa734476ac7afd65e272ad5a45fd03\" style=\"color:#122a5e\"><strong>Skicka oss ett mail och ber\u00e4tta varf\u00f6r du vill bli en del av Certifqat: <a class=\"copy-email-js text-right  relative\" href=\"mailto:join@certifiqat.com\">join@certifiqat.com <span class=\" hidden absolute right-0 bottom-[100%] p-1 rounded-full bg-white font-normal text-c-grey-500\">Copied<\/span><\/a><\/strong><\/p>\n<\/div>\n\n\n\n<div class=\"wp-block-column is-layout-flow wp-block-column-is-layout-flow\" style=\"flex-basis:25%\"><\/div>\n<\/div>\n<\/div><\/div>\n","protected":false},"excerpt":{"rendered":"<p>Erfaret team Certifiqat-teamet har tillsammans ett stort antal \u00e5rs erfarenhet av olika aff\u00e4rsroller och vi har sett utmaningen med att effektivt hantera och visa upp dessa kritiska f\u00f6rtroendedokument f\u00f6r kunder, anst\u00e4llda och intressenter Certifiqat AI Genom att kombinera spr\u00e5kmodellen fr\u00e5n OpenAI med v\u00e5r tech-stack \u00f6vers\u00e4tter vi effektivt ditt inneh\u00e5ll till \u00f6ver 15 spr\u00e5k och skapar<\/p>\n","protected":false},"author":3,"featured_media":0,"parent":0,"menu_order":0,"comment_status":"closed","ping_status":"closed","template":"page-about-us.php","meta":{"_acf_changed":false,"inline_featured_image":false,"footnotes":""},"class_list":["post-393","page","type-page","status-publish","hentry"],"acf":[],"yoast_head":"<!-- This site is optimized with the Yoast SEO plugin v27.5 - https:\/\/yoast.com\/product\/yoast-seo-wordpress\/ -->\n<title>About Us - Certifiqat.com<\/title>\n<meta name=\"robots\" content=\"index, follow, max-snippet:-1, max-image-preview:large, max-video-preview:-1\" \/>\n<link rel=\"canonical\" href=\"https:\/\/certifiqat.com\/sv\/about-us\/\" \/>\n<meta property=\"og:locale\" content=\"sv_SE\" \/>\n<meta property=\"og:type\" content=\"article\" \/>\n<meta property=\"og:title\" content=\"About Us - Certifiqat.com\" \/>\n<meta property=\"og:description\" content=\"Erfaret team Certifiqat-teamet har tillsammans ett stort antal \u00e5rs erfarenhet av olika aff\u00e4rsroller och vi har sett utmaningen med att effektivt hantera och visa upp dessa kritiska f\u00f6rtroendedokument f\u00f6r kunder, anst\u00e4llda och intressenter Certifiqat AI Genom att kombinera spr\u00e5kmodellen fr\u00e5n OpenAI med v\u00e5r tech-stack \u00f6vers\u00e4tter vi effektivt ditt inneh\u00e5ll till \u00f6ver 15 spr\u00e5k och skapar\" \/>\n<meta property=\"og:url\" content=\"https:\/\/certifiqat.com\/sv\/about-us\/\" \/>\n<meta property=\"og:site_name\" content=\"Certifiqat.com\" \/>\n<meta property=\"article:modified_time\" content=\"2024-07-29T22:09:04+00:00\" \/>\n<meta name=\"twitter:card\" content=\"summary_large_image\" \/>\n<meta name=\"twitter:label1\" content=\"Ber\u00e4knad l\u00e4stid\" \/>\n\t<meta name=\"twitter:data1\" content=\"1 minut\" \/>\n<script type=\"application\/ld+json\" class=\"yoast-schema-graph\">{\"@context\":\"https:\\\/\\\/schema.org\",\"@graph\":[{\"@type\":\"WebPage\",\"@id\":\"https:\\\/\\\/certifiqat.com\\\/sv\\\/about-us\\\/\",\"url\":\"https:\\\/\\\/certifiqat.com\\\/sv\\\/about-us\\\/\",\"name\":\"About Us - Certifiqat.com\",\"isPartOf\":{\"@id\":\"https:\\\/\\\/certifiqat.com\\\/sv\\\/#website\"},\"datePublished\":\"2024-04-23T08:18:33+00:00\",\"dateModified\":\"2024-07-29T22:09:04+00:00\",\"breadcrumb\":{\"@id\":\"https:\\\/\\\/certifiqat.com\\\/sv\\\/about-us\\\/#breadcrumb\"},\"inLanguage\":\"sv-SE\",\"potentialAction\":[{\"@type\":\"ReadAction\",\"target\":[\"https:\\\/\\\/certifiqat.com\\\/sv\\\/about-us\\\/\"]}]},{\"@type\":\"BreadcrumbList\",\"@id\":\"https:\\\/\\\/certifiqat.com\\\/sv\\\/about-us\\\/#breadcrumb\",\"itemListElement\":[{\"@type\":\"ListItem\",\"position\":1,\"name\":\"Home\",\"item\":\"https:\\\/\\\/certifiqat.com\\\/sv\\\/\"},{\"@type\":\"ListItem\",\"position\":2,\"name\":\"Om oss\"}]},{\"@type\":\"WebSite\",\"@id\":\"https:\\\/\\\/certifiqat.com\\\/sv\\\/#website\",\"url\":\"https:\\\/\\\/certifiqat.com\\\/sv\\\/\",\"name\":\"certifiqat\",\"description\":\"\",\"potentialAction\":[{\"@type\":\"SearchAction\",\"target\":{\"@type\":\"EntryPoint\",\"urlTemplate\":\"https:\\\/\\\/certifiqat.com\\\/sv\\\/?s={search_term_string}\"},\"query-input\":{\"@type\":\"PropertyValueSpecification\",\"valueRequired\":true,\"valueName\":\"search_term_string\"}}],\"inLanguage\":\"sv-SE\"}]}<\/script>\n<!-- \/ Yoast SEO plugin. -->","yoast_head_json":{"title":"About Us - Certifiqat.com","robots":{"index":"index","follow":"follow","max-snippet":"max-snippet:-1","max-image-preview":"max-image-preview:large","max-video-preview":"max-video-preview:-1"},"canonical":"https:\/\/certifiqat.com\/sv\/about-us\/","og_locale":"sv_SE","og_type":"article","og_title":"About Us - Certifiqat.com","og_description":"Erfaret team Certifiqat-teamet har tillsammans ett stort antal \u00e5rs erfarenhet av olika aff\u00e4rsroller och vi har sett utmaningen med att effektivt hantera och visa upp dessa kritiska f\u00f6rtroendedokument f\u00f6r kunder, anst\u00e4llda och intressenter Certifiqat AI Genom att kombinera spr\u00e5kmodellen fr\u00e5n OpenAI med v\u00e5r tech-stack \u00f6vers\u00e4tter vi effektivt ditt inneh\u00e5ll till \u00f6ver 15 spr\u00e5k och skapar","og_url":"https:\/\/certifiqat.com\/sv\/about-us\/","og_site_name":"Certifiqat.com","article_modified_time":"2024-07-29T22:09:04+00:00","twitter_card":"summary_large_image","twitter_misc":{"Ber\u00e4knad l\u00e4stid":"1 minut"},"schema":{"@context":"https:\/\/schema.org","@graph":[{"@type":"WebPage","@id":"https:\/\/certifiqat.com\/sv\/about-us\/","url":"https:\/\/certifiqat.com\/sv\/about-us\/","name":"About Us - Certifiqat.com","isPartOf":{"@id":"https:\/\/certifiqat.com\/sv\/#website"},"datePublished":"2024-04-23T08:18:33+00:00","dateModified":"2024-07-29T22:09:04+00:00","breadcrumb":{"@id":"https:\/\/certifiqat.com\/sv\/about-us\/#breadcrumb"},"inLanguage":"sv-SE","potentialAction":[{"@type":"ReadAction","target":["https:\/\/certifiqat.com\/sv\/about-us\/"]}]},{"@type":"BreadcrumbList","@id":"https:\/\/certifiqat.com\/sv\/about-us\/#breadcrumb","itemListElement":[{"@type":"ListItem","position":1,"name":"Home","item":"https:\/\/certifiqat.com\/sv\/"},{"@type":"ListItem","position":2,"name":"Om oss"}]},{"@type":"WebSite","@id":"https:\/\/certifiqat.com\/sv\/#website","url":"https:\/\/certifiqat.com\/sv\/","name":"certifiqat","description":"","potentialAction":[{"@type":"SearchAction","target":{"@type":"EntryPoint","urlTemplate":"https:\/\/certifiqat.com\/sv\/?s={search_term_string}"},"query-input":{"@type":"PropertyValueSpecification","valueRequired":true,"valueName":"search_term_string"}}],"inLanguage":"sv-SE"}]}},"_links":{"self":[{"href":"https:\/\/certifiqat.com\/sv\/wp-json\/wp\/v2\/pages\/393","targetHints":{"allow":["GET"]}}],"collection":[{"href":"https:\/\/certifiqat.com\/sv\/wp-json\/wp\/v2\/pages"}],"about":[{"href":"https:\/\/certifiqat.com\/sv\/wp-json\/wp\/v2\/types\/page"}],"author":[{"embeddable":true,"href":"https:\/\/certifiqat.com\/sv\/wp-json\/wp\/v2\/users\/3"}],"replies":[{"embeddable":true,"href":"https:\/\/certifiqat.com\/sv\/wp-json\/wp\/v2\/comments?post=393"}],"version-history":[{"count":0,"href":"https:\/\/certifiqat.com\/sv\/wp-json\/wp\/v2\/pages\/393\/revisions"}],"wp:attachment":[{"href":"https:\/\/certifiqat.com\/sv\/wp-json\/wp\/v2\/media?parent=393"}],"curies":[{"name":"wp","href":"https:\/\/api.w.org\/{rel}","templated":true}]}}