{"id":11043,"date":"2024-11-26T07:46:47","date_gmt":"2024-11-26T07:46:47","guid":{"rendered":"https:\/\/certifiqat.com\/?page_id=11043"},"modified":"2024-11-26T07:46:57","modified_gmt":"2024-11-26T07:46:57","slug":"fr2000","status":"publish","type":"page","link":"https:\/\/certifiqat.com\/sv\/fr2000\/","title":{"rendered":"FR2000"},"content":{"rendered":"\n<div class=\"wp-block-group has-background\" style=\"background-color:#f0f0ef\"><div class=\"wp-block-group__inner-container is-layout-constrained wp-block-group-is-layout-constrained\"><div class=\"gb-container gb-container-09e8b546 container\">\n<div class=\"gb-container gb-container-69221590\">\n\n<figure class=\"gb-block-image gb-block-image-7fd018a3\"><img loading=\"lazy\" decoding=\"async\" width=\"181\" height=\"89\" class=\"gb-image gb-image-7fd018a3\" src=\"https:\/\/certifiqat.com\/wp-content\/uploads\/fr2000_logo2-150x89-2.png\" alt=\"\" title=\"fr2000_logo2-150x89\"\/><\/figure>\n\n\n\n<h1 class=\"gb-headline gb-headline-ac99ff17 gb-headline-text\">FR2000 &#8211; alternativet till ISO<\/h1>\n\n\n\n<p>FR2000 \u00e4r ett alternativ till ISO som \u00e4r godk\u00e4nt i upphandlingar och t\u00e4cker ledningssystem inom kvalitet, milj\u00f6 och arbetsmilj\u00f6. L\u00e4s mer om FR2000 p\u00e5 <a href=\"http:\/\/fr2000.se\">fr2000.se<\/a>.<\/p>\n\n\n\n<p><strong>H\u00e4r nedan hittar du alla v\u00e5ra certifierade f\u00f6retag i Sverige:<\/strong><\/p>\n\n<\/div>\n<\/div><\/div><\/div>\n\n\n<div class=\"gb-container gb-container-a04014d0\"><\/div>\n\n\n<p><\/p>\n","protected":false},"excerpt":{"rendered":"<p>FR2000 &#8211; alternativet till ISO FR2000 \u00e4r ett alternativ till ISO som \u00e4r godk\u00e4nt i upphandlingar och t\u00e4cker ledningssystem inom kvalitet, milj\u00f6 och arbetsmilj\u00f6. L\u00e4s mer om FR2000 p\u00e5 fr2000.se. H\u00e4r nedan hittar du alla v\u00e5ra certifierade f\u00f6retag i Sverige:<\/p>\n","protected":false},"author":5,"featured_media":0,"parent":0,"menu_order":0,"comment_status":"closed","ping_status":"closed","template":"page-fr2000.php","meta":{"_acf_changed":false,"inline_featured_image":false,"footnotes":""},"class_list":["post-11043","page","type-page","status-publish","hentry"],"acf":[],"yoast_head":"<!-- This site is optimized with the Yoast SEO plugin v27.4 - https:\/\/yoast.com\/product\/yoast-seo-wordpress\/ -->\n<title>FR2000 - Certifiqat.com<\/title>\n<meta name=\"robots\" content=\"index, follow, max-snippet:-1, max-image-preview:large, max-video-preview:-1\" \/>\n<link rel=\"canonical\" href=\"https:\/\/certifiqat.com\/sv\/fr2000\/\" \/>\n<meta property=\"og:locale\" content=\"sv_SE\" \/>\n<meta property=\"og:type\" content=\"article\" \/>\n<meta property=\"og:title\" content=\"FR2000 - Certifiqat.com\" \/>\n<meta property=\"og:description\" content=\"FR2000 &#8211; alternativet till ISO FR2000 \u00e4r ett alternativ till ISO som \u00e4r godk\u00e4nt i upphandlingar och t\u00e4cker ledningssystem inom kvalitet, milj\u00f6 och arbetsmilj\u00f6. L\u00e4s mer om FR2000 p\u00e5 fr2000.se. H\u00e4r nedan hittar du alla v\u00e5ra certifierade f\u00f6retag i Sverige:\" \/>\n<meta property=\"og:url\" content=\"https:\/\/certifiqat.com\/sv\/fr2000\/\" \/>\n<meta property=\"og:site_name\" content=\"Certifiqat.com\" \/>\n<meta property=\"article:modified_time\" content=\"2024-11-26T07:46:57+00:00\" \/>\n<meta property=\"og:image\" content=\"https:\/\/certifiqat.com\/wp-content\/uploads\/fr2000_logo2-150x89-2.png\" \/>\n<meta name=\"twitter:card\" content=\"summary_large_image\" \/>\n<meta name=\"twitter:label1\" content=\"Ber\u00e4knad l\u00e4stid\" \/>\n\t<meta name=\"twitter:data1\" content=\"1 minut\" \/>\n<script type=\"application\/ld+json\" class=\"yoast-schema-graph\">{\"@context\":\"https:\\\/\\\/schema.org\",\"@graph\":[{\"@type\":\"WebPage\",\"@id\":\"https:\\\/\\\/certifiqat.com\\\/sv\\\/fr2000\\\/\",\"url\":\"https:\\\/\\\/certifiqat.com\\\/sv\\\/fr2000\\\/\",\"name\":\"FR2000 - Certifiqat.com\",\"isPartOf\":{\"@id\":\"https:\\\/\\\/certifiqat.com\\\/sv\\\/#website\"},\"primaryImageOfPage\":{\"@id\":\"https:\\\/\\\/certifiqat.com\\\/sv\\\/fr2000\\\/#primaryimage\"},\"image\":{\"@id\":\"https:\\\/\\\/certifiqat.com\\\/sv\\\/fr2000\\\/#primaryimage\"},\"thumbnailUrl\":\"https:\\\/\\\/certifiqat.com\\\/wp-content\\\/uploads\\\/fr2000_logo2-150x89-2.png\",\"datePublished\":\"2024-11-26T07:46:47+00:00\",\"dateModified\":\"2024-11-26T07:46:57+00:00\",\"breadcrumb\":{\"@id\":\"https:\\\/\\\/certifiqat.com\\\/sv\\\/fr2000\\\/#breadcrumb\"},\"inLanguage\":\"sv-SE\",\"potentialAction\":[{\"@type\":\"ReadAction\",\"target\":[\"https:\\\/\\\/certifiqat.com\\\/sv\\\/fr2000\\\/\"]}]},{\"@type\":\"ImageObject\",\"inLanguage\":\"sv-SE\",\"@id\":\"https:\\\/\\\/certifiqat.com\\\/sv\\\/fr2000\\\/#primaryimage\",\"url\":\"https:\\\/\\\/certifiqat.com\\\/wp-content\\\/uploads\\\/fr2000_logo2-150x89-2.png\",\"contentUrl\":\"https:\\\/\\\/certifiqat.com\\\/wp-content\\\/uploads\\\/fr2000_logo2-150x89-2.png\"},{\"@type\":\"BreadcrumbList\",\"@id\":\"https:\\\/\\\/certifiqat.com\\\/sv\\\/fr2000\\\/#breadcrumb\",\"itemListElement\":[{\"@type\":\"ListItem\",\"position\":1,\"name\":\"Home\",\"item\":\"https:\\\/\\\/certifiqat.com\\\/sv\\\/\"},{\"@type\":\"ListItem\",\"position\":2,\"name\":\"FR2000\"}]},{\"@type\":\"WebSite\",\"@id\":\"https:\\\/\\\/certifiqat.com\\\/sv\\\/#website\",\"url\":\"https:\\\/\\\/certifiqat.com\\\/sv\\\/\",\"name\":\"certifiqat\",\"description\":\"\",\"potentialAction\":[{\"@type\":\"SearchAction\",\"target\":{\"@type\":\"EntryPoint\",\"urlTemplate\":\"https:\\\/\\\/certifiqat.com\\\/sv\\\/?s={search_term_string}\"},\"query-input\":{\"@type\":\"PropertyValueSpecification\",\"valueRequired\":true,\"valueName\":\"search_term_string\"}}],\"inLanguage\":\"sv-SE\"}]}<\/script>\n<!-- \/ Yoast SEO plugin. -->","yoast_head_json":{"title":"FR2000 - Certifiqat.com","robots":{"index":"index","follow":"follow","max-snippet":"max-snippet:-1","max-image-preview":"max-image-preview:large","max-video-preview":"max-video-preview:-1"},"canonical":"https:\/\/certifiqat.com\/sv\/fr2000\/","og_locale":"sv_SE","og_type":"article","og_title":"FR2000 - Certifiqat.com","og_description":"FR2000 &#8211; alternativet till ISO FR2000 \u00e4r ett alternativ till ISO som \u00e4r godk\u00e4nt i upphandlingar och t\u00e4cker ledningssystem inom kvalitet, milj\u00f6 och arbetsmilj\u00f6. L\u00e4s mer om FR2000 p\u00e5 fr2000.se. H\u00e4r nedan hittar du alla v\u00e5ra certifierade f\u00f6retag i Sverige:","og_url":"https:\/\/certifiqat.com\/sv\/fr2000\/","og_site_name":"Certifiqat.com","article_modified_time":"2024-11-26T07:46:57+00:00","og_image":[{"url":"https:\/\/certifiqat.com\/wp-content\/uploads\/fr2000_logo2-150x89-2.png","type":"","width":"","height":""}],"twitter_card":"summary_large_image","twitter_misc":{"Ber\u00e4knad l\u00e4stid":"1 minut"},"schema":{"@context":"https:\/\/schema.org","@graph":[{"@type":"WebPage","@id":"https:\/\/certifiqat.com\/sv\/fr2000\/","url":"https:\/\/certifiqat.com\/sv\/fr2000\/","name":"FR2000 - Certifiqat.com","isPartOf":{"@id":"https:\/\/certifiqat.com\/sv\/#website"},"primaryImageOfPage":{"@id":"https:\/\/certifiqat.com\/sv\/fr2000\/#primaryimage"},"image":{"@id":"https:\/\/certifiqat.com\/sv\/fr2000\/#primaryimage"},"thumbnailUrl":"https:\/\/certifiqat.com\/wp-content\/uploads\/fr2000_logo2-150x89-2.png","datePublished":"2024-11-26T07:46:47+00:00","dateModified":"2024-11-26T07:46:57+00:00","breadcrumb":{"@id":"https:\/\/certifiqat.com\/sv\/fr2000\/#breadcrumb"},"inLanguage":"sv-SE","potentialAction":[{"@type":"ReadAction","target":["https:\/\/certifiqat.com\/sv\/fr2000\/"]}]},{"@type":"ImageObject","inLanguage":"sv-SE","@id":"https:\/\/certifiqat.com\/sv\/fr2000\/#primaryimage","url":"https:\/\/certifiqat.com\/wp-content\/uploads\/fr2000_logo2-150x89-2.png","contentUrl":"https:\/\/certifiqat.com\/wp-content\/uploads\/fr2000_logo2-150x89-2.png"},{"@type":"BreadcrumbList","@id":"https:\/\/certifiqat.com\/sv\/fr2000\/#breadcrumb","itemListElement":[{"@type":"ListItem","position":1,"name":"Home","item":"https:\/\/certifiqat.com\/sv\/"},{"@type":"ListItem","position":2,"name":"FR2000"}]},{"@type":"WebSite","@id":"https:\/\/certifiqat.com\/sv\/#website","url":"https:\/\/certifiqat.com\/sv\/","name":"certifiqat","description":"","potentialAction":[{"@type":"SearchAction","target":{"@type":"EntryPoint","urlTemplate":"https:\/\/certifiqat.com\/sv\/?s={search_term_string}"},"query-input":{"@type":"PropertyValueSpecification","valueRequired":true,"valueName":"search_term_string"}}],"inLanguage":"sv-SE"}]}},"_links":{"self":[{"href":"https:\/\/certifiqat.com\/sv\/wp-json\/wp\/v2\/pages\/11043","targetHints":{"allow":["GET"]}}],"collection":[{"href":"https:\/\/certifiqat.com\/sv\/wp-json\/wp\/v2\/pages"}],"about":[{"href":"https:\/\/certifiqat.com\/sv\/wp-json\/wp\/v2\/types\/page"}],"author":[{"embeddable":true,"href":"https:\/\/certifiqat.com\/sv\/wp-json\/wp\/v2\/users\/5"}],"replies":[{"embeddable":true,"href":"https:\/\/certifiqat.com\/sv\/wp-json\/wp\/v2\/comments?post=11043"}],"version-history":[{"count":0,"href":"https:\/\/certifiqat.com\/sv\/wp-json\/wp\/v2\/pages\/11043\/revisions"}],"wp:attachment":[{"href":"https:\/\/certifiqat.com\/sv\/wp-json\/wp\/v2\/media?parent=11043"}],"curies":[{"name":"wp","href":"https:\/\/api.w.org\/{rel}","templated":true}]}}