{"id":9686,"date":"2024-06-28T08:46:13","date_gmt":"2024-06-28T08:46:13","guid":{"rendered":"https:\/\/certifiqat.com\/invoice-billing\/"},"modified":"2024-08-27T08:49:33","modified_gmt":"2024-08-27T08:49:33","slug":"invoice-billing","status":"publish","type":"page","link":"https:\/\/certifiqat.com\/pt-pt\/invoice-billing\/","title":{"rendered":"Fatura\u00e7\u00e3o"},"content":{"rendered":"\n<h1 class=\"wp-block-heading\">Fatura\u00e7\u00e3o<\/h1>\n\n\n\n<p>A Business Profiles \u00e9 facturada anualmente com anteced\u00eancia. Todas as facturas ser\u00e3o enviadas a partir de billing@certifiqat.com.<\/p>\n\n\n\n<p>Em caso de d\u00favidas sobre uma fatura recebida, envie-nos uma mensagem de correio eletr\u00f3nico para <a href=\"mailto:support@certifiqat.com\">support@certifiqat.com<\/a> e certifique-se de que inclui o n\u00famero da fatura no assunto para obter uma resposta r\u00e1pida.<\/p>\n","protected":false},"excerpt":{"rendered":"<p>Fatura\u00e7\u00e3o A Business Profiles \u00e9 facturada anualmente com anteced\u00eancia. Todas as facturas ser\u00e3o enviadas a partir de billing@certifiqat.com. Em caso de d\u00favidas sobre uma fatura recebida, envie-nos uma mensagem de correio eletr\u00f3nico para support@certifiqat.com e certifique-se de que inclui o n\u00famero da fatura no assunto para obter uma resposta r\u00e1pida.<\/p>\n","protected":false},"author":3,"featured_media":1408,"parent":0,"menu_order":0,"comment_status":"closed","ping_status":"closed","template":"","meta":{"_acf_changed":false,"inline_featured_image":false,"footnotes":""},"class_list":["post-9686","page","type-page","status-publish","has-post-thumbnail","hentry"],"acf":[],"yoast_head":"<!-- This site is optimized with the Yoast SEO plugin v27.6 - https:\/\/yoast.com\/product\/yoast-seo-wordpress\/ -->\n<title>Fatura\/Fatura\u00e7\u00e3o - Certifiqat.com<\/title>\n<meta name=\"robots\" content=\"index, follow, max-snippet:-1, max-image-preview:large, max-video-preview:-1\" \/>\n<link rel=\"canonical\" href=\"https:\/\/certifiqat.com\/pt-pt\/invoice-billing\/\" \/>\n<meta property=\"og:locale\" content=\"pt_PT\" \/>\n<meta property=\"og:type\" content=\"article\" \/>\n<meta property=\"og:title\" content=\"Fatura\/Fatura\u00e7\u00e3o - Certifiqat.com\" \/>\n<meta property=\"og:description\" content=\"Fatura\u00e7\u00e3o A Business Profiles \u00e9 facturada anualmente com anteced\u00eancia. Todas as facturas ser\u00e3o enviadas a partir de billing@certifiqat.com. Em caso de d\u00favidas sobre uma fatura recebida, envie-nos uma mensagem de correio eletr\u00f3nico para support@certifiqat.com e certifique-se de que inclui o n\u00famero da fatura no assunto para obter uma resposta r\u00e1pida.\" \/>\n<meta property=\"og:url\" content=\"https:\/\/certifiqat.com\/pt-pt\/invoice-billing\/\" \/>\n<meta property=\"og:site_name\" content=\"Certifiqat.com\" \/>\n<meta property=\"article:modified_time\" content=\"2024-08-27T08:49:33+00:00\" \/>\n<meta property=\"og:image\" content=\"https:\/\/certifiqat.com\/wp-content\/uploads\/yoav-aziz-tKCd-IWc4gI-unsplash.jpg\" \/>\n\t<meta property=\"og:image:width\" content=\"820\" \/>\n\t<meta property=\"og:image:height\" content=\"461\" \/>\n\t<meta property=\"og:image:type\" content=\"image\/jpeg\" \/>\n<meta name=\"twitter:card\" content=\"summary_large_image\" \/>\n<meta name=\"twitter:label1\" content=\"Tempo estimado de leitura\" \/>\n\t<meta name=\"twitter:data1\" content=\"1 minuto\" \/>\n<script type=\"application\/ld+json\" class=\"yoast-schema-graph\">{\"@context\":\"https:\\\/\\\/schema.org\",\"@graph\":[{\"@type\":\"WebPage\",\"@id\":\"https:\\\/\\\/certifiqat.com\\\/pt-pt\\\/invoice-billing\\\/\",\"url\":\"https:\\\/\\\/certifiqat.com\\\/pt-pt\\\/invoice-billing\\\/\",\"name\":\"Fatura\\\/Fatura\u00e7\u00e3o - Certifiqat.com\",\"isPartOf\":{\"@id\":\"https:\\\/\\\/certifiqat.com\\\/pt-pt\\\/#website\"},\"primaryImageOfPage\":{\"@id\":\"https:\\\/\\\/certifiqat.com\\\/pt-pt\\\/invoice-billing\\\/#primaryimage\"},\"image\":{\"@id\":\"https:\\\/\\\/certifiqat.com\\\/pt-pt\\\/invoice-billing\\\/#primaryimage\"},\"thumbnailUrl\":\"https:\\\/\\\/certifiqat.com\\\/wp-content\\\/uploads\\\/yoav-aziz-tKCd-IWc4gI-unsplash.jpg\",\"datePublished\":\"2024-06-28T08:46:13+00:00\",\"dateModified\":\"2024-08-27T08:49:33+00:00\",\"breadcrumb\":{\"@id\":\"https:\\\/\\\/certifiqat.com\\\/pt-pt\\\/invoice-billing\\\/#breadcrumb\"},\"inLanguage\":\"pt-PT\",\"potentialAction\":[{\"@type\":\"ReadAction\",\"target\":[\"https:\\\/\\\/certifiqat.com\\\/pt-pt\\\/invoice-billing\\\/\"]}]},{\"@type\":\"ImageObject\",\"inLanguage\":\"pt-PT\",\"@id\":\"https:\\\/\\\/certifiqat.com\\\/pt-pt\\\/invoice-billing\\\/#primaryimage\",\"url\":\"https:\\\/\\\/certifiqat.com\\\/wp-content\\\/uploads\\\/yoav-aziz-tKCd-IWc4gI-unsplash.jpg\",\"contentUrl\":\"https:\\\/\\\/certifiqat.com\\\/wp-content\\\/uploads\\\/yoav-aziz-tKCd-IWc4gI-unsplash.jpg\",\"width\":820,\"height\":461},{\"@type\":\"BreadcrumbList\",\"@id\":\"https:\\\/\\\/certifiqat.com\\\/pt-pt\\\/invoice-billing\\\/#breadcrumb\",\"itemListElement\":[{\"@type\":\"ListItem\",\"position\":1,\"name\":\"Home\",\"item\":\"https:\\\/\\\/certifiqat.com\\\/pt-pt\\\/\"},{\"@type\":\"ListItem\",\"position\":2,\"name\":\"Fatura\u00e7\u00e3o\"}]},{\"@type\":\"WebSite\",\"@id\":\"https:\\\/\\\/certifiqat.com\\\/pt-pt\\\/#website\",\"url\":\"https:\\\/\\\/certifiqat.com\\\/pt-pt\\\/\",\"name\":\"certifiqat\",\"description\":\"\",\"potentialAction\":[{\"@type\":\"SearchAction\",\"target\":{\"@type\":\"EntryPoint\",\"urlTemplate\":\"https:\\\/\\\/certifiqat.com\\\/pt-pt\\\/?s={search_term_string}\"},\"query-input\":{\"@type\":\"PropertyValueSpecification\",\"valueRequired\":true,\"valueName\":\"search_term_string\"}}],\"inLanguage\":\"pt-PT\"}]}<\/script>\n<!-- \/ Yoast SEO plugin. -->","yoast_head_json":{"title":"Fatura\/Fatura\u00e7\u00e3o - Certifiqat.com","robots":{"index":"index","follow":"follow","max-snippet":"max-snippet:-1","max-image-preview":"max-image-preview:large","max-video-preview":"max-video-preview:-1"},"canonical":"https:\/\/certifiqat.com\/pt-pt\/invoice-billing\/","og_locale":"pt_PT","og_type":"article","og_title":"Fatura\/Fatura\u00e7\u00e3o - Certifiqat.com","og_description":"Fatura\u00e7\u00e3o A Business Profiles \u00e9 facturada anualmente com anteced\u00eancia. Todas as facturas ser\u00e3o enviadas a partir de billing@certifiqat.com. Em caso de d\u00favidas sobre uma fatura recebida, envie-nos uma mensagem de correio eletr\u00f3nico para support@certifiqat.com e certifique-se de que inclui o n\u00famero da fatura no assunto para obter uma resposta r\u00e1pida.","og_url":"https:\/\/certifiqat.com\/pt-pt\/invoice-billing\/","og_site_name":"Certifiqat.com","article_modified_time":"2024-08-27T08:49:33+00:00","og_image":[{"width":820,"height":461,"url":"https:\/\/certifiqat.com\/wp-content\/uploads\/yoav-aziz-tKCd-IWc4gI-unsplash.jpg","type":"image\/jpeg"}],"twitter_card":"summary_large_image","twitter_misc":{"Tempo estimado de leitura":"1 minuto"},"schema":{"@context":"https:\/\/schema.org","@graph":[{"@type":"WebPage","@id":"https:\/\/certifiqat.com\/pt-pt\/invoice-billing\/","url":"https:\/\/certifiqat.com\/pt-pt\/invoice-billing\/","name":"Fatura\/Fatura\u00e7\u00e3o - Certifiqat.com","isPartOf":{"@id":"https:\/\/certifiqat.com\/pt-pt\/#website"},"primaryImageOfPage":{"@id":"https:\/\/certifiqat.com\/pt-pt\/invoice-billing\/#primaryimage"},"image":{"@id":"https:\/\/certifiqat.com\/pt-pt\/invoice-billing\/#primaryimage"},"thumbnailUrl":"https:\/\/certifiqat.com\/wp-content\/uploads\/yoav-aziz-tKCd-IWc4gI-unsplash.jpg","datePublished":"2024-06-28T08:46:13+00:00","dateModified":"2024-08-27T08:49:33+00:00","breadcrumb":{"@id":"https:\/\/certifiqat.com\/pt-pt\/invoice-billing\/#breadcrumb"},"inLanguage":"pt-PT","potentialAction":[{"@type":"ReadAction","target":["https:\/\/certifiqat.com\/pt-pt\/invoice-billing\/"]}]},{"@type":"ImageObject","inLanguage":"pt-PT","@id":"https:\/\/certifiqat.com\/pt-pt\/invoice-billing\/#primaryimage","url":"https:\/\/certifiqat.com\/wp-content\/uploads\/yoav-aziz-tKCd-IWc4gI-unsplash.jpg","contentUrl":"https:\/\/certifiqat.com\/wp-content\/uploads\/yoav-aziz-tKCd-IWc4gI-unsplash.jpg","width":820,"height":461},{"@type":"BreadcrumbList","@id":"https:\/\/certifiqat.com\/pt-pt\/invoice-billing\/#breadcrumb","itemListElement":[{"@type":"ListItem","position":1,"name":"Home","item":"https:\/\/certifiqat.com\/pt-pt\/"},{"@type":"ListItem","position":2,"name":"Fatura\u00e7\u00e3o"}]},{"@type":"WebSite","@id":"https:\/\/certifiqat.com\/pt-pt\/#website","url":"https:\/\/certifiqat.com\/pt-pt\/","name":"certifiqat","description":"","potentialAction":[{"@type":"SearchAction","target":{"@type":"EntryPoint","urlTemplate":"https:\/\/certifiqat.com\/pt-pt\/?s={search_term_string}"},"query-input":{"@type":"PropertyValueSpecification","valueRequired":true,"valueName":"search_term_string"}}],"inLanguage":"pt-PT"}]}},"_links":{"self":[{"href":"https:\/\/certifiqat.com\/pt-pt\/wp-json\/wp\/v2\/pages\/9686","targetHints":{"allow":["GET"]}}],"collection":[{"href":"https:\/\/certifiqat.com\/pt-pt\/wp-json\/wp\/v2\/pages"}],"about":[{"href":"https:\/\/certifiqat.com\/pt-pt\/wp-json\/wp\/v2\/types\/page"}],"author":[{"embeddable":true,"href":"https:\/\/certifiqat.com\/pt-pt\/wp-json\/wp\/v2\/users\/3"}],"replies":[{"embeddable":true,"href":"https:\/\/certifiqat.com\/pt-pt\/wp-json\/wp\/v2\/comments?post=9686"}],"version-history":[{"count":0,"href":"https:\/\/certifiqat.com\/pt-pt\/wp-json\/wp\/v2\/pages\/9686\/revisions"}],"wp:featuredmedia":[{"embeddable":true,"href":"https:\/\/certifiqat.com\/pt-pt\/wp-json\/wp\/v2\/media\/1408"}],"wp:attachment":[{"href":"https:\/\/certifiqat.com\/pt-pt\/wp-json\/wp\/v2\/media?parent=9686"}],"curies":[{"name":"wp","href":"https:\/\/api.w.org\/{rel}","templated":true}]}}