{"id":936,"date":"2024-04-23T08:18:33","date_gmt":"2024-04-23T08:18:33","guid":{"rendered":"https:\/\/certifiqat.com\/about-us\/"},"modified":"2024-07-29T22:09:05","modified_gmt":"2024-07-29T22:09:05","slug":"about-us","status":"publish","type":"page","link":"https:\/\/certifiqat.com\/pt-pt\/about-us\/","title":{"rendered":"Sobre n\u00f3s"},"content":{"rendered":"<section class=\"relative bg-white\" id=\"block_d3e75d97cd836db444a94b6559a8361b\">\n\t<div class=\"container\">\n\t\t<div class=\"flex flex-wrap\">\n\t\t\t\t\t\t\t<div class=\"w-full pr-0 rem:py-[75px] lg:w-1\/2 lg:pr-[130px] lg:rem:py-[150px]\">\n\t\t\t\t\t<div class=\"base-typography\">\n\t\t\t\t\t\t<h2>A hist\u00f3ria<\/h2>\n<p>A equipa por detr\u00e1s da Certifiqat tem d\u00e9cadas de experi\u00eancia tanto no mundo dos certificados ISO como no espa\u00e7o tecnol\u00f3gico online. Somos uma equipa de antigos CEO&#8217;s, Gestores de Marketing, auditores ISO, Consultores de Gest\u00e3o e T\u00e9cnicos, mas acima de tudo estamos unidos na jornada para aumentar o valor de ser certificado.<\/p>\n<h2>A nossa miss\u00e3o<\/h2>\n<p>A nossa miss\u00e3o \u00e9 aumentar o valor das certifica\u00e7\u00f5es e capacitar as empresas certificadas, melhorando a sua capacidade de comercializar as suas realiza\u00e7\u00f5es. Esta abordagem n\u00e3o s\u00f3 distingue as empresas certificadas dos concorrentes n\u00e3o certificados, como tamb\u00e9m amplifica o valor da sua marca.<\/p>\n<h2>A nossa vis\u00e3o para o futuro<\/h2>\n<p>Na Certifiqat, a nossa vis\u00e3o \u00e9 que todas as empresas ambiciosas \u00e0 escala global utilizem a Certifiqat para gerir e comercializar os seus certificados e documentos geradores de confian\u00e7a. Estamos a construir a maior base de dados do mundo para empresas certificadas.<\/p>\n\n\t\t\t\t\t<\/div>\n\t\t\t\t<\/div>\n\t\t\t\t\t\t\t\t\t\t<div class=\"h-full w-full lg:w-1\/2\"><\/div>\n\t\t\t\t\t<\/div>\n\t<\/div>\n\t<div class=\"relative left-0 top-0 h-full w-full pt-[50%] lg:absolute lg:left-[50%] lg:w-1\/2 lg:pt-0\">\n\t\t<img decoding=\"async\" class=\"img-cover-abs\" src=\"https:\/\/certifiqat.com\/wp-content\/uploads\/kelsey-knight-SFRw5GChoLA-unsplash-800x0-c-default.jpg\" alt=\"\" \/>\n\t<\/div>\n<\/section>\n\n\n\n<section class=\"wp-block-group section-wrapper has-background\" style=\"background-color:#75d2fa\"><div class=\"wp-block-group__inner-container is-layout-constrained wp-block-group-is-layout-constrained\">\n<div class=\"wp-block-columns container is-layout-flex wp-container-core-columns-is-layout-9d6595d7 wp-block-columns-is-layout-flex\">\n<div class=\"wp-block-column is-layout-flow wp-block-column-is-layout-flow\">\n<h2 class=\"wp-block-heading has-text-color has-link-color wp-elements-4bf6c2013bc5453e0bce252bb1a77727\" style=\"color:#2d6bd8\">Equipa experiente<\/h2>\n\n\n\n<p class=\"has-text-color has-link-color wp-elements-bc7ae4b263982b553eb0a46d19b1665f\" style=\"color:#122a5e\">A equipa da Certifiqat possui, coletivamente, um grande n\u00famero de anos de experi\u00eancia em v\u00e1rias fun\u00e7\u00f5es empresariais e j\u00e1 vimos o desafio de gerir e apresentar eficazmente estes documentos cr\u00edticos de confian\u00e7a aos clientes, funcion\u00e1rios e partes interessadas<\/p>\n<\/div>\n\n\n\n<div class=\"wp-block-column is-layout-flow wp-block-column-is-layout-flow\">\n<h2 class=\"wp-block-heading has-text-color has-link-color wp-elements-f419eab729d89f89694bdabbd36cf6da\" style=\"color:#2d6bd8\">IA da Certifiqat<\/h2>\n\n\n\n<p class=\"has-text-color has-link-color wp-elements-2253b3694c3d25aa216f90fd22b48bf1\" style=\"color:#122a5e\">Ao combinar o modelo lingu\u00edstico da OpenAI com a nossa pilha de tecnologia, traduzimos eficazmente o seu conte\u00fado para mais de 15 idiomas e criamos uma acessibilidade sem paralelo para o seu p\u00fablico.<\/p>\n<\/div>\n\n\n\n<div class=\"wp-block-column is-layout-flow wp-block-column-is-layout-flow\">\n<h2 class=\"wp-block-heading has-text-color has-link-color wp-elements-0ca3f7e7f2b31eec001468b1f54a3908\" style=\"color:#2d6bd8\">A experi\u00eancia do utilizador em primeiro lugar<\/h2>\n\n\n\n<p class=\"has-text-color has-link-color wp-elements-59434be636d2694b8eba7cca7bfee534\" style=\"color:#122a5e\">Temos uma abordagem de experi\u00eancia do utilizador\/design em primeiro lugar para aumentar sempre a experi\u00eancia geral da sua marca e do perfil da sua empresa em Certifiqat.com<\/p>\n<\/div>\n\n\n\n<div class=\"wp-block-column is-layout-flow wp-block-column-is-layout-flow\">\n<h2 class=\"wp-block-heading has-text-color has-link-color wp-elements-1a76993bea1295642a92811ce8c2c2a4\" style=\"color:#2a70c5\">Suporte<\/h2>\n\n\n\n<p>Se precisar de alguma ajuda, estamos aqui para o ajudar. A nossa equipa de apoio tem como objetivo ser zero a zero.<\/p>\n<\/div>\n<\/div>\n<\/div><\/section>\n\n\n\n<div class=\"wp-block-group section-wrapper\"><div class=\"wp-block-group__inner-container is-layout-constrained wp-block-group-is-layout-constrained\">\n<div class=\"wp-block-columns container is-layout-flex wp-container-core-columns-is-layout-9d6595d7 wp-block-columns-is-layout-flex\">\n<div class=\"wp-block-column is-layout-flow wp-block-column-is-layout-flow\" style=\"flex-basis:25%\"><\/div>\n\n\n\n<div class=\"wp-block-column is-layout-flow wp-block-column-is-layout-flow\" style=\"flex-basis:75%\">\n<h2 class=\"wp-block-heading has-text-align-center has-text-color has-link-color has-x-large-font-size wp-elements-5664fb5aec240c128c0ac4c59a068573\" style=\"color:#2d6bd8\">Junte-se a n\u00f3s!<\/h2>\n\n\n\n<p class=\"has-text-align-center max-w has-text-color has-link-color wp-elements-adebc6213514179c77be03250d9ded6a\" style=\"color:#122a5e\">Estamos sempre \u00e0 procura de talentos nas \u00e1reas de tecnologia, vendas, marketing e suporte. Se tiver algum conhecimento sobre certificados, qualidade e gest\u00e3o, estamos ainda mais curiosos e ansiosos por o conhecer!<\/p>\n\n\n\n<p class=\"has-text-align-center has-text-color has-link-color wp-elements-e6f322801a1ef19965c806cf27d208c1\" style=\"color:#122a5e\"><strong>Envie-nos um e-mail e diga-nos porque quer juntar-se \u00e0 Certifqat: <a class=\"copy-email-js text-right  relative\" href=\"mailto:join@certifiqat.com\">join@certifiqat.com <span class=\" hidden absolute right-0 bottom-[100%] p-1 rounded-full bg-white font-normal text-c-grey-500\">Copiado<\/span><\/a><\/strong><\/p>\n<\/div>\n\n\n\n<div class=\"wp-block-column is-layout-flow wp-block-column-is-layout-flow\" style=\"flex-basis:25%\"><\/div>\n<\/div>\n<\/div><\/div>\n","protected":false},"excerpt":{"rendered":"<p>Equipa experiente A equipa da Certifiqat possui, coletivamente, um grande n\u00famero de anos de experi\u00eancia em v\u00e1rias fun\u00e7\u00f5es empresariais e j\u00e1 vimos o desafio de gerir e apresentar eficazmente estes documentos cr\u00edticos de confian\u00e7a aos clientes, funcion\u00e1rios e partes interessadas IA da Certifiqat Ao combinar o modelo lingu\u00edstico da OpenAI com a nossa pilha de<\/p>\n","protected":false},"author":3,"featured_media":0,"parent":0,"menu_order":0,"comment_status":"closed","ping_status":"closed","template":"page-about-us.php","meta":{"_acf_changed":false,"inline_featured_image":false,"footnotes":""},"class_list":["post-936","page","type-page","status-publish","hentry"],"acf":[],"yoast_head":"<!-- This site is optimized with the Yoast SEO plugin v27.5 - https:\/\/yoast.com\/product\/yoast-seo-wordpress\/ -->\n<title>About Us - Certifiqat.com<\/title>\n<meta name=\"robots\" content=\"index, follow, max-snippet:-1, max-image-preview:large, max-video-preview:-1\" \/>\n<link rel=\"canonical\" href=\"https:\/\/certifiqat.com\/pt-pt\/about-us\/\" \/>\n<meta property=\"og:locale\" content=\"pt_PT\" \/>\n<meta property=\"og:type\" content=\"article\" \/>\n<meta property=\"og:title\" content=\"About Us - Certifiqat.com\" \/>\n<meta property=\"og:description\" content=\"Equipa experiente A equipa da Certifiqat possui, coletivamente, um grande n\u00famero de anos de experi\u00eancia em v\u00e1rias fun\u00e7\u00f5es empresariais e j\u00e1 vimos o desafio de gerir e apresentar eficazmente estes documentos cr\u00edticos de confian\u00e7a aos clientes, funcion\u00e1rios e partes interessadas IA da Certifiqat Ao combinar o modelo lingu\u00edstico da OpenAI com a nossa pilha de\" \/>\n<meta property=\"og:url\" content=\"https:\/\/certifiqat.com\/pt-pt\/about-us\/\" \/>\n<meta property=\"og:site_name\" content=\"Certifiqat.com\" \/>\n<meta property=\"article:modified_time\" content=\"2024-07-29T22:09:05+00:00\" \/>\n<meta name=\"twitter:card\" content=\"summary_large_image\" \/>\n<meta name=\"twitter:label1\" content=\"Tempo estimado de leitura\" \/>\n\t<meta name=\"twitter:data1\" content=\"1 minuto\" \/>\n<script type=\"application\/ld+json\" class=\"yoast-schema-graph\">{\"@context\":\"https:\\\/\\\/schema.org\",\"@graph\":[{\"@type\":\"WebPage\",\"@id\":\"https:\\\/\\\/certifiqat.com\\\/pt-pt\\\/about-us\\\/\",\"url\":\"https:\\\/\\\/certifiqat.com\\\/pt-pt\\\/about-us\\\/\",\"name\":\"About Us - Certifiqat.com\",\"isPartOf\":{\"@id\":\"https:\\\/\\\/certifiqat.com\\\/pt-pt\\\/#website\"},\"datePublished\":\"2024-04-23T08:18:33+00:00\",\"dateModified\":\"2024-07-29T22:09:05+00:00\",\"breadcrumb\":{\"@id\":\"https:\\\/\\\/certifiqat.com\\\/pt-pt\\\/about-us\\\/#breadcrumb\"},\"inLanguage\":\"pt-PT\",\"potentialAction\":[{\"@type\":\"ReadAction\",\"target\":[\"https:\\\/\\\/certifiqat.com\\\/pt-pt\\\/about-us\\\/\"]}]},{\"@type\":\"BreadcrumbList\",\"@id\":\"https:\\\/\\\/certifiqat.com\\\/pt-pt\\\/about-us\\\/#breadcrumb\",\"itemListElement\":[{\"@type\":\"ListItem\",\"position\":1,\"name\":\"Home\",\"item\":\"https:\\\/\\\/certifiqat.com\\\/pt-pt\\\/\"},{\"@type\":\"ListItem\",\"position\":2,\"name\":\"Sobre n\u00f3s\"}]},{\"@type\":\"WebSite\",\"@id\":\"https:\\\/\\\/certifiqat.com\\\/pt-pt\\\/#website\",\"url\":\"https:\\\/\\\/certifiqat.com\\\/pt-pt\\\/\",\"name\":\"certifiqat\",\"description\":\"\",\"potentialAction\":[{\"@type\":\"SearchAction\",\"target\":{\"@type\":\"EntryPoint\",\"urlTemplate\":\"https:\\\/\\\/certifiqat.com\\\/pt-pt\\\/?s={search_term_string}\"},\"query-input\":{\"@type\":\"PropertyValueSpecification\",\"valueRequired\":true,\"valueName\":\"search_term_string\"}}],\"inLanguage\":\"pt-PT\"}]}<\/script>\n<!-- \/ Yoast SEO plugin. -->","yoast_head_json":{"title":"About Us - Certifiqat.com","robots":{"index":"index","follow":"follow","max-snippet":"max-snippet:-1","max-image-preview":"max-image-preview:large","max-video-preview":"max-video-preview:-1"},"canonical":"https:\/\/certifiqat.com\/pt-pt\/about-us\/","og_locale":"pt_PT","og_type":"article","og_title":"About Us - Certifiqat.com","og_description":"Equipa experiente A equipa da Certifiqat possui, coletivamente, um grande n\u00famero de anos de experi\u00eancia em v\u00e1rias fun\u00e7\u00f5es empresariais e j\u00e1 vimos o desafio de gerir e apresentar eficazmente estes documentos cr\u00edticos de confian\u00e7a aos clientes, funcion\u00e1rios e partes interessadas IA da Certifiqat Ao combinar o modelo lingu\u00edstico da OpenAI com a nossa pilha de","og_url":"https:\/\/certifiqat.com\/pt-pt\/about-us\/","og_site_name":"Certifiqat.com","article_modified_time":"2024-07-29T22:09:05+00:00","twitter_card":"summary_large_image","twitter_misc":{"Tempo estimado de leitura":"1 minuto"},"schema":{"@context":"https:\/\/schema.org","@graph":[{"@type":"WebPage","@id":"https:\/\/certifiqat.com\/pt-pt\/about-us\/","url":"https:\/\/certifiqat.com\/pt-pt\/about-us\/","name":"About Us - Certifiqat.com","isPartOf":{"@id":"https:\/\/certifiqat.com\/pt-pt\/#website"},"datePublished":"2024-04-23T08:18:33+00:00","dateModified":"2024-07-29T22:09:05+00:00","breadcrumb":{"@id":"https:\/\/certifiqat.com\/pt-pt\/about-us\/#breadcrumb"},"inLanguage":"pt-PT","potentialAction":[{"@type":"ReadAction","target":["https:\/\/certifiqat.com\/pt-pt\/about-us\/"]}]},{"@type":"BreadcrumbList","@id":"https:\/\/certifiqat.com\/pt-pt\/about-us\/#breadcrumb","itemListElement":[{"@type":"ListItem","position":1,"name":"Home","item":"https:\/\/certifiqat.com\/pt-pt\/"},{"@type":"ListItem","position":2,"name":"Sobre n\u00f3s"}]},{"@type":"WebSite","@id":"https:\/\/certifiqat.com\/pt-pt\/#website","url":"https:\/\/certifiqat.com\/pt-pt\/","name":"certifiqat","description":"","potentialAction":[{"@type":"SearchAction","target":{"@type":"EntryPoint","urlTemplate":"https:\/\/certifiqat.com\/pt-pt\/?s={search_term_string}"},"query-input":{"@type":"PropertyValueSpecification","valueRequired":true,"valueName":"search_term_string"}}],"inLanguage":"pt-PT"}]}},"_links":{"self":[{"href":"https:\/\/certifiqat.com\/pt-pt\/wp-json\/wp\/v2\/pages\/936","targetHints":{"allow":["GET"]}}],"collection":[{"href":"https:\/\/certifiqat.com\/pt-pt\/wp-json\/wp\/v2\/pages"}],"about":[{"href":"https:\/\/certifiqat.com\/pt-pt\/wp-json\/wp\/v2\/types\/page"}],"author":[{"embeddable":true,"href":"https:\/\/certifiqat.com\/pt-pt\/wp-json\/wp\/v2\/users\/3"}],"replies":[{"embeddable":true,"href":"https:\/\/certifiqat.com\/pt-pt\/wp-json\/wp\/v2\/comments?post=936"}],"version-history":[{"count":0,"href":"https:\/\/certifiqat.com\/pt-pt\/wp-json\/wp\/v2\/pages\/936\/revisions"}],"wp:attachment":[{"href":"https:\/\/certifiqat.com\/pt-pt\/wp-json\/wp\/v2\/media?parent=936"}],"curies":[{"name":"wp","href":"https:\/\/api.w.org\/{rel}","templated":true}]}}