{"id":5944,"date":"2024-08-06T11:48:25","date_gmt":"2024-08-06T11:48:25","guid":{"rendered":"https:\/\/certifiqat.com\/invoice-billing-copy-copy\/"},"modified":"2024-08-23T17:17:34","modified_gmt":"2024-08-23T17:17:34","slug":"add-your-consultancy-firm","status":"publish","type":"page","link":"https:\/\/certifiqat.com\/pt-pt\/add-your-consultancy-firm\/","title":{"rendered":"Adicionar a sua empresa de consultoria"},"content":{"rendered":"\n<h1 class=\"wp-block-heading\">Adicione a sua empresa de consultoria<\/h1>\n\n\n\n<p>Adicione a sua empresa \u00e0 nossa base de dados\/motor de busca de <a href=\"https:\/\/certifiqat.com\/consultants\/\">empresas de consultoria<\/a> recentemente lan\u00e7ada.<\/p>\n\n\n\n<p>Envie-nos um e-mail com uma breve descri\u00e7\u00e3o da sua empresa e dos servi\u00e7os que presta. Entraremos em contacto consigo para aprova\u00e7\u00e3o e instru\u00e7\u00f5es adicionais.<\/p>\n\n\n\n<p>Contacte <a href=\"mailto:partner@certifiqat.com\">partner@certifiqat.com<\/a> hoje mesmo!<\/p>\n","protected":false},"excerpt":{"rendered":"<p>Adicione a sua empresa de consultoria Adicione a sua empresa \u00e0 nossa base de dados\/motor de busca de empresas de consultoria recentemente lan\u00e7ada. Envie-nos um e-mail com uma breve descri\u00e7\u00e3o da sua empresa e dos servi\u00e7os que presta. Entraremos em contacto consigo para aprova\u00e7\u00e3o e instru\u00e7\u00f5es adicionais. Contacte partner@certifiqat.com hoje mesmo!<\/p>\n","protected":false},"author":3,"featured_media":1408,"parent":0,"menu_order":0,"comment_status":"closed","ping_status":"closed","template":"","meta":{"_acf_changed":false,"inline_featured_image":false,"footnotes":""},"class_list":["post-5944","page","type-page","status-publish","has-post-thumbnail","hentry"],"acf":[],"yoast_head":"<!-- This site is optimized with the Yoast SEO plugin v27.4 - https:\/\/yoast.com\/product\/yoast-seo-wordpress\/ -->\n<title>Adicione a sua empresa de consultoria - Certifiqat.com<\/title>\n<meta name=\"robots\" content=\"index, follow, max-snippet:-1, max-image-preview:large, max-video-preview:-1\" \/>\n<link rel=\"canonical\" href=\"https:\/\/certifiqat.com\/pt-pt\/add-your-consultancy-firm\/\" \/>\n<meta property=\"og:locale\" content=\"pt_PT\" \/>\n<meta property=\"og:type\" content=\"article\" \/>\n<meta property=\"og:title\" content=\"Adicione a sua empresa de consultoria - Certifiqat.com\" \/>\n<meta property=\"og:description\" content=\"Adicione a sua empresa de consultoria Adicione a sua empresa \u00e0 nossa base de dados\/motor de busca de empresas de consultoria recentemente lan\u00e7ada. Envie-nos um e-mail com uma breve descri\u00e7\u00e3o da sua empresa e dos servi\u00e7os que presta. Entraremos em contacto consigo para aprova\u00e7\u00e3o e instru\u00e7\u00f5es adicionais. Contacte partner@certifiqat.com hoje mesmo!\" \/>\n<meta property=\"og:url\" content=\"https:\/\/certifiqat.com\/pt-pt\/add-your-consultancy-firm\/\" \/>\n<meta property=\"og:site_name\" content=\"Certifiqat.com\" \/>\n<meta property=\"article:modified_time\" content=\"2024-08-23T17:17:34+00:00\" \/>\n<meta property=\"og:image\" content=\"https:\/\/certifiqat.com\/wp-content\/uploads\/yoav-aziz-tKCd-IWc4gI-unsplash.jpg\" \/>\n\t<meta property=\"og:image:width\" content=\"820\" \/>\n\t<meta property=\"og:image:height\" content=\"461\" \/>\n\t<meta property=\"og:image:type\" content=\"image\/jpeg\" \/>\n<meta name=\"twitter:card\" content=\"summary_large_image\" \/>\n<meta name=\"twitter:label1\" content=\"Tempo estimado de leitura\" \/>\n\t<meta name=\"twitter:data1\" content=\"1 minuto\" \/>\n<script type=\"application\/ld+json\" class=\"yoast-schema-graph\">{\"@context\":\"https:\\\/\\\/schema.org\",\"@graph\":[{\"@type\":\"WebPage\",\"@id\":\"https:\\\/\\\/certifiqat.com\\\/pt-pt\\\/add-your-consultancy-firm\\\/\",\"url\":\"https:\\\/\\\/certifiqat.com\\\/pt-pt\\\/add-your-consultancy-firm\\\/\",\"name\":\"Adicione a sua empresa de consultoria - Certifiqat.com\",\"isPartOf\":{\"@id\":\"https:\\\/\\\/certifiqat.com\\\/pt-pt\\\/#website\"},\"primaryImageOfPage\":{\"@id\":\"https:\\\/\\\/certifiqat.com\\\/pt-pt\\\/add-your-consultancy-firm\\\/#primaryimage\"},\"image\":{\"@id\":\"https:\\\/\\\/certifiqat.com\\\/pt-pt\\\/add-your-consultancy-firm\\\/#primaryimage\"},\"thumbnailUrl\":\"https:\\\/\\\/certifiqat.com\\\/wp-content\\\/uploads\\\/yoav-aziz-tKCd-IWc4gI-unsplash.jpg\",\"datePublished\":\"2024-08-06T11:48:25+00:00\",\"dateModified\":\"2024-08-23T17:17:34+00:00\",\"breadcrumb\":{\"@id\":\"https:\\\/\\\/certifiqat.com\\\/pt-pt\\\/add-your-consultancy-firm\\\/#breadcrumb\"},\"inLanguage\":\"pt-PT\",\"potentialAction\":[{\"@type\":\"ReadAction\",\"target\":[\"https:\\\/\\\/certifiqat.com\\\/pt-pt\\\/add-your-consultancy-firm\\\/\"]}]},{\"@type\":\"ImageObject\",\"inLanguage\":\"pt-PT\",\"@id\":\"https:\\\/\\\/certifiqat.com\\\/pt-pt\\\/add-your-consultancy-firm\\\/#primaryimage\",\"url\":\"https:\\\/\\\/certifiqat.com\\\/wp-content\\\/uploads\\\/yoav-aziz-tKCd-IWc4gI-unsplash.jpg\",\"contentUrl\":\"https:\\\/\\\/certifiqat.com\\\/wp-content\\\/uploads\\\/yoav-aziz-tKCd-IWc4gI-unsplash.jpg\",\"width\":820,\"height\":461},{\"@type\":\"BreadcrumbList\",\"@id\":\"https:\\\/\\\/certifiqat.com\\\/pt-pt\\\/add-your-consultancy-firm\\\/#breadcrumb\",\"itemListElement\":[{\"@type\":\"ListItem\",\"position\":1,\"name\":\"Home\",\"item\":\"https:\\\/\\\/certifiqat.com\\\/pt-pt\\\/\"},{\"@type\":\"ListItem\",\"position\":2,\"name\":\"Adicionar a sua empresa de consultoria\"}]},{\"@type\":\"WebSite\",\"@id\":\"https:\\\/\\\/certifiqat.com\\\/pt-pt\\\/#website\",\"url\":\"https:\\\/\\\/certifiqat.com\\\/pt-pt\\\/\",\"name\":\"certifiqat\",\"description\":\"\",\"potentialAction\":[{\"@type\":\"SearchAction\",\"target\":{\"@type\":\"EntryPoint\",\"urlTemplate\":\"https:\\\/\\\/certifiqat.com\\\/pt-pt\\\/?s={search_term_string}\"},\"query-input\":{\"@type\":\"PropertyValueSpecification\",\"valueRequired\":true,\"valueName\":\"search_term_string\"}}],\"inLanguage\":\"pt-PT\"}]}<\/script>\n<!-- \/ Yoast SEO plugin. -->","yoast_head_json":{"title":"Adicione a sua empresa de consultoria - Certifiqat.com","robots":{"index":"index","follow":"follow","max-snippet":"max-snippet:-1","max-image-preview":"max-image-preview:large","max-video-preview":"max-video-preview:-1"},"canonical":"https:\/\/certifiqat.com\/pt-pt\/add-your-consultancy-firm\/","og_locale":"pt_PT","og_type":"article","og_title":"Adicione a sua empresa de consultoria - Certifiqat.com","og_description":"Adicione a sua empresa de consultoria Adicione a sua empresa \u00e0 nossa base de dados\/motor de busca de empresas de consultoria recentemente lan\u00e7ada. Envie-nos um e-mail com uma breve descri\u00e7\u00e3o da sua empresa e dos servi\u00e7os que presta. Entraremos em contacto consigo para aprova\u00e7\u00e3o e instru\u00e7\u00f5es adicionais. Contacte partner@certifiqat.com hoje mesmo!","og_url":"https:\/\/certifiqat.com\/pt-pt\/add-your-consultancy-firm\/","og_site_name":"Certifiqat.com","article_modified_time":"2024-08-23T17:17:34+00:00","og_image":[{"width":820,"height":461,"url":"https:\/\/certifiqat.com\/wp-content\/uploads\/yoav-aziz-tKCd-IWc4gI-unsplash.jpg","type":"image\/jpeg"}],"twitter_card":"summary_large_image","twitter_misc":{"Tempo estimado de leitura":"1 minuto"},"schema":{"@context":"https:\/\/schema.org","@graph":[{"@type":"WebPage","@id":"https:\/\/certifiqat.com\/pt-pt\/add-your-consultancy-firm\/","url":"https:\/\/certifiqat.com\/pt-pt\/add-your-consultancy-firm\/","name":"Adicione a sua empresa de consultoria - Certifiqat.com","isPartOf":{"@id":"https:\/\/certifiqat.com\/pt-pt\/#website"},"primaryImageOfPage":{"@id":"https:\/\/certifiqat.com\/pt-pt\/add-your-consultancy-firm\/#primaryimage"},"image":{"@id":"https:\/\/certifiqat.com\/pt-pt\/add-your-consultancy-firm\/#primaryimage"},"thumbnailUrl":"https:\/\/certifiqat.com\/wp-content\/uploads\/yoav-aziz-tKCd-IWc4gI-unsplash.jpg","datePublished":"2024-08-06T11:48:25+00:00","dateModified":"2024-08-23T17:17:34+00:00","breadcrumb":{"@id":"https:\/\/certifiqat.com\/pt-pt\/add-your-consultancy-firm\/#breadcrumb"},"inLanguage":"pt-PT","potentialAction":[{"@type":"ReadAction","target":["https:\/\/certifiqat.com\/pt-pt\/add-your-consultancy-firm\/"]}]},{"@type":"ImageObject","inLanguage":"pt-PT","@id":"https:\/\/certifiqat.com\/pt-pt\/add-your-consultancy-firm\/#primaryimage","url":"https:\/\/certifiqat.com\/wp-content\/uploads\/yoav-aziz-tKCd-IWc4gI-unsplash.jpg","contentUrl":"https:\/\/certifiqat.com\/wp-content\/uploads\/yoav-aziz-tKCd-IWc4gI-unsplash.jpg","width":820,"height":461},{"@type":"BreadcrumbList","@id":"https:\/\/certifiqat.com\/pt-pt\/add-your-consultancy-firm\/#breadcrumb","itemListElement":[{"@type":"ListItem","position":1,"name":"Home","item":"https:\/\/certifiqat.com\/pt-pt\/"},{"@type":"ListItem","position":2,"name":"Adicionar a sua empresa de consultoria"}]},{"@type":"WebSite","@id":"https:\/\/certifiqat.com\/pt-pt\/#website","url":"https:\/\/certifiqat.com\/pt-pt\/","name":"certifiqat","description":"","potentialAction":[{"@type":"SearchAction","target":{"@type":"EntryPoint","urlTemplate":"https:\/\/certifiqat.com\/pt-pt\/?s={search_term_string}"},"query-input":{"@type":"PropertyValueSpecification","valueRequired":true,"valueName":"search_term_string"}}],"inLanguage":"pt-PT"}]}},"_links":{"self":[{"href":"https:\/\/certifiqat.com\/pt-pt\/wp-json\/wp\/v2\/pages\/5944","targetHints":{"allow":["GET"]}}],"collection":[{"href":"https:\/\/certifiqat.com\/pt-pt\/wp-json\/wp\/v2\/pages"}],"about":[{"href":"https:\/\/certifiqat.com\/pt-pt\/wp-json\/wp\/v2\/types\/page"}],"author":[{"embeddable":true,"href":"https:\/\/certifiqat.com\/pt-pt\/wp-json\/wp\/v2\/users\/3"}],"replies":[{"embeddable":true,"href":"https:\/\/certifiqat.com\/pt-pt\/wp-json\/wp\/v2\/comments?post=5944"}],"version-history":[{"count":0,"href":"https:\/\/certifiqat.com\/pt-pt\/wp-json\/wp\/v2\/pages\/5944\/revisions"}],"wp:featuredmedia":[{"embeddable":true,"href":"https:\/\/certifiqat.com\/pt-pt\/wp-json\/wp\/v2\/media\/1408"}],"wp:attachment":[{"href":"https:\/\/certifiqat.com\/pt-pt\/wp-json\/wp\/v2\/media?parent=5944"}],"curies":[{"name":"wp","href":"https:\/\/api.w.org\/{rel}","templated":true}]}}