{"id":5929,"date":"2024-08-06T11:48:15","date_gmt":"2024-08-06T11:48:15","guid":{"rendered":"https:\/\/certifiqat.com\/invoice-billing-copy\/"},"modified":"2024-08-23T11:18:33","modified_gmt":"2024-08-23T11:18:33","slug":"become-consultancy-partner","status":"publish","type":"page","link":"https:\/\/certifiqat.com\/pt-pt\/become-consultancy-partner\/","title":{"rendered":"Tornar-se parceiro de consultoria"},"content":{"rendered":"\n<h1 class=\"wp-block-heading\">Tornar-se parceiro de consultoria<\/h1>\n\n\n\n<h3 class=\"wp-block-heading\">Parceria com a Certifiqat: Melhore a jornada de certifica\u00e7\u00e3o dos seus clientes<\/h3>\n\n\n\n<p>Na Certifiqat, estamos empenhados em construir a maior base de dados do mundo para empresas certificadas e tamb\u00e9m em mudar a forma como as empresas gerem e apresentam as suas certifica\u00e7\u00f5es. Convidamos consultores e empresas de consultoria a associarem-se a n\u00f3s e a oferecerem aos seus clientes um grande valor no seu percurso de certifica\u00e7\u00e3o.<\/p>\n\n\n\n<p><strong>Porqu\u00ea fazer uma parceria com a Certifiqat?<\/strong><\/p>\n\n\n\n<ul class=\"wp-block-list\">\n<li><strong>Melhore a sua oferta ao cliente:<\/strong> Ao integrar a plataforma da Certifiqat nos seus servi\u00e7os de consultoria, est\u00e1 a oferecer aos seus clientes uma solu\u00e7\u00e3o de ponta para a apresenta\u00e7\u00e3o das suas certifica\u00e7\u00f5es.<\/li>\n\n\n\n<li><strong>D\u00ea aos seus clientes uma vis\u00e3o geral:<\/strong> A nossa plataforma simplifica o processo de organiza\u00e7\u00e3o, atualiza\u00e7\u00e3o e apresenta\u00e7\u00e3o dos documentos de certifica\u00e7\u00e3o no local.<\/li>\n\n\n\n<li><strong>Crescimento colaborativo:<\/strong> Como parceiro da Certifiqat, tem acesso a recursos exclusivos, forma\u00e7\u00e3o e apoio. Dedicamo-nos a ajud\u00e1-lo a ter sucesso e a crescer connosco, assegurando que a nossa colabora\u00e7\u00e3o \u00e9 mutuamente ben\u00e9fica.<\/li>\n<\/ul>\n\n\n\n<p><strong>Como funciona<\/strong><\/p>\n\n\n\n<p>A parceria com o Certifiqat \u00e9 simples. N\u00f3s fornecemos-lhe as ferramentas e o apoio necess\u00e1rios para apresentar a nossa plataforma aos seus clientes. Juntos, podemos oferecer aos seus clientes uma experi\u00eancia perfeita na gest\u00e3o e apresenta\u00e7\u00e3o das suas certifica\u00e7\u00f5es, destacando-os num mercado competitivo.<\/p>\n\n\n\n<p><strong>Entre em contacto<\/strong><\/p>\n\n\n\n<p>Pronto para acrescentar valor significativo aos seus clientes? <a href=\"https:\/\/certifiqat.com\/contact\/\">Contacte-nos hoje<\/a> para explorar oportunidades de parceria e saber como a Certifiqat pode complementar e elevar as suas ofertas de neg\u00f3cio.<\/p>\n","protected":false},"excerpt":{"rendered":"<p>Tornar-se parceiro de consultoria Parceria com a Certifiqat: Melhore a jornada de certifica\u00e7\u00e3o dos seus clientes Na Certifiqat, estamos empenhados em construir a maior base de dados do mundo para empresas certificadas e tamb\u00e9m em mudar a forma como as empresas gerem e apresentam as suas certifica\u00e7\u00f5es. Convidamos consultores e empresas de consultoria a associarem-se<\/p>\n","protected":false},"author":3,"featured_media":1408,"parent":0,"menu_order":0,"comment_status":"closed","ping_status":"closed","template":"","meta":{"_acf_changed":false,"inline_featured_image":false,"footnotes":""},"class_list":["post-5929","page","type-page","status-publish","has-post-thumbnail","hentry"],"acf":[],"yoast_head":"<!-- This site is optimized with the Yoast SEO plugin v27.3 - https:\/\/yoast.com\/product\/yoast-seo-wordpress\/ -->\n<title>Tornar-se parceiro de consultoria - Certifiqat.com<\/title>\n<meta name=\"robots\" content=\"index, follow, max-snippet:-1, max-image-preview:large, max-video-preview:-1\" \/>\n<link rel=\"canonical\" href=\"https:\/\/certifiqat.com\/pt-pt\/become-consultancy-partner\/\" \/>\n<meta property=\"og:locale\" content=\"pt_PT\" \/>\n<meta property=\"og:type\" content=\"article\" \/>\n<meta property=\"og:title\" content=\"Tornar-se parceiro de consultoria - Certifiqat.com\" \/>\n<meta property=\"og:description\" content=\"Tornar-se parceiro de consultoria Parceria com a Certifiqat: Melhore a jornada de certifica\u00e7\u00e3o dos seus clientes Na Certifiqat, estamos empenhados em construir a maior base de dados do mundo para empresas certificadas e tamb\u00e9m em mudar a forma como as empresas gerem e apresentam as suas certifica\u00e7\u00f5es. Convidamos consultores e empresas de consultoria a associarem-se\" \/>\n<meta property=\"og:url\" content=\"https:\/\/certifiqat.com\/pt-pt\/become-consultancy-partner\/\" \/>\n<meta property=\"og:site_name\" content=\"Certifiqat.com\" \/>\n<meta property=\"article:modified_time\" content=\"2024-08-23T11:18:33+00:00\" \/>\n<meta property=\"og:image\" content=\"https:\/\/certifiqat.com\/wp-content\/uploads\/yoav-aziz-tKCd-IWc4gI-unsplash.jpg\" \/>\n\t<meta property=\"og:image:width\" content=\"820\" \/>\n\t<meta property=\"og:image:height\" content=\"461\" \/>\n\t<meta property=\"og:image:type\" content=\"image\/jpeg\" \/>\n<meta name=\"twitter:card\" content=\"summary_large_image\" \/>\n<meta name=\"twitter:label1\" content=\"Tempo estimado de leitura\" \/>\n\t<meta name=\"twitter:data1\" content=\"2 minutos\" \/>\n<script type=\"application\/ld+json\" class=\"yoast-schema-graph\">{\"@context\":\"https:\\\/\\\/schema.org\",\"@graph\":[{\"@type\":\"WebPage\",\"@id\":\"https:\\\/\\\/certifiqat.com\\\/pt-pt\\\/become-consultancy-partner\\\/\",\"url\":\"https:\\\/\\\/certifiqat.com\\\/pt-pt\\\/become-consultancy-partner\\\/\",\"name\":\"Tornar-se parceiro de consultoria - Certifiqat.com\",\"isPartOf\":{\"@id\":\"https:\\\/\\\/certifiqat.com\\\/pt-pt\\\/#website\"},\"primaryImageOfPage\":{\"@id\":\"https:\\\/\\\/certifiqat.com\\\/pt-pt\\\/become-consultancy-partner\\\/#primaryimage\"},\"image\":{\"@id\":\"https:\\\/\\\/certifiqat.com\\\/pt-pt\\\/become-consultancy-partner\\\/#primaryimage\"},\"thumbnailUrl\":\"https:\\\/\\\/certifiqat.com\\\/wp-content\\\/uploads\\\/yoav-aziz-tKCd-IWc4gI-unsplash.jpg\",\"datePublished\":\"2024-08-06T11:48:15+00:00\",\"dateModified\":\"2024-08-23T11:18:33+00:00\",\"breadcrumb\":{\"@id\":\"https:\\\/\\\/certifiqat.com\\\/pt-pt\\\/become-consultancy-partner\\\/#breadcrumb\"},\"inLanguage\":\"pt-PT\",\"potentialAction\":[{\"@type\":\"ReadAction\",\"target\":[\"https:\\\/\\\/certifiqat.com\\\/pt-pt\\\/become-consultancy-partner\\\/\"]}]},{\"@type\":\"ImageObject\",\"inLanguage\":\"pt-PT\",\"@id\":\"https:\\\/\\\/certifiqat.com\\\/pt-pt\\\/become-consultancy-partner\\\/#primaryimage\",\"url\":\"https:\\\/\\\/certifiqat.com\\\/wp-content\\\/uploads\\\/yoav-aziz-tKCd-IWc4gI-unsplash.jpg\",\"contentUrl\":\"https:\\\/\\\/certifiqat.com\\\/wp-content\\\/uploads\\\/yoav-aziz-tKCd-IWc4gI-unsplash.jpg\",\"width\":820,\"height\":461},{\"@type\":\"BreadcrumbList\",\"@id\":\"https:\\\/\\\/certifiqat.com\\\/pt-pt\\\/become-consultancy-partner\\\/#breadcrumb\",\"itemListElement\":[{\"@type\":\"ListItem\",\"position\":1,\"name\":\"Home\",\"item\":\"https:\\\/\\\/certifiqat.com\\\/pt-pt\\\/\"},{\"@type\":\"ListItem\",\"position\":2,\"name\":\"Tornar-se parceiro de consultoria\"}]},{\"@type\":\"WebSite\",\"@id\":\"https:\\\/\\\/certifiqat.com\\\/pt-pt\\\/#website\",\"url\":\"https:\\\/\\\/certifiqat.com\\\/pt-pt\\\/\",\"name\":\"certifiqat\",\"description\":\"\",\"potentialAction\":[{\"@type\":\"SearchAction\",\"target\":{\"@type\":\"EntryPoint\",\"urlTemplate\":\"https:\\\/\\\/certifiqat.com\\\/pt-pt\\\/?s={search_term_string}\"},\"query-input\":{\"@type\":\"PropertyValueSpecification\",\"valueRequired\":true,\"valueName\":\"search_term_string\"}}],\"inLanguage\":\"pt-PT\"}]}<\/script>\n<!-- \/ Yoast SEO plugin. -->","yoast_head_json":{"title":"Tornar-se parceiro de consultoria - Certifiqat.com","robots":{"index":"index","follow":"follow","max-snippet":"max-snippet:-1","max-image-preview":"max-image-preview:large","max-video-preview":"max-video-preview:-1"},"canonical":"https:\/\/certifiqat.com\/pt-pt\/become-consultancy-partner\/","og_locale":"pt_PT","og_type":"article","og_title":"Tornar-se parceiro de consultoria - Certifiqat.com","og_description":"Tornar-se parceiro de consultoria Parceria com a Certifiqat: Melhore a jornada de certifica\u00e7\u00e3o dos seus clientes Na Certifiqat, estamos empenhados em construir a maior base de dados do mundo para empresas certificadas e tamb\u00e9m em mudar a forma como as empresas gerem e apresentam as suas certifica\u00e7\u00f5es. Convidamos consultores e empresas de consultoria a associarem-se","og_url":"https:\/\/certifiqat.com\/pt-pt\/become-consultancy-partner\/","og_site_name":"Certifiqat.com","article_modified_time":"2024-08-23T11:18:33+00:00","og_image":[{"width":820,"height":461,"url":"https:\/\/certifiqat.com\/wp-content\/uploads\/yoav-aziz-tKCd-IWc4gI-unsplash.jpg","type":"image\/jpeg"}],"twitter_card":"summary_large_image","twitter_misc":{"Tempo estimado de leitura":"2 minutos"},"schema":{"@context":"https:\/\/schema.org","@graph":[{"@type":"WebPage","@id":"https:\/\/certifiqat.com\/pt-pt\/become-consultancy-partner\/","url":"https:\/\/certifiqat.com\/pt-pt\/become-consultancy-partner\/","name":"Tornar-se parceiro de consultoria - Certifiqat.com","isPartOf":{"@id":"https:\/\/certifiqat.com\/pt-pt\/#website"},"primaryImageOfPage":{"@id":"https:\/\/certifiqat.com\/pt-pt\/become-consultancy-partner\/#primaryimage"},"image":{"@id":"https:\/\/certifiqat.com\/pt-pt\/become-consultancy-partner\/#primaryimage"},"thumbnailUrl":"https:\/\/certifiqat.com\/wp-content\/uploads\/yoav-aziz-tKCd-IWc4gI-unsplash.jpg","datePublished":"2024-08-06T11:48:15+00:00","dateModified":"2024-08-23T11:18:33+00:00","breadcrumb":{"@id":"https:\/\/certifiqat.com\/pt-pt\/become-consultancy-partner\/#breadcrumb"},"inLanguage":"pt-PT","potentialAction":[{"@type":"ReadAction","target":["https:\/\/certifiqat.com\/pt-pt\/become-consultancy-partner\/"]}]},{"@type":"ImageObject","inLanguage":"pt-PT","@id":"https:\/\/certifiqat.com\/pt-pt\/become-consultancy-partner\/#primaryimage","url":"https:\/\/certifiqat.com\/wp-content\/uploads\/yoav-aziz-tKCd-IWc4gI-unsplash.jpg","contentUrl":"https:\/\/certifiqat.com\/wp-content\/uploads\/yoav-aziz-tKCd-IWc4gI-unsplash.jpg","width":820,"height":461},{"@type":"BreadcrumbList","@id":"https:\/\/certifiqat.com\/pt-pt\/become-consultancy-partner\/#breadcrumb","itemListElement":[{"@type":"ListItem","position":1,"name":"Home","item":"https:\/\/certifiqat.com\/pt-pt\/"},{"@type":"ListItem","position":2,"name":"Tornar-se parceiro de consultoria"}]},{"@type":"WebSite","@id":"https:\/\/certifiqat.com\/pt-pt\/#website","url":"https:\/\/certifiqat.com\/pt-pt\/","name":"certifiqat","description":"","potentialAction":[{"@type":"SearchAction","target":{"@type":"EntryPoint","urlTemplate":"https:\/\/certifiqat.com\/pt-pt\/?s={search_term_string}"},"query-input":{"@type":"PropertyValueSpecification","valueRequired":true,"valueName":"search_term_string"}}],"inLanguage":"pt-PT"}]}},"_links":{"self":[{"href":"https:\/\/certifiqat.com\/pt-pt\/wp-json\/wp\/v2\/pages\/5929","targetHints":{"allow":["GET"]}}],"collection":[{"href":"https:\/\/certifiqat.com\/pt-pt\/wp-json\/wp\/v2\/pages"}],"about":[{"href":"https:\/\/certifiqat.com\/pt-pt\/wp-json\/wp\/v2\/types\/page"}],"author":[{"embeddable":true,"href":"https:\/\/certifiqat.com\/pt-pt\/wp-json\/wp\/v2\/users\/3"}],"replies":[{"embeddable":true,"href":"https:\/\/certifiqat.com\/pt-pt\/wp-json\/wp\/v2\/comments?post=5929"}],"version-history":[{"count":0,"href":"https:\/\/certifiqat.com\/pt-pt\/wp-json\/wp\/v2\/pages\/5929\/revisions"}],"wp:featuredmedia":[{"embeddable":true,"href":"https:\/\/certifiqat.com\/pt-pt\/wp-json\/wp\/v2\/media\/1408"}],"wp:attachment":[{"href":"https:\/\/certifiqat.com\/pt-pt\/wp-json\/wp\/v2\/media?parent=5929"}],"curies":[{"name":"wp","href":"https:\/\/api.w.org\/{rel}","templated":true}]}}