{"id":9685,"date":"2024-06-28T08:46:13","date_gmt":"2024-06-28T08:46:13","guid":{"rendered":"https:\/\/certifiqat.com\/invoice-billing\/"},"modified":"2024-08-27T08:49:33","modified_gmt":"2024-08-27T08:49:33","slug":"invoice-billing","status":"publish","type":"page","link":"https:\/\/certifiqat.com\/pl\/invoice-billing\/","title":{"rendered":"Faktura\/rozliczenie"},"content":{"rendered":"\n<h1 class=\"wp-block-heading\">Faktura\/rozliczenie<\/h1>\n\n\n\n<p>Business Profiles jest fakturowany corocznie z g\u00f3ry. Wszystkie faktury b\u0119d\u0105 wysy\u0142ane z adresu billing@certifiqat.com.<\/p>\n\n\n\n<p>W przypadku jakichkolwiek pyta\u0144 dotycz\u0105cych otrzymanej faktury prosimy o przes\u0142anie wiadomo\u015bci e-mail na adres <a href=\"mailto:support@certifiqat.com\">support@certifiqat.com<\/a> i podanie numeru faktury w temacie w celu uzyskania szybkiej odpowiedzi.<\/p>\n","protected":false},"excerpt":{"rendered":"<p>Faktura\/rozliczenie Business Profiles jest fakturowany corocznie z g\u00f3ry. Wszystkie faktury b\u0119d\u0105 wysy\u0142ane z adresu billing@certifiqat.com. W przypadku jakichkolwiek pyta\u0144 dotycz\u0105cych otrzymanej faktury prosimy o przes\u0142anie wiadomo\u015bci e-mail na adres support@certifiqat.com i podanie numeru faktury w temacie w celu uzyskania szybkiej odpowiedzi.<\/p>\n","protected":false},"author":3,"featured_media":1407,"parent":0,"menu_order":0,"comment_status":"closed","ping_status":"closed","template":"","meta":{"_acf_changed":false,"inline_featured_image":false,"footnotes":""},"class_list":["post-9685","page","type-page","status-publish","has-post-thumbnail","hentry"],"acf":[],"yoast_head":"<!-- This site is optimized with the Yoast SEO plugin v27.4 - https:\/\/yoast.com\/product\/yoast-seo-wordpress\/ -->\n<title>Faktura\/rozliczenie - Certifiqat.com<\/title>\n<meta name=\"robots\" content=\"index, follow, max-snippet:-1, max-image-preview:large, max-video-preview:-1\" \/>\n<link rel=\"canonical\" href=\"https:\/\/certifiqat.com\/pl\/invoice-billing\/\" \/>\n<meta property=\"og:locale\" content=\"pl_PL\" \/>\n<meta property=\"og:type\" content=\"article\" \/>\n<meta property=\"og:title\" content=\"Faktura\/rozliczenie - Certifiqat.com\" \/>\n<meta property=\"og:description\" content=\"Faktura\/rozliczenie Business Profiles jest fakturowany corocznie z g\u00f3ry. Wszystkie faktury b\u0119d\u0105 wysy\u0142ane z adresu billing@certifiqat.com. W przypadku jakichkolwiek pyta\u0144 dotycz\u0105cych otrzymanej faktury prosimy o przes\u0142anie wiadomo\u015bci e-mail na adres support@certifiqat.com i podanie numeru faktury w temacie w celu uzyskania szybkiej odpowiedzi.\" \/>\n<meta property=\"og:url\" content=\"https:\/\/certifiqat.com\/pl\/invoice-billing\/\" \/>\n<meta property=\"og:site_name\" content=\"Certifiqat.com\" \/>\n<meta property=\"article:modified_time\" content=\"2024-08-27T08:49:33+00:00\" \/>\n<meta property=\"og:image\" content=\"https:\/\/certifiqat.com\/wp-content\/uploads\/yoav-aziz-tKCd-IWc4gI-unsplash.jpg\" \/>\n\t<meta property=\"og:image:width\" content=\"820\" \/>\n\t<meta property=\"og:image:height\" content=\"461\" \/>\n\t<meta property=\"og:image:type\" content=\"image\/jpeg\" \/>\n<meta name=\"twitter:card\" content=\"summary_large_image\" \/>\n<meta name=\"twitter:label1\" content=\"Szacowany czas czytania\" \/>\n\t<meta name=\"twitter:data1\" content=\"1 minuta\" \/>\n<script type=\"application\/ld+json\" class=\"yoast-schema-graph\">{\"@context\":\"https:\\\/\\\/schema.org\",\"@graph\":[{\"@type\":\"WebPage\",\"@id\":\"https:\\\/\\\/certifiqat.com\\\/pl\\\/invoice-billing\\\/\",\"url\":\"https:\\\/\\\/certifiqat.com\\\/pl\\\/invoice-billing\\\/\",\"name\":\"Faktura\\\/rozliczenie - Certifiqat.com\",\"isPartOf\":{\"@id\":\"https:\\\/\\\/certifiqat.com\\\/pl\\\/#website\"},\"primaryImageOfPage\":{\"@id\":\"https:\\\/\\\/certifiqat.com\\\/pl\\\/invoice-billing\\\/#primaryimage\"},\"image\":{\"@id\":\"https:\\\/\\\/certifiqat.com\\\/pl\\\/invoice-billing\\\/#primaryimage\"},\"thumbnailUrl\":\"https:\\\/\\\/certifiqat.com\\\/wp-content\\\/uploads\\\/yoav-aziz-tKCd-IWc4gI-unsplash.jpg\",\"datePublished\":\"2024-06-28T08:46:13+00:00\",\"dateModified\":\"2024-08-27T08:49:33+00:00\",\"breadcrumb\":{\"@id\":\"https:\\\/\\\/certifiqat.com\\\/pl\\\/invoice-billing\\\/#breadcrumb\"},\"inLanguage\":\"pl-PL\",\"potentialAction\":[{\"@type\":\"ReadAction\",\"target\":[\"https:\\\/\\\/certifiqat.com\\\/pl\\\/invoice-billing\\\/\"]}]},{\"@type\":\"ImageObject\",\"inLanguage\":\"pl-PL\",\"@id\":\"https:\\\/\\\/certifiqat.com\\\/pl\\\/invoice-billing\\\/#primaryimage\",\"url\":\"https:\\\/\\\/certifiqat.com\\\/wp-content\\\/uploads\\\/yoav-aziz-tKCd-IWc4gI-unsplash.jpg\",\"contentUrl\":\"https:\\\/\\\/certifiqat.com\\\/wp-content\\\/uploads\\\/yoav-aziz-tKCd-IWc4gI-unsplash.jpg\",\"width\":820,\"height\":461},{\"@type\":\"BreadcrumbList\",\"@id\":\"https:\\\/\\\/certifiqat.com\\\/pl\\\/invoice-billing\\\/#breadcrumb\",\"itemListElement\":[{\"@type\":\"ListItem\",\"position\":1,\"name\":\"Home\",\"item\":\"https:\\\/\\\/certifiqat.com\\\/pl\\\/\"},{\"@type\":\"ListItem\",\"position\":2,\"name\":\"Faktura\\\/rozliczenie\"}]},{\"@type\":\"WebSite\",\"@id\":\"https:\\\/\\\/certifiqat.com\\\/pl\\\/#website\",\"url\":\"https:\\\/\\\/certifiqat.com\\\/pl\\\/\",\"name\":\"certifiqat\",\"description\":\"\",\"potentialAction\":[{\"@type\":\"SearchAction\",\"target\":{\"@type\":\"EntryPoint\",\"urlTemplate\":\"https:\\\/\\\/certifiqat.com\\\/pl\\\/?s={search_term_string}\"},\"query-input\":{\"@type\":\"PropertyValueSpecification\",\"valueRequired\":true,\"valueName\":\"search_term_string\"}}],\"inLanguage\":\"pl-PL\"}]}<\/script>\n<!-- \/ Yoast SEO plugin. -->","yoast_head_json":{"title":"Faktura\/rozliczenie - Certifiqat.com","robots":{"index":"index","follow":"follow","max-snippet":"max-snippet:-1","max-image-preview":"max-image-preview:large","max-video-preview":"max-video-preview:-1"},"canonical":"https:\/\/certifiqat.com\/pl\/invoice-billing\/","og_locale":"pl_PL","og_type":"article","og_title":"Faktura\/rozliczenie - Certifiqat.com","og_description":"Faktura\/rozliczenie Business Profiles jest fakturowany corocznie z g\u00f3ry. Wszystkie faktury b\u0119d\u0105 wysy\u0142ane z adresu billing@certifiqat.com. W przypadku jakichkolwiek pyta\u0144 dotycz\u0105cych otrzymanej faktury prosimy o przes\u0142anie wiadomo\u015bci e-mail na adres support@certifiqat.com i podanie numeru faktury w temacie w celu uzyskania szybkiej odpowiedzi.","og_url":"https:\/\/certifiqat.com\/pl\/invoice-billing\/","og_site_name":"Certifiqat.com","article_modified_time":"2024-08-27T08:49:33+00:00","og_image":[{"width":820,"height":461,"url":"https:\/\/certifiqat.com\/wp-content\/uploads\/yoav-aziz-tKCd-IWc4gI-unsplash.jpg","type":"image\/jpeg"}],"twitter_card":"summary_large_image","twitter_misc":{"Szacowany czas czytania":"1 minuta"},"schema":{"@context":"https:\/\/schema.org","@graph":[{"@type":"WebPage","@id":"https:\/\/certifiqat.com\/pl\/invoice-billing\/","url":"https:\/\/certifiqat.com\/pl\/invoice-billing\/","name":"Faktura\/rozliczenie - Certifiqat.com","isPartOf":{"@id":"https:\/\/certifiqat.com\/pl\/#website"},"primaryImageOfPage":{"@id":"https:\/\/certifiqat.com\/pl\/invoice-billing\/#primaryimage"},"image":{"@id":"https:\/\/certifiqat.com\/pl\/invoice-billing\/#primaryimage"},"thumbnailUrl":"https:\/\/certifiqat.com\/wp-content\/uploads\/yoav-aziz-tKCd-IWc4gI-unsplash.jpg","datePublished":"2024-06-28T08:46:13+00:00","dateModified":"2024-08-27T08:49:33+00:00","breadcrumb":{"@id":"https:\/\/certifiqat.com\/pl\/invoice-billing\/#breadcrumb"},"inLanguage":"pl-PL","potentialAction":[{"@type":"ReadAction","target":["https:\/\/certifiqat.com\/pl\/invoice-billing\/"]}]},{"@type":"ImageObject","inLanguage":"pl-PL","@id":"https:\/\/certifiqat.com\/pl\/invoice-billing\/#primaryimage","url":"https:\/\/certifiqat.com\/wp-content\/uploads\/yoav-aziz-tKCd-IWc4gI-unsplash.jpg","contentUrl":"https:\/\/certifiqat.com\/wp-content\/uploads\/yoav-aziz-tKCd-IWc4gI-unsplash.jpg","width":820,"height":461},{"@type":"BreadcrumbList","@id":"https:\/\/certifiqat.com\/pl\/invoice-billing\/#breadcrumb","itemListElement":[{"@type":"ListItem","position":1,"name":"Home","item":"https:\/\/certifiqat.com\/pl\/"},{"@type":"ListItem","position":2,"name":"Faktura\/rozliczenie"}]},{"@type":"WebSite","@id":"https:\/\/certifiqat.com\/pl\/#website","url":"https:\/\/certifiqat.com\/pl\/","name":"certifiqat","description":"","potentialAction":[{"@type":"SearchAction","target":{"@type":"EntryPoint","urlTemplate":"https:\/\/certifiqat.com\/pl\/?s={search_term_string}"},"query-input":{"@type":"PropertyValueSpecification","valueRequired":true,"valueName":"search_term_string"}}],"inLanguage":"pl-PL"}]}},"_links":{"self":[{"href":"https:\/\/certifiqat.com\/pl\/wp-json\/wp\/v2\/pages\/9685","targetHints":{"allow":["GET"]}}],"collection":[{"href":"https:\/\/certifiqat.com\/pl\/wp-json\/wp\/v2\/pages"}],"about":[{"href":"https:\/\/certifiqat.com\/pl\/wp-json\/wp\/v2\/types\/page"}],"author":[{"embeddable":true,"href":"https:\/\/certifiqat.com\/pl\/wp-json\/wp\/v2\/users\/3"}],"replies":[{"embeddable":true,"href":"https:\/\/certifiqat.com\/pl\/wp-json\/wp\/v2\/comments?post=9685"}],"version-history":[{"count":0,"href":"https:\/\/certifiqat.com\/pl\/wp-json\/wp\/v2\/pages\/9685\/revisions"}],"wp:featuredmedia":[{"embeddable":true,"href":"https:\/\/certifiqat.com\/pl\/wp-json\/wp\/v2\/media\/1407"}],"wp:attachment":[{"href":"https:\/\/certifiqat.com\/pl\/wp-json\/wp\/v2\/media?parent=9685"}],"curies":[{"name":"wp","href":"https:\/\/api.w.org\/{rel}","templated":true}]}}