{"id":934,"date":"2024-04-23T08:18:33","date_gmt":"2024-04-23T08:18:33","guid":{"rendered":"https:\/\/certifiqat.com\/about-us\/"},"modified":"2024-07-29T22:09:05","modified_gmt":"2024-07-29T22:09:05","slug":"about-us","status":"publish","type":"page","link":"https:\/\/certifiqat.com\/pl\/about-us\/","title":{"rendered":"O nas"},"content":{"rendered":"<section class=\"relative bg-white\" id=\"block_4006ff6d6d1796b73de46039f89a180a\">\n\t<div class=\"container\">\n\t\t<div class=\"flex flex-wrap\">\n\t\t\t\t\t\t\t<div class=\"w-full pr-0 rem:py-[75px] lg:w-1\/2 lg:pr-[130px] lg:rem:py-[150px]\">\n\t\t\t\t\t<div class=\"base-typography\">\n\t\t\t\t\t\t<h2>Historia<\/h2>\n<p>Zesp\u00f3\u0142 stoj\u0105cy za Certifiqat ma wieloletnie do\u015bwiadczenie zar\u00f3wno w \u015bwiecie certyfikat\u00f3w ISO, jak i w przestrzeni technologicznej online. Jeste\u015bmy zespo\u0142em by\u0142ych dyrektor\u00f3w generalnych, mened\u017cer\u00f3w ds. marketingu, audytor\u00f3w ISO, konsultant\u00f3w ds. zarz\u0105dzania i os\u00f3b zajmuj\u0105cych si\u0119 technologi\u0105, ale przede wszystkim jeste\u015bmy zjednoczeni na drodze do podniesienia warto\u015bci certyfikacji.<\/p>\n<h2>Nasza misja<\/h2>\n<p>Nasz\u0105 misj\u0105 jest zwi\u0119kszenie warto\u015bci certyfikat\u00f3w i wzmocnienie pozycji certyfikowanych firm poprzez popraw\u0119 ich zdolno\u015bci do promowania swoich osi\u0105gni\u0119\u0107. Takie podej\u015bcie nie tylko odr\u00f3\u017cnia certyfikowane firmy od niecertyfikowanych konkurent\u00f3w, ale tak\u017ce zwi\u0119ksza warto\u015b\u0107 ich marki.<\/p>\n<h2>Nasza wizja na przysz\u0142o\u015b\u0107<\/h2>\n<p>W Certifiqat nasz\u0105 wizj\u0105 jest, aby ka\u017cda ambitna firma na skal\u0119 globaln\u0105 korzysta\u0142a z Certifiqat do zarz\u0105dzania i marketingu swoich certyfikat\u00f3w i dokument\u00f3w buduj\u0105cych zaufanie. Tworzymy najwi\u0119ksz\u0105 na \u015bwiecie baz\u0119 danych certyfikowanych firm.<\/p>\n\n\t\t\t\t\t<\/div>\n\t\t\t\t<\/div>\n\t\t\t\t\t\t\t\t\t\t<div class=\"h-full w-full lg:w-1\/2\"><\/div>\n\t\t\t\t\t<\/div>\n\t<\/div>\n\t<div class=\"relative left-0 top-0 h-full w-full pt-[50%] lg:absolute lg:left-[50%] lg:w-1\/2 lg:pt-0\">\n\t\t<img decoding=\"async\" class=\"img-cover-abs\" src=\"https:\/\/certifiqat.com\/wp-content\/uploads\/kelsey-knight-SFRw5GChoLA-unsplash-800x0-c-default.jpg\" alt=\"\" \/>\n\t<\/div>\n<\/section>\n\n\n\n<section class=\"wp-block-group section-wrapper has-background\" style=\"background-color:#75d2fa\"><div class=\"wp-block-group__inner-container is-layout-constrained wp-block-group-is-layout-constrained\">\n<div class=\"wp-block-columns container is-layout-flex wp-container-core-columns-is-layout-9d6595d7 wp-block-columns-is-layout-flex\">\n<div class=\"wp-block-column is-layout-flow wp-block-column-is-layout-flow\">\n<h2 class=\"wp-block-heading has-text-color has-link-color wp-elements-825fb601d6b034c8d47bdb107bebc8d2\" style=\"color:#2d6bd8\">Do\u015bwiadczony zesp\u00f3\u0142<\/h2>\n\n\n\n<p class=\"has-text-color has-link-color wp-elements-15c6e41d54c4ae8aa42574a3a2309a31\" style=\"color:#122a5e\">Zesp\u00f3\u0142 Certifiqat mo\u017ce pochwali\u0107 si\u0119 wieloletnim do\u015bwiadczeniem w r\u00f3\u017cnych rolach biznesowych i widzieli\u015bmy wyzwanie, jakim jest skuteczne zarz\u0105dzanie i prezentowanie tych krytycznych dokument\u00f3w zaufania klientom, pracownikom i interesariuszom.<\/p>\n<\/div>\n\n\n\n<div class=\"wp-block-column is-layout-flow wp-block-column-is-layout-flow\">\n<h2 class=\"wp-block-heading has-text-color has-link-color wp-elements-d057546a2f2d510c97dad4734583c4a9\" style=\"color:#2d6bd8\">Certifiqat AI<\/h2>\n\n\n\n<p class=\"has-text-color has-link-color wp-elements-55923cba9c757ae3258238caa57bf03b\" style=\"color:#122a5e\">\u0141\u0105cz\u0105c model j\u0119zykowy OpenAI z naszym stosem technologicznym, skutecznie t\u0142umaczymy tre\u015bci na ponad 15 j\u0119zyk\u00f3w i zapewniamy niezr\u00f3wnan\u0105 dost\u0119pno\u015b\u0107 dla odbiorc\u00f3w.<\/p>\n<\/div>\n\n\n\n<div class=\"wp-block-column is-layout-flow wp-block-column-is-layout-flow\">\n<h2 class=\"wp-block-heading has-text-color has-link-color wp-elements-79e65060f26bd7ee8feb2efbb04188b8\" style=\"color:#2d6bd8\">Najpierw do\u015bwiadczenie u\u017cytkownika<\/h2>\n\n\n\n<p class=\"has-text-color has-link-color wp-elements-9dcc3cd0ed66dee95e34bcdd0729166f\" style=\"color:#122a5e\">Mamy podej\u015bcie oparte na do\u015bwiadczeniu u\u017cytkownika \/ projektowaniu, aby zawsze zwi\u0119ksza\u0107 og\u00f3lne wra\u017cenia zwi\u0105zane z mark\u0105 i profilem firmy na Certifiqat.com.<\/p>\n<\/div>\n\n\n\n<div class=\"wp-block-column is-layout-flow wp-block-column-is-layout-flow\">\n<h2 class=\"wp-block-heading has-text-color has-link-color wp-elements-aa93903357a2c1711e76d84fd3e6c74d\" style=\"color:#2a70c5\">Wsparcie<\/h2>\n\n\n\n<p>Je\u015bli potrzebujesz jakiejkolwiek pomocy, jeste\u015bmy tutaj, aby Ci pom\u00f3c. Nasz zesp\u00f3\u0142 wsparcia d\u0105\u017cy do tego, aby nie mie\u0107 sobie r\u00f3wnych.<\/p>\n<\/div>\n<\/div>\n<\/div><\/section>\n\n\n\n<div class=\"wp-block-group section-wrapper\"><div class=\"wp-block-group__inner-container is-layout-constrained wp-block-group-is-layout-constrained\">\n<div class=\"wp-block-columns container is-layout-flex wp-container-core-columns-is-layout-9d6595d7 wp-block-columns-is-layout-flex\">\n<div class=\"wp-block-column is-layout-flow wp-block-column-is-layout-flow\" style=\"flex-basis:25%\"><\/div>\n\n\n\n<div class=\"wp-block-column is-layout-flow wp-block-column-is-layout-flow\" style=\"flex-basis:75%\">\n<h2 class=\"wp-block-heading has-text-align-center has-text-color has-link-color has-x-large-font-size wp-elements-99ead137d8efd3497fd0512c064f7451\" style=\"color:#2d6bd8\">Do\u0142\u0105cz do nas!<\/h2>\n\n\n\n<p class=\"has-text-align-center max-w has-text-color has-link-color wp-elements-53bab353435d1d230396a3d286f47305\" style=\"color:#122a5e\">Zawsze szukamy talent\u00f3w w dziedzinie technologii, sprzeda\u017cy, marketingu i wsparcia. Je\u015bli masz jak\u0105\u015b wiedz\u0119 na temat certyfikat\u00f3w, jako\u015bci i zarz\u0105dzania, jeste\u015bmy jeszcze bardziej ciekawi Ciebie i czekamy na spotkanie!<\/p>\n\n\n\n<p class=\"has-text-align-center has-text-color has-link-color wp-elements-a6901127f7a0200904786087f97c69e6\" style=\"color:#122a5e\"><strong>Wy\u015blij nam e-mail i powiedz, dlaczego chcesz do\u0142\u0105czy\u0107 do Certifqat: <a class=\"copy-email-js text-right  relative\" href=\"mailto:join@certifiqat.com\">join@certifiqat.com <span class=\" hidden absolute right-0 bottom-[100%] p-1 rounded-full bg-white font-normal text-c-grey-500\">Copied<\/span><\/a><\/strong><\/p>\n<\/div>\n\n\n\n<div class=\"wp-block-column is-layout-flow wp-block-column-is-layout-flow\" style=\"flex-basis:25%\"><\/div>\n<\/div>\n<\/div><\/div>\n","protected":false},"excerpt":{"rendered":"<p>Do\u015bwiadczony zesp\u00f3\u0142 Zesp\u00f3\u0142 Certifiqat mo\u017ce pochwali\u0107 si\u0119 wieloletnim do\u015bwiadczeniem w r\u00f3\u017cnych rolach biznesowych i widzieli\u015bmy wyzwanie, jakim jest skuteczne zarz\u0105dzanie i prezentowanie tych krytycznych dokument\u00f3w zaufania klientom, pracownikom i interesariuszom. Certifiqat AI \u0141\u0105cz\u0105c model j\u0119zykowy OpenAI z naszym stosem technologicznym, skutecznie t\u0142umaczymy tre\u015bci na ponad 15 j\u0119zyk\u00f3w i zapewniamy niezr\u00f3wnan\u0105 dost\u0119pno\u015b\u0107 dla odbiorc\u00f3w. Najpierw do\u015bwiadczenie<\/p>\n","protected":false},"author":3,"featured_media":0,"parent":0,"menu_order":0,"comment_status":"closed","ping_status":"closed","template":"page-about-us.php","meta":{"_acf_changed":false,"inline_featured_image":false,"footnotes":""},"class_list":["post-934","page","type-page","status-publish","hentry"],"acf":[],"yoast_head":"<!-- This site is optimized with the Yoast SEO plugin v27.4 - https:\/\/yoast.com\/product\/yoast-seo-wordpress\/ -->\n<title>About Us - Certifiqat.com<\/title>\n<meta name=\"robots\" content=\"index, follow, max-snippet:-1, max-image-preview:large, max-video-preview:-1\" \/>\n<link rel=\"canonical\" href=\"https:\/\/certifiqat.com\/pl\/about-us\/\" \/>\n<meta property=\"og:locale\" content=\"pl_PL\" \/>\n<meta property=\"og:type\" content=\"article\" \/>\n<meta property=\"og:title\" content=\"About Us - Certifiqat.com\" \/>\n<meta property=\"og:description\" content=\"Do\u015bwiadczony zesp\u00f3\u0142 Zesp\u00f3\u0142 Certifiqat mo\u017ce pochwali\u0107 si\u0119 wieloletnim do\u015bwiadczeniem w r\u00f3\u017cnych rolach biznesowych i widzieli\u015bmy wyzwanie, jakim jest skuteczne zarz\u0105dzanie i prezentowanie tych krytycznych dokument\u00f3w zaufania klientom, pracownikom i interesariuszom. Certifiqat AI \u0141\u0105cz\u0105c model j\u0119zykowy OpenAI z naszym stosem technologicznym, skutecznie t\u0142umaczymy tre\u015bci na ponad 15 j\u0119zyk\u00f3w i zapewniamy niezr\u00f3wnan\u0105 dost\u0119pno\u015b\u0107 dla odbiorc\u00f3w. Najpierw do\u015bwiadczenie\" \/>\n<meta property=\"og:url\" content=\"https:\/\/certifiqat.com\/pl\/about-us\/\" \/>\n<meta property=\"og:site_name\" content=\"Certifiqat.com\" \/>\n<meta property=\"article:modified_time\" content=\"2024-07-29T22:09:05+00:00\" \/>\n<meta name=\"twitter:card\" content=\"summary_large_image\" \/>\n<meta name=\"twitter:label1\" content=\"Szacowany czas czytania\" \/>\n\t<meta name=\"twitter:data1\" content=\"1 minuta\" \/>\n<script type=\"application\/ld+json\" class=\"yoast-schema-graph\">{\"@context\":\"https:\\\/\\\/schema.org\",\"@graph\":[{\"@type\":\"WebPage\",\"@id\":\"https:\\\/\\\/certifiqat.com\\\/pl\\\/about-us\\\/\",\"url\":\"https:\\\/\\\/certifiqat.com\\\/pl\\\/about-us\\\/\",\"name\":\"About Us - Certifiqat.com\",\"isPartOf\":{\"@id\":\"https:\\\/\\\/certifiqat.com\\\/pl\\\/#website\"},\"datePublished\":\"2024-04-23T08:18:33+00:00\",\"dateModified\":\"2024-07-29T22:09:05+00:00\",\"breadcrumb\":{\"@id\":\"https:\\\/\\\/certifiqat.com\\\/pl\\\/about-us\\\/#breadcrumb\"},\"inLanguage\":\"pl-PL\",\"potentialAction\":[{\"@type\":\"ReadAction\",\"target\":[\"https:\\\/\\\/certifiqat.com\\\/pl\\\/about-us\\\/\"]}]},{\"@type\":\"BreadcrumbList\",\"@id\":\"https:\\\/\\\/certifiqat.com\\\/pl\\\/about-us\\\/#breadcrumb\",\"itemListElement\":[{\"@type\":\"ListItem\",\"position\":1,\"name\":\"Home\",\"item\":\"https:\\\/\\\/certifiqat.com\\\/pl\\\/\"},{\"@type\":\"ListItem\",\"position\":2,\"name\":\"O nas\"}]},{\"@type\":\"WebSite\",\"@id\":\"https:\\\/\\\/certifiqat.com\\\/pl\\\/#website\",\"url\":\"https:\\\/\\\/certifiqat.com\\\/pl\\\/\",\"name\":\"certifiqat\",\"description\":\"\",\"potentialAction\":[{\"@type\":\"SearchAction\",\"target\":{\"@type\":\"EntryPoint\",\"urlTemplate\":\"https:\\\/\\\/certifiqat.com\\\/pl\\\/?s={search_term_string}\"},\"query-input\":{\"@type\":\"PropertyValueSpecification\",\"valueRequired\":true,\"valueName\":\"search_term_string\"}}],\"inLanguage\":\"pl-PL\"}]}<\/script>\n<!-- \/ Yoast SEO plugin. -->","yoast_head_json":{"title":"About Us - Certifiqat.com","robots":{"index":"index","follow":"follow","max-snippet":"max-snippet:-1","max-image-preview":"max-image-preview:large","max-video-preview":"max-video-preview:-1"},"canonical":"https:\/\/certifiqat.com\/pl\/about-us\/","og_locale":"pl_PL","og_type":"article","og_title":"About Us - Certifiqat.com","og_description":"Do\u015bwiadczony zesp\u00f3\u0142 Zesp\u00f3\u0142 Certifiqat mo\u017ce pochwali\u0107 si\u0119 wieloletnim do\u015bwiadczeniem w r\u00f3\u017cnych rolach biznesowych i widzieli\u015bmy wyzwanie, jakim jest skuteczne zarz\u0105dzanie i prezentowanie tych krytycznych dokument\u00f3w zaufania klientom, pracownikom i interesariuszom. Certifiqat AI \u0141\u0105cz\u0105c model j\u0119zykowy OpenAI z naszym stosem technologicznym, skutecznie t\u0142umaczymy tre\u015bci na ponad 15 j\u0119zyk\u00f3w i zapewniamy niezr\u00f3wnan\u0105 dost\u0119pno\u015b\u0107 dla odbiorc\u00f3w. Najpierw do\u015bwiadczenie","og_url":"https:\/\/certifiqat.com\/pl\/about-us\/","og_site_name":"Certifiqat.com","article_modified_time":"2024-07-29T22:09:05+00:00","twitter_card":"summary_large_image","twitter_misc":{"Szacowany czas czytania":"1 minuta"},"schema":{"@context":"https:\/\/schema.org","@graph":[{"@type":"WebPage","@id":"https:\/\/certifiqat.com\/pl\/about-us\/","url":"https:\/\/certifiqat.com\/pl\/about-us\/","name":"About Us - Certifiqat.com","isPartOf":{"@id":"https:\/\/certifiqat.com\/pl\/#website"},"datePublished":"2024-04-23T08:18:33+00:00","dateModified":"2024-07-29T22:09:05+00:00","breadcrumb":{"@id":"https:\/\/certifiqat.com\/pl\/about-us\/#breadcrumb"},"inLanguage":"pl-PL","potentialAction":[{"@type":"ReadAction","target":["https:\/\/certifiqat.com\/pl\/about-us\/"]}]},{"@type":"BreadcrumbList","@id":"https:\/\/certifiqat.com\/pl\/about-us\/#breadcrumb","itemListElement":[{"@type":"ListItem","position":1,"name":"Home","item":"https:\/\/certifiqat.com\/pl\/"},{"@type":"ListItem","position":2,"name":"O nas"}]},{"@type":"WebSite","@id":"https:\/\/certifiqat.com\/pl\/#website","url":"https:\/\/certifiqat.com\/pl\/","name":"certifiqat","description":"","potentialAction":[{"@type":"SearchAction","target":{"@type":"EntryPoint","urlTemplate":"https:\/\/certifiqat.com\/pl\/?s={search_term_string}"},"query-input":{"@type":"PropertyValueSpecification","valueRequired":true,"valueName":"search_term_string"}}],"inLanguage":"pl-PL"}]}},"_links":{"self":[{"href":"https:\/\/certifiqat.com\/pl\/wp-json\/wp\/v2\/pages\/934","targetHints":{"allow":["GET"]}}],"collection":[{"href":"https:\/\/certifiqat.com\/pl\/wp-json\/wp\/v2\/pages"}],"about":[{"href":"https:\/\/certifiqat.com\/pl\/wp-json\/wp\/v2\/types\/page"}],"author":[{"embeddable":true,"href":"https:\/\/certifiqat.com\/pl\/wp-json\/wp\/v2\/users\/3"}],"replies":[{"embeddable":true,"href":"https:\/\/certifiqat.com\/pl\/wp-json\/wp\/v2\/comments?post=934"}],"version-history":[{"count":0,"href":"https:\/\/certifiqat.com\/pl\/wp-json\/wp\/v2\/pages\/934\/revisions"}],"wp:attachment":[{"href":"https:\/\/certifiqat.com\/pl\/wp-json\/wp\/v2\/media?parent=934"}],"curies":[{"name":"wp","href":"https:\/\/api.w.org\/{rel}","templated":true}]}}