{"id":5943,"date":"2024-08-06T11:48:25","date_gmt":"2024-08-06T11:48:25","guid":{"rendered":"https:\/\/certifiqat.com\/invoice-billing-copy-copy\/"},"modified":"2024-08-23T17:17:34","modified_gmt":"2024-08-23T17:17:34","slug":"add-your-consultancy-firm","status":"publish","type":"page","link":"https:\/\/certifiqat.com\/pl\/add-your-consultancy-firm\/","title":{"rendered":"Dodaj swoj\u0105 firm\u0119 konsultingow\u0105"},"content":{"rendered":"\n<h1 class=\"wp-block-heading\">Dodaj swoj\u0105 firm\u0119 konsultingow\u0105<\/h1>\n\n\n\n<p>Dodaj swoj\u0105 firm\u0119 do naszej nowo uruchomionej bazy danych\/wyszukiwarki <a href=\"https:\/\/certifiqat.com\/consultants\/\">firm konsultingowych<\/a>.<\/p>\n\n\n\n<p>Wy\u015blij nam wiadomo\u015b\u0107 e-mail z kr\u00f3tkim opisem Twojej firmy i \u015bwiadczonych przez Ciebie us\u0142ug. Skontaktujemy si\u0119 z Tob\u0105 w celu zatwierdzenia i dalszych instrukcji.<\/p>\n\n\n\n<p>Skontaktuj si\u0119 z <a href=\"mailto:partner@certifiqat.com\">partner@certifiqat.com<\/a> ju\u017c dzi\u015b!<\/p>\n","protected":false},"excerpt":{"rendered":"<p>Dodaj swoj\u0105 firm\u0119 konsultingow\u0105 Dodaj swoj\u0105 firm\u0119 do naszej nowo uruchomionej bazy danych\/wyszukiwarki firm konsultingowych. Wy\u015blij nam wiadomo\u015b\u0107 e-mail z kr\u00f3tkim opisem Twojej firmy i \u015bwiadczonych przez Ciebie us\u0142ug. Skontaktujemy si\u0119 z Tob\u0105 w celu zatwierdzenia i dalszych instrukcji. Skontaktuj si\u0119 z partner@certifiqat.com ju\u017c dzi\u015b!<\/p>\n","protected":false},"author":3,"featured_media":1407,"parent":0,"menu_order":0,"comment_status":"closed","ping_status":"closed","template":"","meta":{"_acf_changed":false,"inline_featured_image":false,"footnotes":""},"class_list":["post-5943","page","type-page","status-publish","has-post-thumbnail","hentry"],"acf":[],"yoast_head":"<!-- This site is optimized with the Yoast SEO plugin v27.4 - https:\/\/yoast.com\/product\/yoast-seo-wordpress\/ -->\n<title>Dodaj swoj\u0105 firm\u0119 konsultingow\u0105 - Certifiqat.com<\/title>\n<meta name=\"robots\" content=\"index, follow, max-snippet:-1, max-image-preview:large, max-video-preview:-1\" \/>\n<link rel=\"canonical\" href=\"https:\/\/certifiqat.com\/pl\/add-your-consultancy-firm\/\" \/>\n<meta property=\"og:locale\" content=\"pl_PL\" \/>\n<meta property=\"og:type\" content=\"article\" \/>\n<meta property=\"og:title\" content=\"Dodaj swoj\u0105 firm\u0119 konsultingow\u0105 - Certifiqat.com\" \/>\n<meta property=\"og:description\" content=\"Dodaj swoj\u0105 firm\u0119 konsultingow\u0105 Dodaj swoj\u0105 firm\u0119 do naszej nowo uruchomionej bazy danych\/wyszukiwarki firm konsultingowych. Wy\u015blij nam wiadomo\u015b\u0107 e-mail z kr\u00f3tkim opisem Twojej firmy i \u015bwiadczonych przez Ciebie us\u0142ug. Skontaktujemy si\u0119 z Tob\u0105 w celu zatwierdzenia i dalszych instrukcji. Skontaktuj si\u0119 z partner@certifiqat.com ju\u017c dzi\u015b!\" \/>\n<meta property=\"og:url\" content=\"https:\/\/certifiqat.com\/pl\/add-your-consultancy-firm\/\" \/>\n<meta property=\"og:site_name\" content=\"Certifiqat.com\" \/>\n<meta property=\"article:modified_time\" content=\"2024-08-23T17:17:34+00:00\" \/>\n<meta property=\"og:image\" content=\"https:\/\/certifiqat.com\/wp-content\/uploads\/yoav-aziz-tKCd-IWc4gI-unsplash.jpg\" \/>\n\t<meta property=\"og:image:width\" content=\"820\" \/>\n\t<meta property=\"og:image:height\" content=\"461\" \/>\n\t<meta property=\"og:image:type\" content=\"image\/jpeg\" \/>\n<meta name=\"twitter:card\" content=\"summary_large_image\" \/>\n<meta name=\"twitter:label1\" content=\"Szacowany czas czytania\" \/>\n\t<meta name=\"twitter:data1\" content=\"1 minuta\" \/>\n<script type=\"application\/ld+json\" class=\"yoast-schema-graph\">{\"@context\":\"https:\\\/\\\/schema.org\",\"@graph\":[{\"@type\":\"WebPage\",\"@id\":\"https:\\\/\\\/certifiqat.com\\\/pl\\\/add-your-consultancy-firm\\\/\",\"url\":\"https:\\\/\\\/certifiqat.com\\\/pl\\\/add-your-consultancy-firm\\\/\",\"name\":\"Dodaj swoj\u0105 firm\u0119 konsultingow\u0105 - Certifiqat.com\",\"isPartOf\":{\"@id\":\"https:\\\/\\\/certifiqat.com\\\/pl\\\/#website\"},\"primaryImageOfPage\":{\"@id\":\"https:\\\/\\\/certifiqat.com\\\/pl\\\/add-your-consultancy-firm\\\/#primaryimage\"},\"image\":{\"@id\":\"https:\\\/\\\/certifiqat.com\\\/pl\\\/add-your-consultancy-firm\\\/#primaryimage\"},\"thumbnailUrl\":\"https:\\\/\\\/certifiqat.com\\\/wp-content\\\/uploads\\\/yoav-aziz-tKCd-IWc4gI-unsplash.jpg\",\"datePublished\":\"2024-08-06T11:48:25+00:00\",\"dateModified\":\"2024-08-23T17:17:34+00:00\",\"breadcrumb\":{\"@id\":\"https:\\\/\\\/certifiqat.com\\\/pl\\\/add-your-consultancy-firm\\\/#breadcrumb\"},\"inLanguage\":\"pl-PL\",\"potentialAction\":[{\"@type\":\"ReadAction\",\"target\":[\"https:\\\/\\\/certifiqat.com\\\/pl\\\/add-your-consultancy-firm\\\/\"]}]},{\"@type\":\"ImageObject\",\"inLanguage\":\"pl-PL\",\"@id\":\"https:\\\/\\\/certifiqat.com\\\/pl\\\/add-your-consultancy-firm\\\/#primaryimage\",\"url\":\"https:\\\/\\\/certifiqat.com\\\/wp-content\\\/uploads\\\/yoav-aziz-tKCd-IWc4gI-unsplash.jpg\",\"contentUrl\":\"https:\\\/\\\/certifiqat.com\\\/wp-content\\\/uploads\\\/yoav-aziz-tKCd-IWc4gI-unsplash.jpg\",\"width\":820,\"height\":461},{\"@type\":\"BreadcrumbList\",\"@id\":\"https:\\\/\\\/certifiqat.com\\\/pl\\\/add-your-consultancy-firm\\\/#breadcrumb\",\"itemListElement\":[{\"@type\":\"ListItem\",\"position\":1,\"name\":\"Home\",\"item\":\"https:\\\/\\\/certifiqat.com\\\/pl\\\/\"},{\"@type\":\"ListItem\",\"position\":2,\"name\":\"Dodaj swoj\u0105 firm\u0119 konsultingow\u0105\"}]},{\"@type\":\"WebSite\",\"@id\":\"https:\\\/\\\/certifiqat.com\\\/pl\\\/#website\",\"url\":\"https:\\\/\\\/certifiqat.com\\\/pl\\\/\",\"name\":\"certifiqat\",\"description\":\"\",\"potentialAction\":[{\"@type\":\"SearchAction\",\"target\":{\"@type\":\"EntryPoint\",\"urlTemplate\":\"https:\\\/\\\/certifiqat.com\\\/pl\\\/?s={search_term_string}\"},\"query-input\":{\"@type\":\"PropertyValueSpecification\",\"valueRequired\":true,\"valueName\":\"search_term_string\"}}],\"inLanguage\":\"pl-PL\"}]}<\/script>\n<!-- \/ Yoast SEO plugin. -->","yoast_head_json":{"title":"Dodaj swoj\u0105 firm\u0119 konsultingow\u0105 - Certifiqat.com","robots":{"index":"index","follow":"follow","max-snippet":"max-snippet:-1","max-image-preview":"max-image-preview:large","max-video-preview":"max-video-preview:-1"},"canonical":"https:\/\/certifiqat.com\/pl\/add-your-consultancy-firm\/","og_locale":"pl_PL","og_type":"article","og_title":"Dodaj swoj\u0105 firm\u0119 konsultingow\u0105 - Certifiqat.com","og_description":"Dodaj swoj\u0105 firm\u0119 konsultingow\u0105 Dodaj swoj\u0105 firm\u0119 do naszej nowo uruchomionej bazy danych\/wyszukiwarki firm konsultingowych. Wy\u015blij nam wiadomo\u015b\u0107 e-mail z kr\u00f3tkim opisem Twojej firmy i \u015bwiadczonych przez Ciebie us\u0142ug. Skontaktujemy si\u0119 z Tob\u0105 w celu zatwierdzenia i dalszych instrukcji. Skontaktuj si\u0119 z partner@certifiqat.com ju\u017c dzi\u015b!","og_url":"https:\/\/certifiqat.com\/pl\/add-your-consultancy-firm\/","og_site_name":"Certifiqat.com","article_modified_time":"2024-08-23T17:17:34+00:00","og_image":[{"width":820,"height":461,"url":"https:\/\/certifiqat.com\/wp-content\/uploads\/yoav-aziz-tKCd-IWc4gI-unsplash.jpg","type":"image\/jpeg"}],"twitter_card":"summary_large_image","twitter_misc":{"Szacowany czas czytania":"1 minuta"},"schema":{"@context":"https:\/\/schema.org","@graph":[{"@type":"WebPage","@id":"https:\/\/certifiqat.com\/pl\/add-your-consultancy-firm\/","url":"https:\/\/certifiqat.com\/pl\/add-your-consultancy-firm\/","name":"Dodaj swoj\u0105 firm\u0119 konsultingow\u0105 - Certifiqat.com","isPartOf":{"@id":"https:\/\/certifiqat.com\/pl\/#website"},"primaryImageOfPage":{"@id":"https:\/\/certifiqat.com\/pl\/add-your-consultancy-firm\/#primaryimage"},"image":{"@id":"https:\/\/certifiqat.com\/pl\/add-your-consultancy-firm\/#primaryimage"},"thumbnailUrl":"https:\/\/certifiqat.com\/wp-content\/uploads\/yoav-aziz-tKCd-IWc4gI-unsplash.jpg","datePublished":"2024-08-06T11:48:25+00:00","dateModified":"2024-08-23T17:17:34+00:00","breadcrumb":{"@id":"https:\/\/certifiqat.com\/pl\/add-your-consultancy-firm\/#breadcrumb"},"inLanguage":"pl-PL","potentialAction":[{"@type":"ReadAction","target":["https:\/\/certifiqat.com\/pl\/add-your-consultancy-firm\/"]}]},{"@type":"ImageObject","inLanguage":"pl-PL","@id":"https:\/\/certifiqat.com\/pl\/add-your-consultancy-firm\/#primaryimage","url":"https:\/\/certifiqat.com\/wp-content\/uploads\/yoav-aziz-tKCd-IWc4gI-unsplash.jpg","contentUrl":"https:\/\/certifiqat.com\/wp-content\/uploads\/yoav-aziz-tKCd-IWc4gI-unsplash.jpg","width":820,"height":461},{"@type":"BreadcrumbList","@id":"https:\/\/certifiqat.com\/pl\/add-your-consultancy-firm\/#breadcrumb","itemListElement":[{"@type":"ListItem","position":1,"name":"Home","item":"https:\/\/certifiqat.com\/pl\/"},{"@type":"ListItem","position":2,"name":"Dodaj swoj\u0105 firm\u0119 konsultingow\u0105"}]},{"@type":"WebSite","@id":"https:\/\/certifiqat.com\/pl\/#website","url":"https:\/\/certifiqat.com\/pl\/","name":"certifiqat","description":"","potentialAction":[{"@type":"SearchAction","target":{"@type":"EntryPoint","urlTemplate":"https:\/\/certifiqat.com\/pl\/?s={search_term_string}"},"query-input":{"@type":"PropertyValueSpecification","valueRequired":true,"valueName":"search_term_string"}}],"inLanguage":"pl-PL"}]}},"_links":{"self":[{"href":"https:\/\/certifiqat.com\/pl\/wp-json\/wp\/v2\/pages\/5943","targetHints":{"allow":["GET"]}}],"collection":[{"href":"https:\/\/certifiqat.com\/pl\/wp-json\/wp\/v2\/pages"}],"about":[{"href":"https:\/\/certifiqat.com\/pl\/wp-json\/wp\/v2\/types\/page"}],"author":[{"embeddable":true,"href":"https:\/\/certifiqat.com\/pl\/wp-json\/wp\/v2\/users\/3"}],"replies":[{"embeddable":true,"href":"https:\/\/certifiqat.com\/pl\/wp-json\/wp\/v2\/comments?post=5943"}],"version-history":[{"count":0,"href":"https:\/\/certifiqat.com\/pl\/wp-json\/wp\/v2\/pages\/5943\/revisions"}],"wp:featuredmedia":[{"embeddable":true,"href":"https:\/\/certifiqat.com\/pl\/wp-json\/wp\/v2\/media\/1407"}],"wp:attachment":[{"href":"https:\/\/certifiqat.com\/pl\/wp-json\/wp\/v2\/media?parent=5943"}],"curies":[{"name":"wp","href":"https:\/\/api.w.org\/{rel}","templated":true}]}}