{"id":5928,"date":"2024-08-06T11:48:15","date_gmt":"2024-08-06T11:48:15","guid":{"rendered":"https:\/\/certifiqat.com\/invoice-billing-copy\/"},"modified":"2024-08-23T11:18:21","modified_gmt":"2024-08-23T11:18:21","slug":"become-consultancy-partner","status":"publish","type":"page","link":"https:\/\/certifiqat.com\/pl\/become-consultancy-partner\/","title":{"rendered":"Zosta\u0144 partnerem konsultingowym"},"content":{"rendered":"\n<h1 class=\"wp-block-heading\">Zosta\u0144 partnerem konsultingowym<\/h1>\n\n\n\n<h3 class=\"wp-block-heading\">Zosta\u0144 partnerem Certifiqat: Podnie\u015b poziom certyfikacji swoich klient\u00f3w<\/h3>\n\n\n\n<p>W Certifiqat jeste\u015bmy zaanga\u017cowani w tworzenie najwi\u0119kszej na \u015bwiecie bazy danych certyfikowanych firm, a tak\u017ce w zmian\u0119 sposobu, w jaki firmy zarz\u0105dzaj\u0105 i prezentuj\u0105 swoje certyfikaty. Zapraszamy konsultant\u00f3w i firmy doradcze do wsp\u00f3\u0142pracy z nami i oferowania swoim klientom ogromnej warto\u015bci w ich podr\u00f3\u017cy certyfikacyjnej.<\/p>\n\n\n\n<p><strong>Dlaczego warto wsp\u00f3\u0142pracowa\u0107 z Certifiqat?<\/strong><\/p>\n\n\n\n<ul class=\"wp-block-list\">\n<li><strong>Wzboga\u0107 swoj\u0105 ofert\u0119 dla klient\u00f3w:<\/strong> Integruj\u0105c platform\u0119 Certifiqat z us\u0142ugami doradczymi, zapewniasz swoim klientom najnowocze\u015bniejsze rozwi\u0105zanie do prezentacji ich certyfikat\u00f3w.<\/li>\n\n\n\n<li><strong>Daj swoim klientom przegl\u0105d:<\/strong> Nasza platforma upraszcza proces organizowania, aktualizowania i prezentowania dokument\u00f3w certyfikacyjnych.<\/li>\n\n\n\n<li><strong>Rozw\u00f3j oparty na wsp\u00f3\u0142pracy:<\/strong> Jako partner Certifiqat zyskujesz dost\u0119p do ekskluzywnych zasob\u00f3w, szkole\u0144 i wsparcia. Dok\u0142adamy wszelkich stara\u0144, aby pom\u00f3c Ci odnie\u015b\u0107 sukces i rozwija\u0107 si\u0119 razem z nami, zapewniaj\u0105c, \u017ce nasza wsp\u00f3\u0142praca jest korzystna dla obu stron.<\/li>\n<\/ul>\n\n\n\n<p><strong>Jak to dzia\u0142a<\/strong><\/p>\n\n\n\n<p>Wsp\u00f3\u0142praca z Certifiqat jest prosta. Zapewniamy narz\u0119dzia i wsparcie potrzebne do zaprezentowania naszej platformy klientom. Wsp\u00f3lnie mo\u017cemy zaoferowa\u0107 Twoim klientom p\u0142ynne do\u015bwiadczenie w zarz\u0105dzaniu i prezentowaniu ich certyfikat\u00f3w, wyr\u00f3\u017cniaj\u0105c ich na konkurencyjnym rynku.<\/p>\n\n\n\n<p><strong>Skontaktuj si\u0119 z nami<\/strong><\/p>\n\n\n\n<p>Gotowy, aby doda\u0107 znacz\u0105c\u0105 warto\u015b\u0107 dla swoich klient\u00f3w? <a href=\"https:\/\/certifiqat.com\/contact\/\">Skontaktuj si\u0119 z nami ju\u017c dzi\u015b<\/a>, aby zbada\u0107 mo\u017cliwo\u015bci partnerstwa i dowiedzie\u0107 si\u0119, w jaki spos\u00f3b Certifiqat mo\u017ce uzupe\u0142ni\u0107 i ulepszy\u0107 Twoj\u0105 ofert\u0119 biznesow\u0105.<\/p>\n","protected":false},"excerpt":{"rendered":"<p>Zosta\u0144 partnerem konsultingowym Zosta\u0144 partnerem Certifiqat: Podnie\u015b poziom certyfikacji swoich klient\u00f3w W Certifiqat jeste\u015bmy zaanga\u017cowani w tworzenie najwi\u0119kszej na \u015bwiecie bazy danych certyfikowanych firm, a tak\u017ce w zmian\u0119 sposobu, w jaki firmy zarz\u0105dzaj\u0105 i prezentuj\u0105 swoje certyfikaty. Zapraszamy konsultant\u00f3w i firmy doradcze do wsp\u00f3\u0142pracy z nami i oferowania swoim klientom ogromnej warto\u015bci w ich podr\u00f3\u017cy<\/p>\n","protected":false},"author":3,"featured_media":1407,"parent":0,"menu_order":0,"comment_status":"closed","ping_status":"closed","template":"","meta":{"_acf_changed":false,"inline_featured_image":false,"footnotes":""},"class_list":["post-5928","page","type-page","status-publish","has-post-thumbnail","hentry"],"acf":[],"yoast_head":"<!-- This site is optimized with the Yoast SEO plugin v27.4 - https:\/\/yoast.com\/product\/yoast-seo-wordpress\/ -->\n<title>Zosta\u0144 partnerem konsultingowym - Certifiqat.com<\/title>\n<meta name=\"robots\" content=\"index, follow, max-snippet:-1, max-image-preview:large, max-video-preview:-1\" \/>\n<link rel=\"canonical\" href=\"https:\/\/certifiqat.com\/pl\/become-consultancy-partner\/\" \/>\n<meta property=\"og:locale\" content=\"pl_PL\" \/>\n<meta property=\"og:type\" content=\"article\" \/>\n<meta property=\"og:title\" content=\"Zosta\u0144 partnerem konsultingowym - Certifiqat.com\" \/>\n<meta property=\"og:description\" content=\"Zosta\u0144 partnerem konsultingowym Zosta\u0144 partnerem Certifiqat: Podnie\u015b poziom certyfikacji swoich klient\u00f3w W Certifiqat jeste\u015bmy zaanga\u017cowani w tworzenie najwi\u0119kszej na \u015bwiecie bazy danych certyfikowanych firm, a tak\u017ce w zmian\u0119 sposobu, w jaki firmy zarz\u0105dzaj\u0105 i prezentuj\u0105 swoje certyfikaty. Zapraszamy konsultant\u00f3w i firmy doradcze do wsp\u00f3\u0142pracy z nami i oferowania swoim klientom ogromnej warto\u015bci w ich podr\u00f3\u017cy\" \/>\n<meta property=\"og:url\" content=\"https:\/\/certifiqat.com\/pl\/become-consultancy-partner\/\" \/>\n<meta property=\"og:site_name\" content=\"Certifiqat.com\" \/>\n<meta property=\"article:modified_time\" content=\"2024-08-23T11:18:21+00:00\" \/>\n<meta property=\"og:image\" content=\"https:\/\/certifiqat.com\/wp-content\/uploads\/yoav-aziz-tKCd-IWc4gI-unsplash.jpg\" \/>\n\t<meta property=\"og:image:width\" content=\"820\" \/>\n\t<meta property=\"og:image:height\" content=\"461\" \/>\n\t<meta property=\"og:image:type\" content=\"image\/jpeg\" \/>\n<meta name=\"twitter:card\" content=\"summary_large_image\" \/>\n<meta name=\"twitter:label1\" content=\"Szacowany czas czytania\" \/>\n\t<meta name=\"twitter:data1\" content=\"2 minuty\" \/>\n<script type=\"application\/ld+json\" class=\"yoast-schema-graph\">{\"@context\":\"https:\\\/\\\/schema.org\",\"@graph\":[{\"@type\":\"WebPage\",\"@id\":\"https:\\\/\\\/certifiqat.com\\\/pl\\\/become-consultancy-partner\\\/\",\"url\":\"https:\\\/\\\/certifiqat.com\\\/pl\\\/become-consultancy-partner\\\/\",\"name\":\"Zosta\u0144 partnerem konsultingowym - Certifiqat.com\",\"isPartOf\":{\"@id\":\"https:\\\/\\\/certifiqat.com\\\/pl\\\/#website\"},\"primaryImageOfPage\":{\"@id\":\"https:\\\/\\\/certifiqat.com\\\/pl\\\/become-consultancy-partner\\\/#primaryimage\"},\"image\":{\"@id\":\"https:\\\/\\\/certifiqat.com\\\/pl\\\/become-consultancy-partner\\\/#primaryimage\"},\"thumbnailUrl\":\"https:\\\/\\\/certifiqat.com\\\/wp-content\\\/uploads\\\/yoav-aziz-tKCd-IWc4gI-unsplash.jpg\",\"datePublished\":\"2024-08-06T11:48:15+00:00\",\"dateModified\":\"2024-08-23T11:18:21+00:00\",\"breadcrumb\":{\"@id\":\"https:\\\/\\\/certifiqat.com\\\/pl\\\/become-consultancy-partner\\\/#breadcrumb\"},\"inLanguage\":\"pl-PL\",\"potentialAction\":[{\"@type\":\"ReadAction\",\"target\":[\"https:\\\/\\\/certifiqat.com\\\/pl\\\/become-consultancy-partner\\\/\"]}]},{\"@type\":\"ImageObject\",\"inLanguage\":\"pl-PL\",\"@id\":\"https:\\\/\\\/certifiqat.com\\\/pl\\\/become-consultancy-partner\\\/#primaryimage\",\"url\":\"https:\\\/\\\/certifiqat.com\\\/wp-content\\\/uploads\\\/yoav-aziz-tKCd-IWc4gI-unsplash.jpg\",\"contentUrl\":\"https:\\\/\\\/certifiqat.com\\\/wp-content\\\/uploads\\\/yoav-aziz-tKCd-IWc4gI-unsplash.jpg\",\"width\":820,\"height\":461},{\"@type\":\"BreadcrumbList\",\"@id\":\"https:\\\/\\\/certifiqat.com\\\/pl\\\/become-consultancy-partner\\\/#breadcrumb\",\"itemListElement\":[{\"@type\":\"ListItem\",\"position\":1,\"name\":\"Home\",\"item\":\"https:\\\/\\\/certifiqat.com\\\/pl\\\/\"},{\"@type\":\"ListItem\",\"position\":2,\"name\":\"Zosta\u0144 partnerem konsultingowym\"}]},{\"@type\":\"WebSite\",\"@id\":\"https:\\\/\\\/certifiqat.com\\\/pl\\\/#website\",\"url\":\"https:\\\/\\\/certifiqat.com\\\/pl\\\/\",\"name\":\"certifiqat\",\"description\":\"\",\"potentialAction\":[{\"@type\":\"SearchAction\",\"target\":{\"@type\":\"EntryPoint\",\"urlTemplate\":\"https:\\\/\\\/certifiqat.com\\\/pl\\\/?s={search_term_string}\"},\"query-input\":{\"@type\":\"PropertyValueSpecification\",\"valueRequired\":true,\"valueName\":\"search_term_string\"}}],\"inLanguage\":\"pl-PL\"}]}<\/script>\n<!-- \/ Yoast SEO plugin. -->","yoast_head_json":{"title":"Zosta\u0144 partnerem konsultingowym - Certifiqat.com","robots":{"index":"index","follow":"follow","max-snippet":"max-snippet:-1","max-image-preview":"max-image-preview:large","max-video-preview":"max-video-preview:-1"},"canonical":"https:\/\/certifiqat.com\/pl\/become-consultancy-partner\/","og_locale":"pl_PL","og_type":"article","og_title":"Zosta\u0144 partnerem konsultingowym - Certifiqat.com","og_description":"Zosta\u0144 partnerem konsultingowym Zosta\u0144 partnerem Certifiqat: Podnie\u015b poziom certyfikacji swoich klient\u00f3w W Certifiqat jeste\u015bmy zaanga\u017cowani w tworzenie najwi\u0119kszej na \u015bwiecie bazy danych certyfikowanych firm, a tak\u017ce w zmian\u0119 sposobu, w jaki firmy zarz\u0105dzaj\u0105 i prezentuj\u0105 swoje certyfikaty. Zapraszamy konsultant\u00f3w i firmy doradcze do wsp\u00f3\u0142pracy z nami i oferowania swoim klientom ogromnej warto\u015bci w ich podr\u00f3\u017cy","og_url":"https:\/\/certifiqat.com\/pl\/become-consultancy-partner\/","og_site_name":"Certifiqat.com","article_modified_time":"2024-08-23T11:18:21+00:00","og_image":[{"width":820,"height":461,"url":"https:\/\/certifiqat.com\/wp-content\/uploads\/yoav-aziz-tKCd-IWc4gI-unsplash.jpg","type":"image\/jpeg"}],"twitter_card":"summary_large_image","twitter_misc":{"Szacowany czas czytania":"2 minuty"},"schema":{"@context":"https:\/\/schema.org","@graph":[{"@type":"WebPage","@id":"https:\/\/certifiqat.com\/pl\/become-consultancy-partner\/","url":"https:\/\/certifiqat.com\/pl\/become-consultancy-partner\/","name":"Zosta\u0144 partnerem konsultingowym - Certifiqat.com","isPartOf":{"@id":"https:\/\/certifiqat.com\/pl\/#website"},"primaryImageOfPage":{"@id":"https:\/\/certifiqat.com\/pl\/become-consultancy-partner\/#primaryimage"},"image":{"@id":"https:\/\/certifiqat.com\/pl\/become-consultancy-partner\/#primaryimage"},"thumbnailUrl":"https:\/\/certifiqat.com\/wp-content\/uploads\/yoav-aziz-tKCd-IWc4gI-unsplash.jpg","datePublished":"2024-08-06T11:48:15+00:00","dateModified":"2024-08-23T11:18:21+00:00","breadcrumb":{"@id":"https:\/\/certifiqat.com\/pl\/become-consultancy-partner\/#breadcrumb"},"inLanguage":"pl-PL","potentialAction":[{"@type":"ReadAction","target":["https:\/\/certifiqat.com\/pl\/become-consultancy-partner\/"]}]},{"@type":"ImageObject","inLanguage":"pl-PL","@id":"https:\/\/certifiqat.com\/pl\/become-consultancy-partner\/#primaryimage","url":"https:\/\/certifiqat.com\/wp-content\/uploads\/yoav-aziz-tKCd-IWc4gI-unsplash.jpg","contentUrl":"https:\/\/certifiqat.com\/wp-content\/uploads\/yoav-aziz-tKCd-IWc4gI-unsplash.jpg","width":820,"height":461},{"@type":"BreadcrumbList","@id":"https:\/\/certifiqat.com\/pl\/become-consultancy-partner\/#breadcrumb","itemListElement":[{"@type":"ListItem","position":1,"name":"Home","item":"https:\/\/certifiqat.com\/pl\/"},{"@type":"ListItem","position":2,"name":"Zosta\u0144 partnerem konsultingowym"}]},{"@type":"WebSite","@id":"https:\/\/certifiqat.com\/pl\/#website","url":"https:\/\/certifiqat.com\/pl\/","name":"certifiqat","description":"","potentialAction":[{"@type":"SearchAction","target":{"@type":"EntryPoint","urlTemplate":"https:\/\/certifiqat.com\/pl\/?s={search_term_string}"},"query-input":{"@type":"PropertyValueSpecification","valueRequired":true,"valueName":"search_term_string"}}],"inLanguage":"pl-PL"}]}},"_links":{"self":[{"href":"https:\/\/certifiqat.com\/pl\/wp-json\/wp\/v2\/pages\/5928","targetHints":{"allow":["GET"]}}],"collection":[{"href":"https:\/\/certifiqat.com\/pl\/wp-json\/wp\/v2\/pages"}],"about":[{"href":"https:\/\/certifiqat.com\/pl\/wp-json\/wp\/v2\/types\/page"}],"author":[{"embeddable":true,"href":"https:\/\/certifiqat.com\/pl\/wp-json\/wp\/v2\/users\/3"}],"replies":[{"embeddable":true,"href":"https:\/\/certifiqat.com\/pl\/wp-json\/wp\/v2\/comments?post=5928"}],"version-history":[{"count":0,"href":"https:\/\/certifiqat.com\/pl\/wp-json\/wp\/v2\/pages\/5928\/revisions"}],"wp:featuredmedia":[{"embeddable":true,"href":"https:\/\/certifiqat.com\/pl\/wp-json\/wp\/v2\/media\/1407"}],"wp:attachment":[{"href":"https:\/\/certifiqat.com\/pl\/wp-json\/wp\/v2\/media?parent=5928"}],"curies":[{"name":"wp","href":"https:\/\/api.w.org\/{rel}","templated":true}]}}