{"id":4223,"date":"2024-06-18T06:54:47","date_gmt":"2024-06-18T06:54:47","guid":{"rendered":"https:\/\/certifiqat.com\/client-zone\/"},"modified":"2024-08-23T11:28:19","modified_gmt":"2024-08-23T11:28:19","slug":"the-certifiqat-badge","status":"publish","type":"page","link":"https:\/\/certifiqat.com\/pl\/the-certifiqat-badge\/","title":{"rendered":"Odznaka certyfikacyjna"},"content":{"rendered":"\n<h1 class=\"wp-block-heading\">Odznaka Certifiqat &#8211; po\u0142\u0105cz swoj\u0105 firm\u0119<\/h1>\n\n\n\n<figure class=\"wp-block-image size-full\"><img loading=\"lazy\" decoding=\"async\" width=\"1500\" height=\"492\" src=\"https:\/\/certifiqat.com\/wp-content\/uploads\/client-zone.png\" alt=\"\" class=\"wp-image-7222\" style=\"object-fit:cover\" srcset=\"https:\/\/certifiqat.com\/wp-content\/uploads\/client-zone.png 1500w, https:\/\/certifiqat.com\/wp-content\/uploads\/client-zone-300x98.png 300w, https:\/\/certifiqat.com\/wp-content\/uploads\/client-zone-768x252.png 768w, https:\/\/certifiqat.com\/wp-content\/uploads\/client-zone-1024x336.png 1024w\" sizes=\"auto, (max-width: 1500px) 100vw, 1500px\" \/><\/figure>\n\n\n\n<p><strong>Po\u0142\u0105cz swoj\u0105 firm\u0119 i stron\u0119 internetow\u0105 z profilem firmy<\/strong> za pomoc\u0105 naszej plakietki, kt\u00f3r\u0105 mo\u017cna pobra\u0107 poni\u017cej. Po\u0142\u0105cz odznak\u0119 bezpo\u015brednio ze swoim profilem, odwiedzaj\u0105c sw\u00f3j profil i kopiuj\u0105c adres URL profilu w przegl\u0105darce.<\/p>\n\n\n\n<h3 class=\"wp-block-heading\">U\u017cycie:<\/h3>\n\n\n\n<p>U\u017cyj plakietki w dowolny spos\u00f3b, kt\u00f3ry uznasz za najbardziej efektywny. Wiele firm umieszcza odznak\u0119 w <strong>stopce<\/strong> strony internetowej i w <strong>podpisie<\/strong> wiadomo\u015bci e-mail, aby mie\u0107 pewno\u015b\u0107, \u017ce obecni i potencjalni klienci si\u0119 o niej dowiedz\u0105.<\/p>\n\n\n\n<div style=\"height:10px\" aria-hidden=\"true\" class=\"wp-block-spacer\"><\/div>\n\n\n\n<hr class=\"wp-block-separator has-text-color has-alpha-channel-opacity has-background is-style-default\" style=\"background-color:#dfdfdf;color:#dfdfdf\"\/>\n\n\n\n<div style=\"height:30px\" aria-hidden=\"true\" class=\"wp-block-spacer\"><\/div>\n\n\n\n<div class=\"wp-block-columns is-layout-flex wp-container-core-columns-is-layout-9d6595d7 wp-block-columns-is-layout-flex\">\n<div class=\"wp-block-column is-layout-flow wp-block-column-is-layout-flow\">\n<h4 class=\"wp-block-heading\">Jasna plakietka<\/h4>\n\n\n\n<p>U\u017cywaj na ciemniejszych kolorach t\u0142a, aby plakietka wyr\u00f3\u017cnia\u0142a si\u0119 i zosta\u0142a zauwa\u017cona.<\/p>\n\n\n\n<figure class=\"wp-block-image size-full is-resized\"><img loading=\"lazy\" decoding=\"async\" width=\"1000\" height=\"333\" src=\"https:\/\/certifiqat.com\/wp-content\/uploads\/Certfiqat-Badge-White-Grey-Stroke-1000x333-1.png\" alt=\"\" class=\"wp-image-2049\" style=\"width:200px;height:auto\" srcset=\"https:\/\/certifiqat.com\/wp-content\/uploads\/Certfiqat-Badge-White-Grey-Stroke-1000x333-1.png 1000w, https:\/\/certifiqat.com\/wp-content\/uploads\/Certfiqat-Badge-White-Grey-Stroke-1000x333-1-300x100.png 300w, https:\/\/certifiqat.com\/wp-content\/uploads\/Certfiqat-Badge-White-Grey-Stroke-1000x333-1-768x256.png 768w\" sizes=\"auto, (max-width: 1000px) 100vw, 1000px\" \/><\/figure>\n\n\n\n<p><strong>PNG<\/strong> &#8211; <a download=\"\" href=\"https:\/\/certifiqat.com\/wp-content\/uploads\/Certifiqat-Badge-Wh-Grey-2500x836-1.png\">pobierz Light Badge jako plik .PNG tutaj<\/a><\/p>\n\n\n\n<p><strong>SVG <\/strong>&#8211; <a href=\"https:\/\/certifiqat.com\/wp-content\/uploads\/Certifiqat-Badge-Wh-Grey-2500x836-1.svg\" download=\"\">pobierz Light Badge jako plik .SVG tutaj<\/a><\/p>\n<\/div>\n\n\n\n<div class=\"wp-block-column is-layout-flow wp-block-column-is-layout-flow\">\n<h4 class=\"wp-block-heading\">Ciemna plakietka<\/h4>\n\n\n\n<p>U\u017cywaj na ja\u015bniejszych kolorach t\u0142a, aby odznaka wyr\u00f3\u017cnia\u0142a si\u0119 i by\u0142a zauwa\u017calna.<\/p>\n\n\n\n<figure class=\"wp-block-image size-full is-resized\"><img loading=\"lazy\" decoding=\"async\" width=\"1000\" height=\"333\" src=\"https:\/\/certifiqat.com\/wp-content\/uploads\/Certfiqat-Badge-DarkBlue-Blue-Stroke-1000x333-1.png\" alt=\"\" class=\"wp-image-2065\" style=\"width:200px\" srcset=\"https:\/\/certifiqat.com\/wp-content\/uploads\/Certfiqat-Badge-DarkBlue-Blue-Stroke-1000x333-1.png 1000w, https:\/\/certifiqat.com\/wp-content\/uploads\/Certfiqat-Badge-DarkBlue-Blue-Stroke-1000x333-1-300x100.png 300w, https:\/\/certifiqat.com\/wp-content\/uploads\/Certfiqat-Badge-DarkBlue-Blue-Stroke-1000x333-1-768x256.png 768w\" sizes=\"auto, (max-width: 1000px) 100vw, 1000px\" \/><\/figure>\n\n\n\n<p><strong>PNG<\/strong> &#8211; <a download=\"\" href=\"https:\/\/certifiqat.com\/wp-content\/uploads\/Certifiqat-Badge-DK-Blue-2500x836-1.png\">Pobierz Dark Badge jako plik .PNG tutaj<\/a><\/p>\n\n\n\n<p><strong>SVG<\/strong> &#8211; <a href=\"https:\/\/certifiqat.com\/wp-content\/uploads\/Certifiqat-Badge-DK-Blue-2500x836-1.svg\" download=\"\">Pobierz Dark Badge jako plik .SVG tutaj<\/a><\/p>\n<\/div>\n<\/div>\n\n\n\n<p><\/p>\n","protected":false},"excerpt":{"rendered":"<p>Odznaka Certifiqat &#8211; po\u0142\u0105cz swoj\u0105 firm\u0119 Po\u0142\u0105cz swoj\u0105 firm\u0119 i stron\u0119 internetow\u0105 z profilem firmy za pomoc\u0105 naszej plakietki, kt\u00f3r\u0105 mo\u017cna pobra\u0107 poni\u017cej. Po\u0142\u0105cz odznak\u0119 bezpo\u015brednio ze swoim profilem, odwiedzaj\u0105c sw\u00f3j profil i kopiuj\u0105c adres URL profilu w przegl\u0105darce. U\u017cycie: U\u017cyj plakietki w dowolny spos\u00f3b, kt\u00f3ry uznasz za najbardziej efektywny. Wiele firm umieszcza odznak\u0119 w<\/p>\n","protected":false},"author":3,"featured_media":0,"parent":0,"menu_order":0,"comment_status":"closed","ping_status":"closed","template":"","meta":{"_acf_changed":false,"inline_featured_image":false,"footnotes":""},"class_list":["post-4223","page","type-page","status-publish","hentry"],"acf":[],"yoast_head":"<!-- This site is optimized with the Yoast SEO plugin v27.3 - https:\/\/yoast.com\/product\/yoast-seo-wordpress\/ -->\n<title>Odznaka Certifiqat - Certifiqat.com<\/title>\n<meta name=\"robots\" content=\"index, follow, max-snippet:-1, max-image-preview:large, max-video-preview:-1\" \/>\n<link rel=\"canonical\" href=\"https:\/\/certifiqat.com\/pl\/the-certifiqat-badge\/\" \/>\n<meta property=\"og:locale\" content=\"pl_PL\" \/>\n<meta property=\"og:type\" content=\"article\" \/>\n<meta property=\"og:title\" content=\"Odznaka Certifiqat - Certifiqat.com\" \/>\n<meta property=\"og:description\" content=\"Odznaka Certifiqat &#8211; po\u0142\u0105cz swoj\u0105 firm\u0119 Po\u0142\u0105cz swoj\u0105 firm\u0119 i stron\u0119 internetow\u0105 z profilem firmy za pomoc\u0105 naszej plakietki, kt\u00f3r\u0105 mo\u017cna pobra\u0107 poni\u017cej. Po\u0142\u0105cz odznak\u0119 bezpo\u015brednio ze swoim profilem, odwiedzaj\u0105c sw\u00f3j profil i kopiuj\u0105c adres URL profilu w przegl\u0105darce. U\u017cycie: U\u017cyj plakietki w dowolny spos\u00f3b, kt\u00f3ry uznasz za najbardziej efektywny. Wiele firm umieszcza odznak\u0119 w\" \/>\n<meta property=\"og:url\" content=\"https:\/\/certifiqat.com\/pl\/the-certifiqat-badge\/\" \/>\n<meta property=\"og:site_name\" content=\"Certifiqat.com\" \/>\n<meta property=\"article:modified_time\" content=\"2024-08-23T11:28:19+00:00\" \/>\n<meta property=\"og:image\" content=\"https:\/\/certifiqat.com\/wp-content\/uploads\/client-zone.png\" \/>\n<meta name=\"twitter:card\" content=\"summary_large_image\" \/>\n<meta name=\"twitter:label1\" content=\"Szacowany czas czytania\" \/>\n\t<meta name=\"twitter:data1\" content=\"2 minuty\" \/>\n<script type=\"application\/ld+json\" class=\"yoast-schema-graph\">{\"@context\":\"https:\\\/\\\/schema.org\",\"@graph\":[{\"@type\":\"WebPage\",\"@id\":\"https:\\\/\\\/certifiqat.com\\\/pl\\\/the-certifiqat-badge\\\/\",\"url\":\"https:\\\/\\\/certifiqat.com\\\/pl\\\/the-certifiqat-badge\\\/\",\"name\":\"Odznaka Certifiqat - Certifiqat.com\",\"isPartOf\":{\"@id\":\"https:\\\/\\\/certifiqat.com\\\/pl\\\/#website\"},\"primaryImageOfPage\":{\"@id\":\"https:\\\/\\\/certifiqat.com\\\/pl\\\/the-certifiqat-badge\\\/#primaryimage\"},\"image\":{\"@id\":\"https:\\\/\\\/certifiqat.com\\\/pl\\\/the-certifiqat-badge\\\/#primaryimage\"},\"thumbnailUrl\":\"https:\\\/\\\/certifiqat.com\\\/wp-content\\\/uploads\\\/client-zone.png\",\"datePublished\":\"2024-06-18T06:54:47+00:00\",\"dateModified\":\"2024-08-23T11:28:19+00:00\",\"breadcrumb\":{\"@id\":\"https:\\\/\\\/certifiqat.com\\\/pl\\\/the-certifiqat-badge\\\/#breadcrumb\"},\"inLanguage\":\"pl-PL\",\"potentialAction\":[{\"@type\":\"ReadAction\",\"target\":[\"https:\\\/\\\/certifiqat.com\\\/pl\\\/the-certifiqat-badge\\\/\"]}]},{\"@type\":\"ImageObject\",\"inLanguage\":\"pl-PL\",\"@id\":\"https:\\\/\\\/certifiqat.com\\\/pl\\\/the-certifiqat-badge\\\/#primaryimage\",\"url\":\"https:\\\/\\\/certifiqat.com\\\/wp-content\\\/uploads\\\/client-zone.png\",\"contentUrl\":\"https:\\\/\\\/certifiqat.com\\\/wp-content\\\/uploads\\\/client-zone.png\"},{\"@type\":\"BreadcrumbList\",\"@id\":\"https:\\\/\\\/certifiqat.com\\\/pl\\\/the-certifiqat-badge\\\/#breadcrumb\",\"itemListElement\":[{\"@type\":\"ListItem\",\"position\":1,\"name\":\"Home\",\"item\":\"https:\\\/\\\/certifiqat.com\\\/pl\\\/\"},{\"@type\":\"ListItem\",\"position\":2,\"name\":\"Odznaka certyfikacyjna\"}]},{\"@type\":\"WebSite\",\"@id\":\"https:\\\/\\\/certifiqat.com\\\/pl\\\/#website\",\"url\":\"https:\\\/\\\/certifiqat.com\\\/pl\\\/\",\"name\":\"certifiqat\",\"description\":\"\",\"potentialAction\":[{\"@type\":\"SearchAction\",\"target\":{\"@type\":\"EntryPoint\",\"urlTemplate\":\"https:\\\/\\\/certifiqat.com\\\/pl\\\/?s={search_term_string}\"},\"query-input\":{\"@type\":\"PropertyValueSpecification\",\"valueRequired\":true,\"valueName\":\"search_term_string\"}}],\"inLanguage\":\"pl-PL\"}]}<\/script>\n<!-- \/ Yoast SEO plugin. -->","yoast_head_json":{"title":"Odznaka Certifiqat - Certifiqat.com","robots":{"index":"index","follow":"follow","max-snippet":"max-snippet:-1","max-image-preview":"max-image-preview:large","max-video-preview":"max-video-preview:-1"},"canonical":"https:\/\/certifiqat.com\/pl\/the-certifiqat-badge\/","og_locale":"pl_PL","og_type":"article","og_title":"Odznaka Certifiqat - Certifiqat.com","og_description":"Odznaka Certifiqat &#8211; po\u0142\u0105cz swoj\u0105 firm\u0119 Po\u0142\u0105cz swoj\u0105 firm\u0119 i stron\u0119 internetow\u0105 z profilem firmy za pomoc\u0105 naszej plakietki, kt\u00f3r\u0105 mo\u017cna pobra\u0107 poni\u017cej. Po\u0142\u0105cz odznak\u0119 bezpo\u015brednio ze swoim profilem, odwiedzaj\u0105c sw\u00f3j profil i kopiuj\u0105c adres URL profilu w przegl\u0105darce. U\u017cycie: U\u017cyj plakietki w dowolny spos\u00f3b, kt\u00f3ry uznasz za najbardziej efektywny. Wiele firm umieszcza odznak\u0119 w","og_url":"https:\/\/certifiqat.com\/pl\/the-certifiqat-badge\/","og_site_name":"Certifiqat.com","article_modified_time":"2024-08-23T11:28:19+00:00","og_image":[{"url":"https:\/\/certifiqat.com\/wp-content\/uploads\/client-zone.png","type":"","width":"","height":""}],"twitter_card":"summary_large_image","twitter_misc":{"Szacowany czas czytania":"2 minuty"},"schema":{"@context":"https:\/\/schema.org","@graph":[{"@type":"WebPage","@id":"https:\/\/certifiqat.com\/pl\/the-certifiqat-badge\/","url":"https:\/\/certifiqat.com\/pl\/the-certifiqat-badge\/","name":"Odznaka Certifiqat - Certifiqat.com","isPartOf":{"@id":"https:\/\/certifiqat.com\/pl\/#website"},"primaryImageOfPage":{"@id":"https:\/\/certifiqat.com\/pl\/the-certifiqat-badge\/#primaryimage"},"image":{"@id":"https:\/\/certifiqat.com\/pl\/the-certifiqat-badge\/#primaryimage"},"thumbnailUrl":"https:\/\/certifiqat.com\/wp-content\/uploads\/client-zone.png","datePublished":"2024-06-18T06:54:47+00:00","dateModified":"2024-08-23T11:28:19+00:00","breadcrumb":{"@id":"https:\/\/certifiqat.com\/pl\/the-certifiqat-badge\/#breadcrumb"},"inLanguage":"pl-PL","potentialAction":[{"@type":"ReadAction","target":["https:\/\/certifiqat.com\/pl\/the-certifiqat-badge\/"]}]},{"@type":"ImageObject","inLanguage":"pl-PL","@id":"https:\/\/certifiqat.com\/pl\/the-certifiqat-badge\/#primaryimage","url":"https:\/\/certifiqat.com\/wp-content\/uploads\/client-zone.png","contentUrl":"https:\/\/certifiqat.com\/wp-content\/uploads\/client-zone.png"},{"@type":"BreadcrumbList","@id":"https:\/\/certifiqat.com\/pl\/the-certifiqat-badge\/#breadcrumb","itemListElement":[{"@type":"ListItem","position":1,"name":"Home","item":"https:\/\/certifiqat.com\/pl\/"},{"@type":"ListItem","position":2,"name":"Odznaka certyfikacyjna"}]},{"@type":"WebSite","@id":"https:\/\/certifiqat.com\/pl\/#website","url":"https:\/\/certifiqat.com\/pl\/","name":"certifiqat","description":"","potentialAction":[{"@type":"SearchAction","target":{"@type":"EntryPoint","urlTemplate":"https:\/\/certifiqat.com\/pl\/?s={search_term_string}"},"query-input":{"@type":"PropertyValueSpecification","valueRequired":true,"valueName":"search_term_string"}}],"inLanguage":"pl-PL"}]}},"_links":{"self":[{"href":"https:\/\/certifiqat.com\/pl\/wp-json\/wp\/v2\/pages\/4223","targetHints":{"allow":["GET"]}}],"collection":[{"href":"https:\/\/certifiqat.com\/pl\/wp-json\/wp\/v2\/pages"}],"about":[{"href":"https:\/\/certifiqat.com\/pl\/wp-json\/wp\/v2\/types\/page"}],"author":[{"embeddable":true,"href":"https:\/\/certifiqat.com\/pl\/wp-json\/wp\/v2\/users\/3"}],"replies":[{"embeddable":true,"href":"https:\/\/certifiqat.com\/pl\/wp-json\/wp\/v2\/comments?post=4223"}],"version-history":[{"count":0,"href":"https:\/\/certifiqat.com\/pl\/wp-json\/wp\/v2\/pages\/4223\/revisions"}],"wp:attachment":[{"href":"https:\/\/certifiqat.com\/pl\/wp-json\/wp\/v2\/media?parent=4223"}],"curies":[{"name":"wp","href":"https:\/\/api.w.org\/{rel}","templated":true}]}}