{"id":8908,"date":"2024-06-13T16:15:30","date_gmt":"2024-06-13T16:15:30","guid":{"rendered":"https:\/\/certifiqat.com\/create-new-account\/"},"modified":"2024-09-23T06:14:49","modified_gmt":"2024-09-23T06:14:49","slug":"create-new-account","status":"publish","type":"page","link":"https:\/\/certifiqat.com\/nb\/create-new-account\/","title":{"rendered":"Opprett ny konto"},"content":{"rendered":"<section class=\"rem:py-[60px] xl:rem:py-[85px]\" id=\"block_87c8d1d965c4f63ca1a391f31da1402f\">\n\t<div class=\"container\">\n\t\t<div class=\"flex flex-col items-center\">\n\t\t\t\t\t\t\t<h1 class=\"secondery-title mb-6 text-center rem:max-w-[670px]\">\n\t\t\t\t\tVis frem sertifikatene dine p\u00e5 ett sted, utformet for \u00e5 maksimere verdien av sertifiseringsarbeidet ditt.\n\t\t\t\t<\/h1>\n\t\t\t\n\t\t\t\t\t\t\t<div class=\"base-typography text-center rem:max-w-[890px]  [&amp;&gt;p]:rem:text-[16px] lg:[&amp;&gt;p]:rem:text-[20px]\">\n\t\t\t\t\t<p>Eksempel: \n\t\t\t\t\t\t<a href=\"https:\/\/certifiqat.com\/nb\/certified-companies\/\">Q Securitys virksomhetsprofil<\/a>\n\t\t\t\t\t<\/p>\n\t\t\t\t<\/p>\n\t\t\t<\/div>\n\t\t\n\t\t<div class=\"flex flex-wrap justify-center rem:mt-[40px] rem:gap-[20px]\">\n\t\t\t<button class=\"openModal btn btn-icon btn-dark rem:min-w-[200px]\" data-activates-tab=\"1\" data-modal=\"modal-add-profile\">\n\t\t\t\t<svg width=\"24\" height=\"24\" viewbox=\"0 0 24 24\" fill=\"none\" xmlns=\"http:\/\/www.w3.org\/2000\/svg\">\n\t\t\t\t\t<path d=\"M12 0C5.3828 0 0 5.3828 0 12C0 18.6172 5.3828 24 12 24C18.6172 24 24 18.6163 24 12C24 5.38373 18.6172 0 12 0ZM12 22.141C6.40898 22.141 1.85902 17.592 1.85902 12C1.85902 6.40805 6.40898 1.85902 12 1.85902C17.591 1.85902 22.141 6.40805 22.141 12C22.141 17.592 17.592 22.141 12 22.141Z\" fill=\"#75D2FA\"><\/path>\n\t\t\t\t\t<path d=\"M17 11H13V7.00002C13 6.44801 12.553 6 12 6C11.447 6 11 6.44801 11 7.00002V11H7.00002C6.447 11 6 11.448 6 12C6 12.552 6.447 13 7.00002 13H11V17C11 17.552 11.447 18 12 18C12.553 18 13 17.552 13 17V13H17C17.553 13 18 12.552 18 12C18 11.448 17.553 11 17 11Z\" fill=\"#75D2FA\"><\/path>\n\t\t\t\t<\/svg>\n\t\t\t\tKom i gang\n\t\t\t<\/button>\n\t\t\t<button class=\"openModal btn btn-icon btn-light rem:min-w-[200px]\" data-activates-tab=\"2\" data-modal=\"modal-add-profile\">\n\t\t\t\t<svg width=\"24\" height=\"24\" viewbox=\"0 0 24 24\" fill=\"none\" xmlns=\"http:\/\/www.w3.org\/2000\/svg\">\n\t\t\t\t\t<path d=\"M12 0C5.3828 0 0 5.3828 0 12C0 18.6172 5.3828 24 12 24C18.6172 24 24 18.6163 24 12C24 5.38373 18.6172 0 12 0ZM12 22.141C6.40898 22.141 1.85902 17.592 1.85902 12C1.85902 6.40805 6.40898 1.85902 12 1.85902C17.591 1.85902 22.141 6.40805 22.141 12C22.141 17.592 17.592 22.141 12 22.141Z\" fill=\"#75D2FA\"><\/path>\n\t\t\t\t\t<path d=\"M17 11H13V7.00002C13 6.44801 12.553 6 12 6C11.447 6 11 6.44801 11 7.00002V11H7.00002C6.447 11 6 11.448 6 12C6 12.552 6.447 13 7.00002 13H11V17C11 17.552 11.447 18 12 18C12.553 18 13 17.552 13 17V13H17C17.553 13 18 12.552 18 12C18 11.448 17.553 11 17 11Z\" fill=\"#75D2FA\"><\/path>\n\t\t\t\t<\/svg>\n\t\t\t\tSnakk med salgsavdelingen\n\t\t\t<\/button>\n\t\t<\/div>\n\n\t\t<div class=\"relative flex w-full items-center justify-center rem:my-[50px] rem:max-w-[950px] rem:py-[100px] lg:py-0 xl:rem:my-[70px]\">\n\t\t\t<span class=\"absolute left-0 top-0 rounded-10 bg-c-blue-700 p-4 text-center text-white rem:max-w-[170px] lg:rem:top-[60px]\">\n\t\t\t\tForretningsdata og kontakter\n\t\t\t\t<svg class=\"absolute right-[50%] top-[95%] translate-x-[50%] translate-y-[0] rotate-90 lg:right-0 lg:top-[50%] lg:translate-x-[98%] lg:translate-y-[-50%] lg:rotate-0\" xmlns=\"http:\/\/www.w3.org\/2000\/svg\" width=\"13\" height=\"18\" viewbox=\"0 0 13 18\" fill=\"none\">\n\t\t\t\t\t<path d=\"M13 9L0.25 17.6603V0.339746L13 9Z\" fill=\"#2D6BD8\"\/>\n\t\t\t\t<\/svg>\n\t\t\t<\/span>\n\t\t\t<span class=\"absolute bottom-0 right-0 top-auto rounded-10 bg-c-blue-700 p-4 text-center text-white rem:max-w-[170px] lg:bottom-auto lg:rem:top-[150px]\">\n\t\t\t\tNedlastbare sertifikater og tillitsdokumenter\n\t\t\t\t<svg class=\"absolute left-[50%] top-[0] translate-x-[-50%] translate-y-[-75%] -rotate-90 lg:left-0 lg:top-[50%] lg:translate-x-[-98%] lg:translate-y-[-50%] lg:rotate-180\" xmlns=\"http:\/\/www.w3.org\/2000\/svg\" width=\"13\" height=\"18\" viewbox=\"0 0 13 18\" fill=\"none\">\n\t\t\t\t\t<path d=\"M13 9L0.25 17.6603V0.339746L13 9Z\" fill=\"#2D6BD8\"\/>\n\t\t\t\t<\/svg>\n\t\t\t<\/span>\n\t\t\t<img decoding=\"async\" class=\"h-auto w-full rem:max-w-[600px] lg:w-[70%]\" src=\"https:\/\/certifiqat.com\/wp-content\/uploads\/QR-security.jpg\" alt=\"\"\/>\n\t\t<\/div>\n\n\t\t\t<\/div>\n<\/div><\/section>\n\n\n<section class=\"section-wrapper bg-c-blue-800\" id=\"block_0fe2716eef27a332d11c7a80cfd8de20\">\n\t<div class=\"container\">\n\t\t<div class=\"flex flex-col items-center\">\n\t\t\t\t\t\t\t<h2 class=\"secondery-title text-center text-c-blue-200 rem:mb-[60px] rem:max-w-[730px] lg:rem:mb-[100px]\">\n\t\t\t\t\tFremtidsrettede selskaper over hele verden bruker Certifiqat\n\t\t\t\t<\/h2>\n\t\t\t\t\t<\/div>\n\t<\/div>\n\n\t\t\t<div class=\"slider-companies-js w-full max-w-full overflow-hidden relative\">\n\t\t\t<div class=\"slider-wrapper\">\n\t\t\t\t\t\t\t\t\t<div class=\"slider-slide lg:rem:min-w-[700px] xl:rem:min-w-[950px] rem:min-w-[400px] w-full flex flex-col rem:gap-[25px] rem:px-[35px] md:flex-row lg:rem:gap-[40px] xl:rem:px-[45px] 2xl:rem:px-[70px]\">\n\t\t\t\t\t\t<div class=\"relative self-baseline overflow-hidden rounded-full rem:min-h-[100px] rem:min-w-[100px] lg:min-h-[200px] lg:min-w-[200px]\">\n\t\t\t\t\t\t\t<img decoding=\"async\" class=\"img-cover-abs\" src=\"https:\/\/certifiqat.com\/wp-content\/uploads\/garmentor-ref-800x0-c-default.jpg\" alt=\"\"\/>\n\t\t\t\t\t\t<\/div>\n\n\t\t\t\t\t\t<div class=\"base-typography   [&amp;&gt;*]:!text-white [&amp;&gt;p&gt;a]:!text-white  [&amp;&gt;p&gt;a]:rem:text-[14px] lg:[&amp;&gt;p&gt;a]:rem:text-[18px] [&amp;&gt;p]:rem:text-[16px] lg:[&amp;&gt;p]:rem:text-[20px]   \">\n\t\t\t\t\t\t\t<h4>Garmentor AB &#8211; tekstilproduksjon<\/h4>\n<p>Utvikling og produksjon av kl\u00e6r i Tyrkia. I tekstilbransjen er det viktig \u00e5 vise frem og bruke viktige sertifikater. Med Certifiqat kan vi vise frem alt p\u00e5 ett sted, og v\u00e5re kunder\/leverand\u00f8rer kan enkelt laste ned alle dokumenter uten \u00e5 ringe oss.<\/p>\n\n\n\t\t\t\t\t\t\t<a href=\"https:\/\/certifiqat.com\/certified-companies\/\" target=\"_blank\">Vis profil<\/a>\n\t\t\t\t\t\t<\/div>\n\t\t\t\t\t<\/div>\n\t\t\t\t\t\t\t\t\t<div class=\"slider-slide lg:rem:min-w-[700px] xl:rem:min-w-[950px] rem:min-w-[400px] w-full flex flex-col rem:gap-[25px] rem:px-[35px] md:flex-row lg:rem:gap-[40px] xl:rem:px-[45px] 2xl:rem:px-[70px]\">\n\t\t\t\t\t\t<div class=\"relative self-baseline overflow-hidden rounded-full rem:min-h-[100px] rem:min-w-[100px] lg:min-h-[200px] lg:min-w-[200px]\">\n\t\t\t\t\t\t\t<img decoding=\"async\" class=\"img-cover-abs\" src=\"https:\/\/certifiqat.com\/wp-content\/uploads\/Quokka-ref-800x0-c-default.jpg\" alt=\"\"\/>\n\t\t\t\t\t\t<\/div>\n\n\t\t\t\t\t\t<div class=\"base-typography   [&amp;&gt;*]:!text-white [&amp;&gt;p&gt;a]:!text-white  [&amp;&gt;p&gt;a]:rem:text-[14px] lg:[&amp;&gt;p&gt;a]:rem:text-[18px] [&amp;&gt;p]:rem:text-[16px] lg:[&amp;&gt;p]:rem:text-[20px]   \">\n\t\t\t\t\t\t\t<h4>Quokka<\/h4>\n<p>Quokka bruker Certifiqat for alle sertifiserte selskaper i konsernet.<\/p>\n\n\n\t\t\t\t\t\t\t<a href=\"https:\/\/certifiqat.com\/nb\/certified-companies\/quokka-ab\/\" target=\"_blank\">Vis profil<\/a>\n\t\t\t\t\t\t<\/div>\n\t\t\t\t\t<\/div>\n\t\t\t\t\t\t\t\t\t<div class=\"slider-slide lg:rem:min-w-[700px] xl:rem:min-w-[950px] rem:min-w-[400px] w-full flex flex-col rem:gap-[25px] rem:px-[35px] md:flex-row lg:rem:gap-[40px] xl:rem:px-[45px] 2xl:rem:px-[70px]\">\n\t\t\t\t\t\t<div class=\"relative self-baseline overflow-hidden rounded-full rem:min-h-[100px] rem:min-w-[100px] lg:min-h-[200px] lg:min-w-[200px]\">\n\t\t\t\t\t\t\t<img decoding=\"async\" class=\"img-cover-abs\" src=\"https:\/\/certifiqat.com\/wp-content\/uploads\/Votab-ref-800x0-c-default.jpg\" alt=\"\"\/>\n\t\t\t\t\t\t<\/div>\n\n\t\t\t\t\t\t<div class=\"base-typography   [&amp;&gt;*]:!text-white [&amp;&gt;p&gt;a]:!text-white  [&amp;&gt;p&gt;a]:rem:text-[14px] lg:[&amp;&gt;p&gt;a]:rem:text-[18px] [&amp;&gt;p]:rem:text-[16px] lg:[&amp;&gt;p]:rem:text-[20px]   \">\n\t\t\t\t\t\t\t<h4>Votab AB<\/h4>\n<p>Votab er et ledende r\u00f8rleggerfirma p\u00e5 den svenske vestkysten som bruker Certifiqat til \u00e5 organisere og vise frem sertifiseringene sine.<\/p>\n\n\n\t\t\t\t\t\t\t<a href=\"https:\/\/certifiqat.com\/nb\/certified-companies\/votab-vvs-varmeinstallation-ab\/\" target=\"_blank\">Vis profil<\/a>\n\t\t\t\t\t\t<\/div>\n\t\t\t\t\t<\/div>\n\t\t\t\t\t\t\t<\/div>\n\t\t<\/div>\n\t<\/section>\n\n\n<section class=\"section-wrapper bg-c-blue-200\" id=\"block_4f6815776c3349add25a0c35965e5261\">\n\t<div class=\"container\">\n\t\t<div class=\"flex flex-col items-center\">\n\t\t\t\t\t\t\t<h2 class=\"secondery-title text-center text-c-blue-800 rem:mb-[60px] rem:max-w-[1050px] lg:rem:mb-[100px]\">\n\t\t\t\t\tFordeler med \u00e5 vise frem sertifikater og offisielle tillitsdokumenter hos Certifqat\n\t\t\t\t<\/h2>\n\t\t\t\n\t\t\t\t\t\t\t<div class=\"grid w-full grid-cols-1 rem:max-w-[1100px] rem:gap-[20px] lg:grid-cols-2 lg:rem:gap-[50px]\">\n\t\t\t\t\t\t\t\t\t\t\t<div class=\"rounded-10 bg-white rem:p-[25px] lg:rem:p-[40px]\">\n\t\t\t\t\t\t\t<img decoding=\"async\" class=\"mb-5 w-full rem:max-h-[60px] rem:max-w-[75px]\" src=\"https:\/\/certifiqat.com\/wp-content\/uploads\/structure.svg\" alt=\"\" \/>\n\t\t\t\t\t\t\t<div class=\"base-typography  [&amp;&gt;p]:rem:text-[16px] lg:[&amp;&gt;p]:rem:text-[18px]\">\n\t\t\t\t\t\t\t\t<h4>Str\u00f8mlinjeformet administrasjon<\/h4>\n<p><span lang=\"EN-US\">Med bedriftsprofilen din hos Certifiqat kan du enkelt administrere sertifikatene dine p\u00e5 ett sted. Alle dine interessenter, kunder og ansatte vil f\u00e5 tilgang til dokumentene p\u00e5 et \u00f8yeblikk. Bruk v\u00e5rt badge p\u00e5 nettsidene dine og lenk det direkte til din bedriftsprofil der alle dokumenter er tilgjengelige.<\/span><\/p>\n\n\t\t\t\t\t\t\t<\/div>\n\t\t\t\t\t\t<\/div>\n\t\t\t\t\t\t\t\t\t\t\t<div class=\"rounded-10 bg-white rem:p-[25px] lg:rem:p-[40px]\">\n\t\t\t\t\t\t\t<img decoding=\"async\" class=\"mb-5 w-full rem:max-h-[60px] rem:max-w-[75px]\" src=\"https:\/\/certifiqat.com\/wp-content\/uploads\/filtering.svg\" alt=\"\" \/>\n\t\t\t\t\t\t\t<div class=\"base-typography  [&amp;&gt;p]:rem:text-[16px] lg:[&amp;&gt;p]:rem:text-[18px]\">\n\t\t\t\t\t\t\t\t<h4>Maksimerte markedsf\u00f8ringsmuligheter<\/h4>\n<p>Vis verden at du er en stolt sertifisert bedrift som f\u00f8lger reglene. Bli ogs\u00e5 s\u00f8kbar b\u00e5de globalt og lokalt. Beskriv bedriften din og hva virksomheten din handler om, og la sertifikatene dine bygge opp den n\u00f8dvendige tilliten.<\/p>\n\n\t\t\t\t\t\t\t<\/div>\n\t\t\t\t\t\t<\/div>\n\t\t\t\t\t\t\t\t\t\t\t<div class=\"rounded-10 bg-white rem:p-[25px] lg:rem:p-[40px]\">\n\t\t\t\t\t\t\t<img decoding=\"async\" class=\"mb-5 w-full rem:max-h-[60px] rem:max-w-[75px]\" src=\"https:\/\/certifiqat.com\/wp-content\/uploads\/deal.svg\" alt=\"\" \/>\n\t\t\t\t\t\t\t<div class=\"base-typography  [&amp;&gt;p]:rem:text-[16px] lg:[&amp;&gt;p]:rem:text-[18px]\">\n\t\t\t\t\t\t\t\t<h4>Effektivitet i salgsprosessen<\/h4>\n<p>I hver eneste salgsprosess er eller b\u00f8r sertifikater, utmerkelser og andre tillitsdokumenter v\u00e6re et naturlig salgsargument for organisasjonen din. Gj\u00f8r det enkelt for salgsorganisasjonen \u00e5 n\u00e5 og gj\u00f8re hvert dokument tilgjengelig i hver eneste kundedialog, for hver eneste potensielle kunde.<\/p>\n\n\t\t\t\t\t\t\t<\/div>\n\t\t\t\t\t\t<\/div>\n\t\t\t\t\t\t\t\t\t\t\t<div class=\"rounded-10 bg-white rem:p-[25px] lg:rem:p-[40px]\">\n\t\t\t\t\t\t\t<img decoding=\"async\" class=\"mb-5 w-full rem:max-h-[60px] rem:max-w-[75px]\" src=\"https:\/\/certifiqat.com\/wp-content\/uploads\/quality-1.svg\" alt=\"\" \/>\n\t\t\t\t\t\t\t<div class=\"base-typography  [&amp;&gt;p]:rem:text-[16px] lg:[&amp;&gt;p]:rem:text-[18px]\">\n\t\t\t\t\t\t\t\t<h4>Merkevaren og selskapets verdier ligger i omd\u00f8mmet<\/h4>\n<p>Unders\u00f8kelser viser konsekvent at personer p\u00e5 alle niv\u00e5er i organisasjonen foretrekker og prioriterer sertifiserte selskaper fremfor ikke-sertifiserte. Sertifiseringer bekrefter ikke bare en bedrifts forpliktelse til kvalitet og standarder, men styrker ogs\u00e5 omd\u00f8mmet. Hos Certifiqat gj\u00f8r vi det mulig for bedrifter \u00e5 vise frem sertifiseringene sine p\u00e5 en effektiv m\u00e5te, styrke omd\u00f8mmet og posisjonere dem som ledende i sin bransje.<\/p>\n\n\t\t\t\t\t\t\t<\/div>\n\t\t\t\t\t\t<\/div>\n\t\t\t\t\t\t\t\t\t<\/div>\n\t\t\t\t\t<\/div>\n\t<\/div>\n<\/section>\n\n\n<section class=\"section-wrapper\" id=\"block_0ffcb71cb2f24cfb899afee8eaacfefc\">\n\t<div class=\"container\">\n\t\t<div class=\"mx-auto flex flex-col items-center rem:max-w-[770px]\">\n\t\t\t\t\t\t\t<h2 class=\"secondery-title !mb-5 text-center text-c-blue-800\">\n\t\t\t\t\tOpprett din bedriftsprofil i dag!\n\t\t\t\t<\/h2>\n\t\t\t\n\t\t\t\t\t\t\t<div class=\"base-typography mb-12 text-center rem:max-w-[890px]  [&amp;&gt;p]:rem:text-[16px] lg:[&amp;&gt;p]:rem:text-[20px]\">\n\t\t\t\t\t<p>La teamet v\u00e5rt svare p\u00e5 alle sp\u00f8rsm\u00e5lene dine og hjelpe deg med \u00e5 <strong>starte byggingen av din bedriftsprofil<\/strong> og laste opp alle dine sertifikater og tillitsdokumenter.<\/p>\n\n\t\t\t\t<\/div>\n\t\t\t\n\t\t\t<div class=\"flex flex-wrap items-center justify-center text-center rem:gap-[30px]\">\n\t\t\t\t<button class=\"openModal btn btn-icon btn-dark rem:min-w-[200px]\" data-activates-tab=\"2\" data-modal=\"modal-add-profile\">\n\t\t\t\t\t<svg width=\"24\" height=\"24\" viewbox=\"0 0 24 24\" fill=\"none\" xmlns=\"http:\/\/www.w3.org\/2000\/svg\">\n\t\t\t\t\t\t<path d=\"M12 0C5.3828 0 0 5.3828 0 12C0 18.6172 5.3828 24 12 24C18.6172 24 24 18.6163 24 12C24 5.38373 18.6172 0 12 0ZM12 22.141C6.40898 22.141 1.85902 17.592 1.85902 12C1.85902 6.40805 6.40898 1.85902 12 1.85902C17.591 1.85902 22.141 6.40805 22.141 12C22.141 17.592 17.592 22.141 12 22.141Z\" fill=\"#75D2FA\"><\/path>\n\t\t\t\t\t\t<path d=\"M17 11H13V7.00002C13 6.44801 12.553 6 12 6C11.447 6 11 6.44801 11 7.00002V11H7.00002C6.447 11 6 11.448 6 12C6 12.552 6.447 13 7.00002 13H11V17C11 17.552 11.447 18 12 18C12.553 18 13 17.552 13 17V13H17C17.553 13 18 12.552 18 12C18 11.448 17.553 11 17 11Z\" fill=\"#75D2FA\"><\/path>\n\t\t\t\t\t<\/svg>\n\t\t\t\t\tSnakk med salgsavdelingen\n\t\t\t\t<\/button>\n\n\t\t\t\t<p class=\"rem:text-[16px] lg:rem:text-[20px]  [&amp;&gt;a]:underline [&amp;&gt;a]:hover:no-underline\">\n\t\t\t\t\tEller send oss en e-post p\u00e5\n\n\t\t\t\t\t\t\t\t\t\t\t<a href=\"mailto:support@certifiqat.com\" class=\" copy-email-js relative\">\n\t\t\t\t\t\t\tsupport@certifiqat.com\n\t\t\t\t\t\t\t<span class=\" hidden absolute right-0 bottom-[100%] p-1 rounded-full bg-white font-normal text-c-grey-500\">Kopiert<\/span>\n\t\t\t\t\t\t<\/a>\n\t\t\t\t\t\t\t\t\t<\/p>\n\t\t\t<\/div>\n\t\t<\/div>\n\t<\/div>\n<\/section>\n\n\n<section class=\"section-wrapper bg-c-blue-100\" id=\"block_5e4f704a176c503f726386af286503ec\">\n\t<div class=\"container\">\n\t\t<div class=\"mx-auto flex flex-col items-center rem:max-w-[1000px]\">\n\t\t\t\t\t\t\t<h2 class=\"secondery-title text-center rem:max-w-[820px]\">\n\t\t\t\t\tFunksjoner som er skreddersydd for virksomheten din, og som tilf\u00f8rer verdi til kunder, ansatte, investorer og alle andre interessenter.\n\t\t\t\t<\/h2>\n\t\t\t\n\t\t\t\t\t\t\t<div class=\"my-9 flex flex-wrap justify-center rem:gap-[10px] sm:items-center lg:my-12 \">\n\t\t\t\t\t\t\t\t\t\t\t<div class=\"flex w-full items-center transition-all rounded-10 bg-white group font-SpaceGrotesk hover:bg-c-blue-800 rem:p-[10px] hover:!text-white rem:text-[16px] lg:rem:text-[20px]    hover:[&amp;&gt;span]:font-bold\">\n\t\t\t\t\t\t\t<div class=\"rounded-10 bg-white rem:p-[10px]\">\n\t\t\t\t\t\t\t\t<img decoding=\"async\" class=\"w-full rem:min-w-[30px] rem:max-w-[30px]\" src=\"https:\/\/certifiqat.com\/wp-content\/uploads\/Download.svg\" alt=\"\"\/>\n\t\t\t\t\t\t\t<\/div>\n\t\t\t\t\t\t\t<span class=\"ml-5 group-hover:font-bold \">Enkelt for publikum \u00e5 laste ned sertifikatene dine<\/span>\n\t\t\t\t\t\t<\/div>\n\t\t\t\t\t\t\t\t\t\t\t<div class=\"flex w-full items-center transition-all rounded-10 bg-white group font-SpaceGrotesk hover:bg-c-blue-800 rem:p-[10px] hover:!text-white rem:text-[16px] lg:rem:text-[20px]    hover:[&amp;&gt;span]:font-bold\">\n\t\t\t\t\t\t\t<div class=\"rounded-10 bg-white rem:p-[10px]\">\n\t\t\t\t\t\t\t\t<img decoding=\"async\" class=\"w-full rem:min-w-[30px] rem:max-w-[30px]\" src=\"https:\/\/certifiqat.com\/wp-content\/uploads\/Group-953.svg\" alt=\"\"\/>\n\t\t\t\t\t\t\t<\/div>\n\t\t\t\t\t\t\t<span class=\"ml-5 group-hover:font-bold \">Du kan laste opp s\u00e5 mange dokumenter du vil<\/span>\n\t\t\t\t\t\t<\/div>\n\t\t\t\t\t\t\t\t\t\t\t<div class=\"flex w-full items-center transition-all rounded-10 bg-white group font-SpaceGrotesk hover:bg-c-blue-800 rem:p-[10px] hover:!text-white rem:text-[16px] lg:rem:text-[20px]    hover:[&amp;&gt;span]:font-bold\">\n\t\t\t\t\t\t\t<div class=\"rounded-10 bg-white rem:p-[10px]\">\n\t\t\t\t\t\t\t\t<img decoding=\"async\" class=\"w-full rem:min-w-[30px] rem:max-w-[30px]\" src=\"https:\/\/certifiqat.com\/wp-content\/uploads\/google.svg\" alt=\"\"\/>\n\t\t\t\t\t\t\t<\/div>\n\t\t\t\t\t\t\t<span class=\"ml-5 group-hover:font-bold \">S\u00f8kemotorer som Google elsker din fremtidige bedriftsprofil og \u00f8ker interessen for bedriften din.<\/span>\n\t\t\t\t\t\t<\/div>\n\t\t\t\t\t\t\t\t\t\t\t<div class=\"flex w-full items-center transition-all rounded-10 bg-white group font-SpaceGrotesk hover:bg-c-blue-800 rem:p-[10px] hover:!text-white rem:text-[16px] lg:rem:text-[20px]    hover:[&amp;&gt;span]:font-bold\">\n\t\t\t\t\t\t\t<div class=\"rounded-10 bg-white rem:p-[10px]\">\n\t\t\t\t\t\t\t\t<img decoding=\"async\" class=\"w-full rem:min-w-[30px] rem:max-w-[30px]\" src=\"https:\/\/certifiqat.com\/wp-content\/uploads\/Layer-2.svg\" alt=\"\"\/>\n\t\t\t\t\t\t\t<\/div>\n\t\t\t\t\t\t\t<span class=\"ml-5 group-hover:font-bold \">Varslingssenteret hjelper deg med \u00e5 holde bedriftsprofilen din oppdatert n\u00e5r noe utl\u00f8per<\/span>\n\t\t\t\t\t\t<\/div>\n\t\t\t\t\t\t\t\t\t\t\t<div class=\"flex w-full items-center transition-all rounded-10 bg-white group font-SpaceGrotesk hover:bg-c-blue-800 rem:p-[10px] hover:!text-white rem:text-[16px] lg:rem:text-[20px]    hover:[&amp;&gt;span]:font-bold\">\n\t\t\t\t\t\t\t<div class=\"rounded-10 bg-white rem:p-[10px]\">\n\t\t\t\t\t\t\t\t<img decoding=\"async\" class=\"w-full rem:min-w-[30px] rem:max-w-[30px]\" src=\"https:\/\/certifiqat.com\/wp-content\/uploads\/add-group.svg\" alt=\"\"\/>\n\t\t\t\t\t\t\t<\/div>\n\t\t\t\t\t\t\t<span class=\"ml-5 group-hover:font-bold \">Bedriftsprofilen din blir oversatt til +15 spr\u00e5k med CertifiqAI.<\/span>\n\t\t\t\t\t\t<\/div>\n\t\t\t\t\t\t\t\t\t\t\t<div class=\"flex w-full items-center transition-all rounded-10 bg-white group font-SpaceGrotesk hover:bg-c-blue-800 rem:p-[10px] hover:!text-white rem:text-[16px] lg:rem:text-[20px]    hover:[&amp;&gt;span]:font-bold\">\n\t\t\t\t\t\t\t<div class=\"rounded-10 bg-white rem:p-[10px]\">\n\t\t\t\t\t\t\t\t<img decoding=\"async\" class=\"w-full rem:min-w-[30px] rem:max-w-[30px]\" src=\"https:\/\/certifiqat.com\/wp-content\/uploads\/qr-code-1.svg\" alt=\"\"\/>\n\t\t\t\t\t\t\t<\/div>\n\t\t\t\t\t\t\t<span class=\"ml-5 group-hover:font-bold \">Skap engasjement offline med en unik QR-kode<\/span>\n\t\t\t\t\t\t<\/div>\n\t\t\t\t\t\t\t\t\t\t\t<div class=\"flex w-full items-center transition-all rounded-10 bg-white group font-SpaceGrotesk hover:bg-c-blue-800 rem:p-[10px] hover:!text-white rem:text-[16px] lg:rem:text-[20px]    hover:[&amp;&gt;span]:font-bold\">\n\t\t\t\t\t\t\t<div class=\"rounded-10 bg-white rem:p-[10px]\">\n\t\t\t\t\t\t\t\t<img decoding=\"async\" class=\"w-full rem:min-w-[30px] rem:max-w-[30px]\" src=\"https:\/\/certifiqat.com\/wp-content\/uploads\/customer-service.svg\" alt=\"\"\/>\n\t\t\t\t\t\t\t<\/div>\n\t\t\t\t\t\t\t<span class=\"ml-5 group-hover:font-bold \">Ubegrenset st\u00f8tte til \u00e5 opprette og administrere din Trust Document Profile for optimal suksess. <\/span>\n\t\t\t\t\t\t<\/div>\n\t\t\t\t\t\t\t\t\t<\/div>\n\t\t\t\n\t\t\t<div class=\"flex flex-wrap justify-center rem:gap-[20px]\">\n\t\t\t\t<button class=\"openModal btn btn-icon btn-dark rem:min-w-[200px]\" data-activates-tab=\"1\" data-modal=\"modal-add-profile\">\n\t\t\t\t\t<svg width=\"24\" height=\"24\" viewbox=\"0 0 24 24\" fill=\"none\" xmlns=\"http:\/\/www.w3.org\/2000\/svg\">\n\t\t\t\t\t\t<path d=\"M12 0C5.3828 0 0 5.3828 0 12C0 18.6172 5.3828 24 12 24C18.6172 24 24 18.6163 24 12C24 5.38373 18.6172 0 12 0ZM12 22.141C6.40898 22.141 1.85902 17.592 1.85902 12C1.85902 6.40805 6.40898 1.85902 12 1.85902C17.591 1.85902 22.141 6.40805 22.141 12C22.141 17.592 17.592 22.141 12 22.141Z\" fill=\"#75D2FA\"><\/path>\n\t\t\t\t\t\t<path d=\"M17 11H13V7.00002C13 6.44801 12.553 6 12 6C11.447 6 11 6.44801 11 7.00002V11H7.00002C6.447 11 6 11.448 6 12C6 12.552 6.447 13 7.00002 13H11V17C11 17.552 11.447 18 12 18C12.553 18 13 17.552 13 17V13H17C17.553 13 18 12.552 18 12C18 11.448 17.553 11 17 11Z\" fill=\"#75D2FA\"><\/path>\n\t\t\t\t\t<\/svg>\n\t\t\t\t\tKom i gang\n\t\t\t\t<\/button>\n\t\t\t\t<button class=\"openModal btn btn-icon btn-light rem:min-w-[200px]\" data-activates-tab=\"2\" data-modal=\"modal-add-profile\">\n\t\t\t\t\t<svg width=\"24\" height=\"24\" viewbox=\"0 0 24 24\" fill=\"none\" xmlns=\"http:\/\/www.w3.org\/2000\/svg\">\n\t\t\t\t\t\t<path d=\"M12 0C5.3828 0 0 5.3828 0 12C0 18.6172 5.3828 24 12 24C18.6172 24 24 18.6163 24 12C24 5.38373 18.6172 0 12 0ZM12 22.141C6.40898 22.141 1.85902 17.592 1.85902 12C1.85902 6.40805 6.40898 1.85902 12 1.85902C17.591 1.85902 22.141 6.40805 22.141 12C22.141 17.592 17.592 22.141 12 22.141Z\" fill=\"#75D2FA\"><\/path>\n\t\t\t\t\t\t<path d=\"M17 11H13V7.00002C13 6.44801 12.553 6 12 6C11.447 6 11 6.44801 11 7.00002V11H7.00002C6.447 11 6 11.448 6 12C6 12.552 6.447 13 7.00002 13H11V17C11 17.552 11.447 18 12 18C12.553 18 13 17.552 13 17V13H17C17.553 13 18 12.552 18 12C18 11.448 17.553 11 17 11Z\" fill=\"#75D2FA\"><\/path>\n\t\t\t\t\t<\/svg>\n\t\t\t\t\tSnakk med salgsavdelingen\n\t\t\t\t<\/button>\n\t\t\t<\/div>\n\t\t<\/div>\n\t<\/div>\n<\/section>\n","protected":false},"excerpt":{"rendered":"","protected":false},"author":3,"featured_media":0,"parent":0,"menu_order":0,"comment_status":"closed","ping_status":"closed","template":"page-custom-blocks.php","meta":{"_acf_changed":false,"inline_featured_image":false,"footnotes":""},"class_list":["post-8908","page","type-page","status-publish","hentry"],"acf":[],"yoast_head":"<!-- This site is optimized with the Yoast SEO plugin v27.5 - https:\/\/yoast.com\/product\/yoast-seo-wordpress\/ -->\n<title>Create New Account - Certifiqat.com<\/title>\n<meta name=\"robots\" content=\"index, follow, max-snippet:-1, max-image-preview:large, max-video-preview:-1\" \/>\n<link rel=\"canonical\" href=\"https:\/\/certifiqat.com\/nb\/create-new-account\/\" \/>\n<meta property=\"og:locale\" content=\"en_US\" \/>\n<meta property=\"og:type\" content=\"article\" \/>\n<meta property=\"og:title\" content=\"Create New Account - Certifiqat.com\" \/>\n<meta property=\"og:url\" content=\"https:\/\/certifiqat.com\/nb\/create-new-account\/\" \/>\n<meta property=\"og:site_name\" content=\"Certifiqat.com\" \/>\n<meta property=\"article:modified_time\" content=\"2024-09-23T06:14:49+00:00\" \/>\n<meta name=\"twitter:card\" content=\"summary_large_image\" \/>\n<script type=\"application\/ld+json\" class=\"yoast-schema-graph\">{\"@context\":\"https:\\\/\\\/schema.org\",\"@graph\":[{\"@type\":\"WebPage\",\"@id\":\"https:\\\/\\\/certifiqat.com\\\/nb\\\/create-new-account\\\/\",\"url\":\"https:\\\/\\\/certifiqat.com\\\/nb\\\/create-new-account\\\/\",\"name\":\"Create New Account - Certifiqat.com\",\"isPartOf\":{\"@id\":\"https:\\\/\\\/certifiqat.com\\\/nb\\\/#website\"},\"datePublished\":\"2024-06-13T16:15:30+00:00\",\"dateModified\":\"2024-09-23T06:14:49+00:00\",\"breadcrumb\":{\"@id\":\"https:\\\/\\\/certifiqat.com\\\/nb\\\/create-new-account\\\/#breadcrumb\"},\"inLanguage\":\"nb-NB\",\"potentialAction\":[{\"@type\":\"ReadAction\",\"target\":[\"https:\\\/\\\/certifiqat.com\\\/nb\\\/create-new-account\\\/\"]}]},{\"@type\":\"BreadcrumbList\",\"@id\":\"https:\\\/\\\/certifiqat.com\\\/nb\\\/create-new-account\\\/#breadcrumb\",\"itemListElement\":[{\"@type\":\"ListItem\",\"position\":1,\"name\":\"Home\",\"item\":\"https:\\\/\\\/certifiqat.com\\\/nb\\\/\"},{\"@type\":\"ListItem\",\"position\":2,\"name\":\"Opprett ny konto\"}]},{\"@type\":\"WebSite\",\"@id\":\"https:\\\/\\\/certifiqat.com\\\/nb\\\/#website\",\"url\":\"https:\\\/\\\/certifiqat.com\\\/nb\\\/\",\"name\":\"certifiqat\",\"description\":\"\",\"potentialAction\":[{\"@type\":\"SearchAction\",\"target\":{\"@type\":\"EntryPoint\",\"urlTemplate\":\"https:\\\/\\\/certifiqat.com\\\/nb\\\/?s={search_term_string}\"},\"query-input\":{\"@type\":\"PropertyValueSpecification\",\"valueRequired\":true,\"valueName\":\"search_term_string\"}}],\"inLanguage\":\"nb-NB\"}]}<\/script>\n<!-- \/ Yoast SEO plugin. -->","yoast_head_json":{"title":"Create New Account - Certifiqat.com","robots":{"index":"index","follow":"follow","max-snippet":"max-snippet:-1","max-image-preview":"max-image-preview:large","max-video-preview":"max-video-preview:-1"},"canonical":"https:\/\/certifiqat.com\/nb\/create-new-account\/","og_locale":"en_US","og_type":"article","og_title":"Create New Account - Certifiqat.com","og_url":"https:\/\/certifiqat.com\/nb\/create-new-account\/","og_site_name":"Certifiqat.com","article_modified_time":"2024-09-23T06:14:49+00:00","twitter_card":"summary_large_image","schema":{"@context":"https:\/\/schema.org","@graph":[{"@type":"WebPage","@id":"https:\/\/certifiqat.com\/nb\/create-new-account\/","url":"https:\/\/certifiqat.com\/nb\/create-new-account\/","name":"Create New Account - Certifiqat.com","isPartOf":{"@id":"https:\/\/certifiqat.com\/nb\/#website"},"datePublished":"2024-06-13T16:15:30+00:00","dateModified":"2024-09-23T06:14:49+00:00","breadcrumb":{"@id":"https:\/\/certifiqat.com\/nb\/create-new-account\/#breadcrumb"},"inLanguage":"nb-NB","potentialAction":[{"@type":"ReadAction","target":["https:\/\/certifiqat.com\/nb\/create-new-account\/"]}]},{"@type":"BreadcrumbList","@id":"https:\/\/certifiqat.com\/nb\/create-new-account\/#breadcrumb","itemListElement":[{"@type":"ListItem","position":1,"name":"Home","item":"https:\/\/certifiqat.com\/nb\/"},{"@type":"ListItem","position":2,"name":"Opprett ny konto"}]},{"@type":"WebSite","@id":"https:\/\/certifiqat.com\/nb\/#website","url":"https:\/\/certifiqat.com\/nb\/","name":"certifiqat","description":"","potentialAction":[{"@type":"SearchAction","target":{"@type":"EntryPoint","urlTemplate":"https:\/\/certifiqat.com\/nb\/?s={search_term_string}"},"query-input":{"@type":"PropertyValueSpecification","valueRequired":true,"valueName":"search_term_string"}}],"inLanguage":"nb-NB"}]}},"_links":{"self":[{"href":"https:\/\/certifiqat.com\/nb\/wp-json\/wp\/v2\/pages\/8908","targetHints":{"allow":["GET"]}}],"collection":[{"href":"https:\/\/certifiqat.com\/nb\/wp-json\/wp\/v2\/pages"}],"about":[{"href":"https:\/\/certifiqat.com\/nb\/wp-json\/wp\/v2\/types\/page"}],"author":[{"embeddable":true,"href":"https:\/\/certifiqat.com\/nb\/wp-json\/wp\/v2\/users\/3"}],"replies":[{"embeddable":true,"href":"https:\/\/certifiqat.com\/nb\/wp-json\/wp\/v2\/comments?post=8908"}],"version-history":[{"count":0,"href":"https:\/\/certifiqat.com\/nb\/wp-json\/wp\/v2\/pages\/8908\/revisions"}],"wp:attachment":[{"href":"https:\/\/certifiqat.com\/nb\/wp-json\/wp\/v2\/media?parent=8908"}],"curies":[{"name":"wp","href":"https:\/\/api.w.org\/{rel}","templated":true}]}}