{"id":5927,"date":"2024-08-06T11:48:15","date_gmt":"2024-08-06T11:48:15","guid":{"rendered":"https:\/\/certifiqat.com\/invoice-billing-copy\/"},"modified":"2024-08-23T11:18:10","modified_gmt":"2024-08-23T11:18:10","slug":"become-consultancy-partner","status":"publish","type":"page","link":"https:\/\/certifiqat.com\/nb\/become-consultancy-partner\/","title":{"rendered":"Bli konsulentpartner"},"content":{"rendered":"\n<h1 class=\"wp-block-heading\">Bli konsulentpartner<\/h1>\n\n\n\n<h3 class=\"wp-block-heading\">Bli partner med Certifiqat: L\u00f8ft dine kunders sertifiseringsreise<\/h3>\n\n\n\n<p>Certifiqat har som m\u00e5l \u00e5 bygge verdens st\u00f8rste database for sertifiserte bedrifter og \u00e5 endre hvordan bedrifter administrerer og viser frem sine sertifiseringer. Vi inviterer konsulenter og konsulentselskaper til \u00e5 samarbeide med oss og tilby sine kunder stor verdi i deres sertifiseringsreise.<\/p>\n\n\n\n<p><strong>Hvorfor bli partner med Certifiqat?<\/strong><\/p>\n\n\n\n<ul class=\"wp-block-list\">\n<li><strong>Forbedre ditt kundetilbud:<\/strong> Ved \u00e5 integrere Certifiqats plattform i dine konsulenttjenester, gir du kundene dine en banebrytende l\u00f8sning for \u00e5 vise frem sertifiseringene sine.<\/li>\n\n\n\n<li><strong>Gi kundene dine oversikt:<\/strong> Plattformen v\u00e5r forenkler prosessen med \u00e5 organisere, oppdatere og presentere sertifiseringsdokumenter p\u00e5 plass.<\/li>\n\n\n\n<li><strong>Samarbeid om vekst:<\/strong> Som Certifiqat-partner f\u00e5r du tilgang til eksklusive ressurser, oppl\u00e6ring og support. Vi er opptatt av \u00e5 hjelpe deg med \u00e5 lykkes og vokse sammen med oss, slik at samarbeidet v\u00e5rt blir gjensidig fordelaktig.<\/li>\n<\/ul>\n\n\n\n<p><strong>Slik fungerer det<\/strong><\/p>\n\n\n\n<p>Et samarbeid med Certifiqat er enkelt. Vi gir deg verkt\u00f8yene og st\u00f8tten du trenger for \u00e5 presentere plattformen v\u00e5r for kundene dine. Sammen kan vi tilby kundene dine en s\u00f8ml\u00f8s opplevelse n\u00e5r det gjelder \u00e5 administrere og vise frem sertifiseringene deres, slik at de skiller seg ut i et konkurranseutsatt marked.<\/p>\n\n\n\n<p><strong>Ta kontakt med oss<\/strong><\/p>\n\n\n\n<p>Er du klar til \u00e5 tilf\u00f8re kundene dine betydelig verdi? <a href=\"https:\/\/certifiqat.com\/contact\/\">Kontakt oss i dag<\/a> for \u00e5 utforske partnerskapsmulighetene og finne ut hvordan Certifiqat kan utfylle og forbedre dine forretningstilbud.<\/p>\n","protected":false},"excerpt":{"rendered":"<p>Bli konsulentpartner Bli partner med Certifiqat: L\u00f8ft dine kunders sertifiseringsreise Certifiqat har som m\u00e5l \u00e5 bygge verdens st\u00f8rste database for sertifiserte bedrifter og \u00e5 endre hvordan bedrifter administrerer og viser frem sine sertifiseringer. Vi inviterer konsulenter og konsulentselskaper til \u00e5 samarbeide med oss og tilby sine kunder stor verdi i deres sertifiseringsreise. Hvorfor bli partner<\/p>\n","protected":false},"author":3,"featured_media":3132,"parent":0,"menu_order":0,"comment_status":"closed","ping_status":"closed","template":"","meta":{"_acf_changed":false,"inline_featured_image":false,"footnotes":""},"class_list":["post-5927","page","type-page","status-publish","has-post-thumbnail","hentry"],"acf":[],"yoast_head":"<!-- This site is optimized with the Yoast SEO plugin v27.5 - https:\/\/yoast.com\/product\/yoast-seo-wordpress\/ -->\n<title>Bli konsulentpartner - Certifiqat.com<\/title>\n<meta name=\"robots\" content=\"index, follow, max-snippet:-1, max-image-preview:large, max-video-preview:-1\" \/>\n<link rel=\"canonical\" href=\"https:\/\/certifiqat.com\/nb\/become-consultancy-partner\/\" \/>\n<meta property=\"og:locale\" content=\"en_US\" \/>\n<meta property=\"og:type\" content=\"article\" \/>\n<meta property=\"og:title\" content=\"Bli konsulentpartner - Certifiqat.com\" \/>\n<meta property=\"og:description\" content=\"Bli konsulentpartner Bli partner med Certifiqat: L\u00f8ft dine kunders sertifiseringsreise Certifiqat har som m\u00e5l \u00e5 bygge verdens st\u00f8rste database for sertifiserte bedrifter og \u00e5 endre hvordan bedrifter administrerer og viser frem sine sertifiseringer. Vi inviterer konsulenter og konsulentselskaper til \u00e5 samarbeide med oss og tilby sine kunder stor verdi i deres sertifiseringsreise. Hvorfor bli partner\" \/>\n<meta property=\"og:url\" content=\"https:\/\/certifiqat.com\/nb\/become-consultancy-partner\/\" \/>\n<meta property=\"og:site_name\" content=\"Certifiqat.com\" \/>\n<meta property=\"article:modified_time\" content=\"2024-08-23T11:18:10+00:00\" \/>\n<meta property=\"og:image\" content=\"https:\/\/certifiqat.com\/wp-content\/uploads\/yoav-aziz-tKCd-IWc4gI-unsplash.jpg\" \/>\n\t<meta property=\"og:image:width\" content=\"820\" \/>\n\t<meta property=\"og:image:height\" content=\"461\" \/>\n\t<meta property=\"og:image:type\" content=\"image\/jpeg\" \/>\n<meta name=\"twitter:card\" content=\"summary_large_image\" \/>\n<meta name=\"twitter:label1\" content=\"Est. reading time\" \/>\n\t<meta name=\"twitter:data1\" content=\"2 minutes\" \/>\n<script type=\"application\/ld+json\" class=\"yoast-schema-graph\">{\"@context\":\"https:\\\/\\\/schema.org\",\"@graph\":[{\"@type\":\"WebPage\",\"@id\":\"https:\\\/\\\/certifiqat.com\\\/nb\\\/become-consultancy-partner\\\/\",\"url\":\"https:\\\/\\\/certifiqat.com\\\/nb\\\/become-consultancy-partner\\\/\",\"name\":\"Bli konsulentpartner - Certifiqat.com\",\"isPartOf\":{\"@id\":\"https:\\\/\\\/certifiqat.com\\\/nb\\\/#website\"},\"primaryImageOfPage\":{\"@id\":\"https:\\\/\\\/certifiqat.com\\\/nb\\\/become-consultancy-partner\\\/#primaryimage\"},\"image\":{\"@id\":\"https:\\\/\\\/certifiqat.com\\\/nb\\\/become-consultancy-partner\\\/#primaryimage\"},\"thumbnailUrl\":\"https:\\\/\\\/certifiqat.com\\\/wp-content\\\/uploads\\\/yoav-aziz-tKCd-IWc4gI-unsplash.jpg\",\"datePublished\":\"2024-08-06T11:48:15+00:00\",\"dateModified\":\"2024-08-23T11:18:10+00:00\",\"breadcrumb\":{\"@id\":\"https:\\\/\\\/certifiqat.com\\\/nb\\\/become-consultancy-partner\\\/#breadcrumb\"},\"inLanguage\":\"nb-NB\",\"potentialAction\":[{\"@type\":\"ReadAction\",\"target\":[\"https:\\\/\\\/certifiqat.com\\\/nb\\\/become-consultancy-partner\\\/\"]}]},{\"@type\":\"ImageObject\",\"inLanguage\":\"nb-NB\",\"@id\":\"https:\\\/\\\/certifiqat.com\\\/nb\\\/become-consultancy-partner\\\/#primaryimage\",\"url\":\"https:\\\/\\\/certifiqat.com\\\/wp-content\\\/uploads\\\/yoav-aziz-tKCd-IWc4gI-unsplash.jpg\",\"contentUrl\":\"https:\\\/\\\/certifiqat.com\\\/wp-content\\\/uploads\\\/yoav-aziz-tKCd-IWc4gI-unsplash.jpg\",\"width\":820,\"height\":461},{\"@type\":\"BreadcrumbList\",\"@id\":\"https:\\\/\\\/certifiqat.com\\\/nb\\\/become-consultancy-partner\\\/#breadcrumb\",\"itemListElement\":[{\"@type\":\"ListItem\",\"position\":1,\"name\":\"Home\",\"item\":\"https:\\\/\\\/certifiqat.com\\\/nb\\\/\"},{\"@type\":\"ListItem\",\"position\":2,\"name\":\"Bli konsulentpartner\"}]},{\"@type\":\"WebSite\",\"@id\":\"https:\\\/\\\/certifiqat.com\\\/nb\\\/#website\",\"url\":\"https:\\\/\\\/certifiqat.com\\\/nb\\\/\",\"name\":\"certifiqat\",\"description\":\"\",\"potentialAction\":[{\"@type\":\"SearchAction\",\"target\":{\"@type\":\"EntryPoint\",\"urlTemplate\":\"https:\\\/\\\/certifiqat.com\\\/nb\\\/?s={search_term_string}\"},\"query-input\":{\"@type\":\"PropertyValueSpecification\",\"valueRequired\":true,\"valueName\":\"search_term_string\"}}],\"inLanguage\":\"nb-NB\"}]}<\/script>\n<!-- \/ Yoast SEO plugin. -->","yoast_head_json":{"title":"Bli konsulentpartner - Certifiqat.com","robots":{"index":"index","follow":"follow","max-snippet":"max-snippet:-1","max-image-preview":"max-image-preview:large","max-video-preview":"max-video-preview:-1"},"canonical":"https:\/\/certifiqat.com\/nb\/become-consultancy-partner\/","og_locale":"en_US","og_type":"article","og_title":"Bli konsulentpartner - Certifiqat.com","og_description":"Bli konsulentpartner Bli partner med Certifiqat: L\u00f8ft dine kunders sertifiseringsreise Certifiqat har som m\u00e5l \u00e5 bygge verdens st\u00f8rste database for sertifiserte bedrifter og \u00e5 endre hvordan bedrifter administrerer og viser frem sine sertifiseringer. Vi inviterer konsulenter og konsulentselskaper til \u00e5 samarbeide med oss og tilby sine kunder stor verdi i deres sertifiseringsreise. Hvorfor bli partner","og_url":"https:\/\/certifiqat.com\/nb\/become-consultancy-partner\/","og_site_name":"Certifiqat.com","article_modified_time":"2024-08-23T11:18:10+00:00","og_image":[{"width":820,"height":461,"url":"https:\/\/certifiqat.com\/wp-content\/uploads\/yoav-aziz-tKCd-IWc4gI-unsplash.jpg","type":"image\/jpeg"}],"twitter_card":"summary_large_image","twitter_misc":{"Est. reading time":"2 minutes"},"schema":{"@context":"https:\/\/schema.org","@graph":[{"@type":"WebPage","@id":"https:\/\/certifiqat.com\/nb\/become-consultancy-partner\/","url":"https:\/\/certifiqat.com\/nb\/become-consultancy-partner\/","name":"Bli konsulentpartner - Certifiqat.com","isPartOf":{"@id":"https:\/\/certifiqat.com\/nb\/#website"},"primaryImageOfPage":{"@id":"https:\/\/certifiqat.com\/nb\/become-consultancy-partner\/#primaryimage"},"image":{"@id":"https:\/\/certifiqat.com\/nb\/become-consultancy-partner\/#primaryimage"},"thumbnailUrl":"https:\/\/certifiqat.com\/wp-content\/uploads\/yoav-aziz-tKCd-IWc4gI-unsplash.jpg","datePublished":"2024-08-06T11:48:15+00:00","dateModified":"2024-08-23T11:18:10+00:00","breadcrumb":{"@id":"https:\/\/certifiqat.com\/nb\/become-consultancy-partner\/#breadcrumb"},"inLanguage":"nb-NB","potentialAction":[{"@type":"ReadAction","target":["https:\/\/certifiqat.com\/nb\/become-consultancy-partner\/"]}]},{"@type":"ImageObject","inLanguage":"nb-NB","@id":"https:\/\/certifiqat.com\/nb\/become-consultancy-partner\/#primaryimage","url":"https:\/\/certifiqat.com\/wp-content\/uploads\/yoav-aziz-tKCd-IWc4gI-unsplash.jpg","contentUrl":"https:\/\/certifiqat.com\/wp-content\/uploads\/yoav-aziz-tKCd-IWc4gI-unsplash.jpg","width":820,"height":461},{"@type":"BreadcrumbList","@id":"https:\/\/certifiqat.com\/nb\/become-consultancy-partner\/#breadcrumb","itemListElement":[{"@type":"ListItem","position":1,"name":"Home","item":"https:\/\/certifiqat.com\/nb\/"},{"@type":"ListItem","position":2,"name":"Bli konsulentpartner"}]},{"@type":"WebSite","@id":"https:\/\/certifiqat.com\/nb\/#website","url":"https:\/\/certifiqat.com\/nb\/","name":"certifiqat","description":"","potentialAction":[{"@type":"SearchAction","target":{"@type":"EntryPoint","urlTemplate":"https:\/\/certifiqat.com\/nb\/?s={search_term_string}"},"query-input":{"@type":"PropertyValueSpecification","valueRequired":true,"valueName":"search_term_string"}}],"inLanguage":"nb-NB"}]}},"_links":{"self":[{"href":"https:\/\/certifiqat.com\/nb\/wp-json\/wp\/v2\/pages\/5927","targetHints":{"allow":["GET"]}}],"collection":[{"href":"https:\/\/certifiqat.com\/nb\/wp-json\/wp\/v2\/pages"}],"about":[{"href":"https:\/\/certifiqat.com\/nb\/wp-json\/wp\/v2\/types\/page"}],"author":[{"embeddable":true,"href":"https:\/\/certifiqat.com\/nb\/wp-json\/wp\/v2\/users\/3"}],"replies":[{"embeddable":true,"href":"https:\/\/certifiqat.com\/nb\/wp-json\/wp\/v2\/comments?post=5927"}],"version-history":[{"count":0,"href":"https:\/\/certifiqat.com\/nb\/wp-json\/wp\/v2\/pages\/5927\/revisions"}],"wp:featuredmedia":[{"embeddable":true,"href":"https:\/\/certifiqat.com\/nb\/wp-json\/wp\/v2\/media\/3132"}],"wp:attachment":[{"href":"https:\/\/certifiqat.com\/nb\/wp-json\/wp\/v2\/media?parent=5927"}],"curies":[{"name":"wp","href":"https:\/\/api.w.org\/{rel}","templated":true}]}}