{"id":3233,"date":"2024-04-23T08:18:33","date_gmt":"2024-04-23T08:18:33","guid":{"rendered":"https:\/\/certifiqat.com\/about-us\/"},"modified":"2024-08-31T08:01:59","modified_gmt":"2024-08-31T08:01:59","slug":"about-us","status":"publish","type":"page","link":"https:\/\/certifiqat.com\/nb\/about-us\/","title":{"rendered":"Om oss"},"content":{"rendered":"<section class=\"relative bg-white\" id=\"block_702604b8ea63145b1351a53f2991026c\">\n\t<div class=\"container\">\n\t\t<div class=\"flex flex-wrap\">\n\t\t\t\t\t\t\t<div class=\"w-full pr-0 rem:py-[75px] lg:w-1\/2 lg:pr-[130px] lg:rem:py-[150px]\">\n\t\t\t\t\t<div class=\"base-typography\">\n\t\t\t\t\t\t<h2>Historien<\/h2>\n<p>Teamet bak Certifiqat har flere ti\u00e5r med erfaring fra b\u00e5de ISO-sertifiseringsverdenen og teknologibransjen p\u00e5 nett. Vi er et team av tidligere administrerende direkt\u00f8rer, markedssjefer, ISO-revisorer, ledelseskonsulenter og teknologifolk, men f\u00f8rst og fremst er vi forent p\u00e5 reisen for \u00e5 \u00f8ke verdien av \u00e5 v\u00e6re sertifisert.<\/p>\n<h2>V\u00e5rt oppdrag<\/h2>\n<p>V\u00e5rt oppdrag er \u00e5 \u00f8ke verdien av sertifiseringer og styrke sertifiserte selskaper ved \u00e5 forbedre deres evne til \u00e5 markedsf\u00f8re sine prestasjoner. Denne tiln\u00e6rmingen skiller ikke bare sertifiserte selskaper fra ikke-sertifiserte konkurrenter, men forsterker ogs\u00e5 merkevareverdien deres.<\/p>\n<h2>V\u00e5r visjon for fremtiden<\/h2>\n<p>Certifiqats visjon er at alle ambisi\u00f8se selskaper p\u00e5 verdensbasis skal bruke Certifiqat til \u00e5 administrere og markedsf\u00f8re sine sertifikater og tillitsskapende dokumenter. Vi bygger verdens st\u00f8rste database for sertifiserte selskaper.<\/p>\n\n\t\t\t\t\t<\/div>\n\t\t\t\t<\/div>\n\t\t\t\t\t\t\t\t\t\t<div class=\"h-full w-full lg:w-1\/2\"><\/div>\n\t\t\t\t\t<\/div>\n\t<\/div>\n\t<div class=\"relative left-0 top-0 h-full w-full pt-[50%] lg:absolute lg:left-[50%] lg:w-1\/2 lg:pt-0\">\n\t\t<img decoding=\"async\" class=\"img-cover-abs\" src=\"https:\/\/certifiqat.com\/wp-content\/uploads\/kelsey-knight-SFRw5GChoLA-unsplash-800x0-c-default.jpg\" alt=\"\" \/>\n\t<\/div>\n<\/section>\n\n\n\n<section class=\"wp-block-group section-wrapper has-background\" style=\"background-color:#75d2fa\"><div class=\"wp-block-group__inner-container is-layout-constrained wp-block-group-is-layout-constrained\">\n<div class=\"wp-block-columns container is-layout-flex wp-container-core-columns-is-layout-9d6595d7 wp-block-columns-is-layout-flex\">\n<div class=\"wp-block-column is-layout-flow wp-block-column-is-layout-flow\">\n<h2 class=\"wp-block-heading has-text-color has-link-color wp-elements-b7effef0b5919d301c5c7b72eccb0274\" style=\"color:#2d6bd8\">Erfarent team<\/h2>\n\n\n\n<p class=\"has-text-color has-link-color wp-elements-d6241e30935a37ca11d106bbd98e00c2\" style=\"color:#122a5e\">Certifiqat-teamet har mange \u00e5rs erfaring fra ulike roller i n\u00e6ringslivet, og vi har sett utfordringen med \u00e5 effektivt h\u00e5ndtere og vise frem disse kritiske tillitsdokumentene til kunder, ansatte og interessenter.<\/p>\n<\/div>\n\n\n\n<div class=\"wp-block-column is-layout-flow wp-block-column-is-layout-flow\">\n<h2 class=\"wp-block-heading has-text-color has-link-color wp-elements-d057546a2f2d510c97dad4734583c4a9\" style=\"color:#2d6bd8\">Certifiqat AI<\/h2>\n\n\n\n<p class=\"has-text-color has-link-color wp-elements-a4684a531c6933c546d6286ca01dc23c\" style=\"color:#122a5e\">Ved \u00e5 kombinere spr\u00e5kmodellen fra OpenAI med v\u00e5r tech-stack oversetter vi effektivt innholdet ditt til over 15 spr\u00e5k og skaper en uovertruffen tilgjengelighet for publikum.<\/p>\n<\/div>\n\n\n\n<div class=\"wp-block-column is-layout-flow wp-block-column-is-layout-flow\">\n<h2 class=\"wp-block-heading has-text-color has-link-color wp-elements-5d21e0a0f123688dd0776dd9b08baf24\" style=\"color:#2d6bd8\">Brukeropplevelsen f\u00f8rst<\/h2>\n\n\n\n<p class=\"has-text-color has-link-color wp-elements-74bb92d290e65953acbf0cec55e3e2cd\" style=\"color:#122a5e\">Vi har en brukeropplevelse\/design f\u00f8rst-tiln\u00e6rming for alltid \u00e5 \u00f8ke totalopplevelsen av merkevaren din og bedriftsprofilen din p\u00e5 Certifiqat.com<\/p>\n<\/div>\n\n\n\n<div class=\"wp-block-column is-layout-flow wp-block-column-is-layout-flow\">\n<h2 class=\"wp-block-heading has-text-color has-link-color wp-elements-e6985f8fb3c9ed43c8d04a456417871b\" style=\"color:#2a70c5\">Brukerst\u00f8tte<\/h2>\n\n\n\n<p>Hvis du trenger hjelp, er vi her for \u00e5 hjelpe deg. V\u00e5rt supportteam har som m\u00e5l \u00e5 v\u00e6re null til ingen.<\/p>\n<\/div>\n<\/div>\n<\/div><\/section>\n\n\n\n<div class=\"wp-block-group section-wrapper\"><div class=\"wp-block-group__inner-container is-layout-constrained wp-block-group-is-layout-constrained\">\n<div class=\"wp-block-columns container is-layout-flex wp-container-core-columns-is-layout-9d6595d7 wp-block-columns-is-layout-flex\">\n<div class=\"wp-block-column is-layout-flow wp-block-column-is-layout-flow\" style=\"flex-basis:25%\"><\/div>\n\n\n\n<div class=\"wp-block-column is-layout-flow wp-block-column-is-layout-flow\" style=\"flex-basis:75%\">\n<h2 class=\"wp-block-heading has-text-align-center has-text-color has-link-color has-x-large-font-size wp-elements-df9223818431fe76020a4cfacf3cbda6\" style=\"color:#2d6bd8\">Bli en del av oss!<\/h2>\n\n\n\n<p class=\"has-text-align-center max-w has-text-color has-link-color wp-elements-13ce4e7f67a9902697f49d501d8b147e\" style=\"color:#122a5e\">Vi er alltid p\u00e5 utkikk etter talenter innen teknologi, salg, markedsf\u00f8ring og support. Hvis du har kunnskap om sertifikater, kvalitet og ledelse, er vi enda mer nysgjerrige p\u00e5 deg og gleder oss til et m\u00f8te!<\/p>\n\n\n\n<p class=\"has-text-align-center has-text-color has-link-color wp-elements-d3d16903e980be3d3438cb778a219a6c\" style=\"color:#122a5e\"><strong>Send oss en e-post og fortell oss hvorfor du \u00f8nsker \u00e5 bli en del av Certifqat: <a class=\"copy-email-js text-right  relative\" href=\"mailto:join@certifiqat.com\">join@certifiqat.com <span class=\" hidden absolute right-0 bottom-[100%] p-1 rounded-full bg-white font-normal text-c-grey-500\">Copied<\/span><\/a><\/strong><\/p>\n<\/div>\n\n\n\n<div class=\"wp-block-column is-layout-flow wp-block-column-is-layout-flow\" style=\"flex-basis:25%\"><\/div>\n<\/div>\n<\/div><\/div>\n","protected":false},"excerpt":{"rendered":"<p>Erfarent team Certifiqat-teamet har mange \u00e5rs erfaring fra ulike roller i n\u00e6ringslivet, og vi har sett utfordringen med \u00e5 effektivt h\u00e5ndtere og vise frem disse kritiske tillitsdokumentene til kunder, ansatte og interessenter. Certifiqat AI Ved \u00e5 kombinere spr\u00e5kmodellen fra OpenAI med v\u00e5r tech-stack oversetter vi effektivt innholdet ditt til over 15 spr\u00e5k og skaper en<\/p>\n","protected":false},"author":3,"featured_media":0,"parent":0,"menu_order":0,"comment_status":"closed","ping_status":"closed","template":"page-about-us.php","meta":{"_acf_changed":false,"inline_featured_image":false,"footnotes":""},"class_list":["post-3233","page","type-page","status-publish","hentry"],"acf":[],"yoast_head":"<!-- This site is optimized with the Yoast SEO plugin v27.4 - https:\/\/yoast.com\/product\/yoast-seo-wordpress\/ -->\n<title>About Us - Certifiqat.com<\/title>\n<meta name=\"robots\" content=\"index, follow, max-snippet:-1, max-image-preview:large, max-video-preview:-1\" \/>\n<link rel=\"canonical\" href=\"https:\/\/certifiqat.com\/nb\/about-us\/\" \/>\n<meta property=\"og:locale\" content=\"en_US\" \/>\n<meta property=\"og:type\" content=\"article\" \/>\n<meta property=\"og:title\" content=\"About Us - Certifiqat.com\" \/>\n<meta property=\"og:description\" content=\"Erfarent team Certifiqat-teamet har mange \u00e5rs erfaring fra ulike roller i n\u00e6ringslivet, og vi har sett utfordringen med \u00e5 effektivt h\u00e5ndtere og vise frem disse kritiske tillitsdokumentene til kunder, ansatte og interessenter. Certifiqat AI Ved \u00e5 kombinere spr\u00e5kmodellen fra OpenAI med v\u00e5r tech-stack oversetter vi effektivt innholdet ditt til over 15 spr\u00e5k og skaper en\" \/>\n<meta property=\"og:url\" content=\"https:\/\/certifiqat.com\/nb\/about-us\/\" \/>\n<meta property=\"og:site_name\" content=\"Certifiqat.com\" \/>\n<meta property=\"article:modified_time\" content=\"2024-08-31T08:01:59+00:00\" \/>\n<meta name=\"twitter:card\" content=\"summary_large_image\" \/>\n<meta name=\"twitter:label1\" content=\"Est. reading time\" \/>\n\t<meta name=\"twitter:data1\" content=\"1 minute\" \/>\n<script type=\"application\/ld+json\" class=\"yoast-schema-graph\">{\"@context\":\"https:\\\/\\\/schema.org\",\"@graph\":[{\"@type\":\"WebPage\",\"@id\":\"https:\\\/\\\/certifiqat.com\\\/nb\\\/about-us\\\/\",\"url\":\"https:\\\/\\\/certifiqat.com\\\/nb\\\/about-us\\\/\",\"name\":\"About Us - Certifiqat.com\",\"isPartOf\":{\"@id\":\"https:\\\/\\\/certifiqat.com\\\/nb\\\/#website\"},\"datePublished\":\"2024-04-23T08:18:33+00:00\",\"dateModified\":\"2024-08-31T08:01:59+00:00\",\"breadcrumb\":{\"@id\":\"https:\\\/\\\/certifiqat.com\\\/nb\\\/about-us\\\/#breadcrumb\"},\"inLanguage\":\"nb-NB\",\"potentialAction\":[{\"@type\":\"ReadAction\",\"target\":[\"https:\\\/\\\/certifiqat.com\\\/nb\\\/about-us\\\/\"]}]},{\"@type\":\"BreadcrumbList\",\"@id\":\"https:\\\/\\\/certifiqat.com\\\/nb\\\/about-us\\\/#breadcrumb\",\"itemListElement\":[{\"@type\":\"ListItem\",\"position\":1,\"name\":\"Home\",\"item\":\"https:\\\/\\\/certifiqat.com\\\/nb\\\/\"},{\"@type\":\"ListItem\",\"position\":2,\"name\":\"Om oss\"}]},{\"@type\":\"WebSite\",\"@id\":\"https:\\\/\\\/certifiqat.com\\\/nb\\\/#website\",\"url\":\"https:\\\/\\\/certifiqat.com\\\/nb\\\/\",\"name\":\"certifiqat\",\"description\":\"\",\"potentialAction\":[{\"@type\":\"SearchAction\",\"target\":{\"@type\":\"EntryPoint\",\"urlTemplate\":\"https:\\\/\\\/certifiqat.com\\\/nb\\\/?s={search_term_string}\"},\"query-input\":{\"@type\":\"PropertyValueSpecification\",\"valueRequired\":true,\"valueName\":\"search_term_string\"}}],\"inLanguage\":\"nb-NB\"}]}<\/script>\n<!-- \/ Yoast SEO plugin. -->","yoast_head_json":{"title":"About Us - Certifiqat.com","robots":{"index":"index","follow":"follow","max-snippet":"max-snippet:-1","max-image-preview":"max-image-preview:large","max-video-preview":"max-video-preview:-1"},"canonical":"https:\/\/certifiqat.com\/nb\/about-us\/","og_locale":"en_US","og_type":"article","og_title":"About Us - Certifiqat.com","og_description":"Erfarent team Certifiqat-teamet har mange \u00e5rs erfaring fra ulike roller i n\u00e6ringslivet, og vi har sett utfordringen med \u00e5 effektivt h\u00e5ndtere og vise frem disse kritiske tillitsdokumentene til kunder, ansatte og interessenter. Certifiqat AI Ved \u00e5 kombinere spr\u00e5kmodellen fra OpenAI med v\u00e5r tech-stack oversetter vi effektivt innholdet ditt til over 15 spr\u00e5k og skaper en","og_url":"https:\/\/certifiqat.com\/nb\/about-us\/","og_site_name":"Certifiqat.com","article_modified_time":"2024-08-31T08:01:59+00:00","twitter_card":"summary_large_image","twitter_misc":{"Est. reading time":"1 minute"},"schema":{"@context":"https:\/\/schema.org","@graph":[{"@type":"WebPage","@id":"https:\/\/certifiqat.com\/nb\/about-us\/","url":"https:\/\/certifiqat.com\/nb\/about-us\/","name":"About Us - Certifiqat.com","isPartOf":{"@id":"https:\/\/certifiqat.com\/nb\/#website"},"datePublished":"2024-04-23T08:18:33+00:00","dateModified":"2024-08-31T08:01:59+00:00","breadcrumb":{"@id":"https:\/\/certifiqat.com\/nb\/about-us\/#breadcrumb"},"inLanguage":"nb-NB","potentialAction":[{"@type":"ReadAction","target":["https:\/\/certifiqat.com\/nb\/about-us\/"]}]},{"@type":"BreadcrumbList","@id":"https:\/\/certifiqat.com\/nb\/about-us\/#breadcrumb","itemListElement":[{"@type":"ListItem","position":1,"name":"Home","item":"https:\/\/certifiqat.com\/nb\/"},{"@type":"ListItem","position":2,"name":"Om oss"}]},{"@type":"WebSite","@id":"https:\/\/certifiqat.com\/nb\/#website","url":"https:\/\/certifiqat.com\/nb\/","name":"certifiqat","description":"","potentialAction":[{"@type":"SearchAction","target":{"@type":"EntryPoint","urlTemplate":"https:\/\/certifiqat.com\/nb\/?s={search_term_string}"},"query-input":{"@type":"PropertyValueSpecification","valueRequired":true,"valueName":"search_term_string"}}],"inLanguage":"nb-NB"}]}},"_links":{"self":[{"href":"https:\/\/certifiqat.com\/nb\/wp-json\/wp\/v2\/pages\/3233","targetHints":{"allow":["GET"]}}],"collection":[{"href":"https:\/\/certifiqat.com\/nb\/wp-json\/wp\/v2\/pages"}],"about":[{"href":"https:\/\/certifiqat.com\/nb\/wp-json\/wp\/v2\/types\/page"}],"author":[{"embeddable":true,"href":"https:\/\/certifiqat.com\/nb\/wp-json\/wp\/v2\/users\/3"}],"replies":[{"embeddable":true,"href":"https:\/\/certifiqat.com\/nb\/wp-json\/wp\/v2\/comments?post=3233"}],"version-history":[{"count":0,"href":"https:\/\/certifiqat.com\/nb\/wp-json\/wp\/v2\/pages\/3233\/revisions"}],"wp:attachment":[{"href":"https:\/\/certifiqat.com\/nb\/wp-json\/wp\/v2\/media?parent=3233"}],"curies":[{"name":"wp","href":"https:\/\/api.w.org\/{rel}","templated":true}]}}