{"id":9681,"date":"2024-06-28T08:46:13","date_gmt":"2024-06-28T08:46:13","guid":{"rendered":"https:\/\/certifiqat.com\/invoice-billing\/"},"modified":"2024-08-27T08:49:32","modified_gmt":"2024-08-27T08:49:32","slug":"invoice-billing","status":"publish","type":"page","link":"https:\/\/certifiqat.com\/fr\/invoice-billing\/","title":{"rendered":"Facturation"},"content":{"rendered":"\n<h1 class=\"wp-block-heading\">Facture<\/h1>\n\n\n\n<p>Business Profiles est factur\u00e9 annuellement et \u00e0 l&rsquo;avance. Toutes les factures sont envoy\u00e9es \u00e0 partir de billing@certifiqat.com.<\/p>\n\n\n\n<p>Pour toute question concernant une facture re\u00e7ue, veuillez nous envoyer un courriel \u00e0 <a href=\"mailto:support@certifiqat.com\">support@certifiqat.com<\/a> en prenant soin d&rsquo;indiquer votre num\u00e9ro de facture dans l&rsquo;objet afin d&rsquo;obtenir une r\u00e9ponse rapide.<\/p>\n","protected":false},"excerpt":{"rendered":"<p>Facture Business Profiles est factur\u00e9 annuellement et \u00e0 l&rsquo;avance. Toutes les factures sont envoy\u00e9es \u00e0 partir de billing@certifiqat.com. Pour toute question concernant une facture re\u00e7ue, veuillez nous envoyer un courriel \u00e0 support@certifiqat.com en prenant soin d&rsquo;indiquer votre num\u00e9ro de facture dans l&rsquo;objet afin d&rsquo;obtenir une r\u00e9ponse rapide.<\/p>\n","protected":false},"author":3,"featured_media":1403,"parent":0,"menu_order":0,"comment_status":"closed","ping_status":"closed","template":"","meta":{"_acf_changed":false,"inline_featured_image":false,"footnotes":""},"class_list":["post-9681","page","type-page","status-publish","has-post-thumbnail","hentry"],"acf":[],"yoast_head":"<!-- This site is optimized with the Yoast SEO plugin v27.5 - https:\/\/yoast.com\/product\/yoast-seo-wordpress\/ -->\n<title>Facture - Certifiqat.com<\/title>\n<meta name=\"robots\" content=\"index, follow, max-snippet:-1, max-image-preview:large, max-video-preview:-1\" \/>\n<link rel=\"canonical\" href=\"https:\/\/certifiqat.com\/fr\/invoice-billing\/\" \/>\n<meta property=\"og:locale\" content=\"fr_FR\" \/>\n<meta property=\"og:type\" content=\"article\" \/>\n<meta property=\"og:title\" content=\"Facture - Certifiqat.com\" \/>\n<meta property=\"og:description\" content=\"Facture Business Profiles est factur\u00e9 annuellement et \u00e0 l&rsquo;avance. Toutes les factures sont envoy\u00e9es \u00e0 partir de billing@certifiqat.com. Pour toute question concernant une facture re\u00e7ue, veuillez nous envoyer un courriel \u00e0 support@certifiqat.com en prenant soin d&rsquo;indiquer votre num\u00e9ro de facture dans l&rsquo;objet afin d&rsquo;obtenir une r\u00e9ponse rapide.\" \/>\n<meta property=\"og:url\" content=\"https:\/\/certifiqat.com\/fr\/invoice-billing\/\" \/>\n<meta property=\"og:site_name\" content=\"Certifiqat.com\" \/>\n<meta property=\"article:modified_time\" content=\"2024-08-27T08:49:32+00:00\" \/>\n<meta property=\"og:image\" content=\"https:\/\/certifiqat.com\/wp-content\/uploads\/yoav-aziz-tKCd-IWc4gI-unsplash.jpg\" \/>\n\t<meta property=\"og:image:width\" content=\"820\" \/>\n\t<meta property=\"og:image:height\" content=\"461\" \/>\n\t<meta property=\"og:image:type\" content=\"image\/jpeg\" \/>\n<meta name=\"twitter:card\" content=\"summary_large_image\" \/>\n<meta name=\"twitter:label1\" content=\"Dur\u00e9e de lecture estim\u00e9e\" \/>\n\t<meta name=\"twitter:data1\" content=\"1 minute\" \/>\n<script type=\"application\/ld+json\" class=\"yoast-schema-graph\">{\"@context\":\"https:\\\/\\\/schema.org\",\"@graph\":[{\"@type\":\"WebPage\",\"@id\":\"https:\\\/\\\/certifiqat.com\\\/fr\\\/invoice-billing\\\/\",\"url\":\"https:\\\/\\\/certifiqat.com\\\/fr\\\/invoice-billing\\\/\",\"name\":\"Facture - Certifiqat.com\",\"isPartOf\":{\"@id\":\"https:\\\/\\\/certifiqat.com\\\/fr\\\/#website\"},\"primaryImageOfPage\":{\"@id\":\"https:\\\/\\\/certifiqat.com\\\/fr\\\/invoice-billing\\\/#primaryimage\"},\"image\":{\"@id\":\"https:\\\/\\\/certifiqat.com\\\/fr\\\/invoice-billing\\\/#primaryimage\"},\"thumbnailUrl\":\"https:\\\/\\\/certifiqat.com\\\/wp-content\\\/uploads\\\/yoav-aziz-tKCd-IWc4gI-unsplash.jpg\",\"datePublished\":\"2024-06-28T08:46:13+00:00\",\"dateModified\":\"2024-08-27T08:49:32+00:00\",\"breadcrumb\":{\"@id\":\"https:\\\/\\\/certifiqat.com\\\/fr\\\/invoice-billing\\\/#breadcrumb\"},\"inLanguage\":\"fr-FR\",\"potentialAction\":[{\"@type\":\"ReadAction\",\"target\":[\"https:\\\/\\\/certifiqat.com\\\/fr\\\/invoice-billing\\\/\"]}]},{\"@type\":\"ImageObject\",\"inLanguage\":\"fr-FR\",\"@id\":\"https:\\\/\\\/certifiqat.com\\\/fr\\\/invoice-billing\\\/#primaryimage\",\"url\":\"https:\\\/\\\/certifiqat.com\\\/wp-content\\\/uploads\\\/yoav-aziz-tKCd-IWc4gI-unsplash.jpg\",\"contentUrl\":\"https:\\\/\\\/certifiqat.com\\\/wp-content\\\/uploads\\\/yoav-aziz-tKCd-IWc4gI-unsplash.jpg\",\"width\":820,\"height\":461},{\"@type\":\"BreadcrumbList\",\"@id\":\"https:\\\/\\\/certifiqat.com\\\/fr\\\/invoice-billing\\\/#breadcrumb\",\"itemListElement\":[{\"@type\":\"ListItem\",\"position\":1,\"name\":\"Home\",\"item\":\"https:\\\/\\\/certifiqat.com\\\/fr\\\/\"},{\"@type\":\"ListItem\",\"position\":2,\"name\":\"Facturation\"}]},{\"@type\":\"WebSite\",\"@id\":\"https:\\\/\\\/certifiqat.com\\\/fr\\\/#website\",\"url\":\"https:\\\/\\\/certifiqat.com\\\/fr\\\/\",\"name\":\"certifiqat\",\"description\":\"\",\"potentialAction\":[{\"@type\":\"SearchAction\",\"target\":{\"@type\":\"EntryPoint\",\"urlTemplate\":\"https:\\\/\\\/certifiqat.com\\\/fr\\\/?s={search_term_string}\"},\"query-input\":{\"@type\":\"PropertyValueSpecification\",\"valueRequired\":true,\"valueName\":\"search_term_string\"}}],\"inLanguage\":\"fr-FR\"}]}<\/script>\n<!-- \/ Yoast SEO plugin. -->","yoast_head_json":{"title":"Facture - Certifiqat.com","robots":{"index":"index","follow":"follow","max-snippet":"max-snippet:-1","max-image-preview":"max-image-preview:large","max-video-preview":"max-video-preview:-1"},"canonical":"https:\/\/certifiqat.com\/fr\/invoice-billing\/","og_locale":"fr_FR","og_type":"article","og_title":"Facture - Certifiqat.com","og_description":"Facture Business Profiles est factur\u00e9 annuellement et \u00e0 l&rsquo;avance. Toutes les factures sont envoy\u00e9es \u00e0 partir de billing@certifiqat.com. Pour toute question concernant une facture re\u00e7ue, veuillez nous envoyer un courriel \u00e0 support@certifiqat.com en prenant soin d&rsquo;indiquer votre num\u00e9ro de facture dans l&rsquo;objet afin d&rsquo;obtenir une r\u00e9ponse rapide.","og_url":"https:\/\/certifiqat.com\/fr\/invoice-billing\/","og_site_name":"Certifiqat.com","article_modified_time":"2024-08-27T08:49:32+00:00","og_image":[{"width":820,"height":461,"url":"https:\/\/certifiqat.com\/wp-content\/uploads\/yoav-aziz-tKCd-IWc4gI-unsplash.jpg","type":"image\/jpeg"}],"twitter_card":"summary_large_image","twitter_misc":{"Dur\u00e9e de lecture estim\u00e9e":"1 minute"},"schema":{"@context":"https:\/\/schema.org","@graph":[{"@type":"WebPage","@id":"https:\/\/certifiqat.com\/fr\/invoice-billing\/","url":"https:\/\/certifiqat.com\/fr\/invoice-billing\/","name":"Facture - Certifiqat.com","isPartOf":{"@id":"https:\/\/certifiqat.com\/fr\/#website"},"primaryImageOfPage":{"@id":"https:\/\/certifiqat.com\/fr\/invoice-billing\/#primaryimage"},"image":{"@id":"https:\/\/certifiqat.com\/fr\/invoice-billing\/#primaryimage"},"thumbnailUrl":"https:\/\/certifiqat.com\/wp-content\/uploads\/yoav-aziz-tKCd-IWc4gI-unsplash.jpg","datePublished":"2024-06-28T08:46:13+00:00","dateModified":"2024-08-27T08:49:32+00:00","breadcrumb":{"@id":"https:\/\/certifiqat.com\/fr\/invoice-billing\/#breadcrumb"},"inLanguage":"fr-FR","potentialAction":[{"@type":"ReadAction","target":["https:\/\/certifiqat.com\/fr\/invoice-billing\/"]}]},{"@type":"ImageObject","inLanguage":"fr-FR","@id":"https:\/\/certifiqat.com\/fr\/invoice-billing\/#primaryimage","url":"https:\/\/certifiqat.com\/wp-content\/uploads\/yoav-aziz-tKCd-IWc4gI-unsplash.jpg","contentUrl":"https:\/\/certifiqat.com\/wp-content\/uploads\/yoav-aziz-tKCd-IWc4gI-unsplash.jpg","width":820,"height":461},{"@type":"BreadcrumbList","@id":"https:\/\/certifiqat.com\/fr\/invoice-billing\/#breadcrumb","itemListElement":[{"@type":"ListItem","position":1,"name":"Home","item":"https:\/\/certifiqat.com\/fr\/"},{"@type":"ListItem","position":2,"name":"Facturation"}]},{"@type":"WebSite","@id":"https:\/\/certifiqat.com\/fr\/#website","url":"https:\/\/certifiqat.com\/fr\/","name":"certifiqat","description":"","potentialAction":[{"@type":"SearchAction","target":{"@type":"EntryPoint","urlTemplate":"https:\/\/certifiqat.com\/fr\/?s={search_term_string}"},"query-input":{"@type":"PropertyValueSpecification","valueRequired":true,"valueName":"search_term_string"}}],"inLanguage":"fr-FR"}]}},"_links":{"self":[{"href":"https:\/\/certifiqat.com\/fr\/wp-json\/wp\/v2\/pages\/9681","targetHints":{"allow":["GET"]}}],"collection":[{"href":"https:\/\/certifiqat.com\/fr\/wp-json\/wp\/v2\/pages"}],"about":[{"href":"https:\/\/certifiqat.com\/fr\/wp-json\/wp\/v2\/types\/page"}],"author":[{"embeddable":true,"href":"https:\/\/certifiqat.com\/fr\/wp-json\/wp\/v2\/users\/3"}],"replies":[{"embeddable":true,"href":"https:\/\/certifiqat.com\/fr\/wp-json\/wp\/v2\/comments?post=9681"}],"version-history":[{"count":0,"href":"https:\/\/certifiqat.com\/fr\/wp-json\/wp\/v2\/pages\/9681\/revisions"}],"wp:featuredmedia":[{"embeddable":true,"href":"https:\/\/certifiqat.com\/fr\/wp-json\/wp\/v2\/media\/1403"}],"wp:attachment":[{"href":"https:\/\/certifiqat.com\/fr\/wp-json\/wp\/v2\/media?parent=9681"}],"curies":[{"name":"wp","href":"https:\/\/api.w.org\/{rel}","templated":true}]}}