{"id":926,"date":"2024-04-23T08:18:33","date_gmt":"2024-04-23T08:18:33","guid":{"rendered":"https:\/\/certifiqat.com\/about-us\/"},"modified":"2024-07-29T22:09:04","modified_gmt":"2024-07-29T22:09:04","slug":"about-us","status":"publish","type":"page","link":"https:\/\/certifiqat.com\/fr\/about-us\/","title":{"rendered":"\u00c0 propos de nous"},"content":{"rendered":"<section class=\"relative bg-white\" id=\"block_25c05423a0e2a4e612747e53b346fa28\">\n\t<div class=\"container\">\n\t\t<div class=\"flex flex-wrap\">\n\t\t\t\t\t\t\t<div class=\"w-full pr-0 rem:py-[75px] lg:w-1\/2 lg:pr-[130px] lg:rem:py-[150px]\">\n\t\t\t\t\t<div class=\"base-typography\">\n\t\t\t\t\t\t<h2>L&rsquo;histoire<\/h2>\n<p>L&rsquo;\u00e9quipe derri\u00e8re Certifiqat a des d\u00e9cennies d&rsquo;exp\u00e9rience \u00e0 la fois dans le monde des certificats ISO et dans l&rsquo;espace technologique en ligne. Nous sommes une \u00e9quipe d&rsquo;anciens PDG, directeurs marketing, auditeurs ISO, consultants en gestion et techniciens, mais surtout nous sommes unis dans le but de rehausser la valeur de la certification.<\/p>\n<h2>Notre mission<\/h2>\n<p>Notre mission est d&rsquo;augmenter la valeur des certifications et de renforcer les entreprises certifi\u00e9es en am\u00e9liorant leur capacit\u00e9 \u00e0 commercialiser leurs r\u00e9alisations. Cette approche permet non seulement aux entreprises certifi\u00e9es de se d\u00e9marquer de leurs concurrents non certifi\u00e9s, mais aussi d&rsquo;amplifier la valeur de leur marque.<\/p>\n<h2>Notre vision de l&rsquo;avenir<\/h2>\n<p>Chez Certifiqat, notre vision est que chaque entreprise ambitieuse \u00e0 l&rsquo;\u00e9chelle mondiale utilise Certifiqat pour g\u00e9rer et commercialiser ses certificats et ses documents de confiance. Nous construisons la plus grande base de donn\u00e9es au monde pour les entreprises certifi\u00e9es.<\/p>\n\n\t\t\t\t\t<\/div>\n\t\t\t\t<\/div>\n\t\t\t\t\t\t\t\t\t\t<div class=\"h-full w-full lg:w-1\/2\"><\/div>\n\t\t\t\t\t<\/div>\n\t<\/div>\n\t<div class=\"relative left-0 top-0 h-full w-full pt-[50%] lg:absolute lg:left-[50%] lg:w-1\/2 lg:pt-0\">\n\t\t<img decoding=\"async\" class=\"img-cover-abs\" src=\"https:\/\/certifiqat.com\/wp-content\/uploads\/kelsey-knight-SFRw5GChoLA-unsplash-800x0-c-default.jpg\" alt=\"\" \/>\n\t<\/div>\n<\/section>\n\n\n\n<section class=\"wp-block-group section-wrapper has-background\" style=\"background-color:#75d2fa\"><div class=\"wp-block-group__inner-container is-layout-constrained wp-block-group-is-layout-constrained\">\n<div class=\"wp-block-columns container is-layout-flex wp-container-core-columns-is-layout-9d6595d7 wp-block-columns-is-layout-flex\">\n<div class=\"wp-block-column is-layout-flow wp-block-column-is-layout-flow\">\n<h2 class=\"wp-block-heading has-text-color has-link-color wp-elements-c0a2f97c7de9930255b90e5b3c533ffb\" style=\"color:#2d6bd8\">Une \u00e9quipe exp\u00e9riment\u00e9e<\/h2>\n\n\n\n<p class=\"has-text-color has-link-color wp-elements-68ddb337bfc9a7b88a0844b309a6966d\" style=\"color:#122a5e\">L&rsquo;\u00e9quipe de Certifiqat poss\u00e8de collectivement un grand nombre d&rsquo;ann\u00e9es d&rsquo;exp\u00e9rience dans divers r\u00f4les commerciaux et nous avons vu le d\u00e9fi que repr\u00e9sente la gestion efficace et la pr\u00e9sentation de ces documents de confiance critiques aux clients, aux employ\u00e9s et aux parties prenantes.<\/p>\n<\/div>\n\n\n\n<div class=\"wp-block-column is-layout-flow wp-block-column-is-layout-flow\">\n<h2 class=\"wp-block-heading has-text-color has-link-color wp-elements-57f7d3747e8ff8d88d5cc85d462896dd\" style=\"color:#2d6bd8\">L&rsquo;IA de Certifiqat<\/h2>\n\n\n\n<p class=\"has-text-color has-link-color wp-elements-5a7391cfa67b82afe4cba596cd997a7a\" style=\"color:#122a5e\">En combinant le mod\u00e8le linguistique d&rsquo;OpenAI avec notre pile technologique, nous traduisons efficacement votre contenu dans plus de 15 langues et cr\u00e9ons une accessibilit\u00e9 in\u00e9gal\u00e9e pour votre public.<\/p>\n<\/div>\n\n\n\n<div class=\"wp-block-column is-layout-flow wp-block-column-is-layout-flow\">\n<h2 class=\"wp-block-heading has-text-color has-link-color wp-elements-7133e1e7f248d26aac7565a5d0cb2dcc\" style=\"color:#2d6bd8\">L&rsquo;exp\u00e9rience utilisateur avant tout<\/h2>\n\n\n\n<p class=\"has-text-color has-link-color wp-elements-5121d4cde0d0815ca92caa45612a6fa7\" style=\"color:#122a5e\">Nous adoptons une approche ax\u00e9e sur l&rsquo;exp\u00e9rience utilisateur et la conception afin de toujours am\u00e9liorer l&rsquo;exp\u00e9rience globale de votre marque et de votre profil d&rsquo;entreprise sur Certifiqat.com.<\/p>\n<\/div>\n\n\n\n<div class=\"wp-block-column is-layout-flow wp-block-column-is-layout-flow\">\n<h2 class=\"wp-block-heading has-text-color has-link-color wp-elements-8aab25a8073018b19bc2813062ce9855\" style=\"color:#2a70c5\">Assistance<\/h2>\n\n\n\n<p>Si vous avez besoin d&rsquo;aide, nous sommes l\u00e0 pour vous aider. Notre \u00e9quipe d&rsquo;assistance a pour objectif d&rsquo;\u00eatre la plus performante possible.<\/p>\n<\/div>\n<\/div>\n<\/div><\/section>\n\n\n\n<div class=\"wp-block-group section-wrapper\"><div class=\"wp-block-group__inner-container is-layout-constrained wp-block-group-is-layout-constrained\">\n<div class=\"wp-block-columns container is-layout-flex wp-container-core-columns-is-layout-9d6595d7 wp-block-columns-is-layout-flex\">\n<div class=\"wp-block-column is-layout-flow wp-block-column-is-layout-flow\" style=\"flex-basis:25%\"><\/div>\n\n\n\n<div class=\"wp-block-column is-layout-flow wp-block-column-is-layout-flow\" style=\"flex-basis:75%\">\n<h2 class=\"wp-block-heading has-text-align-center has-text-color has-link-color has-x-large-font-size wp-elements-5f8de7ff589b144fd3ef8699a9bf14a1\" style=\"color:#2d6bd8\">Rejoignez-nous !<\/h2>\n\n\n\n<p class=\"has-text-align-center max-w has-text-color has-link-color wp-elements-d1cad9e84bda2e489be603d9b5554c38\" style=\"color:#122a5e\">Nous sommes toujours \u00e0 la recherche de talents dans les domaines de la technologie, des ventes, du marketing et de l&rsquo;assistance. Si vous avez des connaissances \u00e0 apporter en mati\u00e8re de certificats, de qualit\u00e9 et de gestion, nous sommes encore plus curieux de vous rencontrer !<\/p>\n\n\n\n<p class=\"has-text-align-center has-text-color has-link-color wp-elements-7d5be27f2eca66c47aa3729c34b88800\" style=\"color:#122a5e\"><strong>Envoyez-nous un courriel et expliquez-nous pourquoi vous souhaitez rejoindre Certifqat : <a class=\"copy-email-js text-right  relative\" href=\"mailto:join@certifiqat.com\">join@certifiqat.com <span class=\" hidden absolute right-0 bottom-[100%] p-1 rounded-full bg-white font-normal text-c-grey-500\">Copied<\/span><\/a><\/strong><\/p>\n<\/div>\n\n\n\n<div class=\"wp-block-column is-layout-flow wp-block-column-is-layout-flow\" style=\"flex-basis:25%\"><\/div>\n<\/div>\n<\/div><\/div>\n","protected":false},"excerpt":{"rendered":"<p>Une \u00e9quipe exp\u00e9riment\u00e9e L&rsquo;\u00e9quipe de Certifiqat poss\u00e8de collectivement un grand nombre d&rsquo;ann\u00e9es d&rsquo;exp\u00e9rience dans divers r\u00f4les commerciaux et nous avons vu le d\u00e9fi que repr\u00e9sente la gestion efficace et la pr\u00e9sentation de ces documents de confiance critiques aux clients, aux employ\u00e9s et aux parties prenantes. L&rsquo;IA de Certifiqat En combinant le mod\u00e8le linguistique d&rsquo;OpenAI avec<\/p>\n","protected":false},"author":3,"featured_media":0,"parent":0,"menu_order":0,"comment_status":"closed","ping_status":"closed","template":"page-about-us.php","meta":{"_acf_changed":false,"inline_featured_image":false,"footnotes":""},"class_list":["post-926","page","type-page","status-publish","hentry"],"acf":[],"yoast_head":"<!-- This site is optimized with the Yoast SEO plugin v27.6 - https:\/\/yoast.com\/product\/yoast-seo-wordpress\/ -->\n<title>About Us - Certifiqat.com<\/title>\n<meta name=\"robots\" content=\"index, follow, max-snippet:-1, max-image-preview:large, max-video-preview:-1\" \/>\n<link rel=\"canonical\" href=\"https:\/\/certifiqat.com\/fr\/about-us\/\" \/>\n<meta property=\"og:locale\" content=\"fr_FR\" \/>\n<meta property=\"og:type\" content=\"article\" \/>\n<meta property=\"og:title\" content=\"About Us - Certifiqat.com\" \/>\n<meta property=\"og:description\" content=\"Une \u00e9quipe exp\u00e9riment\u00e9e L&rsquo;\u00e9quipe de Certifiqat poss\u00e8de collectivement un grand nombre d&rsquo;ann\u00e9es d&rsquo;exp\u00e9rience dans divers r\u00f4les commerciaux et nous avons vu le d\u00e9fi que repr\u00e9sente la gestion efficace et la pr\u00e9sentation de ces documents de confiance critiques aux clients, aux employ\u00e9s et aux parties prenantes. L&rsquo;IA de Certifiqat En combinant le mod\u00e8le linguistique d&rsquo;OpenAI avec\" \/>\n<meta property=\"og:url\" content=\"https:\/\/certifiqat.com\/fr\/about-us\/\" \/>\n<meta property=\"og:site_name\" content=\"Certifiqat.com\" \/>\n<meta property=\"article:modified_time\" content=\"2024-07-29T22:09:04+00:00\" \/>\n<meta name=\"twitter:card\" content=\"summary_large_image\" \/>\n<meta name=\"twitter:label1\" content=\"Dur\u00e9e de lecture estim\u00e9e\" \/>\n\t<meta name=\"twitter:data1\" content=\"1 minute\" \/>\n<script type=\"application\/ld+json\" class=\"yoast-schema-graph\">{\"@context\":\"https:\\\/\\\/schema.org\",\"@graph\":[{\"@type\":\"WebPage\",\"@id\":\"https:\\\/\\\/certifiqat.com\\\/fr\\\/about-us\\\/\",\"url\":\"https:\\\/\\\/certifiqat.com\\\/fr\\\/about-us\\\/\",\"name\":\"About Us - Certifiqat.com\",\"isPartOf\":{\"@id\":\"https:\\\/\\\/certifiqat.com\\\/fr\\\/#website\"},\"datePublished\":\"2024-04-23T08:18:33+00:00\",\"dateModified\":\"2024-07-29T22:09:04+00:00\",\"breadcrumb\":{\"@id\":\"https:\\\/\\\/certifiqat.com\\\/fr\\\/about-us\\\/#breadcrumb\"},\"inLanguage\":\"fr-FR\",\"potentialAction\":[{\"@type\":\"ReadAction\",\"target\":[\"https:\\\/\\\/certifiqat.com\\\/fr\\\/about-us\\\/\"]}]},{\"@type\":\"BreadcrumbList\",\"@id\":\"https:\\\/\\\/certifiqat.com\\\/fr\\\/about-us\\\/#breadcrumb\",\"itemListElement\":[{\"@type\":\"ListItem\",\"position\":1,\"name\":\"Home\",\"item\":\"https:\\\/\\\/certifiqat.com\\\/fr\\\/\"},{\"@type\":\"ListItem\",\"position\":2,\"name\":\"\u00c0 propos de nous\"}]},{\"@type\":\"WebSite\",\"@id\":\"https:\\\/\\\/certifiqat.com\\\/fr\\\/#website\",\"url\":\"https:\\\/\\\/certifiqat.com\\\/fr\\\/\",\"name\":\"certifiqat\",\"description\":\"\",\"potentialAction\":[{\"@type\":\"SearchAction\",\"target\":{\"@type\":\"EntryPoint\",\"urlTemplate\":\"https:\\\/\\\/certifiqat.com\\\/fr\\\/?s={search_term_string}\"},\"query-input\":{\"@type\":\"PropertyValueSpecification\",\"valueRequired\":true,\"valueName\":\"search_term_string\"}}],\"inLanguage\":\"fr-FR\"}]}<\/script>\n<!-- \/ Yoast SEO plugin. -->","yoast_head_json":{"title":"About Us - Certifiqat.com","robots":{"index":"index","follow":"follow","max-snippet":"max-snippet:-1","max-image-preview":"max-image-preview:large","max-video-preview":"max-video-preview:-1"},"canonical":"https:\/\/certifiqat.com\/fr\/about-us\/","og_locale":"fr_FR","og_type":"article","og_title":"About Us - Certifiqat.com","og_description":"Une \u00e9quipe exp\u00e9riment\u00e9e L&rsquo;\u00e9quipe de Certifiqat poss\u00e8de collectivement un grand nombre d&rsquo;ann\u00e9es d&rsquo;exp\u00e9rience dans divers r\u00f4les commerciaux et nous avons vu le d\u00e9fi que repr\u00e9sente la gestion efficace et la pr\u00e9sentation de ces documents de confiance critiques aux clients, aux employ\u00e9s et aux parties prenantes. L&rsquo;IA de Certifiqat En combinant le mod\u00e8le linguistique d&rsquo;OpenAI avec","og_url":"https:\/\/certifiqat.com\/fr\/about-us\/","og_site_name":"Certifiqat.com","article_modified_time":"2024-07-29T22:09:04+00:00","twitter_card":"summary_large_image","twitter_misc":{"Dur\u00e9e de lecture estim\u00e9e":"1 minute"},"schema":{"@context":"https:\/\/schema.org","@graph":[{"@type":"WebPage","@id":"https:\/\/certifiqat.com\/fr\/about-us\/","url":"https:\/\/certifiqat.com\/fr\/about-us\/","name":"About Us - Certifiqat.com","isPartOf":{"@id":"https:\/\/certifiqat.com\/fr\/#website"},"datePublished":"2024-04-23T08:18:33+00:00","dateModified":"2024-07-29T22:09:04+00:00","breadcrumb":{"@id":"https:\/\/certifiqat.com\/fr\/about-us\/#breadcrumb"},"inLanguage":"fr-FR","potentialAction":[{"@type":"ReadAction","target":["https:\/\/certifiqat.com\/fr\/about-us\/"]}]},{"@type":"BreadcrumbList","@id":"https:\/\/certifiqat.com\/fr\/about-us\/#breadcrumb","itemListElement":[{"@type":"ListItem","position":1,"name":"Home","item":"https:\/\/certifiqat.com\/fr\/"},{"@type":"ListItem","position":2,"name":"\u00c0 propos de nous"}]},{"@type":"WebSite","@id":"https:\/\/certifiqat.com\/fr\/#website","url":"https:\/\/certifiqat.com\/fr\/","name":"certifiqat","description":"","potentialAction":[{"@type":"SearchAction","target":{"@type":"EntryPoint","urlTemplate":"https:\/\/certifiqat.com\/fr\/?s={search_term_string}"},"query-input":{"@type":"PropertyValueSpecification","valueRequired":true,"valueName":"search_term_string"}}],"inLanguage":"fr-FR"}]}},"_links":{"self":[{"href":"https:\/\/certifiqat.com\/fr\/wp-json\/wp\/v2\/pages\/926","targetHints":{"allow":["GET"]}}],"collection":[{"href":"https:\/\/certifiqat.com\/fr\/wp-json\/wp\/v2\/pages"}],"about":[{"href":"https:\/\/certifiqat.com\/fr\/wp-json\/wp\/v2\/types\/page"}],"author":[{"embeddable":true,"href":"https:\/\/certifiqat.com\/fr\/wp-json\/wp\/v2\/users\/3"}],"replies":[{"embeddable":true,"href":"https:\/\/certifiqat.com\/fr\/wp-json\/wp\/v2\/comments?post=926"}],"version-history":[{"count":0,"href":"https:\/\/certifiqat.com\/fr\/wp-json\/wp\/v2\/pages\/926\/revisions"}],"wp:attachment":[{"href":"https:\/\/certifiqat.com\/fr\/wp-json\/wp\/v2\/media?parent=926"}],"curies":[{"name":"wp","href":"https:\/\/api.w.org\/{rel}","templated":true}]}}