{"id":5939,"date":"2024-08-06T11:48:25","date_gmt":"2024-08-06T11:48:25","guid":{"rendered":"https:\/\/certifiqat.com\/invoice-billing-copy-copy\/"},"modified":"2024-08-23T17:17:34","modified_gmt":"2024-08-23T17:17:34","slug":"add-your-consultancy-firm","status":"publish","type":"page","link":"https:\/\/certifiqat.com\/fr\/add-your-consultancy-firm\/","title":{"rendered":"Ajoutez votre soci\u00e9t\u00e9 de conseil"},"content":{"rendered":"\n<h1 class=\"wp-block-heading\">Ajoutez votre soci\u00e9t\u00e9 de conseil<\/h1>\n\n\n\n<p>Ajoutez votre entreprise \u00e0 notre nouvelle base de donn\u00e9es\/moteur de recherche pour les <a href=\"https:\/\/certifiqat.com\/consultants\/\">soci\u00e9t\u00e9s de conseil<\/a>.<\/p>\n\n\n\n<p>Envoyez-nous un courriel avec une br\u00e8ve description de votre entreprise et des services que vous proposez. Nous vous contacterons pour approbation et instructions suppl\u00e9mentaires.<\/p>\n\n\n\n<p>Contactez <a href=\"mailto:partner@certifiqat.com\">partner@certifiqat.com<\/a> d\u00e8s aujourd&rsquo;hui !<\/p>\n","protected":false},"excerpt":{"rendered":"<p>Ajoutez votre soci\u00e9t\u00e9 de conseil Ajoutez votre entreprise \u00e0 notre nouvelle base de donn\u00e9es\/moteur de recherche pour les soci\u00e9t\u00e9s de conseil. Envoyez-nous un courriel avec une br\u00e8ve description de votre entreprise et des services que vous proposez. Nous vous contacterons pour approbation et instructions suppl\u00e9mentaires. Contactez partner@certifiqat.com d\u00e8s aujourd&rsquo;hui !<\/p>\n","protected":false},"author":3,"featured_media":1403,"parent":0,"menu_order":0,"comment_status":"closed","ping_status":"closed","template":"","meta":{"_acf_changed":false,"inline_featured_image":false,"footnotes":""},"class_list":["post-5939","page","type-page","status-publish","has-post-thumbnail","hentry"],"acf":[],"yoast_head":"<!-- This site is optimized with the Yoast SEO plugin v27.3 - https:\/\/yoast.com\/product\/yoast-seo-wordpress\/ -->\n<title>Ajoutez votre soci\u00e9t\u00e9 de conseil - Certifiqat.com<\/title>\n<meta name=\"robots\" content=\"index, follow, max-snippet:-1, max-image-preview:large, max-video-preview:-1\" \/>\n<link rel=\"canonical\" href=\"https:\/\/certifiqat.com\/fr\/add-your-consultancy-firm\/\" \/>\n<meta property=\"og:locale\" content=\"fr_FR\" \/>\n<meta property=\"og:type\" content=\"article\" \/>\n<meta property=\"og:title\" content=\"Ajoutez votre soci\u00e9t\u00e9 de conseil - Certifiqat.com\" \/>\n<meta property=\"og:description\" content=\"Ajoutez votre soci\u00e9t\u00e9 de conseil Ajoutez votre entreprise \u00e0 notre nouvelle base de donn\u00e9es\/moteur de recherche pour les soci\u00e9t\u00e9s de conseil. Envoyez-nous un courriel avec une br\u00e8ve description de votre entreprise et des services que vous proposez. Nous vous contacterons pour approbation et instructions suppl\u00e9mentaires. Contactez partner@certifiqat.com d\u00e8s aujourd&rsquo;hui !\" \/>\n<meta property=\"og:url\" content=\"https:\/\/certifiqat.com\/fr\/add-your-consultancy-firm\/\" \/>\n<meta property=\"og:site_name\" content=\"Certifiqat.com\" \/>\n<meta property=\"article:modified_time\" content=\"2024-08-23T17:17:34+00:00\" \/>\n<meta property=\"og:image\" content=\"https:\/\/certifiqat.com\/wp-content\/uploads\/yoav-aziz-tKCd-IWc4gI-unsplash.jpg\" \/>\n\t<meta property=\"og:image:width\" content=\"820\" \/>\n\t<meta property=\"og:image:height\" content=\"461\" \/>\n\t<meta property=\"og:image:type\" content=\"image\/jpeg\" \/>\n<meta name=\"twitter:card\" content=\"summary_large_image\" \/>\n<meta name=\"twitter:label1\" content=\"Dur\u00e9e de lecture estim\u00e9e\" \/>\n\t<meta name=\"twitter:data1\" content=\"1 minute\" \/>\n<script type=\"application\/ld+json\" class=\"yoast-schema-graph\">{\"@context\":\"https:\\\/\\\/schema.org\",\"@graph\":[{\"@type\":\"WebPage\",\"@id\":\"https:\\\/\\\/certifiqat.com\\\/fr\\\/add-your-consultancy-firm\\\/\",\"url\":\"https:\\\/\\\/certifiqat.com\\\/fr\\\/add-your-consultancy-firm\\\/\",\"name\":\"Ajoutez votre soci\u00e9t\u00e9 de conseil - Certifiqat.com\",\"isPartOf\":{\"@id\":\"https:\\\/\\\/certifiqat.com\\\/fr\\\/#website\"},\"primaryImageOfPage\":{\"@id\":\"https:\\\/\\\/certifiqat.com\\\/fr\\\/add-your-consultancy-firm\\\/#primaryimage\"},\"image\":{\"@id\":\"https:\\\/\\\/certifiqat.com\\\/fr\\\/add-your-consultancy-firm\\\/#primaryimage\"},\"thumbnailUrl\":\"https:\\\/\\\/certifiqat.com\\\/wp-content\\\/uploads\\\/yoav-aziz-tKCd-IWc4gI-unsplash.jpg\",\"datePublished\":\"2024-08-06T11:48:25+00:00\",\"dateModified\":\"2024-08-23T17:17:34+00:00\",\"breadcrumb\":{\"@id\":\"https:\\\/\\\/certifiqat.com\\\/fr\\\/add-your-consultancy-firm\\\/#breadcrumb\"},\"inLanguage\":\"fr-FR\",\"potentialAction\":[{\"@type\":\"ReadAction\",\"target\":[\"https:\\\/\\\/certifiqat.com\\\/fr\\\/add-your-consultancy-firm\\\/\"]}]},{\"@type\":\"ImageObject\",\"inLanguage\":\"fr-FR\",\"@id\":\"https:\\\/\\\/certifiqat.com\\\/fr\\\/add-your-consultancy-firm\\\/#primaryimage\",\"url\":\"https:\\\/\\\/certifiqat.com\\\/wp-content\\\/uploads\\\/yoav-aziz-tKCd-IWc4gI-unsplash.jpg\",\"contentUrl\":\"https:\\\/\\\/certifiqat.com\\\/wp-content\\\/uploads\\\/yoav-aziz-tKCd-IWc4gI-unsplash.jpg\",\"width\":820,\"height\":461},{\"@type\":\"BreadcrumbList\",\"@id\":\"https:\\\/\\\/certifiqat.com\\\/fr\\\/add-your-consultancy-firm\\\/#breadcrumb\",\"itemListElement\":[{\"@type\":\"ListItem\",\"position\":1,\"name\":\"Home\",\"item\":\"https:\\\/\\\/certifiqat.com\\\/fr\\\/\"},{\"@type\":\"ListItem\",\"position\":2,\"name\":\"Ajoutez votre soci\u00e9t\u00e9 de conseil\"}]},{\"@type\":\"WebSite\",\"@id\":\"https:\\\/\\\/certifiqat.com\\\/fr\\\/#website\",\"url\":\"https:\\\/\\\/certifiqat.com\\\/fr\\\/\",\"name\":\"certifiqat\",\"description\":\"\",\"potentialAction\":[{\"@type\":\"SearchAction\",\"target\":{\"@type\":\"EntryPoint\",\"urlTemplate\":\"https:\\\/\\\/certifiqat.com\\\/fr\\\/?s={search_term_string}\"},\"query-input\":{\"@type\":\"PropertyValueSpecification\",\"valueRequired\":true,\"valueName\":\"search_term_string\"}}],\"inLanguage\":\"fr-FR\"}]}<\/script>\n<!-- \/ Yoast SEO plugin. -->","yoast_head_json":{"title":"Ajoutez votre soci\u00e9t\u00e9 de conseil - Certifiqat.com","robots":{"index":"index","follow":"follow","max-snippet":"max-snippet:-1","max-image-preview":"max-image-preview:large","max-video-preview":"max-video-preview:-1"},"canonical":"https:\/\/certifiqat.com\/fr\/add-your-consultancy-firm\/","og_locale":"fr_FR","og_type":"article","og_title":"Ajoutez votre soci\u00e9t\u00e9 de conseil - Certifiqat.com","og_description":"Ajoutez votre soci\u00e9t\u00e9 de conseil Ajoutez votre entreprise \u00e0 notre nouvelle base de donn\u00e9es\/moteur de recherche pour les soci\u00e9t\u00e9s de conseil. Envoyez-nous un courriel avec une br\u00e8ve description de votre entreprise et des services que vous proposez. Nous vous contacterons pour approbation et instructions suppl\u00e9mentaires. Contactez partner@certifiqat.com d\u00e8s aujourd&rsquo;hui !","og_url":"https:\/\/certifiqat.com\/fr\/add-your-consultancy-firm\/","og_site_name":"Certifiqat.com","article_modified_time":"2024-08-23T17:17:34+00:00","og_image":[{"width":820,"height":461,"url":"https:\/\/certifiqat.com\/wp-content\/uploads\/yoav-aziz-tKCd-IWc4gI-unsplash.jpg","type":"image\/jpeg"}],"twitter_card":"summary_large_image","twitter_misc":{"Dur\u00e9e de lecture estim\u00e9e":"1 minute"},"schema":{"@context":"https:\/\/schema.org","@graph":[{"@type":"WebPage","@id":"https:\/\/certifiqat.com\/fr\/add-your-consultancy-firm\/","url":"https:\/\/certifiqat.com\/fr\/add-your-consultancy-firm\/","name":"Ajoutez votre soci\u00e9t\u00e9 de conseil - Certifiqat.com","isPartOf":{"@id":"https:\/\/certifiqat.com\/fr\/#website"},"primaryImageOfPage":{"@id":"https:\/\/certifiqat.com\/fr\/add-your-consultancy-firm\/#primaryimage"},"image":{"@id":"https:\/\/certifiqat.com\/fr\/add-your-consultancy-firm\/#primaryimage"},"thumbnailUrl":"https:\/\/certifiqat.com\/wp-content\/uploads\/yoav-aziz-tKCd-IWc4gI-unsplash.jpg","datePublished":"2024-08-06T11:48:25+00:00","dateModified":"2024-08-23T17:17:34+00:00","breadcrumb":{"@id":"https:\/\/certifiqat.com\/fr\/add-your-consultancy-firm\/#breadcrumb"},"inLanguage":"fr-FR","potentialAction":[{"@type":"ReadAction","target":["https:\/\/certifiqat.com\/fr\/add-your-consultancy-firm\/"]}]},{"@type":"ImageObject","inLanguage":"fr-FR","@id":"https:\/\/certifiqat.com\/fr\/add-your-consultancy-firm\/#primaryimage","url":"https:\/\/certifiqat.com\/wp-content\/uploads\/yoav-aziz-tKCd-IWc4gI-unsplash.jpg","contentUrl":"https:\/\/certifiqat.com\/wp-content\/uploads\/yoav-aziz-tKCd-IWc4gI-unsplash.jpg","width":820,"height":461},{"@type":"BreadcrumbList","@id":"https:\/\/certifiqat.com\/fr\/add-your-consultancy-firm\/#breadcrumb","itemListElement":[{"@type":"ListItem","position":1,"name":"Home","item":"https:\/\/certifiqat.com\/fr\/"},{"@type":"ListItem","position":2,"name":"Ajoutez votre soci\u00e9t\u00e9 de conseil"}]},{"@type":"WebSite","@id":"https:\/\/certifiqat.com\/fr\/#website","url":"https:\/\/certifiqat.com\/fr\/","name":"certifiqat","description":"","potentialAction":[{"@type":"SearchAction","target":{"@type":"EntryPoint","urlTemplate":"https:\/\/certifiqat.com\/fr\/?s={search_term_string}"},"query-input":{"@type":"PropertyValueSpecification","valueRequired":true,"valueName":"search_term_string"}}],"inLanguage":"fr-FR"}]}},"_links":{"self":[{"href":"https:\/\/certifiqat.com\/fr\/wp-json\/wp\/v2\/pages\/5939","targetHints":{"allow":["GET"]}}],"collection":[{"href":"https:\/\/certifiqat.com\/fr\/wp-json\/wp\/v2\/pages"}],"about":[{"href":"https:\/\/certifiqat.com\/fr\/wp-json\/wp\/v2\/types\/page"}],"author":[{"embeddable":true,"href":"https:\/\/certifiqat.com\/fr\/wp-json\/wp\/v2\/users\/3"}],"replies":[{"embeddable":true,"href":"https:\/\/certifiqat.com\/fr\/wp-json\/wp\/v2\/comments?post=5939"}],"version-history":[{"count":0,"href":"https:\/\/certifiqat.com\/fr\/wp-json\/wp\/v2\/pages\/5939\/revisions"}],"wp:featuredmedia":[{"embeddable":true,"href":"https:\/\/certifiqat.com\/fr\/wp-json\/wp\/v2\/media\/1403"}],"wp:attachment":[{"href":"https:\/\/certifiqat.com\/fr\/wp-json\/wp\/v2\/media?parent=5939"}],"curies":[{"name":"wp","href":"https:\/\/api.w.org\/{rel}","templated":true}]}}