{"id":924,"date":"2024-04-23T08:18:33","date_gmt":"2024-04-23T08:18:33","guid":{"rendered":"https:\/\/certifiqat.com\/about-us\/"},"modified":"2024-07-29T22:09:04","modified_gmt":"2024-07-29T22:09:04","slug":"about-us","status":"publish","type":"page","link":"https:\/\/certifiqat.com\/fi\/about-us\/","title":{"rendered":"Tietoa meist\u00e4"},"content":{"rendered":"<section class=\"relative bg-white\" id=\"block_566b6cf46bc37e55fa743f378ce83862\">\n\t<div class=\"container\">\n\t\t<div class=\"flex flex-wrap\">\n\t\t\t\t\t\t\t<div class=\"w-full pr-0 rem:py-[75px] lg:w-1\/2 lg:pr-[130px] lg:rem:py-[150px]\">\n\t\t\t\t\t<div class=\"base-typography\">\n\t\t\t\t\t\t<h2>Tarina<\/h2>\n<p>Certifiqatin takana olevalla tiimill\u00e4 on vuosikymmenten kokemus sek\u00e4 ISO-sertifikaattien maailmasta ett\u00e4 verkkoteknologia-alalta. Olemme tiimi, joka koostuu entisist\u00e4 toimitusjohtajista, markkinointip\u00e4\u00e4llik\u00f6ist\u00e4, ISO-auditoijista, liikkeenjohdon konsulteista ja tekniikan alan ihmisist\u00e4, mutta ennen kaikkea meit\u00e4 yhdist\u00e4\u00e4 pyrkimys nostaa sertifioinnin arvoa.<\/p>\n<h2>Teht\u00e4v\u00e4mme<\/h2>\n<p>Teht\u00e4v\u00e4mme on nostaa sertifioinnin arvoa ja antaa sertifioiduille yrityksille mahdollisuus parantaa niiden kyky\u00e4 markkinoida saavutuksiaan. T\u00e4m\u00e4 l\u00e4hestymistapa ei ainoastaan erota sertifioituja yrityksi\u00e4 sertifioimattomista kilpailijoista vaan my\u00f6s vahvistaa niiden br\u00e4ndiarvoa.<\/p>\n<h2>Tulevaisuuden visiomme<\/h2>\n<p>Certifiqatissa visiomme on, ett\u00e4 jokainen kunnianhimoinen yritys k\u00e4ytt\u00e4\u00e4 maailmanlaajuisesti Certifiqatia sertifikaattiensa ja luottamusta lis\u00e4\u00e4vien asiakirjojensa hallintaan ja markkinointiin. Rakennamme maailman suurinta tietokantaa sertifioiduille yrityksille.<\/p>\n\n\t\t\t\t\t<\/div>\n\t\t\t\t<\/div>\n\t\t\t\t\t\t\t\t\t\t<div class=\"h-full w-full lg:w-1\/2\"><\/div>\n\t\t\t\t\t<\/div>\n\t<\/div>\n\t<div class=\"relative left-0 top-0 h-full w-full pt-[50%] lg:absolute lg:left-[50%] lg:w-1\/2 lg:pt-0\">\n\t\t<img decoding=\"async\" class=\"img-cover-abs\" src=\"https:\/\/certifiqat.com\/wp-content\/uploads\/kelsey-knight-SFRw5GChoLA-unsplash-800x0-c-default.jpg\" alt=\"\" \/>\n\t<\/div>\n<\/section>\n\n\n\n<section class=\"wp-block-group section-wrapper has-background\" style=\"background-color:#75d2fa\"><div class=\"wp-block-group__inner-container is-layout-constrained wp-block-group-is-layout-constrained\">\n<div class=\"wp-block-columns container is-layout-flex wp-container-core-columns-is-layout-9d6595d7 wp-block-columns-is-layout-flex\">\n<div class=\"wp-block-column is-layout-flow wp-block-column-is-layout-flow\">\n<h2 class=\"wp-block-heading has-text-color has-link-color wp-elements-249df41ce4d85ac029758171f3538982\" style=\"color:#2d6bd8\">Kokenut tiimi<\/h2>\n\n\n\n<p class=\"has-text-color has-link-color wp-elements-e1a222165750cfe7cdd91eeb001b72e5\" style=\"color:#122a5e\">Certifiqatin tiimill\u00e4 on kollektiivisesti suuri m\u00e4\u00e4r\u00e4 vuosien kokemusta erilaisista liiketoimintarooleista, ja olemme n\u00e4hneet haasteet, jotka liittyv\u00e4t n\u00e4iden kriittisten luottamusasiakirjojen tehokkaaseen hallintaan ja esittelyyn asiakkaille, ty\u00f6ntekij\u00f6ille ja sidosryhmille.<\/p>\n<\/div>\n\n\n\n<div class=\"wp-block-column is-layout-flow wp-block-column-is-layout-flow\">\n<h2 class=\"wp-block-heading has-text-color has-link-color wp-elements-d057546a2f2d510c97dad4734583c4a9\" style=\"color:#2d6bd8\">Certifiqat AI<\/h2>\n\n\n\n<p class=\"has-text-color has-link-color wp-elements-3f5ea19af01a059853d6b973e5e22d80\" style=\"color:#122a5e\">Yhdist\u00e4m\u00e4ll\u00e4 OpenAI:n kielimallin ja teknologiapakettimme yhdist\u00e4m\u00e4ll\u00e4 k\u00e4\u00e4nn\u00e4mme tehokkaasti sis\u00e4lt\u00f6si yli 15 kielelle ja luomme vertaansa vailla olevan saavutettavuuden yleis\u00f6llesi.<\/p>\n<\/div>\n\n\n\n<div class=\"wp-block-column is-layout-flow wp-block-column-is-layout-flow\">\n<h2 class=\"wp-block-heading has-text-color has-link-color wp-elements-1e00ebfe132afd1723a6915bc6ecdcc1\" style=\"color:#2d6bd8\">K\u00e4ytt\u00e4j\u00e4kokemus etusijalla<\/h2>\n\n\n\n<p class=\"has-text-color has-link-color wp-elements-60504aff99f06e76827771afcf8db796\" style=\"color:#122a5e\">K\u00e4ytt\u00e4j\u00e4kokemus\/suunnittelu on meill\u00e4 etusijalla, jotta voimme aina lis\u00e4t\u00e4 br\u00e4ndisi ja yritysprofiilisi kokonaiskokemusta Certifiqat.com-sivustolla.<\/p>\n<\/div>\n\n\n\n<div class=\"wp-block-column is-layout-flow wp-block-column-is-layout-flow\">\n<h2 class=\"wp-block-heading has-text-color has-link-color wp-elements-52f6d162baaebd64fb24f8df31ee6a6e\" style=\"color:#2a70c5\">Tuki<\/h2>\n\n\n\n<p>Jos tarvitset apua, olemme t\u00e4\u00e4ll\u00e4 auttamassa sinua. Tukitiimimme pyrkii olemaan nollaa parempi kuin kukaan muu.<\/p>\n<\/div>\n<\/div>\n<\/div><\/section>\n\n\n\n<div class=\"wp-block-group section-wrapper\"><div class=\"wp-block-group__inner-container is-layout-constrained wp-block-group-is-layout-constrained\">\n<div class=\"wp-block-columns container is-layout-flex wp-container-core-columns-is-layout-9d6595d7 wp-block-columns-is-layout-flex\">\n<div class=\"wp-block-column is-layout-flow wp-block-column-is-layout-flow\" style=\"flex-basis:25%\"><\/div>\n\n\n\n<div class=\"wp-block-column is-layout-flow wp-block-column-is-layout-flow\" style=\"flex-basis:75%\">\n<h2 class=\"wp-block-heading has-text-align-center has-text-color has-link-color has-x-large-font-size wp-elements-24773ca60c1785af007325e4fada98bd\" style=\"color:#2d6bd8\">Liity meihin!<\/h2>\n\n\n\n<p class=\"has-text-align-center max-w has-text-color has-link-color wp-elements-4bdd63ef14d5a76d431a5eb3ee259c18\" style=\"color:#122a5e\">Etsimme aina lahjakkuuksia tekniikan, myynnin, markkinoinnin ja tuen pariin. Jos sinulla on jotakin tietoa tuotavaksi sertifikaatteihin, laatuun ja johtamiseen liittyen, olemme viel\u00e4 uteliaampia sinusta ja odotamme tapaamista innolla!<\/p>\n\n\n\n<p class=\"has-text-align-center has-text-color has-link-color wp-elements-98c83afa334daa98037a63d159431154\" style=\"color:#122a5e\"><strong>L\u00e4het\u00e4 meille s\u00e4hk\u00f6postia ja kerro, miksi haluat liitty\u00e4 Certifqatiin: <a class=\"copy-email-js text-right  relative\" href=\"mailto:join@certifiqat.com\">join@certifiqat.com <span class=\" hidden absolute right-0 bottom-[100%] p-1 rounded-full bg-white font-normal text-c-grey-500\">Kopioitu<\/span><\/a><\/strong><\/p>\n<\/div>\n\n\n\n<div class=\"wp-block-column is-layout-flow wp-block-column-is-layout-flow\" style=\"flex-basis:25%\"><\/div>\n<\/div>\n<\/div><\/div>\n","protected":false},"excerpt":{"rendered":"<p>Kokenut tiimi Certifiqatin tiimill\u00e4 on kollektiivisesti suuri m\u00e4\u00e4r\u00e4 vuosien kokemusta erilaisista liiketoimintarooleista, ja olemme n\u00e4hneet haasteet, jotka liittyv\u00e4t n\u00e4iden kriittisten luottamusasiakirjojen tehokkaaseen hallintaan ja esittelyyn asiakkaille, ty\u00f6ntekij\u00f6ille ja sidosryhmille. Certifiqat AI Yhdist\u00e4m\u00e4ll\u00e4 OpenAI:n kielimallin ja teknologiapakettimme yhdist\u00e4m\u00e4ll\u00e4 k\u00e4\u00e4nn\u00e4mme tehokkaasti sis\u00e4lt\u00f6si yli 15 kielelle ja luomme vertaansa vailla olevan saavutettavuuden yleis\u00f6llesi. K\u00e4ytt\u00e4j\u00e4kokemus etusijalla K\u00e4ytt\u00e4j\u00e4kokemus\/suunnittelu on meill\u00e4<\/p>\n","protected":false},"author":3,"featured_media":0,"parent":0,"menu_order":0,"comment_status":"closed","ping_status":"closed","template":"page-about-us.php","meta":{"_acf_changed":false,"inline_featured_image":false,"footnotes":""},"class_list":["post-924","page","type-page","status-publish","hentry"],"acf":[],"yoast_head":"<!-- This site is optimized with the Yoast SEO plugin v27.4 - https:\/\/yoast.com\/product\/yoast-seo-wordpress\/ -->\n<title>About Us - Certifiqat.com<\/title>\n<meta name=\"robots\" content=\"index, follow, max-snippet:-1, max-image-preview:large, max-video-preview:-1\" \/>\n<link rel=\"canonical\" href=\"https:\/\/certifiqat.com\/fi\/about-us\/\" \/>\n<meta property=\"og:locale\" content=\"fi_FI\" \/>\n<meta property=\"og:type\" content=\"article\" \/>\n<meta property=\"og:title\" content=\"About Us - Certifiqat.com\" \/>\n<meta property=\"og:description\" content=\"Kokenut tiimi Certifiqatin tiimill\u00e4 on kollektiivisesti suuri m\u00e4\u00e4r\u00e4 vuosien kokemusta erilaisista liiketoimintarooleista, ja olemme n\u00e4hneet haasteet, jotka liittyv\u00e4t n\u00e4iden kriittisten luottamusasiakirjojen tehokkaaseen hallintaan ja esittelyyn asiakkaille, ty\u00f6ntekij\u00f6ille ja sidosryhmille. Certifiqat AI Yhdist\u00e4m\u00e4ll\u00e4 OpenAI:n kielimallin ja teknologiapakettimme yhdist\u00e4m\u00e4ll\u00e4 k\u00e4\u00e4nn\u00e4mme tehokkaasti sis\u00e4lt\u00f6si yli 15 kielelle ja luomme vertaansa vailla olevan saavutettavuuden yleis\u00f6llesi. K\u00e4ytt\u00e4j\u00e4kokemus etusijalla K\u00e4ytt\u00e4j\u00e4kokemus\/suunnittelu on meill\u00e4\" \/>\n<meta property=\"og:url\" content=\"https:\/\/certifiqat.com\/fi\/about-us\/\" \/>\n<meta property=\"og:site_name\" content=\"Certifiqat.com\" \/>\n<meta property=\"article:modified_time\" content=\"2024-07-29T22:09:04+00:00\" \/>\n<meta name=\"twitter:card\" content=\"summary_large_image\" \/>\n<meta name=\"twitter:label1\" content=\"Arvioitu lukuaika\" \/>\n\t<meta name=\"twitter:data1\" content=\"1 minuutti\" \/>\n<script type=\"application\/ld+json\" class=\"yoast-schema-graph\">{\"@context\":\"https:\\\/\\\/schema.org\",\"@graph\":[{\"@type\":\"WebPage\",\"@id\":\"https:\\\/\\\/certifiqat.com\\\/fi\\\/about-us\\\/\",\"url\":\"https:\\\/\\\/certifiqat.com\\\/fi\\\/about-us\\\/\",\"name\":\"About Us - Certifiqat.com\",\"isPartOf\":{\"@id\":\"https:\\\/\\\/certifiqat.com\\\/fi\\\/#website\"},\"datePublished\":\"2024-04-23T08:18:33+00:00\",\"dateModified\":\"2024-07-29T22:09:04+00:00\",\"breadcrumb\":{\"@id\":\"https:\\\/\\\/certifiqat.com\\\/fi\\\/about-us\\\/#breadcrumb\"},\"inLanguage\":\"fi\",\"potentialAction\":[{\"@type\":\"ReadAction\",\"target\":[\"https:\\\/\\\/certifiqat.com\\\/fi\\\/about-us\\\/\"]}]},{\"@type\":\"BreadcrumbList\",\"@id\":\"https:\\\/\\\/certifiqat.com\\\/fi\\\/about-us\\\/#breadcrumb\",\"itemListElement\":[{\"@type\":\"ListItem\",\"position\":1,\"name\":\"Home\",\"item\":\"https:\\\/\\\/certifiqat.com\\\/fi\\\/\"},{\"@type\":\"ListItem\",\"position\":2,\"name\":\"Tietoa meist\u00e4\"}]},{\"@type\":\"WebSite\",\"@id\":\"https:\\\/\\\/certifiqat.com\\\/fi\\\/#website\",\"url\":\"https:\\\/\\\/certifiqat.com\\\/fi\\\/\",\"name\":\"certifiqat\",\"description\":\"\",\"potentialAction\":[{\"@type\":\"SearchAction\",\"target\":{\"@type\":\"EntryPoint\",\"urlTemplate\":\"https:\\\/\\\/certifiqat.com\\\/fi\\\/?s={search_term_string}\"},\"query-input\":{\"@type\":\"PropertyValueSpecification\",\"valueRequired\":true,\"valueName\":\"search_term_string\"}}],\"inLanguage\":\"fi\"}]}<\/script>\n<!-- \/ Yoast SEO plugin. -->","yoast_head_json":{"title":"About Us - Certifiqat.com","robots":{"index":"index","follow":"follow","max-snippet":"max-snippet:-1","max-image-preview":"max-image-preview:large","max-video-preview":"max-video-preview:-1"},"canonical":"https:\/\/certifiqat.com\/fi\/about-us\/","og_locale":"fi_FI","og_type":"article","og_title":"About Us - Certifiqat.com","og_description":"Kokenut tiimi Certifiqatin tiimill\u00e4 on kollektiivisesti suuri m\u00e4\u00e4r\u00e4 vuosien kokemusta erilaisista liiketoimintarooleista, ja olemme n\u00e4hneet haasteet, jotka liittyv\u00e4t n\u00e4iden kriittisten luottamusasiakirjojen tehokkaaseen hallintaan ja esittelyyn asiakkaille, ty\u00f6ntekij\u00f6ille ja sidosryhmille. Certifiqat AI Yhdist\u00e4m\u00e4ll\u00e4 OpenAI:n kielimallin ja teknologiapakettimme yhdist\u00e4m\u00e4ll\u00e4 k\u00e4\u00e4nn\u00e4mme tehokkaasti sis\u00e4lt\u00f6si yli 15 kielelle ja luomme vertaansa vailla olevan saavutettavuuden yleis\u00f6llesi. K\u00e4ytt\u00e4j\u00e4kokemus etusijalla K\u00e4ytt\u00e4j\u00e4kokemus\/suunnittelu on meill\u00e4","og_url":"https:\/\/certifiqat.com\/fi\/about-us\/","og_site_name":"Certifiqat.com","article_modified_time":"2024-07-29T22:09:04+00:00","twitter_card":"summary_large_image","twitter_misc":{"Arvioitu lukuaika":"1 minuutti"},"schema":{"@context":"https:\/\/schema.org","@graph":[{"@type":"WebPage","@id":"https:\/\/certifiqat.com\/fi\/about-us\/","url":"https:\/\/certifiqat.com\/fi\/about-us\/","name":"About Us - Certifiqat.com","isPartOf":{"@id":"https:\/\/certifiqat.com\/fi\/#website"},"datePublished":"2024-04-23T08:18:33+00:00","dateModified":"2024-07-29T22:09:04+00:00","breadcrumb":{"@id":"https:\/\/certifiqat.com\/fi\/about-us\/#breadcrumb"},"inLanguage":"fi","potentialAction":[{"@type":"ReadAction","target":["https:\/\/certifiqat.com\/fi\/about-us\/"]}]},{"@type":"BreadcrumbList","@id":"https:\/\/certifiqat.com\/fi\/about-us\/#breadcrumb","itemListElement":[{"@type":"ListItem","position":1,"name":"Home","item":"https:\/\/certifiqat.com\/fi\/"},{"@type":"ListItem","position":2,"name":"Tietoa meist\u00e4"}]},{"@type":"WebSite","@id":"https:\/\/certifiqat.com\/fi\/#website","url":"https:\/\/certifiqat.com\/fi\/","name":"certifiqat","description":"","potentialAction":[{"@type":"SearchAction","target":{"@type":"EntryPoint","urlTemplate":"https:\/\/certifiqat.com\/fi\/?s={search_term_string}"},"query-input":{"@type":"PropertyValueSpecification","valueRequired":true,"valueName":"search_term_string"}}],"inLanguage":"fi"}]}},"_links":{"self":[{"href":"https:\/\/certifiqat.com\/fi\/wp-json\/wp\/v2\/pages\/924","targetHints":{"allow":["GET"]}}],"collection":[{"href":"https:\/\/certifiqat.com\/fi\/wp-json\/wp\/v2\/pages"}],"about":[{"href":"https:\/\/certifiqat.com\/fi\/wp-json\/wp\/v2\/types\/page"}],"author":[{"embeddable":true,"href":"https:\/\/certifiqat.com\/fi\/wp-json\/wp\/v2\/users\/3"}],"replies":[{"embeddable":true,"href":"https:\/\/certifiqat.com\/fi\/wp-json\/wp\/v2\/comments?post=924"}],"version-history":[{"count":0,"href":"https:\/\/certifiqat.com\/fi\/wp-json\/wp\/v2\/pages\/924\/revisions"}],"wp:attachment":[{"href":"https:\/\/certifiqat.com\/fi\/wp-json\/wp\/v2\/media?parent=924"}],"curies":[{"name":"wp","href":"https:\/\/api.w.org\/{rel}","templated":true}]}}