{"id":5923,"date":"2024-08-06T11:48:15","date_gmt":"2024-08-06T11:48:15","guid":{"rendered":"https:\/\/certifiqat.com\/invoice-billing-copy\/"},"modified":"2024-08-23T11:17:26","modified_gmt":"2024-08-23T11:17:26","slug":"become-consultancy-partner","status":"publish","type":"page","link":"https:\/\/certifiqat.com\/fi\/become-consultancy-partner\/","title":{"rendered":"Ryhdy konsulttipartneriksi"},"content":{"rendered":"\n<h1 class=\"wp-block-heading\">Ryhdy konsulttipartneriksi<\/h1>\n\n\n\n<h3 class=\"wp-block-heading\">Certifiqatin kumppani: Elevate Your Clients&#8217; Certification Journey<\/h3>\n\n\n\n<p>Certifiqatissa olemme sitoutuneet rakentamaan maailman suurimman tietokannan sertifioiduille yrityksille ja my\u00f6s muuttamaan sit\u00e4, miten yritykset hallinnoivat ja esittelev\u00e4t sertifiointejaan. Kutsumme konsultteja ja konsulttiyrityksi\u00e4 kumppaniksemme ja tarjoamaan asiakkailleen suurta lis\u00e4arvoa heid\u00e4n sertifiointimatkallaan.<\/p>\n\n\n\n<p><strong>Miksi olla yhteisty\u00f6kumppani Certifiqatin kanssa?<\/strong><\/p>\n\n\n\n<ul class=\"wp-block-list\">\n<li><strong>Paranna asiakastarjoustasi:<\/strong> Integroimalla Certifiqatin alustan konsulttipalveluihisi tarjoat asiakkaillesi huippuluokan ratkaisun sertifiointien esittelyyn.<\/li>\n\n\n\n<li><strong>Anna asiakkaillesi yleiskuva:<\/strong> Alustamme yksinkertaistaa sertifiointiasiakirjojen j\u00e4rjest\u00e4mist\u00e4, p\u00e4ivitt\u00e4mist\u00e4 ja esitt\u00e4mist\u00e4 paikan p\u00e4\u00e4ll\u00e4.<\/li>\n\n\n\n<li><strong>Yhteisty\u00f6h\u00f6n perustuva kasvu:<\/strong> Certifiqat-kumppanina saat k\u00e4ytt\u00f6\u00f6si eksklusiivisia resursseja, koulutusta ja tukea. Olemme omistautuneet auttamaan sinua menestym\u00e4\u00e4n ja kasvamaan rinnallamme ja varmistamaan, ett\u00e4 yhteisty\u00f6mme on molempia osapuolia hy\u00f6dytt\u00e4v\u00e4\u00e4.<\/li>\n<\/ul>\n\n\n\n<p><strong>Miten se toimii<\/strong><\/p>\n\n\n\n<p>Yhteisty\u00f6kumppanuus Certifiqatin kanssa on suoraviivaista. Tarjoamme sinulle ty\u00f6kalut ja tuen, joita tarvitset alustamme esittelemiseen asiakkaillesi. Yhdess\u00e4 voimme tarjota asiakkaillesi saumattoman kokemuksen sertifikaattiensa hallinnoinnista ja esittelyst\u00e4, mik\u00e4 erottaa heid\u00e4t kilpailtujen markkinoiden joukosta.<\/p>\n\n\n\n<p><strong>Ota yhteytt\u00e4<\/strong><\/p>\n\n\n\n<p>Oletko valmis lis\u00e4\u00e4m\u00e4\u00e4n merkitt\u00e4v\u00e4\u00e4 lis\u00e4arvoa asiakkaillesi? <a href=\"https:\/\/certifiqat.com\/contact\/\">Ota meihin yhteytt\u00e4 jo t\u00e4n\u00e4\u00e4n<\/a>, jotta voit tutkia kumppanuusmahdollisuuksia ja oppia, miten Certifiqat voi t\u00e4ydent\u00e4\u00e4 ja parantaa liiketoimintatarjouksiasi.<\/p>\n","protected":false},"excerpt":{"rendered":"<p>Ryhdy konsulttipartneriksi Certifiqatin kumppani: Elevate Your Clients&#8217; Certification Journey Certifiqatissa olemme sitoutuneet rakentamaan maailman suurimman tietokannan sertifioiduille yrityksille ja my\u00f6s muuttamaan sit\u00e4, miten yritykset hallinnoivat ja esittelev\u00e4t sertifiointejaan. Kutsumme konsultteja ja konsulttiyrityksi\u00e4 kumppaniksemme ja tarjoamaan asiakkailleen suurta lis\u00e4arvoa heid\u00e4n sertifiointimatkallaan. Miksi olla yhteisty\u00f6kumppani Certifiqatin kanssa? Miten se toimii Yhteisty\u00f6kumppanuus Certifiqatin kanssa on suoraviivaista. Tarjoamme sinulle<\/p>\n","protected":false},"author":3,"featured_media":1402,"parent":0,"menu_order":0,"comment_status":"closed","ping_status":"closed","template":"","meta":{"_acf_changed":false,"inline_featured_image":false,"footnotes":""},"class_list":["post-5923","page","type-page","status-publish","has-post-thumbnail","hentry"],"acf":[],"yoast_head":"<!-- This site is optimized with the Yoast SEO plugin v27.3 - https:\/\/yoast.com\/product\/yoast-seo-wordpress\/ -->\n<title>Ryhdy konsulttipartneriksi - Certifiqat.com<\/title>\n<meta name=\"robots\" content=\"index, follow, max-snippet:-1, max-image-preview:large, max-video-preview:-1\" \/>\n<link rel=\"canonical\" href=\"https:\/\/certifiqat.com\/fi\/become-consultancy-partner\/\" \/>\n<meta property=\"og:locale\" content=\"fi_FI\" \/>\n<meta property=\"og:type\" content=\"article\" \/>\n<meta property=\"og:title\" content=\"Ryhdy konsulttipartneriksi - Certifiqat.com\" \/>\n<meta property=\"og:description\" content=\"Ryhdy konsulttipartneriksi Certifiqatin kumppani: Elevate Your Clients&#8217; Certification Journey Certifiqatissa olemme sitoutuneet rakentamaan maailman suurimman tietokannan sertifioiduille yrityksille ja my\u00f6s muuttamaan sit\u00e4, miten yritykset hallinnoivat ja esittelev\u00e4t sertifiointejaan. Kutsumme konsultteja ja konsulttiyrityksi\u00e4 kumppaniksemme ja tarjoamaan asiakkailleen suurta lis\u00e4arvoa heid\u00e4n sertifiointimatkallaan. Miksi olla yhteisty\u00f6kumppani Certifiqatin kanssa? Miten se toimii Yhteisty\u00f6kumppanuus Certifiqatin kanssa on suoraviivaista. Tarjoamme sinulle\" \/>\n<meta property=\"og:url\" content=\"https:\/\/certifiqat.com\/fi\/become-consultancy-partner\/\" \/>\n<meta property=\"og:site_name\" content=\"Certifiqat.com\" \/>\n<meta property=\"article:modified_time\" content=\"2024-08-23T11:17:26+00:00\" \/>\n<meta property=\"og:image\" content=\"https:\/\/certifiqat.com\/wp-content\/uploads\/yoav-aziz-tKCd-IWc4gI-unsplash.jpg\" \/>\n\t<meta property=\"og:image:width\" content=\"820\" \/>\n\t<meta property=\"og:image:height\" content=\"461\" \/>\n\t<meta property=\"og:image:type\" content=\"image\/jpeg\" \/>\n<meta name=\"twitter:card\" content=\"summary_large_image\" \/>\n<meta name=\"twitter:label1\" content=\"Arvioitu lukuaika\" \/>\n\t<meta name=\"twitter:data1\" content=\"1 minuutti\" \/>\n<script type=\"application\/ld+json\" class=\"yoast-schema-graph\">{\"@context\":\"https:\\\/\\\/schema.org\",\"@graph\":[{\"@type\":\"WebPage\",\"@id\":\"https:\\\/\\\/certifiqat.com\\\/fi\\\/become-consultancy-partner\\\/\",\"url\":\"https:\\\/\\\/certifiqat.com\\\/fi\\\/become-consultancy-partner\\\/\",\"name\":\"Ryhdy konsulttipartneriksi - Certifiqat.com\",\"isPartOf\":{\"@id\":\"https:\\\/\\\/certifiqat.com\\\/fi\\\/#website\"},\"primaryImageOfPage\":{\"@id\":\"https:\\\/\\\/certifiqat.com\\\/fi\\\/become-consultancy-partner\\\/#primaryimage\"},\"image\":{\"@id\":\"https:\\\/\\\/certifiqat.com\\\/fi\\\/become-consultancy-partner\\\/#primaryimage\"},\"thumbnailUrl\":\"https:\\\/\\\/certifiqat.com\\\/wp-content\\\/uploads\\\/yoav-aziz-tKCd-IWc4gI-unsplash.jpg\",\"datePublished\":\"2024-08-06T11:48:15+00:00\",\"dateModified\":\"2024-08-23T11:17:26+00:00\",\"breadcrumb\":{\"@id\":\"https:\\\/\\\/certifiqat.com\\\/fi\\\/become-consultancy-partner\\\/#breadcrumb\"},\"inLanguage\":\"fi\",\"potentialAction\":[{\"@type\":\"ReadAction\",\"target\":[\"https:\\\/\\\/certifiqat.com\\\/fi\\\/become-consultancy-partner\\\/\"]}]},{\"@type\":\"ImageObject\",\"inLanguage\":\"fi\",\"@id\":\"https:\\\/\\\/certifiqat.com\\\/fi\\\/become-consultancy-partner\\\/#primaryimage\",\"url\":\"https:\\\/\\\/certifiqat.com\\\/wp-content\\\/uploads\\\/yoav-aziz-tKCd-IWc4gI-unsplash.jpg\",\"contentUrl\":\"https:\\\/\\\/certifiqat.com\\\/wp-content\\\/uploads\\\/yoav-aziz-tKCd-IWc4gI-unsplash.jpg\",\"width\":820,\"height\":461},{\"@type\":\"BreadcrumbList\",\"@id\":\"https:\\\/\\\/certifiqat.com\\\/fi\\\/become-consultancy-partner\\\/#breadcrumb\",\"itemListElement\":[{\"@type\":\"ListItem\",\"position\":1,\"name\":\"Home\",\"item\":\"https:\\\/\\\/certifiqat.com\\\/fi\\\/\"},{\"@type\":\"ListItem\",\"position\":2,\"name\":\"Ryhdy konsulttipartneriksi\"}]},{\"@type\":\"WebSite\",\"@id\":\"https:\\\/\\\/certifiqat.com\\\/fi\\\/#website\",\"url\":\"https:\\\/\\\/certifiqat.com\\\/fi\\\/\",\"name\":\"certifiqat\",\"description\":\"\",\"potentialAction\":[{\"@type\":\"SearchAction\",\"target\":{\"@type\":\"EntryPoint\",\"urlTemplate\":\"https:\\\/\\\/certifiqat.com\\\/fi\\\/?s={search_term_string}\"},\"query-input\":{\"@type\":\"PropertyValueSpecification\",\"valueRequired\":true,\"valueName\":\"search_term_string\"}}],\"inLanguage\":\"fi\"}]}<\/script>\n<!-- \/ Yoast SEO plugin. -->","yoast_head_json":{"title":"Ryhdy konsulttipartneriksi - Certifiqat.com","robots":{"index":"index","follow":"follow","max-snippet":"max-snippet:-1","max-image-preview":"max-image-preview:large","max-video-preview":"max-video-preview:-1"},"canonical":"https:\/\/certifiqat.com\/fi\/become-consultancy-partner\/","og_locale":"fi_FI","og_type":"article","og_title":"Ryhdy konsulttipartneriksi - Certifiqat.com","og_description":"Ryhdy konsulttipartneriksi Certifiqatin kumppani: Elevate Your Clients&#8217; Certification Journey Certifiqatissa olemme sitoutuneet rakentamaan maailman suurimman tietokannan sertifioiduille yrityksille ja my\u00f6s muuttamaan sit\u00e4, miten yritykset hallinnoivat ja esittelev\u00e4t sertifiointejaan. Kutsumme konsultteja ja konsulttiyrityksi\u00e4 kumppaniksemme ja tarjoamaan asiakkailleen suurta lis\u00e4arvoa heid\u00e4n sertifiointimatkallaan. Miksi olla yhteisty\u00f6kumppani Certifiqatin kanssa? Miten se toimii Yhteisty\u00f6kumppanuus Certifiqatin kanssa on suoraviivaista. Tarjoamme sinulle","og_url":"https:\/\/certifiqat.com\/fi\/become-consultancy-partner\/","og_site_name":"Certifiqat.com","article_modified_time":"2024-08-23T11:17:26+00:00","og_image":[{"width":820,"height":461,"url":"https:\/\/certifiqat.com\/wp-content\/uploads\/yoav-aziz-tKCd-IWc4gI-unsplash.jpg","type":"image\/jpeg"}],"twitter_card":"summary_large_image","twitter_misc":{"Arvioitu lukuaika":"1 minuutti"},"schema":{"@context":"https:\/\/schema.org","@graph":[{"@type":"WebPage","@id":"https:\/\/certifiqat.com\/fi\/become-consultancy-partner\/","url":"https:\/\/certifiqat.com\/fi\/become-consultancy-partner\/","name":"Ryhdy konsulttipartneriksi - Certifiqat.com","isPartOf":{"@id":"https:\/\/certifiqat.com\/fi\/#website"},"primaryImageOfPage":{"@id":"https:\/\/certifiqat.com\/fi\/become-consultancy-partner\/#primaryimage"},"image":{"@id":"https:\/\/certifiqat.com\/fi\/become-consultancy-partner\/#primaryimage"},"thumbnailUrl":"https:\/\/certifiqat.com\/wp-content\/uploads\/yoav-aziz-tKCd-IWc4gI-unsplash.jpg","datePublished":"2024-08-06T11:48:15+00:00","dateModified":"2024-08-23T11:17:26+00:00","breadcrumb":{"@id":"https:\/\/certifiqat.com\/fi\/become-consultancy-partner\/#breadcrumb"},"inLanguage":"fi","potentialAction":[{"@type":"ReadAction","target":["https:\/\/certifiqat.com\/fi\/become-consultancy-partner\/"]}]},{"@type":"ImageObject","inLanguage":"fi","@id":"https:\/\/certifiqat.com\/fi\/become-consultancy-partner\/#primaryimage","url":"https:\/\/certifiqat.com\/wp-content\/uploads\/yoav-aziz-tKCd-IWc4gI-unsplash.jpg","contentUrl":"https:\/\/certifiqat.com\/wp-content\/uploads\/yoav-aziz-tKCd-IWc4gI-unsplash.jpg","width":820,"height":461},{"@type":"BreadcrumbList","@id":"https:\/\/certifiqat.com\/fi\/become-consultancy-partner\/#breadcrumb","itemListElement":[{"@type":"ListItem","position":1,"name":"Home","item":"https:\/\/certifiqat.com\/fi\/"},{"@type":"ListItem","position":2,"name":"Ryhdy konsulttipartneriksi"}]},{"@type":"WebSite","@id":"https:\/\/certifiqat.com\/fi\/#website","url":"https:\/\/certifiqat.com\/fi\/","name":"certifiqat","description":"","potentialAction":[{"@type":"SearchAction","target":{"@type":"EntryPoint","urlTemplate":"https:\/\/certifiqat.com\/fi\/?s={search_term_string}"},"query-input":{"@type":"PropertyValueSpecification","valueRequired":true,"valueName":"search_term_string"}}],"inLanguage":"fi"}]}},"_links":{"self":[{"href":"https:\/\/certifiqat.com\/fi\/wp-json\/wp\/v2\/pages\/5923","targetHints":{"allow":["GET"]}}],"collection":[{"href":"https:\/\/certifiqat.com\/fi\/wp-json\/wp\/v2\/pages"}],"about":[{"href":"https:\/\/certifiqat.com\/fi\/wp-json\/wp\/v2\/types\/page"}],"author":[{"embeddable":true,"href":"https:\/\/certifiqat.com\/fi\/wp-json\/wp\/v2\/users\/3"}],"replies":[{"embeddable":true,"href":"https:\/\/certifiqat.com\/fi\/wp-json\/wp\/v2\/comments?post=5923"}],"version-history":[{"count":0,"href":"https:\/\/certifiqat.com\/fi\/wp-json\/wp\/v2\/pages\/5923\/revisions"}],"wp:featuredmedia":[{"embeddable":true,"href":"https:\/\/certifiqat.com\/fi\/wp-json\/wp\/v2\/media\/1402"}],"wp:attachment":[{"href":"https:\/\/certifiqat.com\/fi\/wp-json\/wp\/v2\/media?parent=5923"}],"curies":[{"name":"wp","href":"https:\/\/api.w.org\/{rel}","templated":true}]}}