{"id":9687,"date":"2024-06-28T08:46:13","date_gmt":"2024-06-28T08:46:13","guid":{"rendered":"https:\/\/certifiqat.com\/invoice-billing\/"},"modified":"2024-08-27T08:49:33","modified_gmt":"2024-08-27T08:49:33","slug":"invoice-billing","status":"publish","type":"page","link":"https:\/\/certifiqat.com\/es\/invoice-billing\/","title":{"rendered":"Facturaci\u00f3n"},"content":{"rendered":"\n<h1 class=\"wp-block-heading\">Facturaci\u00f3n<\/h1>\n\n\n\n<p>Business Profiles se factura anualmente por adelantado. Todas las facturas se enviar\u00e1n desde billing@certifiqat.com.<\/p>\n\n\n\n<p>Para cualquier pregunta relacionada con una factura recibida, env\u00edenos un correo electr\u00f3nico a <a href=\"mailto:support@certifiqat.com\">support@certifiqat.com<\/a> y aseg\u00farese de incluir su n\u00famero de factura en el asunto para obtener una respuesta r\u00e1pida.<\/p>\n","protected":false},"excerpt":{"rendered":"<p>Facturaci\u00f3n Business Profiles se factura anualmente por adelantado. Todas las facturas se enviar\u00e1n desde billing@certifiqat.com. Para cualquier pregunta relacionada con una factura recibida, env\u00edenos un correo electr\u00f3nico a support@certifiqat.com y aseg\u00farese de incluir su n\u00famero de factura en el asunto para obtener una respuesta r\u00e1pida.<\/p>\n","protected":false},"author":3,"featured_media":1409,"parent":0,"menu_order":0,"comment_status":"closed","ping_status":"closed","template":"","meta":{"_acf_changed":false,"inline_featured_image":false,"footnotes":""},"class_list":["post-9687","page","type-page","status-publish","has-post-thumbnail","hentry"],"acf":[],"yoast_head":"<!-- This site is optimized with the Yoast SEO plugin v27.4 - https:\/\/yoast.com\/product\/yoast-seo-wordpress\/ -->\n<title>Facturaci\u00f3n - Certifiqat.com<\/title>\n<meta name=\"robots\" content=\"index, follow, max-snippet:-1, max-image-preview:large, max-video-preview:-1\" \/>\n<link rel=\"canonical\" href=\"https:\/\/certifiqat.com\/es\/invoice-billing\/\" \/>\n<meta property=\"og:locale\" content=\"es_ES\" \/>\n<meta property=\"og:type\" content=\"article\" \/>\n<meta property=\"og:title\" content=\"Facturaci\u00f3n - Certifiqat.com\" \/>\n<meta property=\"og:description\" content=\"Facturaci\u00f3n Business Profiles se factura anualmente por adelantado. Todas las facturas se enviar\u00e1n desde billing@certifiqat.com. Para cualquier pregunta relacionada con una factura recibida, env\u00edenos un correo electr\u00f3nico a support@certifiqat.com y aseg\u00farese de incluir su n\u00famero de factura en el asunto para obtener una respuesta r\u00e1pida.\" \/>\n<meta property=\"og:url\" content=\"https:\/\/certifiqat.com\/es\/invoice-billing\/\" \/>\n<meta property=\"og:site_name\" content=\"Certifiqat.com\" \/>\n<meta property=\"article:modified_time\" content=\"2024-08-27T08:49:33+00:00\" \/>\n<meta property=\"og:image\" content=\"https:\/\/certifiqat.com\/wp-content\/uploads\/yoav-aziz-tKCd-IWc4gI-unsplash.jpg\" \/>\n\t<meta property=\"og:image:width\" content=\"820\" \/>\n\t<meta property=\"og:image:height\" content=\"461\" \/>\n\t<meta property=\"og:image:type\" content=\"image\/jpeg\" \/>\n<meta name=\"twitter:card\" content=\"summary_large_image\" \/>\n<meta name=\"twitter:label1\" content=\"Tiempo de lectura\" \/>\n\t<meta name=\"twitter:data1\" content=\"1 minuto\" \/>\n<script type=\"application\/ld+json\" class=\"yoast-schema-graph\">{\"@context\":\"https:\\\/\\\/schema.org\",\"@graph\":[{\"@type\":\"WebPage\",\"@id\":\"https:\\\/\\\/certifiqat.com\\\/es\\\/invoice-billing\\\/\",\"url\":\"https:\\\/\\\/certifiqat.com\\\/es\\\/invoice-billing\\\/\",\"name\":\"Facturaci\u00f3n - Certifiqat.com\",\"isPartOf\":{\"@id\":\"https:\\\/\\\/certifiqat.com\\\/es\\\/#website\"},\"primaryImageOfPage\":{\"@id\":\"https:\\\/\\\/certifiqat.com\\\/es\\\/invoice-billing\\\/#primaryimage\"},\"image\":{\"@id\":\"https:\\\/\\\/certifiqat.com\\\/es\\\/invoice-billing\\\/#primaryimage\"},\"thumbnailUrl\":\"https:\\\/\\\/certifiqat.com\\\/wp-content\\\/uploads\\\/yoav-aziz-tKCd-IWc4gI-unsplash.jpg\",\"datePublished\":\"2024-06-28T08:46:13+00:00\",\"dateModified\":\"2024-08-27T08:49:33+00:00\",\"breadcrumb\":{\"@id\":\"https:\\\/\\\/certifiqat.com\\\/es\\\/invoice-billing\\\/#breadcrumb\"},\"inLanguage\":\"es\",\"potentialAction\":[{\"@type\":\"ReadAction\",\"target\":[\"https:\\\/\\\/certifiqat.com\\\/es\\\/invoice-billing\\\/\"]}]},{\"@type\":\"ImageObject\",\"inLanguage\":\"es\",\"@id\":\"https:\\\/\\\/certifiqat.com\\\/es\\\/invoice-billing\\\/#primaryimage\",\"url\":\"https:\\\/\\\/certifiqat.com\\\/wp-content\\\/uploads\\\/yoav-aziz-tKCd-IWc4gI-unsplash.jpg\",\"contentUrl\":\"https:\\\/\\\/certifiqat.com\\\/wp-content\\\/uploads\\\/yoav-aziz-tKCd-IWc4gI-unsplash.jpg\",\"width\":820,\"height\":461},{\"@type\":\"BreadcrumbList\",\"@id\":\"https:\\\/\\\/certifiqat.com\\\/es\\\/invoice-billing\\\/#breadcrumb\",\"itemListElement\":[{\"@type\":\"ListItem\",\"position\":1,\"name\":\"Home\",\"item\":\"https:\\\/\\\/certifiqat.com\\\/es\\\/\"},{\"@type\":\"ListItem\",\"position\":2,\"name\":\"Facturaci\u00f3n\"}]},{\"@type\":\"WebSite\",\"@id\":\"https:\\\/\\\/certifiqat.com\\\/es\\\/#website\",\"url\":\"https:\\\/\\\/certifiqat.com\\\/es\\\/\",\"name\":\"certifiqat\",\"description\":\"\",\"potentialAction\":[{\"@type\":\"SearchAction\",\"target\":{\"@type\":\"EntryPoint\",\"urlTemplate\":\"https:\\\/\\\/certifiqat.com\\\/es\\\/?s={search_term_string}\"},\"query-input\":{\"@type\":\"PropertyValueSpecification\",\"valueRequired\":true,\"valueName\":\"search_term_string\"}}],\"inLanguage\":\"es\"}]}<\/script>\n<!-- \/ Yoast SEO plugin. -->","yoast_head_json":{"title":"Facturaci\u00f3n - Certifiqat.com","robots":{"index":"index","follow":"follow","max-snippet":"max-snippet:-1","max-image-preview":"max-image-preview:large","max-video-preview":"max-video-preview:-1"},"canonical":"https:\/\/certifiqat.com\/es\/invoice-billing\/","og_locale":"es_ES","og_type":"article","og_title":"Facturaci\u00f3n - Certifiqat.com","og_description":"Facturaci\u00f3n Business Profiles se factura anualmente por adelantado. Todas las facturas se enviar\u00e1n desde billing@certifiqat.com. Para cualquier pregunta relacionada con una factura recibida, env\u00edenos un correo electr\u00f3nico a support@certifiqat.com y aseg\u00farese de incluir su n\u00famero de factura en el asunto para obtener una respuesta r\u00e1pida.","og_url":"https:\/\/certifiqat.com\/es\/invoice-billing\/","og_site_name":"Certifiqat.com","article_modified_time":"2024-08-27T08:49:33+00:00","og_image":[{"width":820,"height":461,"url":"https:\/\/certifiqat.com\/wp-content\/uploads\/yoav-aziz-tKCd-IWc4gI-unsplash.jpg","type":"image\/jpeg"}],"twitter_card":"summary_large_image","twitter_misc":{"Tiempo de lectura":"1 minuto"},"schema":{"@context":"https:\/\/schema.org","@graph":[{"@type":"WebPage","@id":"https:\/\/certifiqat.com\/es\/invoice-billing\/","url":"https:\/\/certifiqat.com\/es\/invoice-billing\/","name":"Facturaci\u00f3n - Certifiqat.com","isPartOf":{"@id":"https:\/\/certifiqat.com\/es\/#website"},"primaryImageOfPage":{"@id":"https:\/\/certifiqat.com\/es\/invoice-billing\/#primaryimage"},"image":{"@id":"https:\/\/certifiqat.com\/es\/invoice-billing\/#primaryimage"},"thumbnailUrl":"https:\/\/certifiqat.com\/wp-content\/uploads\/yoav-aziz-tKCd-IWc4gI-unsplash.jpg","datePublished":"2024-06-28T08:46:13+00:00","dateModified":"2024-08-27T08:49:33+00:00","breadcrumb":{"@id":"https:\/\/certifiqat.com\/es\/invoice-billing\/#breadcrumb"},"inLanguage":"es","potentialAction":[{"@type":"ReadAction","target":["https:\/\/certifiqat.com\/es\/invoice-billing\/"]}]},{"@type":"ImageObject","inLanguage":"es","@id":"https:\/\/certifiqat.com\/es\/invoice-billing\/#primaryimage","url":"https:\/\/certifiqat.com\/wp-content\/uploads\/yoav-aziz-tKCd-IWc4gI-unsplash.jpg","contentUrl":"https:\/\/certifiqat.com\/wp-content\/uploads\/yoav-aziz-tKCd-IWc4gI-unsplash.jpg","width":820,"height":461},{"@type":"BreadcrumbList","@id":"https:\/\/certifiqat.com\/es\/invoice-billing\/#breadcrumb","itemListElement":[{"@type":"ListItem","position":1,"name":"Home","item":"https:\/\/certifiqat.com\/es\/"},{"@type":"ListItem","position":2,"name":"Facturaci\u00f3n"}]},{"@type":"WebSite","@id":"https:\/\/certifiqat.com\/es\/#website","url":"https:\/\/certifiqat.com\/es\/","name":"certifiqat","description":"","potentialAction":[{"@type":"SearchAction","target":{"@type":"EntryPoint","urlTemplate":"https:\/\/certifiqat.com\/es\/?s={search_term_string}"},"query-input":{"@type":"PropertyValueSpecification","valueRequired":true,"valueName":"search_term_string"}}],"inLanguage":"es"}]}},"_links":{"self":[{"href":"https:\/\/certifiqat.com\/es\/wp-json\/wp\/v2\/pages\/9687","targetHints":{"allow":["GET"]}}],"collection":[{"href":"https:\/\/certifiqat.com\/es\/wp-json\/wp\/v2\/pages"}],"about":[{"href":"https:\/\/certifiqat.com\/es\/wp-json\/wp\/v2\/types\/page"}],"author":[{"embeddable":true,"href":"https:\/\/certifiqat.com\/es\/wp-json\/wp\/v2\/users\/3"}],"replies":[{"embeddable":true,"href":"https:\/\/certifiqat.com\/es\/wp-json\/wp\/v2\/comments?post=9687"}],"version-history":[{"count":0,"href":"https:\/\/certifiqat.com\/es\/wp-json\/wp\/v2\/pages\/9687\/revisions"}],"wp:featuredmedia":[{"embeddable":true,"href":"https:\/\/certifiqat.com\/es\/wp-json\/wp\/v2\/media\/1409"}],"wp:attachment":[{"href":"https:\/\/certifiqat.com\/es\/wp-json\/wp\/v2\/media?parent=9687"}],"curies":[{"name":"wp","href":"https:\/\/api.w.org\/{rel}","templated":true}]}}