{"id":938,"date":"2024-04-23T08:18:33","date_gmt":"2024-04-23T08:18:33","guid":{"rendered":"https:\/\/certifiqat.com\/about-us\/"},"modified":"2024-07-29T22:09:05","modified_gmt":"2024-07-29T22:09:05","slug":"about-us","status":"publish","type":"page","link":"https:\/\/certifiqat.com\/es\/about-us\/","title":{"rendered":"Qui\u00e9nes somos"},"content":{"rendered":"<section class=\"relative bg-white\" id=\"block_b9421df7e529d7932dd553d4c787aa8a\">\n\t<div class=\"container\">\n\t\t<div class=\"flex flex-wrap\">\n\t\t\t\t\t\t\t<div class=\"w-full pr-0 rem:py-[75px] lg:w-1\/2 lg:pr-[130px] lg:rem:py-[150px]\">\n\t\t\t\t\t<div class=\"base-typography\">\n\t\t\t\t\t\t<h2>La historia<\/h2>\n<p>El equipo detr\u00e1s de Certifiqat tiene d\u00e9cadas de experiencia tanto en el mundo de los certificados ISO, as\u00ed como el espacio de tecnolog\u00eda en l\u00ednea. Somos un equipo de ex directores generales, directores de marketing, auditores ISO, consultores de gesti\u00f3n y t\u00e9cnicos, pero sobre todo estamos unidos en el viaje para aumentar el valor de estar certificado.<\/p>\n<h2>Nuestra misi\u00f3n<\/h2>\n<p>Nuestra misi\u00f3n es aumentar el valor de las certificaciones y capacitar a las empresas certificadas mejorando su capacidad para comercializar sus logros. Este enfoque no s\u00f3lo diferencia a las empresas certificadas de sus competidores no certificados, sino que tambi\u00e9n amplifica el valor de su marca.<\/p>\n<h2>Nuestra visi\u00f3n de futuro<\/h2>\n<p>En Certifiqat, nuestra visi\u00f3n es que todas y cada una de las empresas ambiciosas a escala mundial utilicen Certifiqat para gestionar y comercializar sus certificados y documentos de confianza. Estamos construyendo la mayor base de datos del mundo para empresas certificadas.<\/p>\n\n\t\t\t\t\t<\/div>\n\t\t\t\t<\/div>\n\t\t\t\t\t\t\t\t\t\t<div class=\"h-full w-full lg:w-1\/2\"><\/div>\n\t\t\t\t\t<\/div>\n\t<\/div>\n\t<div class=\"relative left-0 top-0 h-full w-full pt-[50%] lg:absolute lg:left-[50%] lg:w-1\/2 lg:pt-0\">\n\t\t<img decoding=\"async\" class=\"img-cover-abs\" src=\"https:\/\/certifiqat.com\/wp-content\/uploads\/kelsey-knight-SFRw5GChoLA-unsplash-800x0-c-default.jpg\" alt=\"\" \/>\n\t<\/div>\n<\/section>\n\n\n\n<section class=\"wp-block-group section-wrapper has-background\" style=\"background-color:#75d2fa\"><div class=\"wp-block-group__inner-container is-layout-constrained wp-block-group-is-layout-constrained\">\n<div class=\"wp-block-columns container is-layout-flex wp-container-core-columns-is-layout-9d6595d7 wp-block-columns-is-layout-flex\">\n<div class=\"wp-block-column is-layout-flow wp-block-column-is-layout-flow\">\n<h2 class=\"wp-block-heading has-text-color has-link-color wp-elements-65c0d232e34ce1916f2020be9c3699fb\" style=\"color:#2d6bd8\">Equipo experimentado<\/h2>\n\n\n\n<p class=\"has-text-color has-link-color wp-elements-5a6a3c13bcd332ef80e45b68acf7a94a\" style=\"color:#122a5e\">El equipo de Certifiqat cuenta colectivamente con un gran n\u00famero de a\u00f1os de experiencia en diversas funciones empresariales y hemos visto el reto de gestionar y mostrar eficazmente estos documentos cr\u00edticos de confianza a clientes, empleados y partes interesadas.<\/p>\n<\/div>\n\n\n\n<div class=\"wp-block-column is-layout-flow wp-block-column-is-layout-flow\">\n<h2 class=\"wp-block-heading has-text-color has-link-color wp-elements-d057546a2f2d510c97dad4734583c4a9\" style=\"color:#2d6bd8\">Certifiqat AI<\/h2>\n\n\n\n<p class=\"has-text-color has-link-color wp-elements-60d61657cc6ac2c07e02e773aa08d92f\" style=\"color:#122a5e\">Combinando el modelo ling\u00fc\u00edstico de OpenAI con nuestra tecnolog\u00eda, traducimos eficazmente su contenido a m\u00e1s de 15 idiomas y creamos una accesibilidad sin precedentes para su audiencia.<\/p>\n<\/div>\n\n\n\n<div class=\"wp-block-column is-layout-flow wp-block-column-is-layout-flow\">\n<h2 class=\"wp-block-heading has-text-color has-link-color wp-elements-31144a808e1c732f03a5f02ed2526f49\" style=\"color:#2d6bd8\">La experiencia del usuario es lo primero<\/h2>\n\n\n\n<p class=\"has-text-color has-link-color wp-elements-fa4b3718a627bcfd9ce9c6256992fcc7\" style=\"color:#122a5e\">Tenemos una experiencia de usuario \/ dise\u00f1o de primer enfoque para a\u00f1adir siempre a la general-experiencia de su marca y su perfil de empresa en Certifiqat.com<\/p>\n<\/div>\n\n\n\n<div class=\"wp-block-column is-layout-flow wp-block-column-is-layout-flow\">\n<h2 class=\"wp-block-heading has-text-color has-link-color wp-elements-eace1687cffb24f3cbac44a03a91f633\" style=\"color:#2a70c5\">Soporte<\/h2>\n\n\n\n<p>Si necesitas ayuda estamos aqu\u00ed para ayudarte. Nuestro equipo de soporte tiene como objetivo ser cero a ninguno.<\/p>\n<\/div>\n<\/div>\n<\/div><\/section>\n\n\n\n<div class=\"wp-block-group section-wrapper\"><div class=\"wp-block-group__inner-container is-layout-constrained wp-block-group-is-layout-constrained\">\n<div class=\"wp-block-columns container is-layout-flex wp-container-core-columns-is-layout-9d6595d7 wp-block-columns-is-layout-flex\">\n<div class=\"wp-block-column is-layout-flow wp-block-column-is-layout-flow\" style=\"flex-basis:25%\"><\/div>\n\n\n\n<div class=\"wp-block-column is-layout-flow wp-block-column-is-layout-flow\" style=\"flex-basis:75%\">\n<h2 class=\"wp-block-heading has-text-align-center has-text-color has-link-color has-x-large-font-size wp-elements-0a97da26b38692840d803afcd2b154f4\" style=\"color:#2d6bd8\">\u00a1\u00danete a nosotros!<\/h2>\n\n\n\n<p class=\"has-text-align-center max-w has-text-color has-link-color wp-elements-c833d11075f5afe18a24f6957ff113ba\" style=\"color:#122a5e\">Siempre estamos buscando talentos dentro de la tecnolog\u00eda, ventas, marketing y soporte. Si tienes alg\u00fan conocimiento que aportar en materia de certificados, calidad y gesti\u00f3n, \u00a1tenemos a\u00fan m\u00e1s curiosidad por ti y estamos deseando conocerte!<\/p>\n\n\n\n<p class=\"has-text-align-center has-text-color has-link-color wp-elements-a8706206d7d5dd7fccd2ca9e08653bf9\" style=\"color:#122a5e\"><strong>Env\u00edanos un correo electr\u00f3nico y cu\u00e9ntanos por qu\u00e9 quieres unirte a Certifqat: <a class=\"copy-email-js text-right  relative\" href=\"mailto:join@certifiqat.com\">join@certifiqat.com <span class=\" hidden absolute right-0 bottom-[100%] p-1 rounded-full bg-white font-normal text-c-grey-500\">Copied<\/span><\/a><\/strong><\/p>\n<\/div>\n\n\n\n<div class=\"wp-block-column is-layout-flow wp-block-column-is-layout-flow\" style=\"flex-basis:25%\"><\/div>\n<\/div>\n<\/div><\/div>\n","protected":false},"excerpt":{"rendered":"<p>Equipo experimentado El equipo de Certifiqat cuenta colectivamente con un gran n\u00famero de a\u00f1os de experiencia en diversas funciones empresariales y hemos visto el reto de gestionar y mostrar eficazmente estos documentos cr\u00edticos de confianza a clientes, empleados y partes interesadas. Certifiqat AI Combinando el modelo ling\u00fc\u00edstico de OpenAI con nuestra tecnolog\u00eda, traducimos eficazmente su<\/p>\n","protected":false},"author":3,"featured_media":0,"parent":0,"menu_order":0,"comment_status":"closed","ping_status":"closed","template":"page-about-us.php","meta":{"_acf_changed":false,"inline_featured_image":false,"footnotes":""},"class_list":["post-938","page","type-page","status-publish","hentry"],"acf":[],"yoast_head":"<!-- This site is optimized with the Yoast SEO plugin v27.5 - https:\/\/yoast.com\/product\/yoast-seo-wordpress\/ -->\n<title>About Us - Certifiqat.com<\/title>\n<meta name=\"robots\" content=\"index, follow, max-snippet:-1, max-image-preview:large, max-video-preview:-1\" \/>\n<link rel=\"canonical\" href=\"https:\/\/certifiqat.com\/es\/about-us\/\" \/>\n<meta property=\"og:locale\" content=\"es_ES\" \/>\n<meta property=\"og:type\" content=\"article\" \/>\n<meta property=\"og:title\" content=\"About Us - Certifiqat.com\" \/>\n<meta property=\"og:description\" content=\"Equipo experimentado El equipo de Certifiqat cuenta colectivamente con un gran n\u00famero de a\u00f1os de experiencia en diversas funciones empresariales y hemos visto el reto de gestionar y mostrar eficazmente estos documentos cr\u00edticos de confianza a clientes, empleados y partes interesadas. Certifiqat AI Combinando el modelo ling\u00fc\u00edstico de OpenAI con nuestra tecnolog\u00eda, traducimos eficazmente su\" \/>\n<meta property=\"og:url\" content=\"https:\/\/certifiqat.com\/es\/about-us\/\" \/>\n<meta property=\"og:site_name\" content=\"Certifiqat.com\" \/>\n<meta property=\"article:modified_time\" content=\"2024-07-29T22:09:05+00:00\" \/>\n<meta name=\"twitter:card\" content=\"summary_large_image\" \/>\n<meta name=\"twitter:label1\" content=\"Tiempo de lectura\" \/>\n\t<meta name=\"twitter:data1\" content=\"1 minuto\" \/>\n<script type=\"application\/ld+json\" class=\"yoast-schema-graph\">{\"@context\":\"https:\\\/\\\/schema.org\",\"@graph\":[{\"@type\":\"WebPage\",\"@id\":\"https:\\\/\\\/certifiqat.com\\\/es\\\/about-us\\\/\",\"url\":\"https:\\\/\\\/certifiqat.com\\\/es\\\/about-us\\\/\",\"name\":\"About Us - Certifiqat.com\",\"isPartOf\":{\"@id\":\"https:\\\/\\\/certifiqat.com\\\/es\\\/#website\"},\"datePublished\":\"2024-04-23T08:18:33+00:00\",\"dateModified\":\"2024-07-29T22:09:05+00:00\",\"breadcrumb\":{\"@id\":\"https:\\\/\\\/certifiqat.com\\\/es\\\/about-us\\\/#breadcrumb\"},\"inLanguage\":\"es\",\"potentialAction\":[{\"@type\":\"ReadAction\",\"target\":[\"https:\\\/\\\/certifiqat.com\\\/es\\\/about-us\\\/\"]}]},{\"@type\":\"BreadcrumbList\",\"@id\":\"https:\\\/\\\/certifiqat.com\\\/es\\\/about-us\\\/#breadcrumb\",\"itemListElement\":[{\"@type\":\"ListItem\",\"position\":1,\"name\":\"Home\",\"item\":\"https:\\\/\\\/certifiqat.com\\\/es\\\/\"},{\"@type\":\"ListItem\",\"position\":2,\"name\":\"Qui\u00e9nes somos\"}]},{\"@type\":\"WebSite\",\"@id\":\"https:\\\/\\\/certifiqat.com\\\/es\\\/#website\",\"url\":\"https:\\\/\\\/certifiqat.com\\\/es\\\/\",\"name\":\"certifiqat\",\"description\":\"\",\"potentialAction\":[{\"@type\":\"SearchAction\",\"target\":{\"@type\":\"EntryPoint\",\"urlTemplate\":\"https:\\\/\\\/certifiqat.com\\\/es\\\/?s={search_term_string}\"},\"query-input\":{\"@type\":\"PropertyValueSpecification\",\"valueRequired\":true,\"valueName\":\"search_term_string\"}}],\"inLanguage\":\"es\"}]}<\/script>\n<!-- \/ Yoast SEO plugin. -->","yoast_head_json":{"title":"About Us - Certifiqat.com","robots":{"index":"index","follow":"follow","max-snippet":"max-snippet:-1","max-image-preview":"max-image-preview:large","max-video-preview":"max-video-preview:-1"},"canonical":"https:\/\/certifiqat.com\/es\/about-us\/","og_locale":"es_ES","og_type":"article","og_title":"About Us - Certifiqat.com","og_description":"Equipo experimentado El equipo de Certifiqat cuenta colectivamente con un gran n\u00famero de a\u00f1os de experiencia en diversas funciones empresariales y hemos visto el reto de gestionar y mostrar eficazmente estos documentos cr\u00edticos de confianza a clientes, empleados y partes interesadas. Certifiqat AI Combinando el modelo ling\u00fc\u00edstico de OpenAI con nuestra tecnolog\u00eda, traducimos eficazmente su","og_url":"https:\/\/certifiqat.com\/es\/about-us\/","og_site_name":"Certifiqat.com","article_modified_time":"2024-07-29T22:09:05+00:00","twitter_card":"summary_large_image","twitter_misc":{"Tiempo de lectura":"1 minuto"},"schema":{"@context":"https:\/\/schema.org","@graph":[{"@type":"WebPage","@id":"https:\/\/certifiqat.com\/es\/about-us\/","url":"https:\/\/certifiqat.com\/es\/about-us\/","name":"About Us - Certifiqat.com","isPartOf":{"@id":"https:\/\/certifiqat.com\/es\/#website"},"datePublished":"2024-04-23T08:18:33+00:00","dateModified":"2024-07-29T22:09:05+00:00","breadcrumb":{"@id":"https:\/\/certifiqat.com\/es\/about-us\/#breadcrumb"},"inLanguage":"es","potentialAction":[{"@type":"ReadAction","target":["https:\/\/certifiqat.com\/es\/about-us\/"]}]},{"@type":"BreadcrumbList","@id":"https:\/\/certifiqat.com\/es\/about-us\/#breadcrumb","itemListElement":[{"@type":"ListItem","position":1,"name":"Home","item":"https:\/\/certifiqat.com\/es\/"},{"@type":"ListItem","position":2,"name":"Qui\u00e9nes somos"}]},{"@type":"WebSite","@id":"https:\/\/certifiqat.com\/es\/#website","url":"https:\/\/certifiqat.com\/es\/","name":"certifiqat","description":"","potentialAction":[{"@type":"SearchAction","target":{"@type":"EntryPoint","urlTemplate":"https:\/\/certifiqat.com\/es\/?s={search_term_string}"},"query-input":{"@type":"PropertyValueSpecification","valueRequired":true,"valueName":"search_term_string"}}],"inLanguage":"es"}]}},"_links":{"self":[{"href":"https:\/\/certifiqat.com\/es\/wp-json\/wp\/v2\/pages\/938","targetHints":{"allow":["GET"]}}],"collection":[{"href":"https:\/\/certifiqat.com\/es\/wp-json\/wp\/v2\/pages"}],"about":[{"href":"https:\/\/certifiqat.com\/es\/wp-json\/wp\/v2\/types\/page"}],"author":[{"embeddable":true,"href":"https:\/\/certifiqat.com\/es\/wp-json\/wp\/v2\/users\/3"}],"replies":[{"embeddable":true,"href":"https:\/\/certifiqat.com\/es\/wp-json\/wp\/v2\/comments?post=938"}],"version-history":[{"count":0,"href":"https:\/\/certifiqat.com\/es\/wp-json\/wp\/v2\/pages\/938\/revisions"}],"wp:attachment":[{"href":"https:\/\/certifiqat.com\/es\/wp-json\/wp\/v2\/media?parent=938"}],"curies":[{"name":"wp","href":"https:\/\/api.w.org\/{rel}","templated":true}]}}