{"id":5930,"date":"2024-08-06T11:48:15","date_gmt":"2024-08-06T11:48:15","guid":{"rendered":"https:\/\/certifiqat.com\/invoice-billing-copy\/"},"modified":"2024-08-23T11:18:45","modified_gmt":"2024-08-23T11:18:45","slug":"become-consultancy-partner","status":"publish","type":"page","link":"https:\/\/certifiqat.com\/es\/become-consultancy-partner\/","title":{"rendered":"Convi\u00e9rtase en socio consultor"},"content":{"rendered":"\n<h1 class=\"wp-block-heading\">Convi\u00e9rtase en socio consultor<\/h1>\n\n\n\n<h3 class=\"wp-block-heading\">As\u00f3ciese con Certifiqat: Eleve el viaje de certificaci\u00f3n de sus clientes<\/h3>\n\n\n\n<p>En Certifiqat, estamos comprometidos a construir la mayor base de datos del mundo para empresas certificadas y tambi\u00e9n a cambiar la forma en que las empresas gestionan y muestran sus certificaciones. Invitamos a consultores y empresas de consultor\u00eda a asociarse con nosotros y ofrecer a sus clientes un gran valor en su viaje de certificaci\u00f3n.<\/p>\n\n\n\n<p><strong>\u00bfPor qu\u00e9 asociarse con Certifiqat?<\/strong><\/p>\n\n\n\n<ul class=\"wp-block-list\">\n<li><strong>Mejore su oferta a los clientes:<\/strong> Al integrar la plataforma de Certifiqat en sus servicios de consultor\u00eda, usted ofrece a sus clientes una soluci\u00f3n de vanguardia para mostrar sus certificaciones.<\/li>\n\n\n\n<li><strong>Ofrezca a sus clientes una visi\u00f3n de conjunto:<\/strong> Nuestra plataforma simplifica el proceso de organizaci\u00f3n, actualizaci\u00f3n y presentaci\u00f3n de los documentos de certificaci\u00f3n in situ.<\/li>\n\n\n\n<li><strong>Crecimiento colaborativo:<\/strong> Como socio de Certifiqat, obtendr\u00e1 acceso a recursos exclusivos, formaci\u00f3n y soporte. Estamos dedicados a ayudarle a tener \u00e9xito y crecer junto a nosotros, asegurando que nuestra colaboraci\u00f3n sea mutuamente beneficiosa.<\/li>\n<\/ul>\n\n\n\n<p><strong>C\u00f3mo funciona<\/strong><\/p>\n\n\n\n<p>Asociarse con Certifiqat es sencillo. Le proporcionamos las herramientas y el apoyo necesarios para presentar nuestra plataforma a sus clientes. Juntos, podemos ofrecer a sus clientes una experiencia fluida en la gesti\u00f3n y presentaci\u00f3n de sus certificaciones, diferenci\u00e1ndolos en un mercado competitivo.<\/p>\n\n\n\n<p><strong>P\u00f3ngase en contacto<\/strong><\/p>\n\n\n\n<p>\u00bfEst\u00e1 preparado para a\u00f1adir un valor significativo a sus clientes? <a href=\"https:\/\/certifiqat.com\/contact\/\">P\u00f3ngase en contacto con nosotros hoy mismo<\/a> para explorar oportunidades de asociaci\u00f3n y aprender c\u00f3mo Certifiqat puede complementar y elevar su oferta de negocio.<\/p>\n","protected":false},"excerpt":{"rendered":"<p>Convi\u00e9rtase en socio consultor As\u00f3ciese con Certifiqat: Eleve el viaje de certificaci\u00f3n de sus clientes En Certifiqat, estamos comprometidos a construir la mayor base de datos del mundo para empresas certificadas y tambi\u00e9n a cambiar la forma en que las empresas gestionan y muestran sus certificaciones. Invitamos a consultores y empresas de consultor\u00eda a asociarse<\/p>\n","protected":false},"author":3,"featured_media":1409,"parent":0,"menu_order":0,"comment_status":"closed","ping_status":"closed","template":"","meta":{"_acf_changed":false,"inline_featured_image":false,"footnotes":""},"class_list":["post-5930","page","type-page","status-publish","has-post-thumbnail","hentry"],"acf":[],"yoast_head":"<!-- This site is optimized with the Yoast SEO plugin v27.5 - https:\/\/yoast.com\/product\/yoast-seo-wordpress\/ -->\n<title>Convi\u00e9rtase en socio consultor - Certifiqat.com<\/title>\n<meta name=\"robots\" content=\"index, follow, max-snippet:-1, max-image-preview:large, max-video-preview:-1\" \/>\n<link rel=\"canonical\" href=\"https:\/\/certifiqat.com\/es\/become-consultancy-partner\/\" \/>\n<meta property=\"og:locale\" content=\"es_ES\" \/>\n<meta property=\"og:type\" content=\"article\" \/>\n<meta property=\"og:title\" content=\"Convi\u00e9rtase en socio consultor - Certifiqat.com\" \/>\n<meta property=\"og:description\" content=\"Convi\u00e9rtase en socio consultor As\u00f3ciese con Certifiqat: Eleve el viaje de certificaci\u00f3n de sus clientes En Certifiqat, estamos comprometidos a construir la mayor base de datos del mundo para empresas certificadas y tambi\u00e9n a cambiar la forma en que las empresas gestionan y muestran sus certificaciones. Invitamos a consultores y empresas de consultor\u00eda a asociarse\" \/>\n<meta property=\"og:url\" content=\"https:\/\/certifiqat.com\/es\/become-consultancy-partner\/\" \/>\n<meta property=\"og:site_name\" content=\"Certifiqat.com\" \/>\n<meta property=\"article:modified_time\" content=\"2024-08-23T11:18:45+00:00\" \/>\n<meta property=\"og:image\" content=\"https:\/\/certifiqat.com\/wp-content\/uploads\/yoav-aziz-tKCd-IWc4gI-unsplash.jpg\" \/>\n\t<meta property=\"og:image:width\" content=\"820\" \/>\n\t<meta property=\"og:image:height\" content=\"461\" \/>\n\t<meta property=\"og:image:type\" content=\"image\/jpeg\" \/>\n<meta name=\"twitter:card\" content=\"summary_large_image\" \/>\n<meta name=\"twitter:label1\" content=\"Tiempo de lectura\" \/>\n\t<meta name=\"twitter:data1\" content=\"2 minutos\" \/>\n<script type=\"application\/ld+json\" class=\"yoast-schema-graph\">{\"@context\":\"https:\\\/\\\/schema.org\",\"@graph\":[{\"@type\":\"WebPage\",\"@id\":\"https:\\\/\\\/certifiqat.com\\\/es\\\/become-consultancy-partner\\\/\",\"url\":\"https:\\\/\\\/certifiqat.com\\\/es\\\/become-consultancy-partner\\\/\",\"name\":\"Convi\u00e9rtase en socio consultor - Certifiqat.com\",\"isPartOf\":{\"@id\":\"https:\\\/\\\/certifiqat.com\\\/es\\\/#website\"},\"primaryImageOfPage\":{\"@id\":\"https:\\\/\\\/certifiqat.com\\\/es\\\/become-consultancy-partner\\\/#primaryimage\"},\"image\":{\"@id\":\"https:\\\/\\\/certifiqat.com\\\/es\\\/become-consultancy-partner\\\/#primaryimage\"},\"thumbnailUrl\":\"https:\\\/\\\/certifiqat.com\\\/wp-content\\\/uploads\\\/yoav-aziz-tKCd-IWc4gI-unsplash.jpg\",\"datePublished\":\"2024-08-06T11:48:15+00:00\",\"dateModified\":\"2024-08-23T11:18:45+00:00\",\"breadcrumb\":{\"@id\":\"https:\\\/\\\/certifiqat.com\\\/es\\\/become-consultancy-partner\\\/#breadcrumb\"},\"inLanguage\":\"es\",\"potentialAction\":[{\"@type\":\"ReadAction\",\"target\":[\"https:\\\/\\\/certifiqat.com\\\/es\\\/become-consultancy-partner\\\/\"]}]},{\"@type\":\"ImageObject\",\"inLanguage\":\"es\",\"@id\":\"https:\\\/\\\/certifiqat.com\\\/es\\\/become-consultancy-partner\\\/#primaryimage\",\"url\":\"https:\\\/\\\/certifiqat.com\\\/wp-content\\\/uploads\\\/yoav-aziz-tKCd-IWc4gI-unsplash.jpg\",\"contentUrl\":\"https:\\\/\\\/certifiqat.com\\\/wp-content\\\/uploads\\\/yoav-aziz-tKCd-IWc4gI-unsplash.jpg\",\"width\":820,\"height\":461},{\"@type\":\"BreadcrumbList\",\"@id\":\"https:\\\/\\\/certifiqat.com\\\/es\\\/become-consultancy-partner\\\/#breadcrumb\",\"itemListElement\":[{\"@type\":\"ListItem\",\"position\":1,\"name\":\"Home\",\"item\":\"https:\\\/\\\/certifiqat.com\\\/es\\\/\"},{\"@type\":\"ListItem\",\"position\":2,\"name\":\"Convi\u00e9rtase en socio consultor\"}]},{\"@type\":\"WebSite\",\"@id\":\"https:\\\/\\\/certifiqat.com\\\/es\\\/#website\",\"url\":\"https:\\\/\\\/certifiqat.com\\\/es\\\/\",\"name\":\"certifiqat\",\"description\":\"\",\"potentialAction\":[{\"@type\":\"SearchAction\",\"target\":{\"@type\":\"EntryPoint\",\"urlTemplate\":\"https:\\\/\\\/certifiqat.com\\\/es\\\/?s={search_term_string}\"},\"query-input\":{\"@type\":\"PropertyValueSpecification\",\"valueRequired\":true,\"valueName\":\"search_term_string\"}}],\"inLanguage\":\"es\"}]}<\/script>\n<!-- \/ Yoast SEO plugin. -->","yoast_head_json":{"title":"Convi\u00e9rtase en socio consultor - Certifiqat.com","robots":{"index":"index","follow":"follow","max-snippet":"max-snippet:-1","max-image-preview":"max-image-preview:large","max-video-preview":"max-video-preview:-1"},"canonical":"https:\/\/certifiqat.com\/es\/become-consultancy-partner\/","og_locale":"es_ES","og_type":"article","og_title":"Convi\u00e9rtase en socio consultor - Certifiqat.com","og_description":"Convi\u00e9rtase en socio consultor As\u00f3ciese con Certifiqat: Eleve el viaje de certificaci\u00f3n de sus clientes En Certifiqat, estamos comprometidos a construir la mayor base de datos del mundo para empresas certificadas y tambi\u00e9n a cambiar la forma en que las empresas gestionan y muestran sus certificaciones. Invitamos a consultores y empresas de consultor\u00eda a asociarse","og_url":"https:\/\/certifiqat.com\/es\/become-consultancy-partner\/","og_site_name":"Certifiqat.com","article_modified_time":"2024-08-23T11:18:45+00:00","og_image":[{"width":820,"height":461,"url":"https:\/\/certifiqat.com\/wp-content\/uploads\/yoav-aziz-tKCd-IWc4gI-unsplash.jpg","type":"image\/jpeg"}],"twitter_card":"summary_large_image","twitter_misc":{"Tiempo de lectura":"2 minutos"},"schema":{"@context":"https:\/\/schema.org","@graph":[{"@type":"WebPage","@id":"https:\/\/certifiqat.com\/es\/become-consultancy-partner\/","url":"https:\/\/certifiqat.com\/es\/become-consultancy-partner\/","name":"Convi\u00e9rtase en socio consultor - Certifiqat.com","isPartOf":{"@id":"https:\/\/certifiqat.com\/es\/#website"},"primaryImageOfPage":{"@id":"https:\/\/certifiqat.com\/es\/become-consultancy-partner\/#primaryimage"},"image":{"@id":"https:\/\/certifiqat.com\/es\/become-consultancy-partner\/#primaryimage"},"thumbnailUrl":"https:\/\/certifiqat.com\/wp-content\/uploads\/yoav-aziz-tKCd-IWc4gI-unsplash.jpg","datePublished":"2024-08-06T11:48:15+00:00","dateModified":"2024-08-23T11:18:45+00:00","breadcrumb":{"@id":"https:\/\/certifiqat.com\/es\/become-consultancy-partner\/#breadcrumb"},"inLanguage":"es","potentialAction":[{"@type":"ReadAction","target":["https:\/\/certifiqat.com\/es\/become-consultancy-partner\/"]}]},{"@type":"ImageObject","inLanguage":"es","@id":"https:\/\/certifiqat.com\/es\/become-consultancy-partner\/#primaryimage","url":"https:\/\/certifiqat.com\/wp-content\/uploads\/yoav-aziz-tKCd-IWc4gI-unsplash.jpg","contentUrl":"https:\/\/certifiqat.com\/wp-content\/uploads\/yoav-aziz-tKCd-IWc4gI-unsplash.jpg","width":820,"height":461},{"@type":"BreadcrumbList","@id":"https:\/\/certifiqat.com\/es\/become-consultancy-partner\/#breadcrumb","itemListElement":[{"@type":"ListItem","position":1,"name":"Home","item":"https:\/\/certifiqat.com\/es\/"},{"@type":"ListItem","position":2,"name":"Convi\u00e9rtase en socio consultor"}]},{"@type":"WebSite","@id":"https:\/\/certifiqat.com\/es\/#website","url":"https:\/\/certifiqat.com\/es\/","name":"certifiqat","description":"","potentialAction":[{"@type":"SearchAction","target":{"@type":"EntryPoint","urlTemplate":"https:\/\/certifiqat.com\/es\/?s={search_term_string}"},"query-input":{"@type":"PropertyValueSpecification","valueRequired":true,"valueName":"search_term_string"}}],"inLanguage":"es"}]}},"_links":{"self":[{"href":"https:\/\/certifiqat.com\/es\/wp-json\/wp\/v2\/pages\/5930","targetHints":{"allow":["GET"]}}],"collection":[{"href":"https:\/\/certifiqat.com\/es\/wp-json\/wp\/v2\/pages"}],"about":[{"href":"https:\/\/certifiqat.com\/es\/wp-json\/wp\/v2\/types\/page"}],"author":[{"embeddable":true,"href":"https:\/\/certifiqat.com\/es\/wp-json\/wp\/v2\/users\/3"}],"replies":[{"embeddable":true,"href":"https:\/\/certifiqat.com\/es\/wp-json\/wp\/v2\/comments?post=5930"}],"version-history":[{"count":0,"href":"https:\/\/certifiqat.com\/es\/wp-json\/wp\/v2\/pages\/5930\/revisions"}],"wp:featuredmedia":[{"embeddable":true,"href":"https:\/\/certifiqat.com\/es\/wp-json\/wp\/v2\/media\/1409"}],"wp:attachment":[{"href":"https:\/\/certifiqat.com\/es\/wp-json\/wp\/v2\/media?parent=5930"}],"curies":[{"name":"wp","href":"https:\/\/api.w.org\/{rel}","templated":true}]}}