{"id":928,"date":"2024-04-23T08:18:33","date_gmt":"2024-04-23T08:18:33","guid":{"rendered":"https:\/\/certifiqat.com\/about-us\/"},"modified":"2024-07-29T22:09:04","modified_gmt":"2024-07-29T22:09:04","slug":"about-us","status":"publish","type":"page","link":"https:\/\/certifiqat.com\/de\/about-us\/","title":{"rendered":"\u00dcber uns"},"content":{"rendered":"<section class=\"relative bg-white\" id=\"block_7dc4de1873f4e108e07a748894bcb31a\">\n\t<div class=\"container\">\n\t\t<div class=\"flex flex-wrap\">\n\t\t\t\t\t\t\t<div class=\"w-full pr-0 rem:py-[75px] lg:w-1\/2 lg:pr-[130px] lg:rem:py-[150px]\">\n\t\t\t\t\t<div class=\"base-typography\">\n\t\t\t\t\t\t<h2>Die Geschichte<\/h2>\n<p>Das Team hinter Certifiqat verf\u00fcgt \u00fcber jahrzehntelange Erfahrung sowohl in der Welt der ISO-Zertifikate als auch im Bereich der Online-Technologien. Wir sind ein Team aus ehemaligen Gesch\u00e4ftsf\u00fchrern, Marketingmanagern, ISO-Auditoren, Unternehmensberatern und Technikern, aber vor allem sind wir uns einig in dem Bestreben, den Wert einer Zertifizierung zu erh\u00f6hen.<\/p>\n<h2>Unser Auftrag<\/h2>\n<p>Unsere Mission ist es, den Wert von Zertifizierungen zu erh\u00f6hen und zertifizierte Unternehmen zu st\u00e4rken, indem wir ihre F\u00e4higkeit verbessern, ihre Leistungen zu vermarkten. Dieser Ansatz hebt zertifizierte Unternehmen nicht nur von nicht zertifizierten Wettbewerbern ab, sondern steigert auch ihren Markenwert.<\/p>\n<h2>Unsere Vision f\u00fcr die Zukunft<\/h2>\n<p>Wir bei Certifiqat haben die Vision, dass jedes ehrgeizige Unternehmen auf globaler Ebene Certifiqat f\u00fcr die Verwaltung und Vermarktung seiner Zertifikate und vertrauensbildenden Dokumente nutzt. Wir bauen die gr\u00f6\u00dfte Datenbank der Welt f\u00fcr zertifizierte Unternehmen auf.<\/p>\n\n\t\t\t\t\t<\/div>\n\t\t\t\t<\/div>\n\t\t\t\t\t\t\t\t\t\t<div class=\"h-full w-full lg:w-1\/2\"><\/div>\n\t\t\t\t\t<\/div>\n\t<\/div>\n\t<div class=\"relative left-0 top-0 h-full w-full pt-[50%] lg:absolute lg:left-[50%] lg:w-1\/2 lg:pt-0\">\n\t\t<img decoding=\"async\" class=\"img-cover-abs\" src=\"https:\/\/certifiqat.com\/wp-content\/uploads\/kelsey-knight-SFRw5GChoLA-unsplash-800x0-c-default.jpg\" alt=\"\" \/>\n\t<\/div>\n<\/section>\n\n\n\n<section class=\"wp-block-group section-wrapper has-background\" style=\"background-color:#75d2fa\"><div class=\"wp-block-group__inner-container is-layout-constrained wp-block-group-is-layout-constrained\">\n<div class=\"wp-block-columns container is-layout-flex wp-container-core-columns-is-layout-9d6595d7 wp-block-columns-is-layout-flex\">\n<div class=\"wp-block-column is-layout-flow wp-block-column-is-layout-flow\">\n<h2 class=\"wp-block-heading has-text-color has-link-color wp-elements-66651ee4d36424ede5a27a657d34b78a\" style=\"color:#2d6bd8\">Erfahrenes Team<\/h2>\n\n\n\n<p class=\"has-text-color has-link-color wp-elements-81357983d3c557a7d71f14475c7c4886\" style=\"color:#122a5e\">Das Team von Certifiqat kann auf eine langj\u00e4hrige Erfahrung in verschiedenen Gesch\u00e4ftsbereichen zur\u00fcckblicken, und wir kennen die Herausforderung, diese wichtigen Vertrauensdokumente effektiv zu verwalten und Kunden, Mitarbeitern und Interessengruppen zu pr\u00e4sentieren<\/p>\n<\/div>\n\n\n\n<div class=\"wp-block-column is-layout-flow wp-block-column-is-layout-flow\">\n<h2 class=\"wp-block-heading has-text-color has-link-color wp-elements-d057546a2f2d510c97dad4734583c4a9\" style=\"color:#2d6bd8\">Certifiqat AI<\/h2>\n\n\n\n<p class=\"has-text-color has-link-color wp-elements-52cf926c3bd4f09a08ec3ff249330020\" style=\"color:#122a5e\">Durch die Kombination des Sprachmodells von OpenAI mit unserem Tech-Stack \u00fcbersetzen wir Ihre Inhalte effektiv in \u00fcber 15 Sprachen und schaffen eine unvergleichliche Zug\u00e4nglichkeit f\u00fcr Ihr Publikum.<\/p>\n<\/div>\n\n\n\n<div class=\"wp-block-column is-layout-flow wp-block-column-is-layout-flow\">\n<h2 class=\"wp-block-heading has-text-color has-link-color wp-elements-c72797ae8385ad155dccdfaa188c1f40\" style=\"color:#2d6bd8\">Benutzererfahrung zuerst<\/h2>\n\n\n\n<p class=\"has-text-color has-link-color wp-elements-d071050c79fe6ca64a04b6512cbc302d\" style=\"color:#122a5e\">Wir verfolgen einen Ansatz, bei dem die Benutzererfahrung und das Design im Vordergrund stehen, um das Gesamterlebnis Ihrer Marke und Ihres Unternehmensprofils auf Certifiqat.com zu verbessern.<\/p>\n<\/div>\n\n\n\n<div class=\"wp-block-column is-layout-flow wp-block-column-is-layout-flow\">\n<h2 class=\"wp-block-heading has-text-color has-link-color wp-elements-578b9d60bf51abaeef06e007eb102e76\" style=\"color:#2a70c5\">Unterst\u00fctzung<\/h2>\n\n\n\n<p>Wenn Sie Hilfe ben\u00f6tigen, sind wir da, um Ihnen zu helfen. Unser Support-Team ist bestrebt, so gut wie m\u00f6glich zu sein.<\/p>\n<\/div>\n<\/div>\n<\/div><\/section>\n\n\n\n<div class=\"wp-block-group section-wrapper\"><div class=\"wp-block-group__inner-container is-layout-constrained wp-block-group-is-layout-constrained\">\n<div class=\"wp-block-columns container is-layout-flex wp-container-core-columns-is-layout-9d6595d7 wp-block-columns-is-layout-flex\">\n<div class=\"wp-block-column is-layout-flow wp-block-column-is-layout-flow\" style=\"flex-basis:25%\"><\/div>\n\n\n\n<div class=\"wp-block-column is-layout-flow wp-block-column-is-layout-flow\" style=\"flex-basis:75%\">\n<h2 class=\"wp-block-heading has-text-align-center has-text-color has-link-color has-x-large-font-size wp-elements-9c6baf826d5fee055a0f2fea24c2e0fa\" style=\"color:#2d6bd8\">Werden Sie Teil von uns!<\/h2>\n\n\n\n<p class=\"has-text-align-center max-w has-text-color has-link-color wp-elements-92d5ef086cc67314f07bf66ca1dbee07\" style=\"color:#122a5e\">Wir sind immer auf der Suche nach Talenten in den Bereichen Technik, Vertrieb, Marketing und Support. Wenn Sie Kenntnisse in den Bereichen Zertifikate, Qualit\u00e4t und Management mitbringen, sind wir noch neugieriger auf Sie und freuen uns auf ein Treffen!<\/p>\n\n\n\n<p class=\"has-text-align-center has-text-color has-link-color wp-elements-a9b1a0c924bd4ba93328865c0158968f\" style=\"color:#122a5e\"><strong>Schicken Sie uns eine E-Mail und sagen Sie uns, warum Sie bei Certifqat mitmachen wollen: <a class=\"copy-email-js text-right  relative\" href=\"mailto:join@certifiqat.com\">join@certifiqat.com <span class=\" hidden absolute right-0 bottom-[100%] p-1 rounded-full bg-white font-normal text-c-grey-500\">Copied<\/span><\/a><\/strong><\/p>\n<\/div>\n\n\n\n<div class=\"wp-block-column is-layout-flow wp-block-column-is-layout-flow\" style=\"flex-basis:25%\"><\/div>\n<\/div>\n<\/div><\/div>\n","protected":false},"excerpt":{"rendered":"<p>Erfahrenes Team Das Team von Certifiqat kann auf eine langj\u00e4hrige Erfahrung in verschiedenen Gesch\u00e4ftsbereichen zur\u00fcckblicken, und wir kennen die Herausforderung, diese wichtigen Vertrauensdokumente effektiv zu verwalten und Kunden, Mitarbeitern und Interessengruppen zu pr\u00e4sentieren Certifiqat AI Durch die Kombination des Sprachmodells von OpenAI mit unserem Tech-Stack \u00fcbersetzen wir Ihre Inhalte effektiv in \u00fcber 15 Sprachen und<\/p>\n","protected":false},"author":3,"featured_media":0,"parent":0,"menu_order":0,"comment_status":"closed","ping_status":"closed","template":"page-about-us.php","meta":{"_acf_changed":false,"inline_featured_image":false,"footnotes":""},"class_list":["post-928","page","type-page","status-publish","hentry"],"acf":[],"yoast_head":"<!-- This site is optimized with the Yoast SEO plugin v27.3 - https:\/\/yoast.com\/product\/yoast-seo-wordpress\/ -->\n<title>About Us - Certifiqat.com<\/title>\n<meta name=\"robots\" content=\"index, follow, max-snippet:-1, max-image-preview:large, max-video-preview:-1\" \/>\n<link rel=\"canonical\" href=\"https:\/\/certifiqat.com\/de\/about-us\/\" \/>\n<meta property=\"og:locale\" content=\"de_DE\" \/>\n<meta property=\"og:type\" content=\"article\" \/>\n<meta property=\"og:title\" content=\"About Us - Certifiqat.com\" \/>\n<meta property=\"og:description\" content=\"Erfahrenes Team Das Team von Certifiqat kann auf eine langj\u00e4hrige Erfahrung in verschiedenen Gesch\u00e4ftsbereichen zur\u00fcckblicken, und wir kennen die Herausforderung, diese wichtigen Vertrauensdokumente effektiv zu verwalten und Kunden, Mitarbeitern und Interessengruppen zu pr\u00e4sentieren Certifiqat AI Durch die Kombination des Sprachmodells von OpenAI mit unserem Tech-Stack \u00fcbersetzen wir Ihre Inhalte effektiv in \u00fcber 15 Sprachen und\" \/>\n<meta property=\"og:url\" content=\"https:\/\/certifiqat.com\/de\/about-us\/\" \/>\n<meta property=\"og:site_name\" content=\"Certifiqat.com\" \/>\n<meta property=\"article:modified_time\" content=\"2024-07-29T22:09:04+00:00\" \/>\n<meta name=\"twitter:card\" content=\"summary_large_image\" \/>\n<meta name=\"twitter:label1\" content=\"Gesch\u00e4tzte Lesezeit\" \/>\n\t<meta name=\"twitter:data1\" content=\"1 Minute\" \/>\n<script type=\"application\/ld+json\" class=\"yoast-schema-graph\">{\"@context\":\"https:\\\/\\\/schema.org\",\"@graph\":[{\"@type\":\"WebPage\",\"@id\":\"https:\\\/\\\/certifiqat.com\\\/de\\\/about-us\\\/\",\"url\":\"https:\\\/\\\/certifiqat.com\\\/de\\\/about-us\\\/\",\"name\":\"About Us - Certifiqat.com\",\"isPartOf\":{\"@id\":\"https:\\\/\\\/certifiqat.com\\\/de\\\/#website\"},\"datePublished\":\"2024-04-23T08:18:33+00:00\",\"dateModified\":\"2024-07-29T22:09:04+00:00\",\"breadcrumb\":{\"@id\":\"https:\\\/\\\/certifiqat.com\\\/de\\\/about-us\\\/#breadcrumb\"},\"inLanguage\":\"de-DE\",\"potentialAction\":[{\"@type\":\"ReadAction\",\"target\":[\"https:\\\/\\\/certifiqat.com\\\/de\\\/about-us\\\/\"]}]},{\"@type\":\"BreadcrumbList\",\"@id\":\"https:\\\/\\\/certifiqat.com\\\/de\\\/about-us\\\/#breadcrumb\",\"itemListElement\":[{\"@type\":\"ListItem\",\"position\":1,\"name\":\"Home\",\"item\":\"https:\\\/\\\/certifiqat.com\\\/de\\\/\"},{\"@type\":\"ListItem\",\"position\":2,\"name\":\"\u00dcber uns\"}]},{\"@type\":\"WebSite\",\"@id\":\"https:\\\/\\\/certifiqat.com\\\/de\\\/#website\",\"url\":\"https:\\\/\\\/certifiqat.com\\\/de\\\/\",\"name\":\"certifiqat\",\"description\":\"\",\"potentialAction\":[{\"@type\":\"SearchAction\",\"target\":{\"@type\":\"EntryPoint\",\"urlTemplate\":\"https:\\\/\\\/certifiqat.com\\\/de\\\/?s={search_term_string}\"},\"query-input\":{\"@type\":\"PropertyValueSpecification\",\"valueRequired\":true,\"valueName\":\"search_term_string\"}}],\"inLanguage\":\"de-DE\"}]}<\/script>\n<!-- \/ Yoast SEO plugin. -->","yoast_head_json":{"title":"About Us - Certifiqat.com","robots":{"index":"index","follow":"follow","max-snippet":"max-snippet:-1","max-image-preview":"max-image-preview:large","max-video-preview":"max-video-preview:-1"},"canonical":"https:\/\/certifiqat.com\/de\/about-us\/","og_locale":"de_DE","og_type":"article","og_title":"About Us - Certifiqat.com","og_description":"Erfahrenes Team Das Team von Certifiqat kann auf eine langj\u00e4hrige Erfahrung in verschiedenen Gesch\u00e4ftsbereichen zur\u00fcckblicken, und wir kennen die Herausforderung, diese wichtigen Vertrauensdokumente effektiv zu verwalten und Kunden, Mitarbeitern und Interessengruppen zu pr\u00e4sentieren Certifiqat AI Durch die Kombination des Sprachmodells von OpenAI mit unserem Tech-Stack \u00fcbersetzen wir Ihre Inhalte effektiv in \u00fcber 15 Sprachen und","og_url":"https:\/\/certifiqat.com\/de\/about-us\/","og_site_name":"Certifiqat.com","article_modified_time":"2024-07-29T22:09:04+00:00","twitter_card":"summary_large_image","twitter_misc":{"Gesch\u00e4tzte Lesezeit":"1 Minute"},"schema":{"@context":"https:\/\/schema.org","@graph":[{"@type":"WebPage","@id":"https:\/\/certifiqat.com\/de\/about-us\/","url":"https:\/\/certifiqat.com\/de\/about-us\/","name":"About Us - Certifiqat.com","isPartOf":{"@id":"https:\/\/certifiqat.com\/de\/#website"},"datePublished":"2024-04-23T08:18:33+00:00","dateModified":"2024-07-29T22:09:04+00:00","breadcrumb":{"@id":"https:\/\/certifiqat.com\/de\/about-us\/#breadcrumb"},"inLanguage":"de-DE","potentialAction":[{"@type":"ReadAction","target":["https:\/\/certifiqat.com\/de\/about-us\/"]}]},{"@type":"BreadcrumbList","@id":"https:\/\/certifiqat.com\/de\/about-us\/#breadcrumb","itemListElement":[{"@type":"ListItem","position":1,"name":"Home","item":"https:\/\/certifiqat.com\/de\/"},{"@type":"ListItem","position":2,"name":"\u00dcber uns"}]},{"@type":"WebSite","@id":"https:\/\/certifiqat.com\/de\/#website","url":"https:\/\/certifiqat.com\/de\/","name":"certifiqat","description":"","potentialAction":[{"@type":"SearchAction","target":{"@type":"EntryPoint","urlTemplate":"https:\/\/certifiqat.com\/de\/?s={search_term_string}"},"query-input":{"@type":"PropertyValueSpecification","valueRequired":true,"valueName":"search_term_string"}}],"inLanguage":"de-DE"}]}},"_links":{"self":[{"href":"https:\/\/certifiqat.com\/de\/wp-json\/wp\/v2\/pages\/928","targetHints":{"allow":["GET"]}}],"collection":[{"href":"https:\/\/certifiqat.com\/de\/wp-json\/wp\/v2\/pages"}],"about":[{"href":"https:\/\/certifiqat.com\/de\/wp-json\/wp\/v2\/types\/page"}],"author":[{"embeddable":true,"href":"https:\/\/certifiqat.com\/de\/wp-json\/wp\/v2\/users\/3"}],"replies":[{"embeddable":true,"href":"https:\/\/certifiqat.com\/de\/wp-json\/wp\/v2\/comments?post=928"}],"version-history":[{"count":0,"href":"https:\/\/certifiqat.com\/de\/wp-json\/wp\/v2\/pages\/928\/revisions"}],"wp:attachment":[{"href":"https:\/\/certifiqat.com\/de\/wp-json\/wp\/v2\/media?parent=928"}],"curies":[{"name":"wp","href":"https:\/\/api.w.org\/{rel}","templated":true}]}}