{"id":5925,"date":"2024-08-06T11:48:15","date_gmt":"2024-08-06T11:48:15","guid":{"rendered":"https:\/\/certifiqat.com\/invoice-billing-copy\/"},"modified":"2024-08-23T11:17:48","modified_gmt":"2024-08-23T11:17:48","slug":"become-consultancy-partner","status":"publish","type":"page","link":"https:\/\/certifiqat.com\/de\/become-consultancy-partner\/","title":{"rendered":"Beratungspartner werden"},"content":{"rendered":"\n<h1 class=\"wp-block-heading\">Beratungspartner werden<\/h1>\n\n\n\n<h3 class=\"wp-block-heading\">Partnerschaft mit Certifiqat: Verbessern Sie die Zertifizierungsreise Ihrer Kunden<\/h3>\n\n\n\n<p>Certifiqat hat es sich zur Aufgabe gemacht, die weltweit gr\u00f6\u00dfte Datenbank f\u00fcr zertifizierte Unternehmen aufzubauen und die Art und Weise, wie Unternehmen ihre Zertifizierungen verwalten und pr\u00e4sentieren, zu ver\u00e4ndern. Wir laden Berater und Beratungsunternehmen ein, mit uns zusammenzuarbeiten und ihren Kunden einen gro\u00dfen Mehrwert bei ihrer Zertifizierungsreise zu bieten.<\/p>\n\n\n\n<p><strong>Warum eine Partnerschaft mit Certifiqat?<\/strong><\/p>\n\n\n\n<ul class=\"wp-block-list\">\n<li><strong>Verbessern Sie Ihr Kundenangebot:<\/strong> Indem Sie die Plattform von Certifiqat in Ihre Beratungsdienste integrieren, bieten Sie Ihren Kunden eine innovative L\u00f6sung f\u00fcr die Pr\u00e4sentation ihrer Zertifizierungen.<\/li>\n\n\n\n<li><strong>Verschaffen Sie Ihren Kunden einen \u00dcberblick:<\/strong> Unsere Plattform vereinfacht den Prozess der Organisation, Aktualisierung und Pr\u00e4sentation von Zertifizierungsdokumenten vor Ort.<\/li>\n\n\n\n<li><strong>Gemeinsames Wachstum:<\/strong> Als Certifiqat-Partner erhalten Sie Zugang zu exklusiven Ressourcen, Schulungen und Support. Wir sind bestrebt, Ihnen zu helfen, erfolgreich zu sein und gemeinsam mit uns zu wachsen, um sicherzustellen, dass unsere Zusammenarbeit f\u00fcr beide Seiten von Vorteil ist.<\/li>\n<\/ul>\n\n\n\n<p><strong>Wie es funktioniert<\/strong><\/p>\n\n\n\n<p>Eine Partnerschaft mit Certifiqat ist ganz einfach. Wir stellen Ihnen die Tools und die Unterst\u00fctzung zur Verf\u00fcgung, die Sie ben\u00f6tigen, um Ihren Kunden unsere Plattform zu pr\u00e4sentieren. Gemeinsam k\u00f6nnen wir Ihren Kunden eine nahtlose Erfahrung bei der Verwaltung und Pr\u00e4sentation ihrer Zertifizierungen bieten und sie auf einem wettbewerbsintensiven Markt hervorheben.<\/p>\n\n\n\n<p><strong>Nehmen Sie Kontakt auf<\/strong><\/p>\n\n\n\n<p>Sind Sie bereit, Ihren Kunden einen erheblichen Mehrwert zu bieten? <a href=\"https:\/\/certifiqat.com\/contact\/\">Setzen Sie sich noch heute mit uns in Verbindung<\/a>, um die M\u00f6glichkeiten einer Partnerschaft auszuloten und zu erfahren, wie Certifiqat Ihr Gesch\u00e4ftsangebot erg\u00e4nzen und aufwerten kann.<\/p>\n","protected":false},"excerpt":{"rendered":"<p>Beratungspartner werden Partnerschaft mit Certifiqat: Verbessern Sie die Zertifizierungsreise Ihrer Kunden Certifiqat hat es sich zur Aufgabe gemacht, die weltweit gr\u00f6\u00dfte Datenbank f\u00fcr zertifizierte Unternehmen aufzubauen und die Art und Weise, wie Unternehmen ihre Zertifizierungen verwalten und pr\u00e4sentieren, zu ver\u00e4ndern. Wir laden Berater und Beratungsunternehmen ein, mit uns zusammenzuarbeiten und ihren Kunden einen gro\u00dfen Mehrwert<\/p>\n","protected":false},"author":3,"featured_media":1404,"parent":0,"menu_order":0,"comment_status":"closed","ping_status":"closed","template":"","meta":{"_acf_changed":false,"inline_featured_image":false,"footnotes":""},"class_list":["post-5925","page","type-page","status-publish","has-post-thumbnail","hentry"],"acf":[],"yoast_head":"<!-- This site is optimized with the Yoast SEO plugin v27.5 - https:\/\/yoast.com\/product\/yoast-seo-wordpress\/ -->\n<title>Beratungspartner werden - Certifiqat.com<\/title>\n<meta name=\"robots\" content=\"index, follow, max-snippet:-1, max-image-preview:large, max-video-preview:-1\" \/>\n<link rel=\"canonical\" href=\"https:\/\/certifiqat.com\/de\/become-consultancy-partner\/\" \/>\n<meta property=\"og:locale\" content=\"de_DE\" \/>\n<meta property=\"og:type\" content=\"article\" \/>\n<meta property=\"og:title\" content=\"Beratungspartner werden - Certifiqat.com\" \/>\n<meta property=\"og:description\" content=\"Beratungspartner werden Partnerschaft mit Certifiqat: Verbessern Sie die Zertifizierungsreise Ihrer Kunden Certifiqat hat es sich zur Aufgabe gemacht, die weltweit gr\u00f6\u00dfte Datenbank f\u00fcr zertifizierte Unternehmen aufzubauen und die Art und Weise, wie Unternehmen ihre Zertifizierungen verwalten und pr\u00e4sentieren, zu ver\u00e4ndern. Wir laden Berater und Beratungsunternehmen ein, mit uns zusammenzuarbeiten und ihren Kunden einen gro\u00dfen Mehrwert\" \/>\n<meta property=\"og:url\" content=\"https:\/\/certifiqat.com\/de\/become-consultancy-partner\/\" \/>\n<meta property=\"og:site_name\" content=\"Certifiqat.com\" \/>\n<meta property=\"article:modified_time\" content=\"2024-08-23T11:17:48+00:00\" \/>\n<meta property=\"og:image\" content=\"https:\/\/certifiqat.com\/wp-content\/uploads\/yoav-aziz-tKCd-IWc4gI-unsplash.jpg\" \/>\n\t<meta property=\"og:image:width\" content=\"820\" \/>\n\t<meta property=\"og:image:height\" content=\"461\" \/>\n\t<meta property=\"og:image:type\" content=\"image\/jpeg\" \/>\n<meta name=\"twitter:card\" content=\"summary_large_image\" \/>\n<meta name=\"twitter:label1\" content=\"Gesch\u00e4tzte Lesezeit\" \/>\n\t<meta name=\"twitter:data1\" content=\"2 Minuten\" \/>\n<script type=\"application\/ld+json\" class=\"yoast-schema-graph\">{\"@context\":\"https:\\\/\\\/schema.org\",\"@graph\":[{\"@type\":\"WebPage\",\"@id\":\"https:\\\/\\\/certifiqat.com\\\/de\\\/become-consultancy-partner\\\/\",\"url\":\"https:\\\/\\\/certifiqat.com\\\/de\\\/become-consultancy-partner\\\/\",\"name\":\"Beratungspartner werden - Certifiqat.com\",\"isPartOf\":{\"@id\":\"https:\\\/\\\/certifiqat.com\\\/de\\\/#website\"},\"primaryImageOfPage\":{\"@id\":\"https:\\\/\\\/certifiqat.com\\\/de\\\/become-consultancy-partner\\\/#primaryimage\"},\"image\":{\"@id\":\"https:\\\/\\\/certifiqat.com\\\/de\\\/become-consultancy-partner\\\/#primaryimage\"},\"thumbnailUrl\":\"https:\\\/\\\/certifiqat.com\\\/wp-content\\\/uploads\\\/yoav-aziz-tKCd-IWc4gI-unsplash.jpg\",\"datePublished\":\"2024-08-06T11:48:15+00:00\",\"dateModified\":\"2024-08-23T11:17:48+00:00\",\"breadcrumb\":{\"@id\":\"https:\\\/\\\/certifiqat.com\\\/de\\\/become-consultancy-partner\\\/#breadcrumb\"},\"inLanguage\":\"de-DE\",\"potentialAction\":[{\"@type\":\"ReadAction\",\"target\":[\"https:\\\/\\\/certifiqat.com\\\/de\\\/become-consultancy-partner\\\/\"]}]},{\"@type\":\"ImageObject\",\"inLanguage\":\"de-DE\",\"@id\":\"https:\\\/\\\/certifiqat.com\\\/de\\\/become-consultancy-partner\\\/#primaryimage\",\"url\":\"https:\\\/\\\/certifiqat.com\\\/wp-content\\\/uploads\\\/yoav-aziz-tKCd-IWc4gI-unsplash.jpg\",\"contentUrl\":\"https:\\\/\\\/certifiqat.com\\\/wp-content\\\/uploads\\\/yoav-aziz-tKCd-IWc4gI-unsplash.jpg\",\"width\":820,\"height\":461},{\"@type\":\"BreadcrumbList\",\"@id\":\"https:\\\/\\\/certifiqat.com\\\/de\\\/become-consultancy-partner\\\/#breadcrumb\",\"itemListElement\":[{\"@type\":\"ListItem\",\"position\":1,\"name\":\"Home\",\"item\":\"https:\\\/\\\/certifiqat.com\\\/de\\\/\"},{\"@type\":\"ListItem\",\"position\":2,\"name\":\"Beratungspartner werden\"}]},{\"@type\":\"WebSite\",\"@id\":\"https:\\\/\\\/certifiqat.com\\\/de\\\/#website\",\"url\":\"https:\\\/\\\/certifiqat.com\\\/de\\\/\",\"name\":\"certifiqat\",\"description\":\"\",\"potentialAction\":[{\"@type\":\"SearchAction\",\"target\":{\"@type\":\"EntryPoint\",\"urlTemplate\":\"https:\\\/\\\/certifiqat.com\\\/de\\\/?s={search_term_string}\"},\"query-input\":{\"@type\":\"PropertyValueSpecification\",\"valueRequired\":true,\"valueName\":\"search_term_string\"}}],\"inLanguage\":\"de-DE\"}]}<\/script>\n<!-- \/ Yoast SEO plugin. -->","yoast_head_json":{"title":"Beratungspartner werden - Certifiqat.com","robots":{"index":"index","follow":"follow","max-snippet":"max-snippet:-1","max-image-preview":"max-image-preview:large","max-video-preview":"max-video-preview:-1"},"canonical":"https:\/\/certifiqat.com\/de\/become-consultancy-partner\/","og_locale":"de_DE","og_type":"article","og_title":"Beratungspartner werden - Certifiqat.com","og_description":"Beratungspartner werden Partnerschaft mit Certifiqat: Verbessern Sie die Zertifizierungsreise Ihrer Kunden Certifiqat hat es sich zur Aufgabe gemacht, die weltweit gr\u00f6\u00dfte Datenbank f\u00fcr zertifizierte Unternehmen aufzubauen und die Art und Weise, wie Unternehmen ihre Zertifizierungen verwalten und pr\u00e4sentieren, zu ver\u00e4ndern. Wir laden Berater und Beratungsunternehmen ein, mit uns zusammenzuarbeiten und ihren Kunden einen gro\u00dfen Mehrwert","og_url":"https:\/\/certifiqat.com\/de\/become-consultancy-partner\/","og_site_name":"Certifiqat.com","article_modified_time":"2024-08-23T11:17:48+00:00","og_image":[{"width":820,"height":461,"url":"https:\/\/certifiqat.com\/wp-content\/uploads\/yoav-aziz-tKCd-IWc4gI-unsplash.jpg","type":"image\/jpeg"}],"twitter_card":"summary_large_image","twitter_misc":{"Gesch\u00e4tzte Lesezeit":"2 Minuten"},"schema":{"@context":"https:\/\/schema.org","@graph":[{"@type":"WebPage","@id":"https:\/\/certifiqat.com\/de\/become-consultancy-partner\/","url":"https:\/\/certifiqat.com\/de\/become-consultancy-partner\/","name":"Beratungspartner werden - Certifiqat.com","isPartOf":{"@id":"https:\/\/certifiqat.com\/de\/#website"},"primaryImageOfPage":{"@id":"https:\/\/certifiqat.com\/de\/become-consultancy-partner\/#primaryimage"},"image":{"@id":"https:\/\/certifiqat.com\/de\/become-consultancy-partner\/#primaryimage"},"thumbnailUrl":"https:\/\/certifiqat.com\/wp-content\/uploads\/yoav-aziz-tKCd-IWc4gI-unsplash.jpg","datePublished":"2024-08-06T11:48:15+00:00","dateModified":"2024-08-23T11:17:48+00:00","breadcrumb":{"@id":"https:\/\/certifiqat.com\/de\/become-consultancy-partner\/#breadcrumb"},"inLanguage":"de-DE","potentialAction":[{"@type":"ReadAction","target":["https:\/\/certifiqat.com\/de\/become-consultancy-partner\/"]}]},{"@type":"ImageObject","inLanguage":"de-DE","@id":"https:\/\/certifiqat.com\/de\/become-consultancy-partner\/#primaryimage","url":"https:\/\/certifiqat.com\/wp-content\/uploads\/yoav-aziz-tKCd-IWc4gI-unsplash.jpg","contentUrl":"https:\/\/certifiqat.com\/wp-content\/uploads\/yoav-aziz-tKCd-IWc4gI-unsplash.jpg","width":820,"height":461},{"@type":"BreadcrumbList","@id":"https:\/\/certifiqat.com\/de\/become-consultancy-partner\/#breadcrumb","itemListElement":[{"@type":"ListItem","position":1,"name":"Home","item":"https:\/\/certifiqat.com\/de\/"},{"@type":"ListItem","position":2,"name":"Beratungspartner werden"}]},{"@type":"WebSite","@id":"https:\/\/certifiqat.com\/de\/#website","url":"https:\/\/certifiqat.com\/de\/","name":"certifiqat","description":"","potentialAction":[{"@type":"SearchAction","target":{"@type":"EntryPoint","urlTemplate":"https:\/\/certifiqat.com\/de\/?s={search_term_string}"},"query-input":{"@type":"PropertyValueSpecification","valueRequired":true,"valueName":"search_term_string"}}],"inLanguage":"de-DE"}]}},"_links":{"self":[{"href":"https:\/\/certifiqat.com\/de\/wp-json\/wp\/v2\/pages\/5925","targetHints":{"allow":["GET"]}}],"collection":[{"href":"https:\/\/certifiqat.com\/de\/wp-json\/wp\/v2\/pages"}],"about":[{"href":"https:\/\/certifiqat.com\/de\/wp-json\/wp\/v2\/types\/page"}],"author":[{"embeddable":true,"href":"https:\/\/certifiqat.com\/de\/wp-json\/wp\/v2\/users\/3"}],"replies":[{"embeddable":true,"href":"https:\/\/certifiqat.com\/de\/wp-json\/wp\/v2\/comments?post=5925"}],"version-history":[{"count":0,"href":"https:\/\/certifiqat.com\/de\/wp-json\/wp\/v2\/pages\/5925\/revisions"}],"wp:featuredmedia":[{"embeddable":true,"href":"https:\/\/certifiqat.com\/de\/wp-json\/wp\/v2\/media\/1404"}],"wp:attachment":[{"href":"https:\/\/certifiqat.com\/de\/wp-json\/wp\/v2\/media?parent=5925"}],"curies":[{"name":"wp","href":"https:\/\/api.w.org\/{rel}","templated":true}]}}