{"id":5936,"date":"2024-08-06T11:48:25","date_gmt":"2024-08-06T11:48:25","guid":{"rendered":"https:\/\/certifiqat.com\/invoice-billing-copy-copy\/"},"modified":"2024-08-23T17:17:33","modified_gmt":"2024-08-23T17:17:33","slug":"add-your-consultancy-firm","status":"publish","type":"page","link":"https:\/\/certifiqat.com\/da\/add-your-consultancy-firm\/","title":{"rendered":"Tilf\u00f8j dit konsulentfirma"},"content":{"rendered":"\n<h1 class=\"wp-block-heading\">Tilf\u00f8j dit konsulentfirma<\/h1>\n\n\n\n<p>Tilf\u00f8j din virksomhed til vores nylancerede database\/s\u00f8gemaskine for <a href=\"https:\/\/certifiqat.com\/consultants\/\">konsulentvirksomheder<\/a>.<\/p>\n\n\n\n<p>Send os en e-mail med en kort beskrivelse af din virksomhed og de ydelser, du leverer. Vi kontakter dig for godkendelse og yderligere instruktioner.<\/p>\n\n\n\n<p>Kontakt <a href=\"mailto:partner@certifiqat.com\">partner@certifiqat.com<\/a> i dag!<\/p>\n","protected":false},"excerpt":{"rendered":"<p>Tilf\u00f8j dit konsulentfirma Tilf\u00f8j din virksomhed til vores nylancerede database\/s\u00f8gemaskine for konsulentvirksomheder. Send os en e-mail med en kort beskrivelse af din virksomhed og de ydelser, du leverer. Vi kontakter dig for godkendelse og yderligere instruktioner. Kontakt partner@certifiqat.com i dag!<\/p>\n","protected":false},"author":3,"featured_media":342,"parent":0,"menu_order":0,"comment_status":"closed","ping_status":"closed","template":"","meta":{"_acf_changed":false,"inline_featured_image":false,"footnotes":""},"class_list":["post-5936","page","type-page","status-publish","has-post-thumbnail","hentry"],"acf":[],"yoast_head":"<!-- This site is optimized with the Yoast SEO plugin v27.4 - https:\/\/yoast.com\/product\/yoast-seo-wordpress\/ -->\n<title>Tilf\u00f8j dit konsulentfirma - Certifiqat.com<\/title>\n<meta name=\"robots\" content=\"index, follow, max-snippet:-1, max-image-preview:large, max-video-preview:-1\" \/>\n<link rel=\"canonical\" href=\"https:\/\/certifiqat.com\/da\/add-your-consultancy-firm\/\" \/>\n<meta property=\"og:locale\" content=\"da_DK\" \/>\n<meta property=\"og:type\" content=\"article\" \/>\n<meta property=\"og:title\" content=\"Tilf\u00f8j dit konsulentfirma - Certifiqat.com\" \/>\n<meta property=\"og:description\" content=\"Tilf\u00f8j dit konsulentfirma Tilf\u00f8j din virksomhed til vores nylancerede database\/s\u00f8gemaskine for konsulentvirksomheder. Send os en e-mail med en kort beskrivelse af din virksomhed og de ydelser, du leverer. Vi kontakter dig for godkendelse og yderligere instruktioner. Kontakt partner@certifiqat.com i dag!\" \/>\n<meta property=\"og:url\" content=\"https:\/\/certifiqat.com\/da\/add-your-consultancy-firm\/\" \/>\n<meta property=\"og:site_name\" content=\"Certifiqat.com\" \/>\n<meta property=\"article:modified_time\" content=\"2024-08-23T17:17:33+00:00\" \/>\n<meta property=\"og:image\" content=\"https:\/\/certifiqat.com\/wp-content\/uploads\/yoav-aziz-tKCd-IWc4gI-unsplash.jpg\" \/>\n\t<meta property=\"og:image:width\" content=\"820\" \/>\n\t<meta property=\"og:image:height\" content=\"461\" \/>\n\t<meta property=\"og:image:type\" content=\"image\/jpeg\" \/>\n<meta name=\"twitter:card\" content=\"summary_large_image\" \/>\n<meta name=\"twitter:label1\" content=\"Estimeret l\u00e6setid\" \/>\n\t<meta name=\"twitter:data1\" content=\"1 minut\" \/>\n<script type=\"application\/ld+json\" class=\"yoast-schema-graph\">{\"@context\":\"https:\\\/\\\/schema.org\",\"@graph\":[{\"@type\":\"WebPage\",\"@id\":\"https:\\\/\\\/certifiqat.com\\\/da\\\/add-your-consultancy-firm\\\/\",\"url\":\"https:\\\/\\\/certifiqat.com\\\/da\\\/add-your-consultancy-firm\\\/\",\"name\":\"Tilf\u00f8j dit konsulentfirma - Certifiqat.com\",\"isPartOf\":{\"@id\":\"https:\\\/\\\/certifiqat.com\\\/da\\\/#website\"},\"primaryImageOfPage\":{\"@id\":\"https:\\\/\\\/certifiqat.com\\\/da\\\/add-your-consultancy-firm\\\/#primaryimage\"},\"image\":{\"@id\":\"https:\\\/\\\/certifiqat.com\\\/da\\\/add-your-consultancy-firm\\\/#primaryimage\"},\"thumbnailUrl\":\"https:\\\/\\\/certifiqat.com\\\/wp-content\\\/uploads\\\/yoav-aziz-tKCd-IWc4gI-unsplash.jpg\",\"datePublished\":\"2024-08-06T11:48:25+00:00\",\"dateModified\":\"2024-08-23T17:17:33+00:00\",\"breadcrumb\":{\"@id\":\"https:\\\/\\\/certifiqat.com\\\/da\\\/add-your-consultancy-firm\\\/#breadcrumb\"},\"inLanguage\":\"da-DK\",\"potentialAction\":[{\"@type\":\"ReadAction\",\"target\":[\"https:\\\/\\\/certifiqat.com\\\/da\\\/add-your-consultancy-firm\\\/\"]}]},{\"@type\":\"ImageObject\",\"inLanguage\":\"da-DK\",\"@id\":\"https:\\\/\\\/certifiqat.com\\\/da\\\/add-your-consultancy-firm\\\/#primaryimage\",\"url\":\"https:\\\/\\\/certifiqat.com\\\/wp-content\\\/uploads\\\/yoav-aziz-tKCd-IWc4gI-unsplash.jpg\",\"contentUrl\":\"https:\\\/\\\/certifiqat.com\\\/wp-content\\\/uploads\\\/yoav-aziz-tKCd-IWc4gI-unsplash.jpg\",\"width\":820,\"height\":461},{\"@type\":\"BreadcrumbList\",\"@id\":\"https:\\\/\\\/certifiqat.com\\\/da\\\/add-your-consultancy-firm\\\/#breadcrumb\",\"itemListElement\":[{\"@type\":\"ListItem\",\"position\":1,\"name\":\"Home\",\"item\":\"https:\\\/\\\/certifiqat.com\\\/da\\\/\"},{\"@type\":\"ListItem\",\"position\":2,\"name\":\"Tilf\u00f8j dit konsulentfirma\"}]},{\"@type\":\"WebSite\",\"@id\":\"https:\\\/\\\/certifiqat.com\\\/da\\\/#website\",\"url\":\"https:\\\/\\\/certifiqat.com\\\/da\\\/\",\"name\":\"certifiqat\",\"description\":\"\",\"potentialAction\":[{\"@type\":\"SearchAction\",\"target\":{\"@type\":\"EntryPoint\",\"urlTemplate\":\"https:\\\/\\\/certifiqat.com\\\/da\\\/?s={search_term_string}\"},\"query-input\":{\"@type\":\"PropertyValueSpecification\",\"valueRequired\":true,\"valueName\":\"search_term_string\"}}],\"inLanguage\":\"da-DK\"}]}<\/script>\n<!-- \/ Yoast SEO plugin. -->","yoast_head_json":{"title":"Tilf\u00f8j dit konsulentfirma - Certifiqat.com","robots":{"index":"index","follow":"follow","max-snippet":"max-snippet:-1","max-image-preview":"max-image-preview:large","max-video-preview":"max-video-preview:-1"},"canonical":"https:\/\/certifiqat.com\/da\/add-your-consultancy-firm\/","og_locale":"da_DK","og_type":"article","og_title":"Tilf\u00f8j dit konsulentfirma - Certifiqat.com","og_description":"Tilf\u00f8j dit konsulentfirma Tilf\u00f8j din virksomhed til vores nylancerede database\/s\u00f8gemaskine for konsulentvirksomheder. Send os en e-mail med en kort beskrivelse af din virksomhed og de ydelser, du leverer. Vi kontakter dig for godkendelse og yderligere instruktioner. Kontakt partner@certifiqat.com i dag!","og_url":"https:\/\/certifiqat.com\/da\/add-your-consultancy-firm\/","og_site_name":"Certifiqat.com","article_modified_time":"2024-08-23T17:17:33+00:00","og_image":[{"width":820,"height":461,"url":"https:\/\/certifiqat.com\/wp-content\/uploads\/yoav-aziz-tKCd-IWc4gI-unsplash.jpg","type":"image\/jpeg"}],"twitter_card":"summary_large_image","twitter_misc":{"Estimeret l\u00e6setid":"1 minut"},"schema":{"@context":"https:\/\/schema.org","@graph":[{"@type":"WebPage","@id":"https:\/\/certifiqat.com\/da\/add-your-consultancy-firm\/","url":"https:\/\/certifiqat.com\/da\/add-your-consultancy-firm\/","name":"Tilf\u00f8j dit konsulentfirma - Certifiqat.com","isPartOf":{"@id":"https:\/\/certifiqat.com\/da\/#website"},"primaryImageOfPage":{"@id":"https:\/\/certifiqat.com\/da\/add-your-consultancy-firm\/#primaryimage"},"image":{"@id":"https:\/\/certifiqat.com\/da\/add-your-consultancy-firm\/#primaryimage"},"thumbnailUrl":"https:\/\/certifiqat.com\/wp-content\/uploads\/yoav-aziz-tKCd-IWc4gI-unsplash.jpg","datePublished":"2024-08-06T11:48:25+00:00","dateModified":"2024-08-23T17:17:33+00:00","breadcrumb":{"@id":"https:\/\/certifiqat.com\/da\/add-your-consultancy-firm\/#breadcrumb"},"inLanguage":"da-DK","potentialAction":[{"@type":"ReadAction","target":["https:\/\/certifiqat.com\/da\/add-your-consultancy-firm\/"]}]},{"@type":"ImageObject","inLanguage":"da-DK","@id":"https:\/\/certifiqat.com\/da\/add-your-consultancy-firm\/#primaryimage","url":"https:\/\/certifiqat.com\/wp-content\/uploads\/yoav-aziz-tKCd-IWc4gI-unsplash.jpg","contentUrl":"https:\/\/certifiqat.com\/wp-content\/uploads\/yoav-aziz-tKCd-IWc4gI-unsplash.jpg","width":820,"height":461},{"@type":"BreadcrumbList","@id":"https:\/\/certifiqat.com\/da\/add-your-consultancy-firm\/#breadcrumb","itemListElement":[{"@type":"ListItem","position":1,"name":"Home","item":"https:\/\/certifiqat.com\/da\/"},{"@type":"ListItem","position":2,"name":"Tilf\u00f8j dit konsulentfirma"}]},{"@type":"WebSite","@id":"https:\/\/certifiqat.com\/da\/#website","url":"https:\/\/certifiqat.com\/da\/","name":"certifiqat","description":"","potentialAction":[{"@type":"SearchAction","target":{"@type":"EntryPoint","urlTemplate":"https:\/\/certifiqat.com\/da\/?s={search_term_string}"},"query-input":{"@type":"PropertyValueSpecification","valueRequired":true,"valueName":"search_term_string"}}],"inLanguage":"da-DK"}]}},"_links":{"self":[{"href":"https:\/\/certifiqat.com\/da\/wp-json\/wp\/v2\/pages\/5936","targetHints":{"allow":["GET"]}}],"collection":[{"href":"https:\/\/certifiqat.com\/da\/wp-json\/wp\/v2\/pages"}],"about":[{"href":"https:\/\/certifiqat.com\/da\/wp-json\/wp\/v2\/types\/page"}],"author":[{"embeddable":true,"href":"https:\/\/certifiqat.com\/da\/wp-json\/wp\/v2\/users\/3"}],"replies":[{"embeddable":true,"href":"https:\/\/certifiqat.com\/da\/wp-json\/wp\/v2\/comments?post=5936"}],"version-history":[{"count":0,"href":"https:\/\/certifiqat.com\/da\/wp-json\/wp\/v2\/pages\/5936\/revisions"}],"wp:featuredmedia":[{"embeddable":true,"href":"https:\/\/certifiqat.com\/da\/wp-json\/wp\/v2\/media\/342"}],"wp:attachment":[{"href":"https:\/\/certifiqat.com\/da\/wp-json\/wp\/v2\/media?parent=5936"}],"curies":[{"name":"wp","href":"https:\/\/api.w.org\/{rel}","templated":true}]}}