{"id":5921,"date":"2024-08-06T11:48:15","date_gmt":"2024-08-06T11:48:15","guid":{"rendered":"https:\/\/certifiqat.com\/invoice-billing-copy\/"},"modified":"2024-08-23T11:17:02","modified_gmt":"2024-08-23T11:17:02","slug":"become-consultancy-partner","status":"publish","type":"page","link":"https:\/\/certifiqat.com\/da\/become-consultancy-partner\/","title":{"rendered":"Bliv konsulentpartner"},"content":{"rendered":"\n<h1 class=\"wp-block-heading\">Bliv konsulentpartner<\/h1>\n\n\n\n<h3 class=\"wp-block-heading\">Bliv partner med Certifiqat: L\u00f8ft dine kunders certificeringsrejse<\/h3>\n\n\n\n<p>Hos Certifiqat har vi forpligtet os til at opbygge verdens st\u00f8rste database for certificerede virksomheder og ogs\u00e5 til at \u00e6ndre, hvordan virksomheder administrerer og fremviser deres certificeringer. Vi inviterer konsulenter og konsulentfirmaer til at samarbejde med os og tilbyde deres kunder stor v\u00e6rdi i deres certificeringsrejse.<\/p>\n\n\n\n<p><strong>Hvorfor blive partner med Certifiqat?<\/strong><\/p>\n\n\n\n<ul class=\"wp-block-list\">\n<li><strong>Forbedr dit kundetilbud:<\/strong> Ved at integrere Certifiqats platform i dine konsulenttjenester giver du dine kunder en banebrydende l\u00f8sning til at fremvise deres certificeringer.<\/li>\n\n\n\n<li><strong>Giv dine kunder et overblik:<\/strong> Vores platform forenkler processen med at organisere, opdatere og pr\u00e6sentere certificeringsdokumenter p\u00e5 stedet.<\/li>\n\n\n\n<li><strong>V\u00e6kst i samarbejde:<\/strong> Som Certifiqat-partner f\u00e5r du adgang til eksklusive ressourcer, uddannelse og support. Vi er dedikerede til at hj\u00e6lpe dig med at f\u00e5 succes og vokse sammen med os og sikre, at vores samarbejde er til gavn for begge parter.<\/li>\n<\/ul>\n\n\n\n<p><strong>S\u00e5dan fungerer det<\/strong><\/p>\n\n\n\n<p>Det er ligetil at blive partner med Certifiqat. Vi giver dig de v\u00e6rkt\u00f8jer og den support, der er n\u00f8dvendig for at pr\u00e6sentere vores platform for dine kunder. Sammen kan vi tilbyde dine kunder en problemfri oplevelse med at administrere og fremvise deres certificeringer, s\u00e5 de skiller sig ud p\u00e5 et konkurrencepr\u00e6get marked.<\/p>\n\n\n\n<p><strong>Kom i kontakt med os<\/strong><\/p>\n\n\n\n<p>Er du klar til at tilf\u00f8re dine kunder betydelig v\u00e6rdi? <a href=\"https:\/\/certifiqat.com\/contact\/\">Kontakt os i dag<\/a> for at udforske partnerskabsmuligheder og finde ud af, hvordan Certifiqat kan supplere og forbedre dine forretningstilbud.<\/p>\n","protected":false},"excerpt":{"rendered":"<p>Bliv konsulentpartner Bliv partner med Certifiqat: L\u00f8ft dine kunders certificeringsrejse Hos Certifiqat har vi forpligtet os til at opbygge verdens st\u00f8rste database for certificerede virksomheder og ogs\u00e5 til at \u00e6ndre, hvordan virksomheder administrerer og fremviser deres certificeringer. Vi inviterer konsulenter og konsulentfirmaer til at samarbejde med os og tilbyde deres kunder stor v\u00e6rdi i deres<\/p>\n","protected":false},"author":3,"featured_media":342,"parent":0,"menu_order":0,"comment_status":"closed","ping_status":"closed","template":"","meta":{"_acf_changed":false,"inline_featured_image":false,"footnotes":""},"class_list":["post-5921","page","type-page","status-publish","has-post-thumbnail","hentry"],"acf":[],"yoast_head":"<!-- This site is optimized with the Yoast SEO plugin v27.3 - https:\/\/yoast.com\/product\/yoast-seo-wordpress\/ -->\n<title>Bliv konsulentpartner - Certifiqat.com<\/title>\n<meta name=\"robots\" content=\"index, follow, max-snippet:-1, max-image-preview:large, max-video-preview:-1\" \/>\n<link rel=\"canonical\" href=\"https:\/\/certifiqat.com\/da\/become-consultancy-partner\/\" \/>\n<meta property=\"og:locale\" content=\"da_DK\" \/>\n<meta property=\"og:type\" content=\"article\" \/>\n<meta property=\"og:title\" content=\"Bliv konsulentpartner - Certifiqat.com\" \/>\n<meta property=\"og:description\" content=\"Bliv konsulentpartner Bliv partner med Certifiqat: L\u00f8ft dine kunders certificeringsrejse Hos Certifiqat har vi forpligtet os til at opbygge verdens st\u00f8rste database for certificerede virksomheder og ogs\u00e5 til at \u00e6ndre, hvordan virksomheder administrerer og fremviser deres certificeringer. Vi inviterer konsulenter og konsulentfirmaer til at samarbejde med os og tilbyde deres kunder stor v\u00e6rdi i deres\" \/>\n<meta property=\"og:url\" content=\"https:\/\/certifiqat.com\/da\/become-consultancy-partner\/\" \/>\n<meta property=\"og:site_name\" content=\"Certifiqat.com\" \/>\n<meta property=\"article:modified_time\" content=\"2024-08-23T11:17:02+00:00\" \/>\n<meta property=\"og:image\" content=\"https:\/\/certifiqat.com\/wp-content\/uploads\/yoav-aziz-tKCd-IWc4gI-unsplash.jpg\" \/>\n\t<meta property=\"og:image:width\" content=\"820\" \/>\n\t<meta property=\"og:image:height\" content=\"461\" \/>\n\t<meta property=\"og:image:type\" content=\"image\/jpeg\" \/>\n<meta name=\"twitter:card\" content=\"summary_large_image\" \/>\n<meta name=\"twitter:label1\" content=\"Estimeret l\u00e6setid\" \/>\n\t<meta name=\"twitter:data1\" content=\"2 minutter\" \/>\n<script type=\"application\/ld+json\" class=\"yoast-schema-graph\">{\"@context\":\"https:\\\/\\\/schema.org\",\"@graph\":[{\"@type\":\"WebPage\",\"@id\":\"https:\\\/\\\/certifiqat.com\\\/da\\\/become-consultancy-partner\\\/\",\"url\":\"https:\\\/\\\/certifiqat.com\\\/da\\\/become-consultancy-partner\\\/\",\"name\":\"Bliv konsulentpartner - Certifiqat.com\",\"isPartOf\":{\"@id\":\"https:\\\/\\\/certifiqat.com\\\/da\\\/#website\"},\"primaryImageOfPage\":{\"@id\":\"https:\\\/\\\/certifiqat.com\\\/da\\\/become-consultancy-partner\\\/#primaryimage\"},\"image\":{\"@id\":\"https:\\\/\\\/certifiqat.com\\\/da\\\/become-consultancy-partner\\\/#primaryimage\"},\"thumbnailUrl\":\"https:\\\/\\\/certifiqat.com\\\/wp-content\\\/uploads\\\/yoav-aziz-tKCd-IWc4gI-unsplash.jpg\",\"datePublished\":\"2024-08-06T11:48:15+00:00\",\"dateModified\":\"2024-08-23T11:17:02+00:00\",\"breadcrumb\":{\"@id\":\"https:\\\/\\\/certifiqat.com\\\/da\\\/become-consultancy-partner\\\/#breadcrumb\"},\"inLanguage\":\"da-DK\",\"potentialAction\":[{\"@type\":\"ReadAction\",\"target\":[\"https:\\\/\\\/certifiqat.com\\\/da\\\/become-consultancy-partner\\\/\"]}]},{\"@type\":\"ImageObject\",\"inLanguage\":\"da-DK\",\"@id\":\"https:\\\/\\\/certifiqat.com\\\/da\\\/become-consultancy-partner\\\/#primaryimage\",\"url\":\"https:\\\/\\\/certifiqat.com\\\/wp-content\\\/uploads\\\/yoav-aziz-tKCd-IWc4gI-unsplash.jpg\",\"contentUrl\":\"https:\\\/\\\/certifiqat.com\\\/wp-content\\\/uploads\\\/yoav-aziz-tKCd-IWc4gI-unsplash.jpg\",\"width\":820,\"height\":461},{\"@type\":\"BreadcrumbList\",\"@id\":\"https:\\\/\\\/certifiqat.com\\\/da\\\/become-consultancy-partner\\\/#breadcrumb\",\"itemListElement\":[{\"@type\":\"ListItem\",\"position\":1,\"name\":\"Home\",\"item\":\"https:\\\/\\\/certifiqat.com\\\/da\\\/\"},{\"@type\":\"ListItem\",\"position\":2,\"name\":\"Bliv konsulentpartner\"}]},{\"@type\":\"WebSite\",\"@id\":\"https:\\\/\\\/certifiqat.com\\\/da\\\/#website\",\"url\":\"https:\\\/\\\/certifiqat.com\\\/da\\\/\",\"name\":\"certifiqat\",\"description\":\"\",\"potentialAction\":[{\"@type\":\"SearchAction\",\"target\":{\"@type\":\"EntryPoint\",\"urlTemplate\":\"https:\\\/\\\/certifiqat.com\\\/da\\\/?s={search_term_string}\"},\"query-input\":{\"@type\":\"PropertyValueSpecification\",\"valueRequired\":true,\"valueName\":\"search_term_string\"}}],\"inLanguage\":\"da-DK\"}]}<\/script>\n<!-- \/ Yoast SEO plugin. -->","yoast_head_json":{"title":"Bliv konsulentpartner - Certifiqat.com","robots":{"index":"index","follow":"follow","max-snippet":"max-snippet:-1","max-image-preview":"max-image-preview:large","max-video-preview":"max-video-preview:-1"},"canonical":"https:\/\/certifiqat.com\/da\/become-consultancy-partner\/","og_locale":"da_DK","og_type":"article","og_title":"Bliv konsulentpartner - Certifiqat.com","og_description":"Bliv konsulentpartner Bliv partner med Certifiqat: L\u00f8ft dine kunders certificeringsrejse Hos Certifiqat har vi forpligtet os til at opbygge verdens st\u00f8rste database for certificerede virksomheder og ogs\u00e5 til at \u00e6ndre, hvordan virksomheder administrerer og fremviser deres certificeringer. Vi inviterer konsulenter og konsulentfirmaer til at samarbejde med os og tilbyde deres kunder stor v\u00e6rdi i deres","og_url":"https:\/\/certifiqat.com\/da\/become-consultancy-partner\/","og_site_name":"Certifiqat.com","article_modified_time":"2024-08-23T11:17:02+00:00","og_image":[{"width":820,"height":461,"url":"https:\/\/certifiqat.com\/wp-content\/uploads\/yoav-aziz-tKCd-IWc4gI-unsplash.jpg","type":"image\/jpeg"}],"twitter_card":"summary_large_image","twitter_misc":{"Estimeret l\u00e6setid":"2 minutter"},"schema":{"@context":"https:\/\/schema.org","@graph":[{"@type":"WebPage","@id":"https:\/\/certifiqat.com\/da\/become-consultancy-partner\/","url":"https:\/\/certifiqat.com\/da\/become-consultancy-partner\/","name":"Bliv konsulentpartner - Certifiqat.com","isPartOf":{"@id":"https:\/\/certifiqat.com\/da\/#website"},"primaryImageOfPage":{"@id":"https:\/\/certifiqat.com\/da\/become-consultancy-partner\/#primaryimage"},"image":{"@id":"https:\/\/certifiqat.com\/da\/become-consultancy-partner\/#primaryimage"},"thumbnailUrl":"https:\/\/certifiqat.com\/wp-content\/uploads\/yoav-aziz-tKCd-IWc4gI-unsplash.jpg","datePublished":"2024-08-06T11:48:15+00:00","dateModified":"2024-08-23T11:17:02+00:00","breadcrumb":{"@id":"https:\/\/certifiqat.com\/da\/become-consultancy-partner\/#breadcrumb"},"inLanguage":"da-DK","potentialAction":[{"@type":"ReadAction","target":["https:\/\/certifiqat.com\/da\/become-consultancy-partner\/"]}]},{"@type":"ImageObject","inLanguage":"da-DK","@id":"https:\/\/certifiqat.com\/da\/become-consultancy-partner\/#primaryimage","url":"https:\/\/certifiqat.com\/wp-content\/uploads\/yoav-aziz-tKCd-IWc4gI-unsplash.jpg","contentUrl":"https:\/\/certifiqat.com\/wp-content\/uploads\/yoav-aziz-tKCd-IWc4gI-unsplash.jpg","width":820,"height":461},{"@type":"BreadcrumbList","@id":"https:\/\/certifiqat.com\/da\/become-consultancy-partner\/#breadcrumb","itemListElement":[{"@type":"ListItem","position":1,"name":"Home","item":"https:\/\/certifiqat.com\/da\/"},{"@type":"ListItem","position":2,"name":"Bliv konsulentpartner"}]},{"@type":"WebSite","@id":"https:\/\/certifiqat.com\/da\/#website","url":"https:\/\/certifiqat.com\/da\/","name":"certifiqat","description":"","potentialAction":[{"@type":"SearchAction","target":{"@type":"EntryPoint","urlTemplate":"https:\/\/certifiqat.com\/da\/?s={search_term_string}"},"query-input":{"@type":"PropertyValueSpecification","valueRequired":true,"valueName":"search_term_string"}}],"inLanguage":"da-DK"}]}},"_links":{"self":[{"href":"https:\/\/certifiqat.com\/da\/wp-json\/wp\/v2\/pages\/5921","targetHints":{"allow":["GET"]}}],"collection":[{"href":"https:\/\/certifiqat.com\/da\/wp-json\/wp\/v2\/pages"}],"about":[{"href":"https:\/\/certifiqat.com\/da\/wp-json\/wp\/v2\/types\/page"}],"author":[{"embeddable":true,"href":"https:\/\/certifiqat.com\/da\/wp-json\/wp\/v2\/users\/3"}],"replies":[{"embeddable":true,"href":"https:\/\/certifiqat.com\/da\/wp-json\/wp\/v2\/comments?post=5921"}],"version-history":[{"count":0,"href":"https:\/\/certifiqat.com\/da\/wp-json\/wp\/v2\/pages\/5921\/revisions"}],"wp:featuredmedia":[{"embeddable":true,"href":"https:\/\/certifiqat.com\/da\/wp-json\/wp\/v2\/media\/342"}],"wp:attachment":[{"href":"https:\/\/certifiqat.com\/da\/wp-json\/wp\/v2\/media?parent=5921"}],"curies":[{"name":"wp","href":"https:\/\/api.w.org\/{rel}","templated":true}]}}