{"id":4215,"date":"2024-06-18T06:54:47","date_gmt":"2024-06-18T06:54:47","guid":{"rendered":"https:\/\/certifiqat.com\/client-zone\/"},"modified":"2024-08-23T11:28:18","modified_gmt":"2024-08-23T11:28:18","slug":"the-certifiqat-badge","status":"publish","type":"page","link":"https:\/\/certifiqat.com\/da\/the-certifiqat-badge\/","title":{"rendered":"Certifiqat-badget"},"content":{"rendered":"\n<h1 class=\"wp-block-heading\">Certifiqat Badge &#8211; forbind din virksomhed<\/h1>\n\n\n\n<figure class=\"wp-block-image size-full\"><img loading=\"lazy\" decoding=\"async\" width=\"1500\" height=\"492\" src=\"https:\/\/certifiqat.com\/wp-content\/uploads\/client-zone.png\" alt=\"\" class=\"wp-image-7222\" style=\"object-fit:cover\" srcset=\"https:\/\/certifiqat.com\/wp-content\/uploads\/client-zone.png 1500w, https:\/\/certifiqat.com\/wp-content\/uploads\/client-zone-300x98.png 300w, https:\/\/certifiqat.com\/wp-content\/uploads\/client-zone-768x252.png 768w, https:\/\/certifiqat.com\/wp-content\/uploads\/client-zone-1024x336.png 1024w\" sizes=\"auto, (max-width: 1500px) 100vw, 1500px\" \/><\/figure>\n\n\n\n<p><strong>Forbind din virksomhed og din hjemmeside med din virksomhedsprofil<\/strong> ved at bruge vores badge, som du kan downloade nedenfor. Link badgen direkte til din profil ved at bes\u00f8ge din profil og kopiere profil-URL&#8217;en i browseren.<\/p>\n\n\n\n<h3 class=\"wp-block-heading\">Anvendelse:<\/h3>\n\n\n\n<p>Brug badget p\u00e5 den m\u00e5de, du finder mest effektiv. Mange virksomheder placerer badget i <strong>sidefoden<\/strong> p\u00e5 hjemmesiden og i <strong>e-mail-signaturen<\/strong> for at sikre, at eksisterende og potentielle kunder finder ud af det.<\/p>\n\n\n\n<div style=\"height:10px\" aria-hidden=\"true\" class=\"wp-block-spacer\"><\/div>\n\n\n\n<hr class=\"wp-block-separator has-text-color has-alpha-channel-opacity has-background is-style-default\" style=\"background-color:#dfdfdf;color:#dfdfdf\"\/>\n\n\n\n<div style=\"height:30px\" aria-hidden=\"true\" class=\"wp-block-spacer\"><\/div>\n\n\n\n<div class=\"wp-block-columns is-layout-flex wp-container-core-columns-is-layout-9d6595d7 wp-block-columns-is-layout-flex\">\n<div class=\"wp-block-column is-layout-flow wp-block-column-is-layout-flow\">\n<h4 class=\"wp-block-heading\">Lyst badge<\/h4>\n\n\n\n<p>Brug det p\u00e5 m\u00f8rkere baggrundsfarver for at f\u00e5 badget til at skille sig ud og blive bem\u00e6rket.<\/p>\n\n\n\n<figure class=\"wp-block-image size-full is-resized\"><img loading=\"lazy\" decoding=\"async\" width=\"1000\" height=\"333\" src=\"https:\/\/certifiqat.com\/wp-content\/uploads\/Certfiqat-Badge-White-Grey-Stroke-1000x333-1.png\" alt=\"\" class=\"wp-image-2049\" style=\"width:200px;height:auto\" srcset=\"https:\/\/certifiqat.com\/wp-content\/uploads\/Certfiqat-Badge-White-Grey-Stroke-1000x333-1.png 1000w, https:\/\/certifiqat.com\/wp-content\/uploads\/Certfiqat-Badge-White-Grey-Stroke-1000x333-1-300x100.png 300w, https:\/\/certifiqat.com\/wp-content\/uploads\/Certfiqat-Badge-White-Grey-Stroke-1000x333-1-768x256.png 768w\" sizes=\"auto, (max-width: 1000px) 100vw, 1000px\" \/><\/figure>\n\n\n\n<p><strong>PNG<\/strong> &#8211; <a download=\"\" href=\"https:\/\/certifiqat.com\/wp-content\/uploads\/Certifiqat-Badge-Wh-Grey-2500x836-1.png\">Download Light Badge som .PNG-fil her<\/a><\/p>\n\n\n\n<p><strong>SVG <\/strong>&#8211; <a href=\"https:\/\/certifiqat.com\/wp-content\/uploads\/Certifiqat-Badge-Wh-Grey-2500x836-1.svg\" download=\"\">Download Light Badge som .SVG-fil her<\/a><\/p>\n<\/div>\n\n\n\n<div class=\"wp-block-column is-layout-flow wp-block-column-is-layout-flow\">\n<h4 class=\"wp-block-heading\">M\u00f8rkt badge<\/h4>\n\n\n\n<p>Brug p\u00e5 lysere baggrundsfarver for at f\u00e5 badget til at skille sig ud og blive bem\u00e6rket.<\/p>\n\n\n\n<figure class=\"wp-block-image size-full is-resized\"><img loading=\"lazy\" decoding=\"async\" width=\"1000\" height=\"333\" src=\"https:\/\/certifiqat.com\/wp-content\/uploads\/Certfiqat-Badge-DarkBlue-Blue-Stroke-1000x333-1.png\" alt=\"\" class=\"wp-image-2065\" style=\"width:200px\" srcset=\"https:\/\/certifiqat.com\/wp-content\/uploads\/Certfiqat-Badge-DarkBlue-Blue-Stroke-1000x333-1.png 1000w, https:\/\/certifiqat.com\/wp-content\/uploads\/Certfiqat-Badge-DarkBlue-Blue-Stroke-1000x333-1-300x100.png 300w, https:\/\/certifiqat.com\/wp-content\/uploads\/Certfiqat-Badge-DarkBlue-Blue-Stroke-1000x333-1-768x256.png 768w\" sizes=\"auto, (max-width: 1000px) 100vw, 1000px\" \/><\/figure>\n\n\n\n<p><strong>PNG<\/strong> &#8211; <a download=\"\" href=\"https:\/\/certifiqat.com\/wp-content\/uploads\/Certifiqat-Badge-DK-Blue-2500x836-1.png\">Download Dark Badge som .PNG her<\/a><\/p>\n\n\n\n<p><strong>SVG<\/strong> &#8211; <a href=\"https:\/\/certifiqat.com\/wp-content\/uploads\/Certifiqat-Badge-DK-Blue-2500x836-1.svg\" download=\"\">Download Dark Badge som .SVG-fil her<\/a><\/p>\n<\/div>\n<\/div>\n\n\n\n<p><\/p>\n","protected":false},"excerpt":{"rendered":"<p>Certifiqat Badge &#8211; forbind din virksomhed Forbind din virksomhed og din hjemmeside med din virksomhedsprofil ved at bruge vores badge, som du kan downloade nedenfor. Link badgen direkte til din profil ved at bes\u00f8ge din profil og kopiere profil-URL&#8217;en i browseren. Anvendelse: Brug badget p\u00e5 den m\u00e5de, du finder mest effektiv. Mange virksomheder placerer badget<\/p>\n","protected":false},"author":3,"featured_media":0,"parent":0,"menu_order":0,"comment_status":"closed","ping_status":"closed","template":"","meta":{"_acf_changed":false,"inline_featured_image":false,"footnotes":""},"class_list":["post-4215","page","type-page","status-publish","hentry"],"acf":[],"yoast_head":"<!-- This site is optimized with the Yoast SEO plugin v27.4 - https:\/\/yoast.com\/product\/yoast-seo-wordpress\/ -->\n<title>Certifiqat-badget - Certifiqat.com<\/title>\n<meta name=\"robots\" content=\"index, follow, max-snippet:-1, max-image-preview:large, max-video-preview:-1\" \/>\n<link rel=\"canonical\" href=\"https:\/\/certifiqat.com\/da\/the-certifiqat-badge\/\" \/>\n<meta property=\"og:locale\" content=\"da_DK\" \/>\n<meta property=\"og:type\" content=\"article\" \/>\n<meta property=\"og:title\" content=\"Certifiqat-badget - Certifiqat.com\" \/>\n<meta property=\"og:description\" content=\"Certifiqat Badge &#8211; forbind din virksomhed Forbind din virksomhed og din hjemmeside med din virksomhedsprofil ved at bruge vores badge, som du kan downloade nedenfor. Link badgen direkte til din profil ved at bes\u00f8ge din profil og kopiere profil-URL&#8217;en i browseren. Anvendelse: Brug badget p\u00e5 den m\u00e5de, du finder mest effektiv. Mange virksomheder placerer badget\" \/>\n<meta property=\"og:url\" content=\"https:\/\/certifiqat.com\/da\/the-certifiqat-badge\/\" \/>\n<meta property=\"og:site_name\" content=\"Certifiqat.com\" \/>\n<meta property=\"article:modified_time\" content=\"2024-08-23T11:28:18+00:00\" \/>\n<meta property=\"og:image\" content=\"https:\/\/certifiqat.com\/wp-content\/uploads\/client-zone.png\" \/>\n<meta name=\"twitter:card\" content=\"summary_large_image\" \/>\n<meta name=\"twitter:label1\" content=\"Estimeret l\u00e6setid\" \/>\n\t<meta name=\"twitter:data1\" content=\"2 minutter\" \/>\n<script type=\"application\/ld+json\" class=\"yoast-schema-graph\">{\"@context\":\"https:\\\/\\\/schema.org\",\"@graph\":[{\"@type\":\"WebPage\",\"@id\":\"https:\\\/\\\/certifiqat.com\\\/da\\\/the-certifiqat-badge\\\/\",\"url\":\"https:\\\/\\\/certifiqat.com\\\/da\\\/the-certifiqat-badge\\\/\",\"name\":\"Certifiqat-badget - Certifiqat.com\",\"isPartOf\":{\"@id\":\"https:\\\/\\\/certifiqat.com\\\/da\\\/#website\"},\"primaryImageOfPage\":{\"@id\":\"https:\\\/\\\/certifiqat.com\\\/da\\\/the-certifiqat-badge\\\/#primaryimage\"},\"image\":{\"@id\":\"https:\\\/\\\/certifiqat.com\\\/da\\\/the-certifiqat-badge\\\/#primaryimage\"},\"thumbnailUrl\":\"https:\\\/\\\/certifiqat.com\\\/wp-content\\\/uploads\\\/client-zone.png\",\"datePublished\":\"2024-06-18T06:54:47+00:00\",\"dateModified\":\"2024-08-23T11:28:18+00:00\",\"breadcrumb\":{\"@id\":\"https:\\\/\\\/certifiqat.com\\\/da\\\/the-certifiqat-badge\\\/#breadcrumb\"},\"inLanguage\":\"da-DK\",\"potentialAction\":[{\"@type\":\"ReadAction\",\"target\":[\"https:\\\/\\\/certifiqat.com\\\/da\\\/the-certifiqat-badge\\\/\"]}]},{\"@type\":\"ImageObject\",\"inLanguage\":\"da-DK\",\"@id\":\"https:\\\/\\\/certifiqat.com\\\/da\\\/the-certifiqat-badge\\\/#primaryimage\",\"url\":\"https:\\\/\\\/certifiqat.com\\\/wp-content\\\/uploads\\\/client-zone.png\",\"contentUrl\":\"https:\\\/\\\/certifiqat.com\\\/wp-content\\\/uploads\\\/client-zone.png\"},{\"@type\":\"BreadcrumbList\",\"@id\":\"https:\\\/\\\/certifiqat.com\\\/da\\\/the-certifiqat-badge\\\/#breadcrumb\",\"itemListElement\":[{\"@type\":\"ListItem\",\"position\":1,\"name\":\"Home\",\"item\":\"https:\\\/\\\/certifiqat.com\\\/da\\\/\"},{\"@type\":\"ListItem\",\"position\":2,\"name\":\"Certifiqat-badget\"}]},{\"@type\":\"WebSite\",\"@id\":\"https:\\\/\\\/certifiqat.com\\\/da\\\/#website\",\"url\":\"https:\\\/\\\/certifiqat.com\\\/da\\\/\",\"name\":\"certifiqat\",\"description\":\"\",\"potentialAction\":[{\"@type\":\"SearchAction\",\"target\":{\"@type\":\"EntryPoint\",\"urlTemplate\":\"https:\\\/\\\/certifiqat.com\\\/da\\\/?s={search_term_string}\"},\"query-input\":{\"@type\":\"PropertyValueSpecification\",\"valueRequired\":true,\"valueName\":\"search_term_string\"}}],\"inLanguage\":\"da-DK\"}]}<\/script>\n<!-- \/ Yoast SEO plugin. -->","yoast_head_json":{"title":"Certifiqat-badget - Certifiqat.com","robots":{"index":"index","follow":"follow","max-snippet":"max-snippet:-1","max-image-preview":"max-image-preview:large","max-video-preview":"max-video-preview:-1"},"canonical":"https:\/\/certifiqat.com\/da\/the-certifiqat-badge\/","og_locale":"da_DK","og_type":"article","og_title":"Certifiqat-badget - Certifiqat.com","og_description":"Certifiqat Badge &#8211; forbind din virksomhed Forbind din virksomhed og din hjemmeside med din virksomhedsprofil ved at bruge vores badge, som du kan downloade nedenfor. Link badgen direkte til din profil ved at bes\u00f8ge din profil og kopiere profil-URL&#8217;en i browseren. Anvendelse: Brug badget p\u00e5 den m\u00e5de, du finder mest effektiv. Mange virksomheder placerer badget","og_url":"https:\/\/certifiqat.com\/da\/the-certifiqat-badge\/","og_site_name":"Certifiqat.com","article_modified_time":"2024-08-23T11:28:18+00:00","og_image":[{"url":"https:\/\/certifiqat.com\/wp-content\/uploads\/client-zone.png","type":"","width":"","height":""}],"twitter_card":"summary_large_image","twitter_misc":{"Estimeret l\u00e6setid":"2 minutter"},"schema":{"@context":"https:\/\/schema.org","@graph":[{"@type":"WebPage","@id":"https:\/\/certifiqat.com\/da\/the-certifiqat-badge\/","url":"https:\/\/certifiqat.com\/da\/the-certifiqat-badge\/","name":"Certifiqat-badget - Certifiqat.com","isPartOf":{"@id":"https:\/\/certifiqat.com\/da\/#website"},"primaryImageOfPage":{"@id":"https:\/\/certifiqat.com\/da\/the-certifiqat-badge\/#primaryimage"},"image":{"@id":"https:\/\/certifiqat.com\/da\/the-certifiqat-badge\/#primaryimage"},"thumbnailUrl":"https:\/\/certifiqat.com\/wp-content\/uploads\/client-zone.png","datePublished":"2024-06-18T06:54:47+00:00","dateModified":"2024-08-23T11:28:18+00:00","breadcrumb":{"@id":"https:\/\/certifiqat.com\/da\/the-certifiqat-badge\/#breadcrumb"},"inLanguage":"da-DK","potentialAction":[{"@type":"ReadAction","target":["https:\/\/certifiqat.com\/da\/the-certifiqat-badge\/"]}]},{"@type":"ImageObject","inLanguage":"da-DK","@id":"https:\/\/certifiqat.com\/da\/the-certifiqat-badge\/#primaryimage","url":"https:\/\/certifiqat.com\/wp-content\/uploads\/client-zone.png","contentUrl":"https:\/\/certifiqat.com\/wp-content\/uploads\/client-zone.png"},{"@type":"BreadcrumbList","@id":"https:\/\/certifiqat.com\/da\/the-certifiqat-badge\/#breadcrumb","itemListElement":[{"@type":"ListItem","position":1,"name":"Home","item":"https:\/\/certifiqat.com\/da\/"},{"@type":"ListItem","position":2,"name":"Certifiqat-badget"}]},{"@type":"WebSite","@id":"https:\/\/certifiqat.com\/da\/#website","url":"https:\/\/certifiqat.com\/da\/","name":"certifiqat","description":"","potentialAction":[{"@type":"SearchAction","target":{"@type":"EntryPoint","urlTemplate":"https:\/\/certifiqat.com\/da\/?s={search_term_string}"},"query-input":{"@type":"PropertyValueSpecification","valueRequired":true,"valueName":"search_term_string"}}],"inLanguage":"da-DK"}]}},"_links":{"self":[{"href":"https:\/\/certifiqat.com\/da\/wp-json\/wp\/v2\/pages\/4215","targetHints":{"allow":["GET"]}}],"collection":[{"href":"https:\/\/certifiqat.com\/da\/wp-json\/wp\/v2\/pages"}],"about":[{"href":"https:\/\/certifiqat.com\/da\/wp-json\/wp\/v2\/types\/page"}],"author":[{"embeddable":true,"href":"https:\/\/certifiqat.com\/da\/wp-json\/wp\/v2\/users\/3"}],"replies":[{"embeddable":true,"href":"https:\/\/certifiqat.com\/da\/wp-json\/wp\/v2\/comments?post=4215"}],"version-history":[{"count":0,"href":"https:\/\/certifiqat.com\/da\/wp-json\/wp\/v2\/pages\/4215\/revisions"}],"wp:attachment":[{"href":"https:\/\/certifiqat.com\/da\/wp-json\/wp\/v2\/media?parent=4215"}],"curies":[{"name":"wp","href":"https:\/\/api.w.org\/{rel}","templated":true}]}}