{"id":920,"date":"2024-04-23T08:18:33","date_gmt":"2024-04-23T08:18:33","guid":{"rendered":"https:\/\/certifiqat.com\/about-us\/"},"modified":"2024-07-29T22:09:04","modified_gmt":"2024-07-29T22:09:04","slug":"about-us","status":"publish","type":"page","link":"https:\/\/certifiqat.com\/cs\/about-us\/","title":{"rendered":"O n\u00e1s"},"content":{"rendered":"<section class=\"relative bg-white\" id=\"block_d6bdea1421ca176efa42e432e34033f1\">\n\t<div class=\"container\">\n\t\t<div class=\"flex flex-wrap\">\n\t\t\t\t\t\t\t<div class=\"w-full pr-0 rem:py-[75px] lg:w-1\/2 lg:pr-[130px] lg:rem:py-[150px]\">\n\t\t\t\t\t<div class=\"base-typography\">\n\t\t\t\t\t\t<h2>P\u0159\u00edb\u011bh<\/h2>\n<p>T\u00fdm, kter\u00fd stoj\u00ed za spole\u010dnost\u00ed Certifiqat, m\u00e1 des\u00edtky let zku\u0161enost\u00ed jak ve sv\u011bt\u011b certifik\u00e1t\u016f ISO, tak v oblasti online technologi\u00ed. Jsme t\u00fdm b\u00fdval\u00fdch gener\u00e1ln\u00edch \u0159editel\u016f, marketingov\u00fdch mana\u017eer\u016f, auditor\u016f ISO, mana\u017eersk\u00fdch konzultant\u016f a lid\u00ed z technick\u00fdch obor\u016f, ale p\u0159edev\u0161\u00edm n\u00e1s spojuje snaha zv\u00fd\u0161it hodnotu certifikace.<\/p>\n<h2>Na\u0161e mise<\/h2>\n<p>Na\u0161\u00edm posl\u00e1n\u00edm je zv\u00fd\u0161it hodnotu certifikac\u00ed a pos\u00edlit postaven\u00ed certifikovan\u00fdch spole\u010dnost\u00ed t\u00edm, \u017ee zlep\u0161\u00edme jejich schopnost prod\u00e1vat sv\u00e9 \u00fasp\u011bchy. Tento p\u0159\u00edstup nejen odli\u0161uje certifikovan\u00e9 spole\u010dnosti od necertifikovan\u00fdch konkurent\u016f, ale tak\u00e9 posiluje hodnotu jejich zna\u010dky.<\/p>\n<h2>Na\u0161e vize do budoucna<\/h2>\n<p>Ve spole\u010dnosti Certifiqat je na\u0161\u00ed viz\u00ed, aby ka\u017ed\u00e1 ambici\u00f3zn\u00ed spole\u010dnost v celosv\u011btov\u00e9m m\u011b\u0159\u00edtku pou\u017e\u00edvala Certifiqat ke spr\u00e1v\u011b a marketingu sv\u00fdch certifik\u00e1t\u016f a dokument\u016f buduj\u00edc\u00edch d\u016fv\u011bru. Budujeme nejv\u011bt\u0161\u00ed sv\u011btovou datab\u00e1zi certifikovan\u00fdch spole\u010dnost\u00ed.<\/p>\n\n\t\t\t\t\t<\/div>\n\t\t\t\t<\/div>\n\t\t\t\t\t\t\t\t\t\t<div class=\"h-full w-full lg:w-1\/2\"><\/div>\n\t\t\t\t\t<\/div>\n\t<\/div>\n\t<div class=\"relative left-0 top-0 h-full w-full pt-[50%] lg:absolute lg:left-[50%] lg:w-1\/2 lg:pt-0\">\n\t\t<img decoding=\"async\" class=\"img-cover-abs\" src=\"https:\/\/certifiqat.com\/wp-content\/uploads\/kelsey-knight-SFRw5GChoLA-unsplash-800x0-c-default.jpg\" alt=\"\" \/>\n\t<\/div>\n<\/section>\n\n\n\n<section class=\"wp-block-group section-wrapper has-background\" style=\"background-color:#75d2fa\"><div class=\"wp-block-group__inner-container is-layout-constrained wp-block-group-is-layout-constrained\">\n<div class=\"wp-block-columns container is-layout-flex wp-container-core-columns-is-layout-9d6595d7 wp-block-columns-is-layout-flex\">\n<div class=\"wp-block-column is-layout-flow wp-block-column-is-layout-flow\">\n<h2 class=\"wp-block-heading has-text-color has-link-color wp-elements-74e8cb7eeba64b5d6cb12714992be1a8\" style=\"color:#2d6bd8\">Zku\u0161en\u00fd t\u00fdm<\/h2>\n\n\n\n<p class=\"has-text-color has-link-color wp-elements-b25d8dea2d737f69d1160c7c8e645a80\" style=\"color:#122a5e\">T\u00fdm Certifiqat se m\u016f\u017ee pochlubit dlouholet\u00fdmi zku\u0161enostmi v r\u016fzn\u00fdch obchodn\u00edch funkc\u00edch a poznali jsme, jak n\u00e1ro\u010dn\u00e9 je efektivn\u011b spravovat a prezentovat tyto d\u016fle\u017eit\u00e9 dokumenty d\u016fv\u011bry klient\u016fm, zam\u011bstnanc\u016fm a z\u00fa\u010dastn\u011bn\u00fdm stran\u00e1m.<\/p>\n<\/div>\n\n\n\n<div class=\"wp-block-column is-layout-flow wp-block-column-is-layout-flow\">\n<h2 class=\"wp-block-heading has-text-color has-link-color wp-elements-d057546a2f2d510c97dad4734583c4a9\" style=\"color:#2d6bd8\">Certifiqat AI<\/h2>\n\n\n\n<p class=\"has-text-color has-link-color wp-elements-4c1e54e4bf0258cf0090781e80d8d1d0\" style=\"color:#122a5e\">Kombinac\u00ed jazykov\u00e9ho modelu z OpenAI s na\u0161\u00edm tech-stackem efektivn\u011b p\u0159ekl\u00e1d\u00e1me v\u00e1\u0161 obsah do v\u00edce ne\u017e 15 jazyk\u016f a vytv\u00e1\u0159\u00edme bezkonkuren\u010dn\u00ed p\u0159\u00edstupnost pro va\u0161e publikum.<\/p>\n<\/div>\n\n\n\n<div class=\"wp-block-column is-layout-flow wp-block-column-is-layout-flow\">\n<h2 class=\"wp-block-heading has-text-color has-link-color wp-elements-d14d29b3ba729a8ca3891c221ff4bf13\" style=\"color:#2d6bd8\">U\u017eivatelsk\u00fd z\u00e1\u017eitek na prvn\u00edm m\u00edst\u011b<\/h2>\n\n\n\n<p class=\"has-text-color has-link-color wp-elements-b02b22fe7e2b32765b1dccfe8760b463\" style=\"color:#122a5e\">M\u00e1me p\u0159\u00edstup user experience\/design first, kter\u00fd v\u017edy p\u0159isp\u00edv\u00e1 k celkov\u00e9mu z\u00e1\u017eitku z va\u0161\u00ed zna\u010dky a profilu va\u0161\u00ed spole\u010dnosti na Certifiqat.com.<\/p>\n<\/div>\n\n\n\n<div class=\"wp-block-column is-layout-flow wp-block-column-is-layout-flow\">\n<h2 class=\"wp-block-heading has-text-color has-link-color wp-elements-6a9bd4158e4430585d8858ef47f27e83\" style=\"color:#2a70c5\">Podpora<\/h2>\n\n\n\n<p>Pokud budete pot\u0159ebovat jakoukoli pomoc, jsme tu pro v\u00e1s. N\u00e1\u0161 t\u00fdm podpory si klade za c\u00edl b\u00fdt nulov\u00fd.<\/p>\n<\/div>\n<\/div>\n<\/div><\/section>\n\n\n\n<div class=\"wp-block-group section-wrapper\"><div class=\"wp-block-group__inner-container is-layout-constrained wp-block-group-is-layout-constrained\">\n<div class=\"wp-block-columns container is-layout-flex wp-container-core-columns-is-layout-9d6595d7 wp-block-columns-is-layout-flex\">\n<div class=\"wp-block-column is-layout-flow wp-block-column-is-layout-flow\" style=\"flex-basis:25%\"><\/div>\n\n\n\n<div class=\"wp-block-column is-layout-flow wp-block-column-is-layout-flow\" style=\"flex-basis:75%\">\n<h2 class=\"wp-block-heading has-text-align-center has-text-color has-link-color has-x-large-font-size wp-elements-41dd918c4965ef4ce73369e7c88a86ee\" style=\"color:#2d6bd8\">P\u0159idejte se k n\u00e1m!<\/h2>\n\n\n\n<p class=\"has-text-align-center max-w has-text-color has-link-color wp-elements-731b513fabd42c1e4fe452c45893dccc\" style=\"color:#122a5e\">St\u00e1le hled\u00e1me talenty v oblasti techniky, prodeje, marketingu a podpory. Pokud m\u00e1te n\u011bjak\u00e9 znalosti, kter\u00e9 m\u016f\u017eete p\u0159in\u00e9st ohledn\u011b certifik\u00e1t\u016f, kvality a \u0159\u00edzen\u00ed, jsme na v\u00e1s je\u0161t\u011b zv\u011bdav\u011bj\u0161\u00ed a t\u011b\u0161\u00edme se na setk\u00e1n\u00ed!<\/p>\n\n\n\n<p class=\"has-text-align-center has-text-color has-link-color wp-elements-204b559cf6b264c79a101131c2d3605d\" style=\"color:#122a5e\"><strong>Po\u0161lete n\u00e1m e-mail a \u0159ekn\u011bte n\u00e1m, pro\u010d se chcete p\u0159ipojit k Certifqat: <a class=\"copy-email-js text-right  relative\" href=\"mailto:join@certifiqat.com\">join@certifiqat.com <span class=\" hidden absolute right-0 bottom-[100%] p-1 rounded-full bg-white font-normal text-c-grey-500\">Kop\u00edrov\u00e1no<\/span><\/a><\/strong><\/p>\n<\/div>\n\n\n\n<div class=\"wp-block-column is-layout-flow wp-block-column-is-layout-flow\" style=\"flex-basis:25%\"><\/div>\n<\/div>\n<\/div><\/div>\n","protected":false},"excerpt":{"rendered":"<p>Zku\u0161en\u00fd t\u00fdm T\u00fdm Certifiqat se m\u016f\u017ee pochlubit dlouholet\u00fdmi zku\u0161enostmi v r\u016fzn\u00fdch obchodn\u00edch funkc\u00edch a poznali jsme, jak n\u00e1ro\u010dn\u00e9 je efektivn\u011b spravovat a prezentovat tyto d\u016fle\u017eit\u00e9 dokumenty d\u016fv\u011bry klient\u016fm, zam\u011bstnanc\u016fm a z\u00fa\u010dastn\u011bn\u00fdm stran\u00e1m. Certifiqat AI Kombinac\u00ed jazykov\u00e9ho modelu z OpenAI s na\u0161\u00edm tech-stackem efektivn\u011b p\u0159ekl\u00e1d\u00e1me v\u00e1\u0161 obsah do v\u00edce ne\u017e 15 jazyk\u016f a vytv\u00e1\u0159\u00edme bezkonkuren\u010dn\u00ed p\u0159\u00edstupnost<\/p>\n","protected":false},"author":3,"featured_media":0,"parent":0,"menu_order":0,"comment_status":"closed","ping_status":"closed","template":"page-about-us.php","meta":{"_acf_changed":false,"inline_featured_image":false,"footnotes":""},"class_list":["post-920","page","type-page","status-publish","hentry"],"acf":[],"yoast_head":"<!-- This site is optimized with the Yoast SEO plugin v27.4 - https:\/\/yoast.com\/product\/yoast-seo-wordpress\/ -->\n<title>About Us - Certifiqat.com<\/title>\n<meta name=\"robots\" content=\"index, follow, max-snippet:-1, max-image-preview:large, max-video-preview:-1\" \/>\n<link rel=\"canonical\" href=\"https:\/\/certifiqat.com\/cs\/about-us\/\" \/>\n<meta property=\"og:locale\" content=\"cs_CZ\" \/>\n<meta property=\"og:type\" content=\"article\" \/>\n<meta property=\"og:title\" content=\"About Us - Certifiqat.com\" \/>\n<meta property=\"og:description\" content=\"Zku\u0161en\u00fd t\u00fdm T\u00fdm Certifiqat se m\u016f\u017ee pochlubit dlouholet\u00fdmi zku\u0161enostmi v r\u016fzn\u00fdch obchodn\u00edch funkc\u00edch a poznali jsme, jak n\u00e1ro\u010dn\u00e9 je efektivn\u011b spravovat a prezentovat tyto d\u016fle\u017eit\u00e9 dokumenty d\u016fv\u011bry klient\u016fm, zam\u011bstnanc\u016fm a z\u00fa\u010dastn\u011bn\u00fdm stran\u00e1m. Certifiqat AI Kombinac\u00ed jazykov\u00e9ho modelu z OpenAI s na\u0161\u00edm tech-stackem efektivn\u011b p\u0159ekl\u00e1d\u00e1me v\u00e1\u0161 obsah do v\u00edce ne\u017e 15 jazyk\u016f a vytv\u00e1\u0159\u00edme bezkonkuren\u010dn\u00ed p\u0159\u00edstupnost\" \/>\n<meta property=\"og:url\" content=\"https:\/\/certifiqat.com\/cs\/about-us\/\" \/>\n<meta property=\"og:site_name\" content=\"Certifiqat.com\" \/>\n<meta property=\"article:modified_time\" content=\"2024-07-29T22:09:04+00:00\" \/>\n<meta name=\"twitter:card\" content=\"summary_large_image\" \/>\n<meta name=\"twitter:label1\" content=\"Odhadovan\u00e1 doba \u010dten\u00ed\" \/>\n\t<meta name=\"twitter:data1\" content=\"1 minuta\" \/>\n<script type=\"application\/ld+json\" class=\"yoast-schema-graph\">{\"@context\":\"https:\\\/\\\/schema.org\",\"@graph\":[{\"@type\":\"WebPage\",\"@id\":\"https:\\\/\\\/certifiqat.com\\\/cs\\\/about-us\\\/\",\"url\":\"https:\\\/\\\/certifiqat.com\\\/cs\\\/about-us\\\/\",\"name\":\"About Us - Certifiqat.com\",\"isPartOf\":{\"@id\":\"https:\\\/\\\/certifiqat.com\\\/cs\\\/#website\"},\"datePublished\":\"2024-04-23T08:18:33+00:00\",\"dateModified\":\"2024-07-29T22:09:04+00:00\",\"breadcrumb\":{\"@id\":\"https:\\\/\\\/certifiqat.com\\\/cs\\\/about-us\\\/#breadcrumb\"},\"inLanguage\":\"cs\",\"potentialAction\":[{\"@type\":\"ReadAction\",\"target\":[\"https:\\\/\\\/certifiqat.com\\\/cs\\\/about-us\\\/\"]}]},{\"@type\":\"BreadcrumbList\",\"@id\":\"https:\\\/\\\/certifiqat.com\\\/cs\\\/about-us\\\/#breadcrumb\",\"itemListElement\":[{\"@type\":\"ListItem\",\"position\":1,\"name\":\"Home\",\"item\":\"https:\\\/\\\/certifiqat.com\\\/cs\\\/\"},{\"@type\":\"ListItem\",\"position\":2,\"name\":\"O n\u00e1s\"}]},{\"@type\":\"WebSite\",\"@id\":\"https:\\\/\\\/certifiqat.com\\\/cs\\\/#website\",\"url\":\"https:\\\/\\\/certifiqat.com\\\/cs\\\/\",\"name\":\"certifiqat\",\"description\":\"\",\"potentialAction\":[{\"@type\":\"SearchAction\",\"target\":{\"@type\":\"EntryPoint\",\"urlTemplate\":\"https:\\\/\\\/certifiqat.com\\\/cs\\\/?s={search_term_string}\"},\"query-input\":{\"@type\":\"PropertyValueSpecification\",\"valueRequired\":true,\"valueName\":\"search_term_string\"}}],\"inLanguage\":\"cs\"}]}<\/script>\n<!-- \/ Yoast SEO plugin. -->","yoast_head_json":{"title":"About Us - Certifiqat.com","robots":{"index":"index","follow":"follow","max-snippet":"max-snippet:-1","max-image-preview":"max-image-preview:large","max-video-preview":"max-video-preview:-1"},"canonical":"https:\/\/certifiqat.com\/cs\/about-us\/","og_locale":"cs_CZ","og_type":"article","og_title":"About Us - Certifiqat.com","og_description":"Zku\u0161en\u00fd t\u00fdm T\u00fdm Certifiqat se m\u016f\u017ee pochlubit dlouholet\u00fdmi zku\u0161enostmi v r\u016fzn\u00fdch obchodn\u00edch funkc\u00edch a poznali jsme, jak n\u00e1ro\u010dn\u00e9 je efektivn\u011b spravovat a prezentovat tyto d\u016fle\u017eit\u00e9 dokumenty d\u016fv\u011bry klient\u016fm, zam\u011bstnanc\u016fm a z\u00fa\u010dastn\u011bn\u00fdm stran\u00e1m. Certifiqat AI Kombinac\u00ed jazykov\u00e9ho modelu z OpenAI s na\u0161\u00edm tech-stackem efektivn\u011b p\u0159ekl\u00e1d\u00e1me v\u00e1\u0161 obsah do v\u00edce ne\u017e 15 jazyk\u016f a vytv\u00e1\u0159\u00edme bezkonkuren\u010dn\u00ed p\u0159\u00edstupnost","og_url":"https:\/\/certifiqat.com\/cs\/about-us\/","og_site_name":"Certifiqat.com","article_modified_time":"2024-07-29T22:09:04+00:00","twitter_card":"summary_large_image","twitter_misc":{"Odhadovan\u00e1 doba \u010dten\u00ed":"1 minuta"},"schema":{"@context":"https:\/\/schema.org","@graph":[{"@type":"WebPage","@id":"https:\/\/certifiqat.com\/cs\/about-us\/","url":"https:\/\/certifiqat.com\/cs\/about-us\/","name":"About Us - Certifiqat.com","isPartOf":{"@id":"https:\/\/certifiqat.com\/cs\/#website"},"datePublished":"2024-04-23T08:18:33+00:00","dateModified":"2024-07-29T22:09:04+00:00","breadcrumb":{"@id":"https:\/\/certifiqat.com\/cs\/about-us\/#breadcrumb"},"inLanguage":"cs","potentialAction":[{"@type":"ReadAction","target":["https:\/\/certifiqat.com\/cs\/about-us\/"]}]},{"@type":"BreadcrumbList","@id":"https:\/\/certifiqat.com\/cs\/about-us\/#breadcrumb","itemListElement":[{"@type":"ListItem","position":1,"name":"Home","item":"https:\/\/certifiqat.com\/cs\/"},{"@type":"ListItem","position":2,"name":"O n\u00e1s"}]},{"@type":"WebSite","@id":"https:\/\/certifiqat.com\/cs\/#website","url":"https:\/\/certifiqat.com\/cs\/","name":"certifiqat","description":"","potentialAction":[{"@type":"SearchAction","target":{"@type":"EntryPoint","urlTemplate":"https:\/\/certifiqat.com\/cs\/?s={search_term_string}"},"query-input":{"@type":"PropertyValueSpecification","valueRequired":true,"valueName":"search_term_string"}}],"inLanguage":"cs"}]}},"_links":{"self":[{"href":"https:\/\/certifiqat.com\/cs\/wp-json\/wp\/v2\/pages\/920","targetHints":{"allow":["GET"]}}],"collection":[{"href":"https:\/\/certifiqat.com\/cs\/wp-json\/wp\/v2\/pages"}],"about":[{"href":"https:\/\/certifiqat.com\/cs\/wp-json\/wp\/v2\/types\/page"}],"author":[{"embeddable":true,"href":"https:\/\/certifiqat.com\/cs\/wp-json\/wp\/v2\/users\/3"}],"replies":[{"embeddable":true,"href":"https:\/\/certifiqat.com\/cs\/wp-json\/wp\/v2\/comments?post=920"}],"version-history":[{"count":0,"href":"https:\/\/certifiqat.com\/cs\/wp-json\/wp\/v2\/pages\/920\/revisions"}],"wp:attachment":[{"href":"https:\/\/certifiqat.com\/cs\/wp-json\/wp\/v2\/media?parent=920"}],"curies":[{"name":"wp","href":"https:\/\/api.w.org\/{rel}","templated":true}]}}