{"id":5935,"date":"2024-08-06T11:48:25","date_gmt":"2024-08-06T11:48:25","guid":{"rendered":"https:\/\/certifiqat.com\/invoice-billing-copy-copy\/"},"modified":"2024-08-23T17:17:33","modified_gmt":"2024-08-23T17:17:33","slug":"add-your-consultancy-firm","status":"publish","type":"page","link":"https:\/\/certifiqat.com\/cs\/add-your-consultancy-firm\/","title":{"rendered":"P\u0159idejte svou poradenskou firmu"},"content":{"rendered":"\n<h1 class=\"wp-block-heading\">P\u0159idejte svou poradenskou firmu<\/h1>\n\n\n\n<p>P\u0159idejte svou firmu do na\u0161\u00ed nov\u011b spu\u0161t\u011bn\u00e9 datab\u00e1ze\/vyhled\u00e1va\u010de <a href=\"https:\/\/certifiqat.com\/consultants\/\">poradensk\u00fdch firem<\/a>.<\/p>\n\n\n\n<p>Po\u0161lete n\u00e1m e-mail s kr\u00e1tk\u00fdm popisem va\u0161\u00ed spole\u010dnosti a slu\u017eeb, kter\u00e9 poskytujete. Budeme v\u00e1s kontaktovat pro schv\u00e1len\u00ed a dal\u0161\u00ed pokyny.<\/p>\n\n\n\n<p>Kontaktujte <a href=\"mailto:partner@certifiqat.com\">partner@certifiqat.com<\/a> je\u0161t\u011b dnes!<\/p>\n","protected":false},"excerpt":{"rendered":"<p>P\u0159idejte svou poradenskou firmu P\u0159idejte svou firmu do na\u0161\u00ed nov\u011b spu\u0161t\u011bn\u00e9 datab\u00e1ze\/vyhled\u00e1va\u010de poradensk\u00fdch firem. Po\u0161lete n\u00e1m e-mail s kr\u00e1tk\u00fdm popisem va\u0161\u00ed spole\u010dnosti a slu\u017eeb, kter\u00e9 poskytujete. Budeme v\u00e1s kontaktovat pro schv\u00e1len\u00ed a dal\u0161\u00ed pokyny. Kontaktujte partner@certifiqat.com je\u0161t\u011b dnes!<\/p>\n","protected":false},"author":3,"featured_media":1400,"parent":0,"menu_order":0,"comment_status":"closed","ping_status":"closed","template":"","meta":{"_acf_changed":false,"inline_featured_image":false,"footnotes":""},"class_list":["post-5935","page","type-page","status-publish","has-post-thumbnail","hentry"],"acf":[],"yoast_head":"<!-- This site is optimized with the Yoast SEO plugin v27.3 - https:\/\/yoast.com\/product\/yoast-seo-wordpress\/ -->\n<title>P\u0159idejte svou poradenskou firmu - Certifiqat.com<\/title>\n<meta name=\"robots\" content=\"index, follow, max-snippet:-1, max-image-preview:large, max-video-preview:-1\" \/>\n<link rel=\"canonical\" href=\"https:\/\/certifiqat.com\/cs\/add-your-consultancy-firm\/\" \/>\n<meta property=\"og:locale\" content=\"cs_CZ\" \/>\n<meta property=\"og:type\" content=\"article\" \/>\n<meta property=\"og:title\" content=\"P\u0159idejte svou poradenskou firmu - Certifiqat.com\" \/>\n<meta property=\"og:description\" content=\"P\u0159idejte svou poradenskou firmu P\u0159idejte svou firmu do na\u0161\u00ed nov\u011b spu\u0161t\u011bn\u00e9 datab\u00e1ze\/vyhled\u00e1va\u010de poradensk\u00fdch firem. Po\u0161lete n\u00e1m e-mail s kr\u00e1tk\u00fdm popisem va\u0161\u00ed spole\u010dnosti a slu\u017eeb, kter\u00e9 poskytujete. Budeme v\u00e1s kontaktovat pro schv\u00e1len\u00ed a dal\u0161\u00ed pokyny. Kontaktujte partner@certifiqat.com je\u0161t\u011b dnes!\" \/>\n<meta property=\"og:url\" content=\"https:\/\/certifiqat.com\/cs\/add-your-consultancy-firm\/\" \/>\n<meta property=\"og:site_name\" content=\"Certifiqat.com\" \/>\n<meta property=\"article:modified_time\" content=\"2024-08-23T17:17:33+00:00\" \/>\n<meta property=\"og:image\" content=\"https:\/\/certifiqat.com\/wp-content\/uploads\/yoav-aziz-tKCd-IWc4gI-unsplash.jpg\" \/>\n\t<meta property=\"og:image:width\" content=\"820\" \/>\n\t<meta property=\"og:image:height\" content=\"461\" \/>\n\t<meta property=\"og:image:type\" content=\"image\/jpeg\" \/>\n<meta name=\"twitter:card\" content=\"summary_large_image\" \/>\n<meta name=\"twitter:label1\" content=\"Odhadovan\u00e1 doba \u010dten\u00ed\" \/>\n\t<meta name=\"twitter:data1\" content=\"1 minuta\" \/>\n<script type=\"application\/ld+json\" class=\"yoast-schema-graph\">{\"@context\":\"https:\\\/\\\/schema.org\",\"@graph\":[{\"@type\":\"WebPage\",\"@id\":\"https:\\\/\\\/certifiqat.com\\\/cs\\\/add-your-consultancy-firm\\\/\",\"url\":\"https:\\\/\\\/certifiqat.com\\\/cs\\\/add-your-consultancy-firm\\\/\",\"name\":\"P\u0159idejte svou poradenskou firmu - Certifiqat.com\",\"isPartOf\":{\"@id\":\"https:\\\/\\\/certifiqat.com\\\/cs\\\/#website\"},\"primaryImageOfPage\":{\"@id\":\"https:\\\/\\\/certifiqat.com\\\/cs\\\/add-your-consultancy-firm\\\/#primaryimage\"},\"image\":{\"@id\":\"https:\\\/\\\/certifiqat.com\\\/cs\\\/add-your-consultancy-firm\\\/#primaryimage\"},\"thumbnailUrl\":\"https:\\\/\\\/certifiqat.com\\\/wp-content\\\/uploads\\\/yoav-aziz-tKCd-IWc4gI-unsplash.jpg\",\"datePublished\":\"2024-08-06T11:48:25+00:00\",\"dateModified\":\"2024-08-23T17:17:33+00:00\",\"breadcrumb\":{\"@id\":\"https:\\\/\\\/certifiqat.com\\\/cs\\\/add-your-consultancy-firm\\\/#breadcrumb\"},\"inLanguage\":\"cs\",\"potentialAction\":[{\"@type\":\"ReadAction\",\"target\":[\"https:\\\/\\\/certifiqat.com\\\/cs\\\/add-your-consultancy-firm\\\/\"]}]},{\"@type\":\"ImageObject\",\"inLanguage\":\"cs\",\"@id\":\"https:\\\/\\\/certifiqat.com\\\/cs\\\/add-your-consultancy-firm\\\/#primaryimage\",\"url\":\"https:\\\/\\\/certifiqat.com\\\/wp-content\\\/uploads\\\/yoav-aziz-tKCd-IWc4gI-unsplash.jpg\",\"contentUrl\":\"https:\\\/\\\/certifiqat.com\\\/wp-content\\\/uploads\\\/yoav-aziz-tKCd-IWc4gI-unsplash.jpg\",\"width\":820,\"height\":461},{\"@type\":\"BreadcrumbList\",\"@id\":\"https:\\\/\\\/certifiqat.com\\\/cs\\\/add-your-consultancy-firm\\\/#breadcrumb\",\"itemListElement\":[{\"@type\":\"ListItem\",\"position\":1,\"name\":\"Home\",\"item\":\"https:\\\/\\\/certifiqat.com\\\/cs\\\/\"},{\"@type\":\"ListItem\",\"position\":2,\"name\":\"P\u0159idejte svou poradenskou firmu\"}]},{\"@type\":\"WebSite\",\"@id\":\"https:\\\/\\\/certifiqat.com\\\/cs\\\/#website\",\"url\":\"https:\\\/\\\/certifiqat.com\\\/cs\\\/\",\"name\":\"certifiqat\",\"description\":\"\",\"potentialAction\":[{\"@type\":\"SearchAction\",\"target\":{\"@type\":\"EntryPoint\",\"urlTemplate\":\"https:\\\/\\\/certifiqat.com\\\/cs\\\/?s={search_term_string}\"},\"query-input\":{\"@type\":\"PropertyValueSpecification\",\"valueRequired\":true,\"valueName\":\"search_term_string\"}}],\"inLanguage\":\"cs\"}]}<\/script>\n<!-- \/ Yoast SEO plugin. -->","yoast_head_json":{"title":"P\u0159idejte svou poradenskou firmu - Certifiqat.com","robots":{"index":"index","follow":"follow","max-snippet":"max-snippet:-1","max-image-preview":"max-image-preview:large","max-video-preview":"max-video-preview:-1"},"canonical":"https:\/\/certifiqat.com\/cs\/add-your-consultancy-firm\/","og_locale":"cs_CZ","og_type":"article","og_title":"P\u0159idejte svou poradenskou firmu - Certifiqat.com","og_description":"P\u0159idejte svou poradenskou firmu P\u0159idejte svou firmu do na\u0161\u00ed nov\u011b spu\u0161t\u011bn\u00e9 datab\u00e1ze\/vyhled\u00e1va\u010de poradensk\u00fdch firem. Po\u0161lete n\u00e1m e-mail s kr\u00e1tk\u00fdm popisem va\u0161\u00ed spole\u010dnosti a slu\u017eeb, kter\u00e9 poskytujete. Budeme v\u00e1s kontaktovat pro schv\u00e1len\u00ed a dal\u0161\u00ed pokyny. Kontaktujte partner@certifiqat.com je\u0161t\u011b dnes!","og_url":"https:\/\/certifiqat.com\/cs\/add-your-consultancy-firm\/","og_site_name":"Certifiqat.com","article_modified_time":"2024-08-23T17:17:33+00:00","og_image":[{"width":820,"height":461,"url":"https:\/\/certifiqat.com\/wp-content\/uploads\/yoav-aziz-tKCd-IWc4gI-unsplash.jpg","type":"image\/jpeg"}],"twitter_card":"summary_large_image","twitter_misc":{"Odhadovan\u00e1 doba \u010dten\u00ed":"1 minuta"},"schema":{"@context":"https:\/\/schema.org","@graph":[{"@type":"WebPage","@id":"https:\/\/certifiqat.com\/cs\/add-your-consultancy-firm\/","url":"https:\/\/certifiqat.com\/cs\/add-your-consultancy-firm\/","name":"P\u0159idejte svou poradenskou firmu - Certifiqat.com","isPartOf":{"@id":"https:\/\/certifiqat.com\/cs\/#website"},"primaryImageOfPage":{"@id":"https:\/\/certifiqat.com\/cs\/add-your-consultancy-firm\/#primaryimage"},"image":{"@id":"https:\/\/certifiqat.com\/cs\/add-your-consultancy-firm\/#primaryimage"},"thumbnailUrl":"https:\/\/certifiqat.com\/wp-content\/uploads\/yoav-aziz-tKCd-IWc4gI-unsplash.jpg","datePublished":"2024-08-06T11:48:25+00:00","dateModified":"2024-08-23T17:17:33+00:00","breadcrumb":{"@id":"https:\/\/certifiqat.com\/cs\/add-your-consultancy-firm\/#breadcrumb"},"inLanguage":"cs","potentialAction":[{"@type":"ReadAction","target":["https:\/\/certifiqat.com\/cs\/add-your-consultancy-firm\/"]}]},{"@type":"ImageObject","inLanguage":"cs","@id":"https:\/\/certifiqat.com\/cs\/add-your-consultancy-firm\/#primaryimage","url":"https:\/\/certifiqat.com\/wp-content\/uploads\/yoav-aziz-tKCd-IWc4gI-unsplash.jpg","contentUrl":"https:\/\/certifiqat.com\/wp-content\/uploads\/yoav-aziz-tKCd-IWc4gI-unsplash.jpg","width":820,"height":461},{"@type":"BreadcrumbList","@id":"https:\/\/certifiqat.com\/cs\/add-your-consultancy-firm\/#breadcrumb","itemListElement":[{"@type":"ListItem","position":1,"name":"Home","item":"https:\/\/certifiqat.com\/cs\/"},{"@type":"ListItem","position":2,"name":"P\u0159idejte svou poradenskou firmu"}]},{"@type":"WebSite","@id":"https:\/\/certifiqat.com\/cs\/#website","url":"https:\/\/certifiqat.com\/cs\/","name":"certifiqat","description":"","potentialAction":[{"@type":"SearchAction","target":{"@type":"EntryPoint","urlTemplate":"https:\/\/certifiqat.com\/cs\/?s={search_term_string}"},"query-input":{"@type":"PropertyValueSpecification","valueRequired":true,"valueName":"search_term_string"}}],"inLanguage":"cs"}]}},"_links":{"self":[{"href":"https:\/\/certifiqat.com\/cs\/wp-json\/wp\/v2\/pages\/5935","targetHints":{"allow":["GET"]}}],"collection":[{"href":"https:\/\/certifiqat.com\/cs\/wp-json\/wp\/v2\/pages"}],"about":[{"href":"https:\/\/certifiqat.com\/cs\/wp-json\/wp\/v2\/types\/page"}],"author":[{"embeddable":true,"href":"https:\/\/certifiqat.com\/cs\/wp-json\/wp\/v2\/users\/3"}],"replies":[{"embeddable":true,"href":"https:\/\/certifiqat.com\/cs\/wp-json\/wp\/v2\/comments?post=5935"}],"version-history":[{"count":0,"href":"https:\/\/certifiqat.com\/cs\/wp-json\/wp\/v2\/pages\/5935\/revisions"}],"wp:featuredmedia":[{"embeddable":true,"href":"https:\/\/certifiqat.com\/cs\/wp-json\/wp\/v2\/media\/1400"}],"wp:attachment":[{"href":"https:\/\/certifiqat.com\/cs\/wp-json\/wp\/v2\/media?parent=5935"}],"curies":[{"name":"wp","href":"https:\/\/api.w.org\/{rel}","templated":true}]}}