{"id":4214,"date":"2024-06-18T06:54:47","date_gmt":"2024-06-18T06:54:47","guid":{"rendered":"https:\/\/certifiqat.com\/client-zone\/"},"modified":"2024-08-23T11:28:17","modified_gmt":"2024-08-23T11:28:17","slug":"the-certifiqat-badge","status":"publish","type":"page","link":"https:\/\/certifiqat.com\/cs\/the-certifiqat-badge\/","title":{"rendered":"Odznak Certifiqat"},"content":{"rendered":"\n<h1 class=\"wp-block-heading\">Odznak Certifiqat &#8211; propojte svou spole\u010dnost<\/h1>\n\n\n\n<figure class=\"wp-block-image size-full\"><img loading=\"lazy\" decoding=\"async\" width=\"1500\" height=\"492\" src=\"https:\/\/certifiqat.com\/wp-content\/uploads\/client-zone.png\" alt=\"\" class=\"wp-image-7222\" style=\"object-fit:cover\" srcset=\"https:\/\/certifiqat.com\/wp-content\/uploads\/client-zone.png 1500w, https:\/\/certifiqat.com\/wp-content\/uploads\/client-zone-300x98.png 300w, https:\/\/certifiqat.com\/wp-content\/uploads\/client-zone-768x252.png 768w, https:\/\/certifiqat.com\/wp-content\/uploads\/client-zone-1024x336.png 1024w\" sizes=\"auto, (max-width: 1500px) 100vw, 1500px\" \/><\/figure>\n\n\n\n<p><strong>Propojte svou spole\u010dnost a webov\u00e9 str\u00e1nky s profilem spole\u010dnosti<\/strong> pomoc\u00ed na\u0161eho odznaku, kter\u00fd si st\u00e1hnete n\u00ed\u017ee. Propojte odznak p\u0159\u00edmo s va\u0161\u00edm profilem tak, \u017ee nav\u0161t\u00edv\u00edte sv\u016fj profil a zkop\u00edrujete Profile-URL do prohl\u00ed\u017ee\u010de.<\/p>\n\n\n\n<h3 class=\"wp-block-heading\">Pou\u017eit\u00ed:<\/h3>\n\n\n\n<p>Pou\u017eijte odznak jak\u00fdmkoli zp\u016fsobem, kter\u00fd pova\u017eujete za nejefektivn\u011bj\u0161\u00ed. Mnoho firem umis\u0165uje odznak do <strong>z\u00e1pat\u00ed<\/strong> webov\u00fdch str\u00e1nek a do <strong>podpisu<\/strong> e-mailu, aby si byly jist\u00e9, \u017ee se o n\u011bm dozv\u00ed st\u00e1vaj\u00edc\u00ed i potenci\u00e1ln\u00ed klienti.<\/p>\n\n\n\n<div style=\"height:10px\" aria-hidden=\"true\" class=\"wp-block-spacer\"><\/div>\n\n\n\n<hr class=\"wp-block-separator has-text-color has-alpha-channel-opacity has-background is-style-default\" style=\"background-color:#dfdfdf;color:#dfdfdf\"\/>\n\n\n\n<div style=\"height:30px\" aria-hidden=\"true\" class=\"wp-block-spacer\"><\/div>\n\n\n\n<div class=\"wp-block-columns is-layout-flex wp-container-core-columns-is-layout-9d6595d7 wp-block-columns-is-layout-flex\">\n<div class=\"wp-block-column is-layout-flow wp-block-column-is-layout-flow\">\n<h4 class=\"wp-block-heading\">Lehk\u00fd odznak<\/h4>\n\n\n\n<p>Pou\u017eijte na tmav\u0161\u00edch barv\u00e1ch pozad\u00ed, aby odznak vynikl a byl zviditeln\u011bn.<\/p>\n\n\n\n<figure class=\"wp-block-image size-full is-resized\"><img loading=\"lazy\" decoding=\"async\" width=\"1000\" height=\"333\" src=\"https:\/\/certifiqat.com\/wp-content\/uploads\/Certfiqat-Badge-White-Grey-Stroke-1000x333-1.png\" alt=\"\" class=\"wp-image-2049\" style=\"width:200px;height:auto\" srcset=\"https:\/\/certifiqat.com\/wp-content\/uploads\/Certfiqat-Badge-White-Grey-Stroke-1000x333-1.png 1000w, https:\/\/certifiqat.com\/wp-content\/uploads\/Certfiqat-Badge-White-Grey-Stroke-1000x333-1-300x100.png 300w, https:\/\/certifiqat.com\/wp-content\/uploads\/Certfiqat-Badge-White-Grey-Stroke-1000x333-1-768x256.png 768w\" sizes=\"auto, (max-width: 1000px) 100vw, 1000px\" \/><\/figure>\n\n\n\n<p><strong>PNG<\/strong> &#8211; <a download=\"\" href=\"https:\/\/certifiqat.com\/wp-content\/uploads\/Certifiqat-Badge-Wh-Grey-2500x836-1.png\">zde si st\u00e1hn\u011bte sv\u011btl\u00fd odznak jako soubor .PNG.<\/a><\/p>\n\n\n\n<p><strong>SVG <\/strong>&#8211; <a href=\"https:\/\/certifiqat.com\/wp-content\/uploads\/Certifiqat-Badge-Wh-Grey-2500x836-1.svg\" download=\"\">St\u00e1hn\u011bte si Sv\u011btl\u00fd odznak jako soubor .SVG zde<\/a><\/p>\n<\/div>\n\n\n\n<div class=\"wp-block-column is-layout-flow wp-block-column-is-layout-flow\">\n<h4 class=\"wp-block-heading\">Tmav\u00fd odznak<\/h4>\n\n\n\n<p>Pou\u017eijte na sv\u011btlej\u0161\u00edch barv\u00e1ch pozad\u00ed, aby odznak vynikl a upoutal pozornost.<\/p>\n\n\n\n<figure class=\"wp-block-image size-full is-resized\"><img loading=\"lazy\" decoding=\"async\" width=\"1000\" height=\"333\" src=\"https:\/\/certifiqat.com\/wp-content\/uploads\/Certfiqat-Badge-DarkBlue-Blue-Stroke-1000x333-1.png\" alt=\"\" class=\"wp-image-2065\" style=\"width:200px\" srcset=\"https:\/\/certifiqat.com\/wp-content\/uploads\/Certfiqat-Badge-DarkBlue-Blue-Stroke-1000x333-1.png 1000w, https:\/\/certifiqat.com\/wp-content\/uploads\/Certfiqat-Badge-DarkBlue-Blue-Stroke-1000x333-1-300x100.png 300w, https:\/\/certifiqat.com\/wp-content\/uploads\/Certfiqat-Badge-DarkBlue-Blue-Stroke-1000x333-1-768x256.png 768w\" sizes=\"auto, (max-width: 1000px) 100vw, 1000px\" \/><\/figure>\n\n\n\n<p><strong>PNG<\/strong> &#8211; <a download=\"\" href=\"https:\/\/certifiqat.com\/wp-content\/uploads\/Certifiqat-Badge-DK-Blue-2500x836-1.png\">St\u00e1hn\u011bte si tmav\u00fd odznak ve form\u00e1tu .PNG zde<\/a><\/p>\n\n\n\n<p><strong>SVG<\/strong> &#8211; <a href=\"https:\/\/certifiqat.com\/wp-content\/uploads\/Certifiqat-Badge-DK-Blue-2500x836-1.svg\" download=\"\">St\u00e1hn\u011bte si tmav\u00fd odznak jako soubor SVG zde<\/a><\/p>\n<\/div>\n<\/div>\n\n\n\n<p><\/p>\n","protected":false},"excerpt":{"rendered":"<p>Odznak Certifiqat &#8211; propojte svou spole\u010dnost Propojte svou spole\u010dnost a webov\u00e9 str\u00e1nky s profilem spole\u010dnosti pomoc\u00ed na\u0161eho odznaku, kter\u00fd si st\u00e1hnete n\u00ed\u017ee. Propojte odznak p\u0159\u00edmo s va\u0161\u00edm profilem tak, \u017ee nav\u0161t\u00edv\u00edte sv\u016fj profil a zkop\u00edrujete Profile-URL do prohl\u00ed\u017ee\u010de. Pou\u017eit\u00ed: Pou\u017eijte odznak jak\u00fdmkoli zp\u016fsobem, kter\u00fd pova\u017eujete za nejefektivn\u011bj\u0161\u00ed. Mnoho firem umis\u0165uje odznak do z\u00e1pat\u00ed webov\u00fdch str\u00e1nek<\/p>\n","protected":false},"author":3,"featured_media":0,"parent":0,"menu_order":0,"comment_status":"closed","ping_status":"closed","template":"","meta":{"_acf_changed":false,"inline_featured_image":false,"footnotes":""},"class_list":["post-4214","page","type-page","status-publish","hentry"],"acf":[],"yoast_head":"<!-- This site is optimized with the Yoast SEO plugin v27.5 - https:\/\/yoast.com\/product\/yoast-seo-wordpress\/ -->\n<title>Odznak Certifiqat - Certifiqat.com<\/title>\n<meta name=\"robots\" content=\"index, follow, max-snippet:-1, max-image-preview:large, max-video-preview:-1\" \/>\n<link rel=\"canonical\" href=\"https:\/\/certifiqat.com\/cs\/the-certifiqat-badge\/\" \/>\n<meta property=\"og:locale\" content=\"cs_CZ\" \/>\n<meta property=\"og:type\" content=\"article\" \/>\n<meta property=\"og:title\" content=\"Odznak Certifiqat - Certifiqat.com\" \/>\n<meta property=\"og:description\" content=\"Odznak Certifiqat &#8211; propojte svou spole\u010dnost Propojte svou spole\u010dnost a webov\u00e9 str\u00e1nky s profilem spole\u010dnosti pomoc\u00ed na\u0161eho odznaku, kter\u00fd si st\u00e1hnete n\u00ed\u017ee. Propojte odznak p\u0159\u00edmo s va\u0161\u00edm profilem tak, \u017ee nav\u0161t\u00edv\u00edte sv\u016fj profil a zkop\u00edrujete Profile-URL do prohl\u00ed\u017ee\u010de. Pou\u017eit\u00ed: Pou\u017eijte odznak jak\u00fdmkoli zp\u016fsobem, kter\u00fd pova\u017eujete za nejefektivn\u011bj\u0161\u00ed. Mnoho firem umis\u0165uje odznak do z\u00e1pat\u00ed webov\u00fdch str\u00e1nek\" \/>\n<meta property=\"og:url\" content=\"https:\/\/certifiqat.com\/cs\/the-certifiqat-badge\/\" \/>\n<meta property=\"og:site_name\" content=\"Certifiqat.com\" \/>\n<meta property=\"article:modified_time\" content=\"2024-08-23T11:28:17+00:00\" \/>\n<meta property=\"og:image\" content=\"https:\/\/certifiqat.com\/wp-content\/uploads\/client-zone.png\" \/>\n<meta name=\"twitter:card\" content=\"summary_large_image\" \/>\n<meta name=\"twitter:label1\" content=\"Odhadovan\u00e1 doba \u010dten\u00ed\" \/>\n\t<meta name=\"twitter:data1\" content=\"2 minuty\" \/>\n<script type=\"application\/ld+json\" class=\"yoast-schema-graph\">{\"@context\":\"https:\\\/\\\/schema.org\",\"@graph\":[{\"@type\":\"WebPage\",\"@id\":\"https:\\\/\\\/certifiqat.com\\\/cs\\\/the-certifiqat-badge\\\/\",\"url\":\"https:\\\/\\\/certifiqat.com\\\/cs\\\/the-certifiqat-badge\\\/\",\"name\":\"Odznak Certifiqat - Certifiqat.com\",\"isPartOf\":{\"@id\":\"https:\\\/\\\/certifiqat.com\\\/cs\\\/#website\"},\"primaryImageOfPage\":{\"@id\":\"https:\\\/\\\/certifiqat.com\\\/cs\\\/the-certifiqat-badge\\\/#primaryimage\"},\"image\":{\"@id\":\"https:\\\/\\\/certifiqat.com\\\/cs\\\/the-certifiqat-badge\\\/#primaryimage\"},\"thumbnailUrl\":\"https:\\\/\\\/certifiqat.com\\\/wp-content\\\/uploads\\\/client-zone.png\",\"datePublished\":\"2024-06-18T06:54:47+00:00\",\"dateModified\":\"2024-08-23T11:28:17+00:00\",\"breadcrumb\":{\"@id\":\"https:\\\/\\\/certifiqat.com\\\/cs\\\/the-certifiqat-badge\\\/#breadcrumb\"},\"inLanguage\":\"cs\",\"potentialAction\":[{\"@type\":\"ReadAction\",\"target\":[\"https:\\\/\\\/certifiqat.com\\\/cs\\\/the-certifiqat-badge\\\/\"]}]},{\"@type\":\"ImageObject\",\"inLanguage\":\"cs\",\"@id\":\"https:\\\/\\\/certifiqat.com\\\/cs\\\/the-certifiqat-badge\\\/#primaryimage\",\"url\":\"https:\\\/\\\/certifiqat.com\\\/wp-content\\\/uploads\\\/client-zone.png\",\"contentUrl\":\"https:\\\/\\\/certifiqat.com\\\/wp-content\\\/uploads\\\/client-zone.png\"},{\"@type\":\"BreadcrumbList\",\"@id\":\"https:\\\/\\\/certifiqat.com\\\/cs\\\/the-certifiqat-badge\\\/#breadcrumb\",\"itemListElement\":[{\"@type\":\"ListItem\",\"position\":1,\"name\":\"Home\",\"item\":\"https:\\\/\\\/certifiqat.com\\\/cs\\\/\"},{\"@type\":\"ListItem\",\"position\":2,\"name\":\"Odznak Certifiqat\"}]},{\"@type\":\"WebSite\",\"@id\":\"https:\\\/\\\/certifiqat.com\\\/cs\\\/#website\",\"url\":\"https:\\\/\\\/certifiqat.com\\\/cs\\\/\",\"name\":\"certifiqat\",\"description\":\"\",\"potentialAction\":[{\"@type\":\"SearchAction\",\"target\":{\"@type\":\"EntryPoint\",\"urlTemplate\":\"https:\\\/\\\/certifiqat.com\\\/cs\\\/?s={search_term_string}\"},\"query-input\":{\"@type\":\"PropertyValueSpecification\",\"valueRequired\":true,\"valueName\":\"search_term_string\"}}],\"inLanguage\":\"cs\"}]}<\/script>\n<!-- \/ Yoast SEO plugin. -->","yoast_head_json":{"title":"Odznak Certifiqat - Certifiqat.com","robots":{"index":"index","follow":"follow","max-snippet":"max-snippet:-1","max-image-preview":"max-image-preview:large","max-video-preview":"max-video-preview:-1"},"canonical":"https:\/\/certifiqat.com\/cs\/the-certifiqat-badge\/","og_locale":"cs_CZ","og_type":"article","og_title":"Odznak Certifiqat - Certifiqat.com","og_description":"Odznak Certifiqat &#8211; propojte svou spole\u010dnost Propojte svou spole\u010dnost a webov\u00e9 str\u00e1nky s profilem spole\u010dnosti pomoc\u00ed na\u0161eho odznaku, kter\u00fd si st\u00e1hnete n\u00ed\u017ee. Propojte odznak p\u0159\u00edmo s va\u0161\u00edm profilem tak, \u017ee nav\u0161t\u00edv\u00edte sv\u016fj profil a zkop\u00edrujete Profile-URL do prohl\u00ed\u017ee\u010de. Pou\u017eit\u00ed: Pou\u017eijte odznak jak\u00fdmkoli zp\u016fsobem, kter\u00fd pova\u017eujete za nejefektivn\u011bj\u0161\u00ed. Mnoho firem umis\u0165uje odznak do z\u00e1pat\u00ed webov\u00fdch str\u00e1nek","og_url":"https:\/\/certifiqat.com\/cs\/the-certifiqat-badge\/","og_site_name":"Certifiqat.com","article_modified_time":"2024-08-23T11:28:17+00:00","og_image":[{"url":"https:\/\/certifiqat.com\/wp-content\/uploads\/client-zone.png","type":"","width":"","height":""}],"twitter_card":"summary_large_image","twitter_misc":{"Odhadovan\u00e1 doba \u010dten\u00ed":"2 minuty"},"schema":{"@context":"https:\/\/schema.org","@graph":[{"@type":"WebPage","@id":"https:\/\/certifiqat.com\/cs\/the-certifiqat-badge\/","url":"https:\/\/certifiqat.com\/cs\/the-certifiqat-badge\/","name":"Odznak Certifiqat - Certifiqat.com","isPartOf":{"@id":"https:\/\/certifiqat.com\/cs\/#website"},"primaryImageOfPage":{"@id":"https:\/\/certifiqat.com\/cs\/the-certifiqat-badge\/#primaryimage"},"image":{"@id":"https:\/\/certifiqat.com\/cs\/the-certifiqat-badge\/#primaryimage"},"thumbnailUrl":"https:\/\/certifiqat.com\/wp-content\/uploads\/client-zone.png","datePublished":"2024-06-18T06:54:47+00:00","dateModified":"2024-08-23T11:28:17+00:00","breadcrumb":{"@id":"https:\/\/certifiqat.com\/cs\/the-certifiqat-badge\/#breadcrumb"},"inLanguage":"cs","potentialAction":[{"@type":"ReadAction","target":["https:\/\/certifiqat.com\/cs\/the-certifiqat-badge\/"]}]},{"@type":"ImageObject","inLanguage":"cs","@id":"https:\/\/certifiqat.com\/cs\/the-certifiqat-badge\/#primaryimage","url":"https:\/\/certifiqat.com\/wp-content\/uploads\/client-zone.png","contentUrl":"https:\/\/certifiqat.com\/wp-content\/uploads\/client-zone.png"},{"@type":"BreadcrumbList","@id":"https:\/\/certifiqat.com\/cs\/the-certifiqat-badge\/#breadcrumb","itemListElement":[{"@type":"ListItem","position":1,"name":"Home","item":"https:\/\/certifiqat.com\/cs\/"},{"@type":"ListItem","position":2,"name":"Odznak Certifiqat"}]},{"@type":"WebSite","@id":"https:\/\/certifiqat.com\/cs\/#website","url":"https:\/\/certifiqat.com\/cs\/","name":"certifiqat","description":"","potentialAction":[{"@type":"SearchAction","target":{"@type":"EntryPoint","urlTemplate":"https:\/\/certifiqat.com\/cs\/?s={search_term_string}"},"query-input":{"@type":"PropertyValueSpecification","valueRequired":true,"valueName":"search_term_string"}}],"inLanguage":"cs"}]}},"_links":{"self":[{"href":"https:\/\/certifiqat.com\/cs\/wp-json\/wp\/v2\/pages\/4214","targetHints":{"allow":["GET"]}}],"collection":[{"href":"https:\/\/certifiqat.com\/cs\/wp-json\/wp\/v2\/pages"}],"about":[{"href":"https:\/\/certifiqat.com\/cs\/wp-json\/wp\/v2\/types\/page"}],"author":[{"embeddable":true,"href":"https:\/\/certifiqat.com\/cs\/wp-json\/wp\/v2\/users\/3"}],"replies":[{"embeddable":true,"href":"https:\/\/certifiqat.com\/cs\/wp-json\/wp\/v2\/comments?post=4214"}],"version-history":[{"count":0,"href":"https:\/\/certifiqat.com\/cs\/wp-json\/wp\/v2\/pages\/4214\/revisions"}],"wp:attachment":[{"href":"https:\/\/certifiqat.com\/cs\/wp-json\/wp\/v2\/media?parent=4214"}],"curies":[{"name":"wp","href":"https:\/\/api.w.org\/{rel}","templated":true}]}}